{"id":14,"date":"2023-09-19T20:04:15","date_gmt":"2023-09-19T23:04:15","guid":{"rendered":"https:\/\/congresos.unlp.edu.ar\/jornadas-icj2023\/?page_id=14"},"modified":"2023-11-06T14:22:14","modified_gmt":"2023-11-06T17:22:14","slug":"fechas-importantes","status":"publish","type":"page","link":"https:\/\/congresos.unlp.edu.ar\/jornadas-icj2023\/fechas-importantes\/","title":{"rendered":"Fechas Importantes"},"content":{"rendered":"<p>Desarrollo de las Jornadas: <strong>d\u00edas 9 y 10 de noviembre de 2023<\/strong><\/p>\n<p>&nbsp;<\/p>\n<p>Plazo l\u00edmite para el env\u00edo de Comunicaciones: 8<strong>\u00a0de noviembre de 2023<\/strong>. Ir al <a href=\"https:\/\/forms.gle\/LWpjciLyuMMjruzdA\" target=\"_blank\" rel=\"noopener\">Formulario<\/a><\/p>\n<p><img loading=\"lazy\" decoding=\"async\" class=\"alignnone size-large wp-image-227\" src=\"http:\/\/congresos.unlp.edu.ar\/jornadas-icj2023\/wp-content\/uploads\/sites\/78\/2023\/11\/prorroga-envios-2-1024x1024.jpg\" alt=\"\" width=\"720\" height=\"720\" srcset=\"https:\/\/congresos.unlp.edu.ar\/jornadas-icj2023\/wp-content\/uploads\/sites\/78\/2023\/11\/prorroga-envios-2-1024x1024.jpg 1024w, https:\/\/congresos.unlp.edu.ar\/jornadas-icj2023\/wp-content\/uploads\/sites\/78\/2023\/11\/prorroga-envios-2-300x300.jpg 300w, https:\/\/congresos.unlp.edu.ar\/jornadas-icj2023\/wp-content\/uploads\/sites\/78\/2023\/11\/prorroga-envios-2-150x150.jpg 150w, https:\/\/congresos.unlp.edu.ar\/jornadas-icj2023\/wp-content\/uploads\/sites\/78\/2023\/11\/prorroga-envios-2-768x768.jpg 768w, https:\/\/congresos.unlp.edu.ar\/jornadas-icj2023\/wp-content\/uploads\/sites\/78\/2023\/11\/prorroga-envios-2.jpg 1080w\" sizes=\"auto, (max-width: 720px) 100vw, 720px\" \/><\/p>\n","protected":false},"excerpt":{"rendered":"<p>Desarrollo de las Jornadas: d\u00edas 9 y 10 de noviembre de 2023 &nbsp; Plazo l\u00edmite para el env\u00edo de Comunicaciones: 8\u00a0de noviembre de 2023. Ir al Formulario<\/p>\n","protected":false},"author":2,"featured_media":0,"parent":0,"menu_order":0,"comment_status":"closed","ping_status":"closed","template":"","meta":{"advgb_blocks_editor_width":"","advgb_blocks_columns_visual_guide":"","footnotes":""},"class_list":["post-14","page","type-page","status-publish","hentry","post"],"aioseo_notices":[],"coauthors":[],"author_meta":{"author_link":"https:\/\/congresos.unlp.edu.ar\/jornadas-icj2023\/author\/congresos\/","display_name":"congresos"},"relative_dates":{"created":"Posted 3 a\u00f1os ago","modified":"Updated 3 a\u00f1os ago"},"absolute_dates":{"created":"Posted on 19 septiembre, 2023","modified":"Updated on 6 noviembre, 2023"},"absolute_dates_time":{"created":"Posted on 19 septiembre, 2023 8:04 pm","modified":"Updated on 6 noviembre, 2023 2:22 pm"},"featured_img_caption":"","featured_img":false,"series_order":"","_links":{"self":[{"href":"https:\/\/congresos.unlp.edu.ar\/jornadas-icj2023\/wp-json\/wp\/v2\/pages\/14","targetHints":{"allow":["GET"]}}],"collection":[{"href":"https:\/\/congresos.unlp.edu.ar\/jornadas-icj2023\/wp-json\/wp\/v2\/pages"}],"about":[{"href":"https:\/\/congresos.unlp.edu.ar\/jornadas-icj2023\/wp-json\/wp\/v2\/types\/page"}],"author":[{"embeddable":true,"href":"https:\/\/congresos.unlp.edu.ar\/jornadas-icj2023\/wp-json\/wp\/v2\/users\/2"}],"replies":[{"embeddable":true,"href":"https:\/\/congresos.unlp.edu.ar\/jornadas-icj2023\/wp-json\/wp\/v2\/comments?post=14"}],"version-history":[{"count":0,"href":"https:\/\/congresos.unlp.edu.ar\/jornadas-icj2023\/wp-json\/wp\/v2\/pages\/14\/revisions"}],"wp:attachment":[{"href":"https:\/\/congresos.unlp.edu.ar\/jornadas-icj2023\/wp-json\/wp\/v2\/media?parent=14"}],"curies":[{"name":"wp","href":"https:\/\/api.w.org\/{rel}","templated":true}]}}