{"id":13,"date":"2023-09-19T20:04:15","date_gmt":"2023-09-19T23:04:15","guid":{"rendered":"https:\/\/congresos.unlp.edu.ar\/jornadas-icj2023\/?page_id=13"},"modified":"2023-11-06T14:23:38","modified_gmt":"2023-11-06T17:23:38","slug":"formulario-de-envio","status":"publish","type":"page","link":"https:\/\/congresos.unlp.edu.ar\/jornadas-icj2023\/formulario-de-envio\/","title":{"rendered":"Formulario de Env\u00edo"},"content":{"rendered":"<h3>Comunicaciones<\/h3>\n<p>Para el env\u00edo de Comunicaciones, utilizar el formulario al que se pue acceder <a href=\"https:\/\/forms.gle\/LWpjciLyuMMjruzdA\" target=\"_blank\" rel=\"noopener\">aqu\u00ed<\/a>, o haciendo clic en la imagen.<\/p>\n<p><a href=\"https:\/\/forms.gle\/6FPiTh7uTzAJNivBA\" target=\"_blank\" rel=\"noopener\"><img loading=\"lazy\" decoding=\"async\" class=\"alignnone wp-image-67\" src=\"http:\/\/congresos.unlp.edu.ar\/jornadas-icj2023\/wp-content\/uploads\/sites\/78\/2023\/09\/formulario-envio.png\" alt=\"\" width=\"542\" height=\"423\" srcset=\"https:\/\/congresos.unlp.edu.ar\/jornadas-icj2023\/wp-content\/uploads\/sites\/78\/2023\/09\/formulario-envio.png 982w, https:\/\/congresos.unlp.edu.ar\/jornadas-icj2023\/wp-content\/uploads\/sites\/78\/2023\/09\/formulario-envio-300x234.png 300w, https:\/\/congresos.unlp.edu.ar\/jornadas-icj2023\/wp-content\/uploads\/sites\/78\/2023\/09\/formulario-envio-768x599.png 768w\" sizes=\"auto, (max-width: 542px) 100vw, 542px\" \/><\/a><\/p>\n<p>Recordar tener presente las <a title=\"Pautas\" href=\"https:\/\/congresos.unlp.edu.ar\/jornadas-icj2023\/pautas\/\">Pautas formales<\/a> y la <a href=\"https:\/\/docs.google.com\/document\/d\/1j873DSgxfo-FxNU0CmpZE2X4YnoTGDndsM3FW6o2DrQ\/edit?usp=drive_link\" target=\"_blank\" rel=\"noopener\">Autorizaci\u00f3n para publicar<\/a>.<\/p>\n<p>&nbsp;<\/p>\n<p><img loading=\"lazy\" decoding=\"async\" class=\"alignnone size-large wp-image-227\" src=\"http:\/\/congresos.unlp.edu.ar\/jornadas-icj2023\/wp-content\/uploads\/sites\/78\/2023\/11\/prorroga-envios-2-1024x1024.jpg\" alt=\"\" width=\"720\" height=\"720\" srcset=\"https:\/\/congresos.unlp.edu.ar\/jornadas-icj2023\/wp-content\/uploads\/sites\/78\/2023\/11\/prorroga-envios-2-1024x1024.jpg 1024w, https:\/\/congresos.unlp.edu.ar\/jornadas-icj2023\/wp-content\/uploads\/sites\/78\/2023\/11\/prorroga-envios-2-300x300.jpg 300w, https:\/\/congresos.unlp.edu.ar\/jornadas-icj2023\/wp-content\/uploads\/sites\/78\/2023\/11\/prorroga-envios-2-150x150.jpg 150w, https:\/\/congresos.unlp.edu.ar\/jornadas-icj2023\/wp-content\/uploads\/sites\/78\/2023\/11\/prorroga-envios-2-768x768.jpg 768w, https:\/\/congresos.unlp.edu.ar\/jornadas-icj2023\/wp-content\/uploads\/sites\/78\/2023\/11\/prorroga-envios-2.jpg 1080w\" sizes=\"auto, (max-width: 720px) 100vw, 720px\" \/><\/p>\n","protected":false},"excerpt":{"rendered":"<p>Comunicaciones Para el env\u00edo de Comunicaciones, utilizar el formulario al que se pue acceder aqu\u00ed, o haciendo clic en la imagen. Recordar tener presente las Pautas formales y la Autorizaci\u00f3n para publicar. &nbsp;<\/p>\n","protected":false},"author":2,"featured_media":0,"parent":0,"menu_order":0,"comment_status":"closed","ping_status":"closed","template":"","meta":{"advgb_blocks_editor_width":"","advgb_blocks_columns_visual_guide":"","footnotes":""},"class_list":["post-13","page","type-page","status-publish","hentry","post"],"aioseo_notices":[],"coauthors":[],"author_meta":{"author_link":"https:\/\/congresos.unlp.edu.ar\/jornadas-icj2023\/author\/congresos\/","display_name":"congresos"},"relative_dates":{"created":"Posted 3 a\u00f1os ago","modified":"Updated 3 a\u00f1os ago"},"absolute_dates":{"created":"Posted on 19 septiembre, 2023","modified":"Updated on 6 noviembre, 2023"},"absolute_dates_time":{"created":"Posted on 19 septiembre, 2023 8:04 pm","modified":"Updated on 6 noviembre, 2023 2:23 pm"},"featured_img_caption":"","featured_img":false,"series_order":"","_links":{"self":[{"href":"https:\/\/congresos.unlp.edu.ar\/jornadas-icj2023\/wp-json\/wp\/v2\/pages\/13","targetHints":{"allow":["GET"]}}],"collection":[{"href":"https:\/\/congresos.unlp.edu.ar\/jornadas-icj2023\/wp-json\/wp\/v2\/pages"}],"about":[{"href":"https:\/\/congresos.unlp.edu.ar\/jornadas-icj2023\/wp-json\/wp\/v2\/types\/page"}],"author":[{"embeddable":true,"href":"https:\/\/congresos.unlp.edu.ar\/jornadas-icj2023\/wp-json\/wp\/v2\/users\/2"}],"replies":[{"embeddable":true,"href":"https:\/\/congresos.unlp.edu.ar\/jornadas-icj2023\/wp-json\/wp\/v2\/comments?post=13"}],"version-history":[{"count":0,"href":"https:\/\/congresos.unlp.edu.ar\/jornadas-icj2023\/wp-json\/wp\/v2\/pages\/13\/revisions"}],"wp:attachment":[{"href":"https:\/\/congresos.unlp.edu.ar\/jornadas-icj2023\/wp-json\/wp\/v2\/media?parent=13"}],"curies":[{"name":"wp","href":"https:\/\/api.w.org\/{rel}","templated":true}]}}