{"id":120,"date":"2023-09-26T17:42:27","date_gmt":"2023-09-26T20:42:27","guid":{"rendered":"https:\/\/congresos.unlp.edu.ar\/jornadas-icj2023\/?page_id=120"},"modified":"2023-09-26T19:28:38","modified_gmt":"2023-09-26T22:28:38","slug":"mesa-14","status":"publish","type":"page","link":"https:\/\/congresos.unlp.edu.ar\/jornadas-icj2023\/mesas-de-trabajo\/mesa-14\/","title":{"rendered":"Mesa 14"},"content":{"rendered":"<p><b>Derecho y Tecnolog\u00eda \u201cNuestra informaci\u00f3n entre las normas, la pr\u00e1cticas y los \u201cServicios\u201d<\/b><span style=\"font-weight: 400\"> (Ernesto Liceda )\u00a0<\/span><\/p>\n<p><span style=\"font-weight: 400\"><strong>Contacto<\/strong>: <\/span><a href=\"mailto:com14jornadasicj@gmail.com\">com14jornadasicj@gmail.com<\/a><\/p>\n<p>&nbsp;<\/p>\n<p><span style=\"font-weight: 400\">En esta Mesa de Trabajo nos proponemos generar un intercambio reflexivo y cr\u00edtico sobre las propiedades emergentes \u2013actuales o futuras-que se generan en una sociedad disgregada y compleja, relacionada y conectada. Ello a partir del cruce del uso de nuestra informaci\u00f3n -personal y colectiva- las normas, las pr\u00e1cticas de los diversos agentes, que participan en los sub-sistemas que componen la sociedad de la informaci\u00f3n, y los servicios, sean estos estatales, privados o mixtos. Todo ello partiendo del rol de los diversos dispositivos, software -en el m\u00e1s amplio de los sentidos- e infraestructuras existentes o en desarrollo. A modo de ejemplo los sistemas de inteligencia artificial, el big data, el reconocimiento biom\u00e9trico, sistemas de pago, administraci\u00f3n de justicia, entre tantos otros.\u00a0 <\/span><\/p>\n","protected":false},"excerpt":{"rendered":"<p>Derecho y Tecnolog\u00eda \u201cNuestra informaci\u00f3n entre las normas, la pr\u00e1cticas y los \u201cServicios\u201d (Ernesto Liceda )\u00a0 Contacto: com14jornadasicj@gmail.com &nbsp; En esta Mesa de Trabajo nos proponemos generar un intercambio reflexivo y cr\u00edtico sobre las propiedades emergentes \u2013actuales o futuras-que se generan en una sociedad disgregada y compleja, relacionada y conectada. Ello a partir del cruce [&hellip;]<\/p>\n","protected":false},"author":24,"featured_media":0,"parent":6,"menu_order":0,"comment_status":"closed","ping_status":"closed","template":"","meta":{"advgb_blocks_editor_width":"","advgb_blocks_columns_visual_guide":"","footnotes":""},"class_list":["post-120","page","type-page","status-publish","hentry","post"],"aioseo_notices":[],"coauthors":[],"author_meta":{"author_link":"https:\/\/congresos.unlp.edu.ar\/jornadas-icj2023\/author\/batista-alejandro\/","display_name":"batista.alejandro"},"relative_dates":{"created":"Posted 3 a\u00f1os ago","modified":"Updated 3 a\u00f1os ago"},"absolute_dates":{"created":"Posted on 26 septiembre, 2023","modified":"Updated on 26 septiembre, 2023"},"absolute_dates_time":{"created":"Posted on 26 septiembre, 2023 5:42 pm","modified":"Updated on 26 septiembre, 2023 7:28 pm"},"featured_img_caption":"","featured_img":false,"series_order":"","_links":{"self":[{"href":"https:\/\/congresos.unlp.edu.ar\/jornadas-icj2023\/wp-json\/wp\/v2\/pages\/120","targetHints":{"allow":["GET"]}}],"collection":[{"href":"https:\/\/congresos.unlp.edu.ar\/jornadas-icj2023\/wp-json\/wp\/v2\/pages"}],"about":[{"href":"https:\/\/congresos.unlp.edu.ar\/jornadas-icj2023\/wp-json\/wp\/v2\/types\/page"}],"author":[{"embeddable":true,"href":"https:\/\/congresos.unlp.edu.ar\/jornadas-icj2023\/wp-json\/wp\/v2\/users\/24"}],"replies":[{"embeddable":true,"href":"https:\/\/congresos.unlp.edu.ar\/jornadas-icj2023\/wp-json\/wp\/v2\/comments?post=120"}],"version-history":[{"count":0,"href":"https:\/\/congresos.unlp.edu.ar\/jornadas-icj2023\/wp-json\/wp\/v2\/pages\/120\/revisions"}],"up":[{"embeddable":true,"href":"https:\/\/congresos.unlp.edu.ar\/jornadas-icj2023\/wp-json\/wp\/v2\/pages\/6"}],"wp:attachment":[{"href":"https:\/\/congresos.unlp.edu.ar\/jornadas-icj2023\/wp-json\/wp\/v2\/media?parent=120"}],"curies":[{"name":"wp","href":"https:\/\/api.w.org\/{rel}","templated":true}]}}