{"id":12,"date":"2023-09-19T20:04:15","date_gmt":"2023-09-19T23:04:15","guid":{"rendered":"https:\/\/congresos.unlp.edu.ar\/jornadas-icj2023\/?page_id=12"},"modified":"2023-10-31T15:08:04","modified_gmt":"2023-10-31T18:08:04","slug":"pautas","status":"publish","type":"page","link":"https:\/\/congresos.unlp.edu.ar\/jornadas-icj2023\/pautas\/","title":{"rendered":"Pautas"},"content":{"rendered":"<h1><span style=\"font-weight: 400\">Pautas formales para presentaci\u00f3n de trabajos:<\/span><\/h1>\n<p><b>Pautas para la presentaci\u00f3n de comunicaciones:<\/b><\/p>\n<ol>\n<li><span style=\"font-weight: 400\">a) T\u00edtulo, autorxs, direcci\u00f3n de contacto y referencia institucional<\/span><\/li>\n<li><span style=\"font-weight: 400\">b) Un <\/span><b>m\u00e1ximo de 3 autorxs por comunicaci\u00f3n<\/b><span style=\"font-weight: 400\">, un m\u00e1ximo de 2 comunicaciones por autor\/xs.<\/span><\/li>\n<li><span style=\"font-weight: 400\">c) Breve resumen (150 palabras m\u00e1ximo).<\/span><\/li>\n<li><span style=\"font-weight: 400\">d) Introducci\u00f3n (que plantee alg\u00fan\/os objetivo\/s de la propuesta, marco te\u00f3rico desde el cual se plantea, justificaci\u00f3n y\/o problema a considerar, metodolog\u00eda).<\/span><\/li>\n<li><span style=\"font-weight: 400\">e) Desarrollo de los planteos fundamentales del trabajo, en clara l\u00ednea tem\u00e1tica a la mesa de trabajo escogida.<\/span><\/li>\n<li><span style=\"font-weight: 400\">f) Conclusiones o reflexiones finales.<\/span><\/li>\n<li><span style=\"font-weight: 400\">g) Bibliograf\u00eda (s\u00f3lo la citada en el texto).<\/span><\/li>\n<li><span style=\"font-weight: 400\">h) Car\u00e1cter de participaci\u00f3n: indicar si los autores son estudiantes de grado, graduados o docentes\/investigadores<\/span><\/li>\n<\/ol>\n<p><b>Pautas formales de escritura: <\/b>(plantilla b\u00e1sica en word disponible <a href=\"https:\/\/docs.google.com\/document\/d\/1gQjEkaeEb61dZkSB1oJFWKldhrmw9lQu-UV_JwHkpxM\/edit?usp=drive_link\" target=\"_blank\" rel=\"noopener\">aqu\u00ed<\/a>)<\/p>\n<ul>\n<li style=\"font-weight: 400\"><span style=\"font-weight: 400\">Hoja: tama\u00f1o A4<\/span><\/li>\n<li style=\"font-weight: 400\"><span style=\"font-weight: 400\">Letra: Arial, Tama\u00f1o 12, Interlineado 1,5,<\/span><\/li>\n<li style=\"font-weight: 400\"><span style=\"font-weight: 400\">M\u00e1rgenes de 3cm, texto justificado.<\/span><\/li>\n<li style=\"font-weight: 400\"><span style=\"font-weight: 400\">T\u00edtulo: todo en letra may\u00fascula y centrado, con el apellido de lxs autorxs inmediatamente debajo y a la derecha.<\/span><\/li>\n<li style=\"font-weight: 400\"><span style=\"font-weight: 400\">En notas al pie consignar la direcci\u00f3n de contacto y referencia institucional.<\/span><\/li>\n<li style=\"font-weight: 400\"><span style=\"font-weight: 400\">Extensi\u00f3n: m\u00e1ximo 10 carillas con la bibliograf\u00eda incluida.<\/span><\/li>\n<\/ul>\n<p><span style=\"font-weight: 400\">Acompa\u00f1ar hoja de <\/span><b>cesi\u00f3n de derechos<\/b><span style=\"font-weight: 400\"> para su eventual publicaci\u00f3n en libro de ponencias o sitio web de las Jornadas (de ser aceptada por les coordinadores de la mesa a la que ha sido enviada).<\/span><\/p>\n<p><span style=\"font-weight: 400\">Las comunicaciones deber\u00e1n enviarse en un archivo formato Word nombrado del siguiente modo: <\/span><strong><i>Eje N\u00b0_. Apellido de autorxs<\/i><\/strong><\/p>\n<p><span style=\"font-weight: 400\">El env\u00edo se realiza mediante el siguiente <\/span><a href=\"https:\/\/forms.gle\/ghaToA1TyYYE9SbHA\"><span style=\"font-weight: 400\">Formulario<\/span><\/a><span style=\"font-weight: 400\">:<\/span><\/p>\n<p><b>Fecha l\u00edmite para el env\u00edo de los trabajos<\/b><span style=\"font-weight: 400\">:<\/span><span style=\"font-weight: 400\"> lunes 6 de noviembre\u00a0 de 2023<\/span><\/p>\n<p><img loading=\"lazy\" decoding=\"async\" class=\"alignnone size-large wp-image-222\" src=\"http:\/\/congresos.unlp.edu.ar\/jornadas-icj2023\/wp-content\/uploads\/sites\/78\/2023\/10\/prorroga-envios-576x1024.jpeg\" alt=\"\" width=\"576\" height=\"1024\" srcset=\"https:\/\/congresos.unlp.edu.ar\/jornadas-icj2023\/wp-content\/uploads\/sites\/78\/2023\/10\/prorroga-envios-576x1024.jpeg 576w, https:\/\/congresos.unlp.edu.ar\/jornadas-icj2023\/wp-content\/uploads\/sites\/78\/2023\/10\/prorroga-envios-169x300.jpeg 169w, https:\/\/congresos.unlp.edu.ar\/jornadas-icj2023\/wp-content\/uploads\/sites\/78\/2023\/10\/prorroga-envios.jpeg 720w\" sizes=\"auto, (max-width: 576px) 100vw, 576px\" \/><\/p>\n","protected":false},"excerpt":{"rendered":"<p>Pautas formales para presentaci\u00f3n de trabajos: Pautas para la presentaci\u00f3n de comunicaciones: a) T\u00edtulo, autorxs, direcci\u00f3n de contacto y referencia institucional b) Un m\u00e1ximo de 3 autorxs por comunicaci\u00f3n, un m\u00e1ximo de 2 comunicaciones por autor\/xs. c) Breve resumen (150 palabras m\u00e1ximo). d) Introducci\u00f3n (que plantee alg\u00fan\/os objetivo\/s de la propuesta, marco te\u00f3rico desde el [&hellip;]<\/p>\n","protected":false},"author":2,"featured_media":0,"parent":0,"menu_order":0,"comment_status":"closed","ping_status":"closed","template":"","meta":{"advgb_blocks_editor_width":"","advgb_blocks_columns_visual_guide":"","footnotes":""},"class_list":["post-12","page","type-page","status-publish","hentry","post"],"aioseo_notices":[],"coauthors":[],"author_meta":{"author_link":"https:\/\/congresos.unlp.edu.ar\/jornadas-icj2023\/author\/congresos\/","display_name":"congresos"},"relative_dates":{"created":"Posted 3 a\u00f1os ago","modified":"Updated 3 a\u00f1os ago"},"absolute_dates":{"created":"Posted on 19 septiembre, 2023","modified":"Updated on 31 octubre, 2023"},"absolute_dates_time":{"created":"Posted on 19 septiembre, 2023 8:04 pm","modified":"Updated on 31 octubre, 2023 3:08 pm"},"featured_img_caption":"","featured_img":false,"series_order":"","_links":{"self":[{"href":"https:\/\/congresos.unlp.edu.ar\/jornadas-icj2023\/wp-json\/wp\/v2\/pages\/12","targetHints":{"allow":["GET"]}}],"collection":[{"href":"https:\/\/congresos.unlp.edu.ar\/jornadas-icj2023\/wp-json\/wp\/v2\/pages"}],"about":[{"href":"https:\/\/congresos.unlp.edu.ar\/jornadas-icj2023\/wp-json\/wp\/v2\/types\/page"}],"author":[{"embeddable":true,"href":"https:\/\/congresos.unlp.edu.ar\/jornadas-icj2023\/wp-json\/wp\/v2\/users\/2"}],"replies":[{"embeddable":true,"href":"https:\/\/congresos.unlp.edu.ar\/jornadas-icj2023\/wp-json\/wp\/v2\/comments?post=12"}],"version-history":[{"count":0,"href":"https:\/\/congresos.unlp.edu.ar\/jornadas-icj2023\/wp-json\/wp\/v2\/pages\/12\/revisions"}],"wp:attachment":[{"href":"https:\/\/congresos.unlp.edu.ar\/jornadas-icj2023\/wp-json\/wp\/v2\/media?parent=12"}],"curies":[{"name":"wp","href":"https:\/\/api.w.org\/{rel}","templated":true}]}}