{"id":116,"date":"2023-09-26T17:41:24","date_gmt":"2023-09-26T20:41:24","guid":{"rendered":"https:\/\/congresos.unlp.edu.ar\/jornadas-icj2023\/?page_id=116"},"modified":"2023-10-04T11:09:14","modified_gmt":"2023-10-04T14:09:14","slug":"mesa-12","status":"publish","type":"page","link":"https:\/\/congresos.unlp.edu.ar\/jornadas-icj2023\/mesas-de-trabajo\/mesa-12\/","title":{"rendered":"Mesa 12"},"content":{"rendered":"<p><b>Di\u00e1logos sobre filosof\u00eda jur\u00eddica en el siglo XXI<\/b><span style=\"font-weight: 400\">.\u00a0 (Carlos Petorutti)<\/span><span style=\"font-weight: 400\">\u00a0<\/span><\/p>\n<p>Contacto: <a href=\"mailto:com12jornadasicj@gmail.com\"><span style=\"font-weight: 400\">com12jornadasicj@gmail.com<\/span><\/a><\/p>\n<p><span style=\"font-weight: 400\">Coordinadora\u00a0 Mar\u00eda Laura Delucchi, Prof. titular de Introducci\u00f3n al Pensamiento Cient\u00edfico y adjunta de Introducci\u00f3n al Derecho de la Fac. de Cs. Js y Ss.<\/span><\/p>\n<p><span style=\"font-weight: 400\">AREA DE FILOSOF\u00cdA DEL DERECHO DEL INSTITUTO DE CULTURA JUR\u00cdDICA El \u00e1rea de Filosof\u00eda del Derecho del Instituto de Cultura Jur\u00eddica se ha planteado como objetivos fundamentales. 1. Promover la difusi\u00f3n y la investigaci\u00f3n sobre las ideas iusfilos\u00f3ficas desarrolladas en el \u00e1mbito de la Facultad de Ciencias Jur\u00eddicas y Sociales a lo largo de su historia, teniendo en cuanta la actividad docente y de investigaci\u00f3n en las materias Filosof\u00eda del Derecho e Introducci\u00f3n al Derecho. 2. La b\u00fasqueda e introducci\u00f3n de nuevas l\u00edneas y debates actuales en el pensamiento iusfilos\u00f3fico. 3. La participaci\u00f3n en actividades conjuntas con otras Facultades e instituciones (tales como la Asociaci\u00f3n Argentina de Filosof\u00eda del Derecho y la C\u00e1tedra Libre Carlos Cossio, entre otras). 4. La organizaci\u00f3n de charlas, conferencias, debates y encuentros sobre temas de iusfilosof\u00eda actual. 5. La vinculaci\u00f3n de la teor\u00eda jur\u00eddica con problemas actuales de la realidad social. 6. La estimulaci\u00f3n para que j\u00f3venes estudiantes y docentes aporten trabajos de investigaci\u00f3n sobre diversas l\u00edneas de pensamiento y temas en materia de Filosof\u00eda del Derecho y Teor\u00eda General del Derecho.\u00a0<\/span><\/p>\n<p><span style=\"font-weight: 400\">En este contexto es que desde el a\u00f1o 2022 se vienen realizando varias actividades tales como: a) Las Jornadas Iusfilos\u00f3ficas de junio\/julio 2022 con la colaboraci\u00f3n de la C\u00e1tedra Libre Carlos Cossio, en conmemoraci\u00f3n del \u201cPrimer Congreso Internacional de Filosof\u00eda Jur\u00eddica y Social\u201d realizado en la ciudad de La Plata, en la Facultad de Ciencias Jur\u00eddicas y Sociales, organizado por el Instituto de Cultura Jur\u00eddica, en ese entonces a cargo del Prof. Dr. Juan Carlos Smith, siendo Secretaria del Instituto la Prof. Dra. Olga Salanueva. Este congreso represento un verdadero hito en el pensamiento iusfilos\u00f3fico argentino ya que constituy\u00f3 el punto de encuentro de numerosos y destacados profesores del \u00e1mbito nacional e internacional. Todas las corrientes del pensamiento iusfilos\u00f3fico se hallaron presentes, y se debatieron ideas en un \u00e1mbito de pluralismo y respeto. Como consecuencia de este congreso, al a\u00f1o siguiente se fund\u00f3 la Asociaci\u00f3n Argentina de Filosof\u00eda del Derecho. Las Jornadas Iusfilos\u00f3ficas con el prop\u00f3sito de debatir y presentar trabajos de investigaci\u00f3n, convocaron a participantes de aquel hist\u00f3rico momento y a j\u00f3venes generaciones que si bien no estuvieron en \u00e9l, supieron de su importancia. En el contexto de las jornadas, y con el auspicio de la C\u00e1tedra Libre Carlos Cossio, se otorg\u00f3 el primer Premio Carlos Cossio, y se hicieron menciones especiales a trabajos presentados por j\u00f3venes investigadoras e investigadores. En esas jornadas participaron como conferencistas principales: Mar\u00eda Claudia Torrens, Renato Rabbi-Baldi Cabanillas, Diego Luna, Juan Pablo Alonso, Julio Rafo, Eduardo Tinant, Olga Salanueva, Ver\u00f3nica Canale, Julio Scatolini, Carlos Pettoruti, Ricardo Guibourg, Miguel Ciuro Caldani, Carlos C\u00e1rcova, Manuela Gonz\u00e1lez y Rodolfo Vigo. b) En mayo de 2023, con el apoyo de la UBA y de la AAFD se organiz\u00f3 la visita de los profesores Luigi Ferrajoli, Dario Ippolito y Perfecto Ib\u00e1\u00f1ez que disertaron sobre la nueva obra de Ferrajoli \u201cPor una Constituci\u00f3n de la Tierra\u201d gener\u00e1ndose un importante intercambio de ideas a trav\u00e9s de preguntas del auditorio, en un Sal\u00f3n de los Espejos absolutamente colmado de participantes. c) En Septiembre de 2023 con el invalorable apoyo de la AAFD se cont\u00f3 con la presencia de los profesores Manuel Atienza y Antonio Garc\u00eda Amado, quienes respectivamente conferenciaron sobre los temas \u201cDerecho y sentido com\u00fan\u201d y \u201cMetaf\u00edsica y esoterismo. La teor\u00eda de los principios en el iusmoralismo actual\u201d, planteando ambos un panorama actual sobre uno de los ejes iusfilos\u00f3ficos fundamentales: la relaci\u00f3n entre el derecho y la moral. La mesa \u201cDi\u00e1logos sobre filosof\u00eda jur\u00eddica en el siglo XXI\u201d en el contexto de las IV Jornadas Nacionales del Instituto de Cultura Jur\u00eddica, aspira a ser un \u00e1mbito en el cual diversos docentes de Introducci\u00f3n al Derecho de nuestra Facultad (Am\u00f3s Grajales, M\u00f3nica Bornia, Sandra Par\u00eds, Laura Linzitto, Julio Scatolini, Javier Dente, Carlos Pettoruti, con la coordinaci\u00f3n de la Prof. Mar\u00eda Laura Delucchi) plantear\u00e1n los ejes de difusi\u00f3n e investigaci\u00f3n actualmente vigentes en la materia, con la finalidad de proyectar las actividades futuras a realizar. La mesa, adem\u00e1s, recibir\u00e1 las ponencias o propuestas que se formulen sobre dichos temas.<\/span><\/p>\n","protected":false},"excerpt":{"rendered":"<p>Di\u00e1logos sobre filosof\u00eda jur\u00eddica en el siglo XXI.\u00a0 (Carlos Petorutti)\u00a0 Contacto: com12jornadasicj@gmail.com Coordinadora\u00a0 Mar\u00eda Laura Delucchi, Prof. titular de Introducci\u00f3n al Pensamiento Cient\u00edfico y adjunta de Introducci\u00f3n al Derecho de la Fac. de Cs. Js y Ss. AREA DE FILOSOF\u00cdA DEL DERECHO DEL INSTITUTO DE CULTURA JUR\u00cdDICA El \u00e1rea de Filosof\u00eda del Derecho del Instituto [&hellip;]<\/p>\n","protected":false},"author":24,"featured_media":0,"parent":6,"menu_order":0,"comment_status":"closed","ping_status":"closed","template":"","meta":{"advgb_blocks_editor_width":"","advgb_blocks_columns_visual_guide":"","footnotes":""},"class_list":["post-116","page","type-page","status-publish","hentry","post"],"aioseo_notices":[],"coauthors":[],"author_meta":{"author_link":"https:\/\/congresos.unlp.edu.ar\/jornadas-icj2023\/author\/batista-alejandro\/","display_name":"batista.alejandro"},"relative_dates":{"created":"Posted 3 a\u00f1os ago","modified":"Updated 3 a\u00f1os ago"},"absolute_dates":{"created":"Posted on 26 septiembre, 2023","modified":"Updated on 4 octubre, 2023"},"absolute_dates_time":{"created":"Posted on 26 septiembre, 2023 5:41 pm","modified":"Updated on 4 octubre, 2023 11:09 am"},"featured_img_caption":"","featured_img":false,"series_order":"","_links":{"self":[{"href":"https:\/\/congresos.unlp.edu.ar\/jornadas-icj2023\/wp-json\/wp\/v2\/pages\/116","targetHints":{"allow":["GET"]}}],"collection":[{"href":"https:\/\/congresos.unlp.edu.ar\/jornadas-icj2023\/wp-json\/wp\/v2\/pages"}],"about":[{"href":"https:\/\/congresos.unlp.edu.ar\/jornadas-icj2023\/wp-json\/wp\/v2\/types\/page"}],"author":[{"embeddable":true,"href":"https:\/\/congresos.unlp.edu.ar\/jornadas-icj2023\/wp-json\/wp\/v2\/users\/24"}],"replies":[{"embeddable":true,"href":"https:\/\/congresos.unlp.edu.ar\/jornadas-icj2023\/wp-json\/wp\/v2\/comments?post=116"}],"version-history":[{"count":0,"href":"https:\/\/congresos.unlp.edu.ar\/jornadas-icj2023\/wp-json\/wp\/v2\/pages\/116\/revisions"}],"up":[{"embeddable":true,"href":"https:\/\/congresos.unlp.edu.ar\/jornadas-icj2023\/wp-json\/wp\/v2\/pages\/6"}],"wp:attachment":[{"href":"https:\/\/congresos.unlp.edu.ar\/jornadas-icj2023\/wp-json\/wp\/v2\/media?parent=116"}],"curies":[{"name":"wp","href":"https:\/\/api.w.org\/{rel}","templated":true}]}}