{"id":114,"date":"2023-09-26T17:40:48","date_gmt":"2023-09-26T20:40:48","guid":{"rendered":"https:\/\/congresos.unlp.edu.ar\/jornadas-icj2023\/?page_id=114"},"modified":"2023-09-29T10:36:06","modified_gmt":"2023-09-29T13:36:06","slug":"mesa-11","status":"publish","type":"page","link":"https:\/\/congresos.unlp.edu.ar\/jornadas-icj2023\/mesas-de-trabajo\/mesa-11\/","title":{"rendered":"Mesa 11"},"content":{"rendered":"<p><b>\u00bfC\u00f3mo investigamos las pr\u00e1cticas? De posicionamientos epistemol\u00f3gicos, te\u00f3ricos y metodol\u00f3gicos<\/b><\/p>\n<p><span style=\"font-weight: 400\">Cristian Furfaro (ICJ-FCJyS-UNLP, CONICET)<\/span><\/p>\n<p><span style=\"font-weight: 400\">La pregunta-t\u00edtulo ser\u00e1 el disparador para reflexionar colectivamente sobre la forma en que abordamos la investigaci\u00f3n de las pr\u00e1cticas sociales, jur\u00eddicas y sociojur\u00eddicas. Para ello, proponemos la presentaci\u00f3n de aportes que trabajen sobre algunas dimensiones posibles: 1) nuestra perspectiva sobre la construcci\u00f3n y validaci\u00f3n del conocimiento, y sobre los sujetos que participan de ese proceso; 2) la forma en que conceptualizamos las pr\u00e1cticas, los elementos que componen nuestros conceptos, la forma en la cual los operacionalizamos y los referentes emp\u00edricos que construimos; y 3) las estrategias, t\u00e9cnicas y herramientas utilizadas para la producci\u00f3n de informaci\u00f3n. Abordaremos su an\u00e1lisis a partir de la construcci\u00f3n de un espacio de trabajo que funcionar\u00e1 bajo la metodolog\u00eda de taller, para, partiendo de los aportes de lxs participantes, compartir nuestras formas de investigaci\u00f3n, para deconstruirlas, cuestionarlas, analizarlas y as\u00ed construir nuevas formas para el abordaje de las pr\u00e1cticas.<\/span><\/p>\n","protected":false},"excerpt":{"rendered":"<p>\u00bfC\u00f3mo investigamos las pr\u00e1cticas? De posicionamientos epistemol\u00f3gicos, te\u00f3ricos y metodol\u00f3gicos Cristian Furfaro (ICJ-FCJyS-UNLP, CONICET) La pregunta-t\u00edtulo ser\u00e1 el disparador para reflexionar colectivamente sobre la forma en que abordamos la investigaci\u00f3n de las pr\u00e1cticas sociales, jur\u00eddicas y sociojur\u00eddicas. Para ello, proponemos la presentaci\u00f3n de aportes que trabajen sobre algunas dimensiones posibles: 1) nuestra perspectiva sobre la [&hellip;]<\/p>\n","protected":false},"author":24,"featured_media":0,"parent":6,"menu_order":0,"comment_status":"closed","ping_status":"closed","template":"","meta":{"advgb_blocks_editor_width":"","advgb_blocks_columns_visual_guide":"","footnotes":""},"class_list":["post-114","page","type-page","status-publish","hentry","post"],"aioseo_notices":[],"coauthors":[],"author_meta":{"author_link":"https:\/\/congresos.unlp.edu.ar\/jornadas-icj2023\/author\/batista-alejandro\/","display_name":"batista.alejandro"},"relative_dates":{"created":"Posted 3 a\u00f1os ago","modified":"Updated 3 a\u00f1os ago"},"absolute_dates":{"created":"Posted on 26 septiembre, 2023","modified":"Updated on 29 septiembre, 2023"},"absolute_dates_time":{"created":"Posted on 26 septiembre, 2023 5:40 pm","modified":"Updated on 29 septiembre, 2023 10:36 am"},"featured_img_caption":"","featured_img":false,"series_order":"","_links":{"self":[{"href":"https:\/\/congresos.unlp.edu.ar\/jornadas-icj2023\/wp-json\/wp\/v2\/pages\/114","targetHints":{"allow":["GET"]}}],"collection":[{"href":"https:\/\/congresos.unlp.edu.ar\/jornadas-icj2023\/wp-json\/wp\/v2\/pages"}],"about":[{"href":"https:\/\/congresos.unlp.edu.ar\/jornadas-icj2023\/wp-json\/wp\/v2\/types\/page"}],"author":[{"embeddable":true,"href":"https:\/\/congresos.unlp.edu.ar\/jornadas-icj2023\/wp-json\/wp\/v2\/users\/24"}],"replies":[{"embeddable":true,"href":"https:\/\/congresos.unlp.edu.ar\/jornadas-icj2023\/wp-json\/wp\/v2\/comments?post=114"}],"version-history":[{"count":0,"href":"https:\/\/congresos.unlp.edu.ar\/jornadas-icj2023\/wp-json\/wp\/v2\/pages\/114\/revisions"}],"up":[{"embeddable":true,"href":"https:\/\/congresos.unlp.edu.ar\/jornadas-icj2023\/wp-json\/wp\/v2\/pages\/6"}],"wp:attachment":[{"href":"https:\/\/congresos.unlp.edu.ar\/jornadas-icj2023\/wp-json\/wp\/v2\/media?parent=114"}],"curies":[{"name":"wp","href":"https:\/\/api.w.org\/{rel}","templated":true}]}}