{"id":108,"date":"2023-09-26T17:39:13","date_gmt":"2023-09-26T20:39:13","guid":{"rendered":"https:\/\/congresos.unlp.edu.ar\/jornadas-icj2023\/?page_id=108"},"modified":"2023-09-26T17:39:13","modified_gmt":"2023-09-26T20:39:13","slug":"mesa-9","status":"publish","type":"page","link":"https:\/\/congresos.unlp.edu.ar\/jornadas-icj2023\/mesas-de-trabajo\/mesa-9\/","title":{"rendered":"Mesa 9"},"content":{"rendered":"<p><b>Intersecciones e Imbricaciones entre derecho y arte <\/b><span style=\"font-weight: 400\">(Nancy Cardinaux, Erika Bauger)<\/span><\/p>\n<p><span style=\"font-weight: 400\">\u201cS\u00f3lo los pintores y los abogados pueden cambiar el blanco al negro\u201d, dice la frase popular. El derecho y el arte son manifestaciones del esp\u00edritu humano. Armonizar las necesidades pr\u00e1cticas de la realidad y las experiencias ideales nos conducen a encontrar la raz\u00f3n esencial de sus intersecciones e imbricaciones. Como nos cuentan los historiadores y arque\u00f3logos, mucho antes de Picasso, los artistas primitivos de la pen\u00ednsula ib\u00e9rica explotaban sus propias habilidades creativas mezclando pigmentos, creando abalorios a partir de conchas y pintando murales sobre las paredes de las cuevas. Esas obras de arte datan de hace 65.000 a\u00f1os. As\u00ed, la actividad humana se ha manifestado y se manifiesta en dos direcciones a veces discordantes y a veces conectadas: una te\u00f3rica, la del mundo de la representaci\u00f3n y otra pr\u00e1ctica, la de la voluntad. Bajo este prisma, \u00bfc\u00f3mo caracterizar y clasificar el derecho y el arte? \u00bfD\u00f3nde encontrar las encrucijadas, las superposiciones, los empalmes y para qu\u00e9? As\u00ed como la disputa por \u201cel derecho a decir el derecho\u201d, en palabras de Bourdieu da cuenta de los distintos sentidos del campo jur\u00eddico y de las interpretaciones que hacen sus operadores, son tambi\u00e9n infinitas las definiciones sobre qu\u00e9 es el arte. Famosos pintores, fil\u00f3sofos, escultores, poetas, han intentado definir de alguna forma original y certera el significado de la palabra. Buscaron para esto, hallar la misma inspiraci\u00f3n con la que contaron al realizar esas grandes obras que los hicieron trascender. La mesa se propone explorar las m\u00faltiples relaciones entre el derecho y el arte siguiendo el rastro del desarrollo de una de las \u00e1reas interdisciplinarias m\u00e1s recientes dentro de la explosi\u00f3n de estudios que conjugan al derecho con otras disciplinas. Comprendemos a la literatura y las distintas manifestaciones art\u00edsticas como veh\u00edculos privilegiados para disparar las construcciones colectivas de conocimiento que buscaremos en nuestra mesa, en tanto son capaces de abordar y arrojar luz sobre las cuestiones que nos preocupan sin caer en los gestos objetivantes propios de los saberes acad\u00e9micos tradicionales. En este sentido, la mesa se consolidar\u00e1 como un espacio horizontal de producci\u00f3n colectiva de saberes, en el que la dimensi\u00f3n transformadora y movilizante impacte a todas las personas que participen. Hoy son d\u00edas de reflexi\u00f3n, d\u00edas de recogimiento, como dec\u00eda Paul Gauguin: \u201cCierro mis ojos para ver\u201d. Y en esta introspecci\u00f3n podemos replantearnos: \u00bfqu\u00e9 es lo que recibimos de nuestro entorno? y \u00bfqu\u00e9 es lo que transmitimos como juristas, docentes, abogadas\/os, investigadores\/as, extensionistas?\u00a0<\/span><\/p>\n","protected":false},"excerpt":{"rendered":"<p>Intersecciones e Imbricaciones entre derecho y arte (Nancy Cardinaux, Erika Bauger) \u201cS\u00f3lo los pintores y los abogados pueden cambiar el blanco al negro\u201d, dice la frase popular. El derecho y el arte son manifestaciones del esp\u00edritu humano. Armonizar las necesidades pr\u00e1cticas de la realidad y las experiencias ideales nos conducen a encontrar la raz\u00f3n esencial [&hellip;]<\/p>\n","protected":false},"author":24,"featured_media":0,"parent":6,"menu_order":0,"comment_status":"closed","ping_status":"closed","template":"","meta":{"advgb_blocks_editor_width":"","advgb_blocks_columns_visual_guide":"","footnotes":""},"class_list":["post-108","page","type-page","status-publish","hentry","post"],"aioseo_notices":[],"coauthors":[],"author_meta":{"author_link":"https:\/\/congresos.unlp.edu.ar\/jornadas-icj2023\/author\/batista-alejandro\/","display_name":"batista.alejandro"},"relative_dates":{"created":"Posted 3 a\u00f1os ago","modified":"Updated 3 a\u00f1os ago"},"absolute_dates":{"created":"Posted on 26 septiembre, 2023","modified":"Updated on 26 septiembre, 2023"},"absolute_dates_time":{"created":"Posted on 26 septiembre, 2023 5:39 pm","modified":"Updated on 26 septiembre, 2023 5:39 pm"},"featured_img_caption":"","featured_img":false,"series_order":"","_links":{"self":[{"href":"https:\/\/congresos.unlp.edu.ar\/jornadas-icj2023\/wp-json\/wp\/v2\/pages\/108","targetHints":{"allow":["GET"]}}],"collection":[{"href":"https:\/\/congresos.unlp.edu.ar\/jornadas-icj2023\/wp-json\/wp\/v2\/pages"}],"about":[{"href":"https:\/\/congresos.unlp.edu.ar\/jornadas-icj2023\/wp-json\/wp\/v2\/types\/page"}],"author":[{"embeddable":true,"href":"https:\/\/congresos.unlp.edu.ar\/jornadas-icj2023\/wp-json\/wp\/v2\/users\/24"}],"replies":[{"embeddable":true,"href":"https:\/\/congresos.unlp.edu.ar\/jornadas-icj2023\/wp-json\/wp\/v2\/comments?post=108"}],"version-history":[{"count":0,"href":"https:\/\/congresos.unlp.edu.ar\/jornadas-icj2023\/wp-json\/wp\/v2\/pages\/108\/revisions"}],"up":[{"embeddable":true,"href":"https:\/\/congresos.unlp.edu.ar\/jornadas-icj2023\/wp-json\/wp\/v2\/pages\/6"}],"wp:attachment":[{"href":"https:\/\/congresos.unlp.edu.ar\/jornadas-icj2023\/wp-json\/wp\/v2\/media?parent=108"}],"curies":[{"name":"wp","href":"https:\/\/api.w.org\/{rel}","templated":true}]}}