{"id":106,"date":"2023-09-26T17:38:24","date_gmt":"2023-09-26T20:38:24","guid":{"rendered":"https:\/\/congresos.unlp.edu.ar\/jornadas-icj2023\/?page_id=106"},"modified":"2023-10-04T11:07:50","modified_gmt":"2023-10-04T14:07:50","slug":"mesa-8","status":"publish","type":"page","link":"https:\/\/congresos.unlp.edu.ar\/jornadas-icj2023\/mesas-de-trabajo\/mesa-8\/","title":{"rendered":"Mesa 8"},"content":{"rendered":"<p><b>Derecho a la cultura y al desarrollo: intersecciones y el rol de la mujer.<\/b><span style=\"font-weight: 400\">\u00a0(Liliana Zendri)<\/span><\/p>\n<p><strong>Contacto<\/strong>: <a href=\"mailto:com8jornadasicj@gmail.com\">com8jornadasicj@gmail.com<\/a><b>\u00a0 <\/b><\/p>\n<p><span style=\"font-weight: 400\">Presentar el proyecto denominado: Post pandemia-crisis global y local versus Derecho humano a la cultura y al Desarrollo \u00bfUna intersecci\u00f3n?. Iniciativa aprobada por UNLP para 2023\/4 que indaga la posible afectaci\u00f3n del Derecho a la cultura como factor de Desarrollo sostenible, tamizada por un fen\u00f3meno extendido a escala global, la crisis post pandemia, que parece repercutir en la promoci\u00f3n y efectividad de este derecho, en intersecci\u00f3n de la aplicaci\u00f3n de principios rectores de los Derechos Humanos (no regresividad y regresividad) con aparente prevalencia de otras necesidades. O sea analizar presuntas dicotom\u00edas jer\u00e1rquicas surgidas dentro del mismo Cat\u00e1logo de los DDHH y en correlato, la necesidad de articular pol\u00edticas p\u00fablicas, procesos de formaci\u00f3n e innovaciones, ante la trasformaci\u00f3n socio-jur\u00eddica cultural y econ\u00f3mica abriendo espacio a los roles de distintos actores involucrados y en particular a la cuesti\u00f3n de g\u00e9nero como fundamento humanista de la formaci\u00f3n y tosionales hasta la ciudadan\u00eda misma) lo que conduce a esta \u00faltima en sentido amplio (multinivel, y multidimensional desde los profe a la funci\u00f3n de las universidades contra la discriminaci\u00f3n en cualquiera de sus expresiones. Esta tem\u00e1tica, se convierte en aristas de tratamiento pasibles de planeamientos en la Mesa N\u00ba8 de la Jornada del Instituto de Cultura Jur\u00eddica a realizarse en noviembre 2023.<\/span><\/p>\n","protected":false},"excerpt":{"rendered":"<p>Derecho a la cultura y al desarrollo: intersecciones y el rol de la mujer.\u00a0(Liliana Zendri) Contacto: com8jornadasicj@gmail.com\u00a0 Presentar el proyecto denominado: Post pandemia-crisis global y local versus Derecho humano a la cultura y al Desarrollo \u00bfUna intersecci\u00f3n?. Iniciativa aprobada por UNLP para 2023\/4 que indaga la posible afectaci\u00f3n del Derecho a la cultura como factor [&hellip;]<\/p>\n","protected":false},"author":24,"featured_media":0,"parent":6,"menu_order":0,"comment_status":"closed","ping_status":"closed","template":"","meta":{"advgb_blocks_editor_width":"","advgb_blocks_columns_visual_guide":"","footnotes":""},"class_list":["post-106","page","type-page","status-publish","hentry","post"],"aioseo_notices":[],"coauthors":[],"author_meta":{"author_link":"https:\/\/congresos.unlp.edu.ar\/jornadas-icj2023\/author\/batista-alejandro\/","display_name":"batista.alejandro"},"relative_dates":{"created":"Posted 3 a\u00f1os ago","modified":"Updated 3 a\u00f1os ago"},"absolute_dates":{"created":"Posted on 26 septiembre, 2023","modified":"Updated on 4 octubre, 2023"},"absolute_dates_time":{"created":"Posted on 26 septiembre, 2023 5:38 pm","modified":"Updated on 4 octubre, 2023 11:07 am"},"featured_img_caption":"","featured_img":false,"series_order":"","_links":{"self":[{"href":"https:\/\/congresos.unlp.edu.ar\/jornadas-icj2023\/wp-json\/wp\/v2\/pages\/106","targetHints":{"allow":["GET"]}}],"collection":[{"href":"https:\/\/congresos.unlp.edu.ar\/jornadas-icj2023\/wp-json\/wp\/v2\/pages"}],"about":[{"href":"https:\/\/congresos.unlp.edu.ar\/jornadas-icj2023\/wp-json\/wp\/v2\/types\/page"}],"author":[{"embeddable":true,"href":"https:\/\/congresos.unlp.edu.ar\/jornadas-icj2023\/wp-json\/wp\/v2\/users\/24"}],"replies":[{"embeddable":true,"href":"https:\/\/congresos.unlp.edu.ar\/jornadas-icj2023\/wp-json\/wp\/v2\/comments?post=106"}],"version-history":[{"count":0,"href":"https:\/\/congresos.unlp.edu.ar\/jornadas-icj2023\/wp-json\/wp\/v2\/pages\/106\/revisions"}],"up":[{"embeddable":true,"href":"https:\/\/congresos.unlp.edu.ar\/jornadas-icj2023\/wp-json\/wp\/v2\/pages\/6"}],"wp:attachment":[{"href":"https:\/\/congresos.unlp.edu.ar\/jornadas-icj2023\/wp-json\/wp\/v2\/media?parent=106"}],"curies":[{"name":"wp","href":"https:\/\/api.w.org\/{rel}","templated":true}]}}