{"id":5,"date":"2019-10-03T15:06:47","date_gmt":"2019-10-03T18:06:47","guid":{"rendered":"http:\/\/congresos.unlp.edu.ar\/jnm\/?page_id=5"},"modified":"2019-11-04T12:28:11","modified_gmt":"2019-11-04T15:28:11","slug":"inicio","status":"publish","type":"page","link":"https:\/\/congresos.unlp.edu.ar\/jnm\/","title":{"rendered":"Inicio"},"content":{"rendered":"<p>&nbsp;<\/p>\n<p><img loading=\"lazy\" decoding=\"async\" class=\"alignnone wp-image-45\" src=\"https:\/\/congresos.unlp.edu.ar\/jnm\/wp-content\/uploads\/sites\/12\/2019\/10\/logo-jornadas-300x83.jpg\" alt=\"\" width=\"669\" height=\"185\" srcset=\"https:\/\/congresos.unlp.edu.ar\/jnm\/wp-content\/uploads\/sites\/12\/2019\/10\/logo-jornadas-300x83.jpg 300w, https:\/\/congresos.unlp.edu.ar\/jnm\/wp-content\/uploads\/sites\/12\/2019\/10\/logo-jornadas-768x213.jpg 768w, https:\/\/congresos.unlp.edu.ar\/jnm\/wp-content\/uploads\/sites\/12\/2019\/10\/logo-jornadas-1024x284.jpg 1024w, https:\/\/congresos.unlp.edu.ar\/jnm\/wp-content\/uploads\/sites\/12\/2019\/10\/logo-jornadas.jpg 1527w\" sizes=\"auto, (max-width: 669px) 100vw, 669px\" \/><\/p>\n<h2><span style=\"color: #339966\">Jornadas Nacionales sobre Mujeres, Pol\u00edticas P\u00fablicas, Acceso a la Justicia y Salud Mental: una mirada desde la perspectiva de g\u00e9nero<\/span><\/h2>\n<p>Invitamos a participar de las Jornadas Nacionales que se realizar\u00e1n los d\u00edas 24 y 25 de octubre de 2019 en la Facultad de Ciencias Jur\u00eddicas y Sociales y en el Centro de Posgrado de la Universidad Nacional de La Plata \u00abSergio Karakachoff\u00bb, Ciudad de La Plata, Argentina.<\/p>\n<p>&nbsp;<\/p>\n<h3><strong>Esta actividad es auspiciada por la Secretar\u00eda de Ciencia y T\u00e9cnica de la UNLP<\/strong><\/h3>\n<p><img loading=\"lazy\" decoding=\"async\" class=\"alignnone wp-image-10\" src=\"https:\/\/congresos.unlp.edu.ar\/jnm\/wp-content\/uploads\/sites\/12\/2019\/10\/icj1.png\" alt=\"\" width=\"137\" height=\"142\" \/> <img loading=\"lazy\" decoding=\"async\" class=\"alignnone size-medium wp-image-11\" src=\"https:\/\/congresos.unlp.edu.ar\/jnm\/wp-content\/uploads\/sites\/12\/2019\/10\/jursoc-300x65.png\" alt=\"\" width=\"300\" height=\"65\" srcset=\"https:\/\/congresos.unlp.edu.ar\/jnm\/wp-content\/uploads\/sites\/12\/2019\/10\/jursoc-300x65.png 300w, https:\/\/congresos.unlp.edu.ar\/jnm\/wp-content\/uploads\/sites\/12\/2019\/10\/jursoc.png 711w\" sizes=\"auto, (max-width: 300px) 100vw, 300px\" \/><\/p>\n<p><img loading=\"lazy\" decoding=\"async\" class=\"alignnone wp-image-12\" src=\"https:\/\/congresos.unlp.edu.ar\/jnm\/wp-content\/uploads\/sites\/12\/2019\/10\/sasj-300x85.png\" alt=\"\" width=\"455\" height=\"129\" srcset=\"https:\/\/congresos.unlp.edu.ar\/jnm\/wp-content\/uploads\/sites\/12\/2019\/10\/sasj-300x85.png 300w, https:\/\/congresos.unlp.edu.ar\/jnm\/wp-content\/uploads\/sites\/12\/2019\/10\/sasj.png 586w\" sizes=\"auto, (max-width: 455px) 100vw, 455px\" \/><\/p>\n<p>&nbsp;<\/p>\n<h2><\/h2>\n<h2><span style=\"color: #339966\"><strong>Im\u00e1genes de las Jornadas<\/strong><\/span><\/h2>\n\n<p>&nbsp;<\/p>\n","protected":false},"excerpt":{"rendered":"<p>&nbsp; Jornadas Nacionales sobre Mujeres, Pol\u00edticas P\u00fablicas, Acceso a la Justicia y Salud Mental: una mirada desde la perspectiva de g\u00e9nero Invitamos a participar de las Jornadas Nacionales que se realizar\u00e1n los d\u00edas 24 y 25 de octubre de 2019 en la Facultad de Ciencias Jur\u00eddicas y Sociales y en el Centro de Posgrado de [&hellip;]<\/p>\n","protected":false},"author":2,"featured_media":0,"parent":0,"menu_order":0,"comment_status":"closed","ping_status":"closed","template":"","meta":{"advgb_blocks_editor_width":"","advgb_blocks_columns_visual_guide":"","footnotes":""},"class_list":["post-5","page","type-page","status-publish","hentry","post"],"aioseo_notices":[],"coauthors":[],"author_meta":{"author_link":"https:\/\/congresos.unlp.edu.ar\/jnm\/author\/congresos\/","display_name":"congresos"},"relative_dates":{"created":"Publicado 7 a\u00f1os hace","modified":"Actualizado 6 a\u00f1os hace"},"absolute_dates":{"created":"Publicado el 3 octubre, 2019","modified":"Actualizado el 4 noviembre, 2019"},"absolute_dates_time":{"created":"Publicado el 3 octubre, 2019 15:06","modified":"Actualizado el 4 noviembre, 2019 12:28"},"featured_img_caption":"","featured_img":false,"series_order":"","_links":{"self":[{"href":"https:\/\/congresos.unlp.edu.ar\/jnm\/wp-json\/wp\/v2\/pages\/5","targetHints":{"allow":["GET"]}}],"collection":[{"href":"https:\/\/congresos.unlp.edu.ar\/jnm\/wp-json\/wp\/v2\/pages"}],"about":[{"href":"https:\/\/congresos.unlp.edu.ar\/jnm\/wp-json\/wp\/v2\/types\/page"}],"author":[{"embeddable":true,"href":"https:\/\/congresos.unlp.edu.ar\/jnm\/wp-json\/wp\/v2\/users\/2"}],"replies":[{"embeddable":true,"href":"https:\/\/congresos.unlp.edu.ar\/jnm\/wp-json\/wp\/v2\/comments?post=5"}],"version-history":[{"count":0,"href":"https:\/\/congresos.unlp.edu.ar\/jnm\/wp-json\/wp\/v2\/pages\/5\/revisions"}],"wp:attachment":[{"href":"https:\/\/congresos.unlp.edu.ar\/jnm\/wp-json\/wp\/v2\/media?parent=5"}],"curies":[{"name":"wp","href":"https:\/\/api.w.org\/{rel}","templated":true}]}}