{"id":34,"date":"2019-10-04T12:20:28","date_gmt":"2019-10-04T15:20:28","guid":{"rendered":"http:\/\/congresos.unlp.edu.ar\/jnm\/?page_id=34"},"modified":"2019-10-09T12:32:22","modified_gmt":"2019-10-09T15:32:22","slug":"programa-de-actividades-provisorio","status":"publish","type":"page","link":"https:\/\/congresos.unlp.edu.ar\/jnm\/programa-provisorio\/programa-de-actividades-provisorio\/","title":{"rendered":"Jueves 24 de octubre"},"content":{"rendered":"<p><img loading=\"lazy\" decoding=\"async\" class=\"alignnone wp-image-45\" src=\"https:\/\/congresos.unlp.edu.ar\/jnm\/wp-content\/uploads\/sites\/12\/2019\/10\/logo-jornadas-300x83.jpg\" alt=\"\" width=\"549\" height=\"152\" srcset=\"https:\/\/congresos.unlp.edu.ar\/jnm\/wp-content\/uploads\/sites\/12\/2019\/10\/logo-jornadas-300x83.jpg 300w, https:\/\/congresos.unlp.edu.ar\/jnm\/wp-content\/uploads\/sites\/12\/2019\/10\/logo-jornadas-768x213.jpg 768w, https:\/\/congresos.unlp.edu.ar\/jnm\/wp-content\/uploads\/sites\/12\/2019\/10\/logo-jornadas-1024x284.jpg 1024w, https:\/\/congresos.unlp.edu.ar\/jnm\/wp-content\/uploads\/sites\/12\/2019\/10\/logo-jornadas.jpg 1527w\" sizes=\"auto, (max-width: 549px) 100vw, 549px\" \/><\/p>\n<p><strong>Aula 205 del Edificio de Posgrado de la UNLP \u00abSergio Karakachoff\u00bb<\/strong><\/p>\n<p><strong>10:30 a 11:00hs<\/strong>. Acreditaci\u00f3n<\/p>\n<p><strong>11.00hs. <\/strong>Apertura a cargo de las Dras. Ver\u00f3nica Cruz (UNLP), Manuela G. Gonz\u00e1lez (ICJ-FCJyS-UNLP) y autoridades de la FCJyS.<\/p>\n<p><strong>12.00hs. <\/strong>Conferencia inaugural de Dr. Mario Pecheny (Investigador principal y vicepresidente de CONICET). Presenta: Dra. Nancy Cardinaux (ICJ-CONICET).<\/p>\n<p><strong>13:00hs<\/strong>. Pausa \u2013 Almuerzo.<\/p>\n<p><strong>14.00hs<\/strong>. Conferencia de la Dra. Laura Pautassi (CONICET-UBA). Presenta: Dra. Marisa Miranda (ICJ-CONICET_UNLP).<\/p>\n<p><strong>15.00hs.<\/strong> Conferencia de Ana Valeros y Silvia Faraone (UBA). Presenta: Dra. Susana Tabieres (ICJ-UNLP).<\/p>\n<p><strong>16:00hs<\/strong>. Conferencia de Soledad Barruti\u2013 Presenta: Dra. Marina Lanfranco (ICJ-UNLP).<\/p>\n<p><strong>17:00hs.<\/strong> Conferencia de Silvia Cheijster (UBA). Presenta: Abog. Susana Cisneros (ICJ-UNLP).<\/p>\n<p><strong>18:00hs.<\/strong> Espacio de presentaci\u00f3n de libros. Coordina: Mg. Gabriela Galletti (ICJ-UNLP).<\/p>\n<p>&nbsp;<\/p>\n<h3><strong>Esta actividad es auspiciada por la Secretar\u00eda de Ciencia y T\u00e9cnica de la UNLP<\/strong><\/h3>\n<p>&nbsp;<\/p>\n<p><img loading=\"lazy\" decoding=\"async\" class=\"alignnone wp-image-10\" src=\"https:\/\/congresos.unlp.edu.ar\/jnm\/wp-content\/uploads\/sites\/12\/2019\/10\/icj1.png\" alt=\"\" width=\"152\" height=\"157\" \/> <img loading=\"lazy\" decoding=\"async\" class=\"alignnone size-medium wp-image-11\" src=\"https:\/\/congresos.unlp.edu.ar\/jnm\/wp-content\/uploads\/sites\/12\/2019\/10\/jursoc-300x65.png\" alt=\"\" width=\"300\" height=\"65\" srcset=\"https:\/\/congresos.unlp.edu.ar\/jnm\/wp-content\/uploads\/sites\/12\/2019\/10\/jursoc-300x65.png 300w, https:\/\/congresos.unlp.edu.ar\/jnm\/wp-content\/uploads\/sites\/12\/2019\/10\/jursoc.png 711w\" sizes=\"auto, (max-width: 300px) 100vw, 300px\" \/><\/p>\n<p><img loading=\"lazy\" decoding=\"async\" class=\"alignnone wp-image-12\" src=\"https:\/\/congresos.unlp.edu.ar\/jnm\/wp-content\/uploads\/sites\/12\/2019\/10\/sasj-300x85.png\" alt=\"\" width=\"441\" height=\"125\" srcset=\"https:\/\/congresos.unlp.edu.ar\/jnm\/wp-content\/uploads\/sites\/12\/2019\/10\/sasj-300x85.png 300w, https:\/\/congresos.unlp.edu.ar\/jnm\/wp-content\/uploads\/sites\/12\/2019\/10\/sasj.png 586w\" sizes=\"auto, (max-width: 441px) 100vw, 441px\" \/><\/p>\n","protected":false},"excerpt":{"rendered":"<p>Aula 205 del Edificio de Posgrado de la UNLP \u00abSergio Karakachoff\u00bb 10:30 a 11:00hs. Acreditaci\u00f3n 11.00hs. Apertura a cargo de las Dras. Ver\u00f3nica Cruz (UNLP), Manuela G. Gonz\u00e1lez (ICJ-FCJyS-UNLP) y autoridades de la FCJyS. 12.00hs. Conferencia inaugural de Dr. Mario Pecheny (Investigador principal y vicepresidente de CONICET). Presenta: Dra. Nancy Cardinaux (ICJ-CONICET). 13:00hs. Pausa \u2013 [&hellip;]<\/p>\n","protected":false},"author":24,"featured_media":0,"parent":37,"menu_order":0,"comment_status":"closed","ping_status":"closed","template":"","meta":{"advgb_blocks_editor_width":"","advgb_blocks_columns_visual_guide":"","footnotes":""},"class_list":["post-34","page","type-page","status-publish","hentry","post"],"aioseo_notices":[],"coauthors":[],"author_meta":{"author_link":"https:\/\/congresos.unlp.edu.ar\/jnm\/author\/batista-alejandro\/","display_name":"batista.alejandro"},"relative_dates":{"created":"Publicado 7 a\u00f1os hace","modified":"Actualizado 6 a\u00f1os hace"},"absolute_dates":{"created":"Publicado el 4 octubre, 2019","modified":"Actualizado el 9 octubre, 2019"},"absolute_dates_time":{"created":"Publicado el 4 octubre, 2019 12:20","modified":"Actualizado el 9 octubre, 2019 12:32"},"featured_img_caption":"","featured_img":false,"series_order":"","_links":{"self":[{"href":"https:\/\/congresos.unlp.edu.ar\/jnm\/wp-json\/wp\/v2\/pages\/34","targetHints":{"allow":["GET"]}}],"collection":[{"href":"https:\/\/congresos.unlp.edu.ar\/jnm\/wp-json\/wp\/v2\/pages"}],"about":[{"href":"https:\/\/congresos.unlp.edu.ar\/jnm\/wp-json\/wp\/v2\/types\/page"}],"author":[{"embeddable":true,"href":"https:\/\/congresos.unlp.edu.ar\/jnm\/wp-json\/wp\/v2\/users\/24"}],"replies":[{"embeddable":true,"href":"https:\/\/congresos.unlp.edu.ar\/jnm\/wp-json\/wp\/v2\/comments?post=34"}],"version-history":[{"count":0,"href":"https:\/\/congresos.unlp.edu.ar\/jnm\/wp-json\/wp\/v2\/pages\/34\/revisions"}],"up":[{"embeddable":true,"href":"https:\/\/congresos.unlp.edu.ar\/jnm\/wp-json\/wp\/v2\/pages\/37"}],"wp:attachment":[{"href":"https:\/\/congresos.unlp.edu.ar\/jnm\/wp-json\/wp\/v2\/media?parent=34"}],"curies":[{"name":"wp","href":"https:\/\/api.w.org\/{rel}","templated":true}]}}