{"id":271,"date":"2019-11-03T11:50:57","date_gmt":"2019-11-03T14:50:57","guid":{"rendered":"http:\/\/congresos.unlp.edu.ar\/jnm\/?page_id=271"},"modified":"2019-11-04T11:15:15","modified_gmt":"2019-11-04T14:15:15","slug":"comite-cientifico-2","status":"publish","type":"page","link":"https:\/\/congresos.unlp.edu.ar\/jnm\/comite-cientifico-2\/","title":{"rendered":"Comit\u00e9 Cientifico"},"content":{"rendered":"<p><img loading=\"lazy\" decoding=\"async\" class=\"alignnone size-medium wp-image-45\" src=\"https:\/\/congresos.unlp.edu.ar\/jnm\/wp-content\/uploads\/sites\/12\/2019\/10\/logo-jornadas-300x83.jpg\" alt=\"\" width=\"300\" height=\"83\" srcset=\"https:\/\/congresos.unlp.edu.ar\/jnm\/wp-content\/uploads\/sites\/12\/2019\/10\/logo-jornadas-300x83.jpg 300w, https:\/\/congresos.unlp.edu.ar\/jnm\/wp-content\/uploads\/sites\/12\/2019\/10\/logo-jornadas-768x213.jpg 768w, https:\/\/congresos.unlp.edu.ar\/jnm\/wp-content\/uploads\/sites\/12\/2019\/10\/logo-jornadas-1024x284.jpg 1024w, https:\/\/congresos.unlp.edu.ar\/jnm\/wp-content\/uploads\/sites\/12\/2019\/10\/logo-jornadas.jpg 1527w\" sizes=\"auto, (max-width: 300px) 100vw, 300px\" \/><\/p>\n<p>Los certificados de las Jornadas han sido confeccionados en formato PDF y contienen una firma digital de un responsable del Comit\u00e9 de Organizaci\u00f3n, en los t\u00e9rminos de la <strong>Ley 25.506 de Firma Digital<\/strong>, su par <strong>13.666<\/strong> de la provincia de Buenos Aires y el <strong>art\u00edculo 288 del C\u00f3digo Civil y Comercial de la Naci\u00f3n<\/strong>. Todo ello le otorga id\u00e9ntica validez legal que un documento escrito y suscrito con firma ol\u00f3grafa.<\/p>\n<p>Para firmar los certificados se ha utilizado una firma digital emitida por la <strong>Autoridad de Certificaci\u00f3n de Firma Digital Remota<\/strong> del gobierno nacional y el <a href=\"https:\/\/www.argentina.gob.ar\/modernizacion\/firmadigital\/firmadigitalremota\">firmador<\/a> disponible en l\u00ednea\u00a0 a tales efectos.<\/p>\n<p>Para conocer m\u00e1s sobre el tema de firma digital, puede consultar el <a href=\"https:\/\/www.legaltic.com.ar\/post\/escribe-en-tu-blog-desde-tu-sitio-web-o-m%C3%B3vil\">siguiente art\u00edculo<\/a>.<\/p>\n<p>Finalmente para acceder al certificado firmado digitalmente, hacer clic en el nombre respectivo.<\/p>\n<h4><span style=\"color: #339966\"><em><strong>Lista de Certificados:<\/strong><\/em><\/span><\/h4>\n<table style=\"height: 398px\" width=\"308\">\n<tbody>\n<tr>\n<td width=\"173\"><a href=\"https:\/\/drive.google.com\/open?id=1l1uYhp-31fSEhIPiu6kyF9pKn7PFD1W8\">Andreu, Ricardo C\u00e9sar<\/a><\/td>\n<\/tr>\n<tr>\n<td><a href=\"https:\/\/drive.google.com\/open?id=1LyKU-GPzxjfep29bfDb5cHI_p7Zu8-uB\">Barrancos, Dora<\/a><\/td>\n<\/tr>\n<tr>\n<td><a href=\"https:\/\/drive.google.com\/open?id=1IxwUMcSG9gxx9RWX-zPwYzY9vDJkOaus\">Cardinaux, Nancy<\/a><\/td>\n<\/tr>\n<tr>\n<td><a href=\"https:\/\/drive.google.com\/open?id=1qQovhBgyL39EItmZTXMzv5PSphwcGb7E\">Femen\u00edas, Mar\u00eda Luisa<\/a><\/td>\n<\/tr>\n<tr>\n<td><a href=\"https:\/\/drive.google.com\/open?id=1MhRvPwAH7oECJn_4qbn_5HtiTq9bxEEV\">Gerlero, Mario<\/a><\/td>\n<\/tr>\n<tr>\n<td><a href=\"https:\/\/drive.google.com\/open?id=1pxqLotyj1GK_23IWZNZ_kOSChhwcicIq\">Gonz\u00e1lez, Manuela G.<\/a><\/td>\n<\/tr>\n<tr>\n<td><a href=\"https:\/\/drive.google.com\/open?id=153kBdwYpNtqeF9O_vG8L6enMBtvW5Jmk\">Lanfranco V\u00e1zquez, Marina<\/a><\/td>\n<\/tr>\n<tr>\n<td><a href=\"https:\/\/drive.google.com\/open?id=1uZOmK2gFz9XSgyi-SOp5g-lvUKDVjdhr\">Miranda, Marisa Adriana<\/a><\/td>\n<\/tr>\n<tr>\n<td><a href=\"https:\/\/drive.google.com\/open?id=1NsAoSK93qsAfmE6CMxzN3n3e1jU9smOD\">Salanueva, Olga<\/a><\/td>\n<\/tr>\n<tr>\n<td><a href=\"https:\/\/drive.google.com\/open?id=1F4uhHZYhYuULFHd6KyuPjJ0dGdhexMGt\">Salvioli, Fabi\u00e1n<\/a><\/td>\n<\/tr>\n<tr>\n<td><a href=\"https:\/\/drive.google.com\/open?id=1wAWuMTAMGQ7bQEc0j0fBsEfH39DWOtw7\">Tabieres, Mar\u00eda Susana.<\/a><\/td>\n<\/tr>\n<\/tbody>\n<\/table>\n<p>En caso de tener algun inconveniente o detectar alg\u00fan error, por favor comunicarse con la organizaci\u00f3n de las Jornadas para solucionarlo.<\/p>\n","protected":false},"excerpt":{"rendered":"<p>Los certificados de las Jornadas han sido confeccionados en formato PDF y contienen una firma digital de un responsable del Comit\u00e9 de Organizaci\u00f3n, en los t\u00e9rminos de la Ley 25.506 de Firma Digital, su par 13.666 de la provincia de Buenos Aires y el art\u00edculo 288 del C\u00f3digo Civil y Comercial de la Naci\u00f3n. Todo [&hellip;]<\/p>\n","protected":false},"author":24,"featured_media":0,"parent":0,"menu_order":0,"comment_status":"closed","ping_status":"closed","template":"","meta":{"advgb_blocks_editor_width":"","advgb_blocks_columns_visual_guide":"","footnotes":""},"class_list":["post-271","page","type-page","status-publish","hentry","post"],"aioseo_notices":[],"coauthors":[],"author_meta":{"author_link":"https:\/\/congresos.unlp.edu.ar\/jnm\/author\/batista-alejandro\/","display_name":"batista.alejandro"},"relative_dates":{"created":"Publicado 6 a\u00f1os hace","modified":"Actualizado 6 a\u00f1os hace"},"absolute_dates":{"created":"Publicado el 3 noviembre, 2019","modified":"Actualizado el 4 noviembre, 2019"},"absolute_dates_time":{"created":"Publicado el 3 noviembre, 2019 11:50","modified":"Actualizado el 4 noviembre, 2019 11:15"},"featured_img_caption":"","featured_img":false,"series_order":"","_links":{"self":[{"href":"https:\/\/congresos.unlp.edu.ar\/jnm\/wp-json\/wp\/v2\/pages\/271","targetHints":{"allow":["GET"]}}],"collection":[{"href":"https:\/\/congresos.unlp.edu.ar\/jnm\/wp-json\/wp\/v2\/pages"}],"about":[{"href":"https:\/\/congresos.unlp.edu.ar\/jnm\/wp-json\/wp\/v2\/types\/page"}],"author":[{"embeddable":true,"href":"https:\/\/congresos.unlp.edu.ar\/jnm\/wp-json\/wp\/v2\/users\/24"}],"replies":[{"embeddable":true,"href":"https:\/\/congresos.unlp.edu.ar\/jnm\/wp-json\/wp\/v2\/comments?post=271"}],"version-history":[{"count":0,"href":"https:\/\/congresos.unlp.edu.ar\/jnm\/wp-json\/wp\/v2\/pages\/271\/revisions"}],"wp:attachment":[{"href":"https:\/\/congresos.unlp.edu.ar\/jnm\/wp-json\/wp\/v2\/media?parent=271"}],"curies":[{"name":"wp","href":"https:\/\/api.w.org\/{rel}","templated":true}]}}