{"id":261,"date":"2019-11-03T11:20:43","date_gmt":"2019-11-03T14:20:43","guid":{"rendered":"http:\/\/congresos.unlp.edu.ar\/jnm\/?page_id=261"},"modified":"2019-11-05T00:28:42","modified_gmt":"2019-11-05T03:28:42","slug":"ponentes","status":"publish","type":"page","link":"https:\/\/congresos.unlp.edu.ar\/jnm\/ponentes\/","title":{"rendered":"Ponentes"},"content":{"rendered":"<p><img loading=\"lazy\" decoding=\"async\" class=\"alignnone size-medium wp-image-45\" src=\"https:\/\/congresos.unlp.edu.ar\/jnm\/wp-content\/uploads\/sites\/12\/2019\/10\/logo-jornadas-300x83.jpg\" alt=\"\" width=\"300\" height=\"83\" srcset=\"https:\/\/congresos.unlp.edu.ar\/jnm\/wp-content\/uploads\/sites\/12\/2019\/10\/logo-jornadas-300x83.jpg 300w, https:\/\/congresos.unlp.edu.ar\/jnm\/wp-content\/uploads\/sites\/12\/2019\/10\/logo-jornadas-768x213.jpg 768w, https:\/\/congresos.unlp.edu.ar\/jnm\/wp-content\/uploads\/sites\/12\/2019\/10\/logo-jornadas-1024x284.jpg 1024w, https:\/\/congresos.unlp.edu.ar\/jnm\/wp-content\/uploads\/sites\/12\/2019\/10\/logo-jornadas.jpg 1527w\" sizes=\"auto, (max-width: 300px) 100vw, 300px\" \/><\/p>\n<p>Los certificados de las Jornadas han sido confeccionados en formato PDF y contienen una firma digital de un responsable del Comit\u00e9 de Organizaci\u00f3n, en los t\u00e9rminos de la <strong>Ley 25.506 de Firma Digital<\/strong>, su par <strong>13.666<\/strong> de la provincia de Buenos Aires y el <strong>art\u00edculo 288 del C\u00f3digo Civil y Comercial de la Naci\u00f3n<\/strong>. Todo ello le otorga id\u00e9ntica validez legal que un documento escrito y suscrito con firma ol\u00f3grafa.<\/p>\n<p>Para firmar los certificados se ha utilizado una firma digital emitida por la <strong>Autoridad de Certificaci\u00f3n de Firma Digital Remota<\/strong> del gobierno nacional y el <a href=\"https:\/\/www.argentina.gob.ar\/modernizacion\/firmadigital\/firmadigitalremota\">firmador<\/a> disponible en l\u00ednea\u00a0 a tales efectos.<\/p>\n<p>Para conocer m\u00e1s sobre el tema de firma digital, puede consultar el <a href=\"https:\/\/www.legaltic.com.ar\/post\/escribe-en-tu-blog-desde-tu-sitio-web-o-m%C3%B3vil\">siguiente art\u00edculo<\/a>.<\/p>\n<p>Finalmente para acceder al certificado firmado digitalmente, hacer clic en el nombre respectivo.<\/p>\n<h4><span style=\"color: #339966\"><em><strong>Lista de Certificados:<\/strong><\/em><\/span><\/h4>\n<table width=\"333\">\n<tbody>\n<tr>\n<td width=\"333\"><a href=\"https:\/\/drive.google.com\/open?id=1LZpMzer-DSE79H3shSmwEs24FnbK9A_-\">ABALOS, CECILIA I.<\/a><\/td>\n<\/tr>\n<tr>\n<td width=\"333\"><a href=\"https:\/\/drive.google.com\/open?id=1-N87DMfznz0oaO7RmgYNe0vIHutuYIJJ\">ACTIS, CECILIA<\/a><\/td>\n<\/tr>\n<tr>\n<td width=\"333\"><a href=\"https:\/\/drive.google.com\/open?id=13Cc9zgSpCkm2O5UMm6iN0YdmaPg1hBhs\">ANDREU, RICARDO C\u00c9SAR<\/a><\/td>\n<\/tr>\n<tr>\n<td width=\"333\"><a href=\"https:\/\/drive.google.com\/open?id=1Y6TVOWfTq_xQ31-RbJX82HW9jqpBnTMj\">ANDRIOLA, KARINA A.<\/a><\/td>\n<\/tr>\n<tr>\n<td width=\"333\"><a href=\"https:\/\/drive.google.com\/open?id=1oxMVAE9ldbbriQsGeeZ4i04Dqwinu2vK\">BARCAGLIONI, GABRIELA<\/a><\/td>\n<\/tr>\n<tr>\n<td width=\"333\"><a href=\"https:\/\/drive.google.com\/open?id=1BWolU6q3fjC37WxjNTrg6RucaoTWQg5h\">BATISTA, ALEJANDRO<\/a><\/td>\n<\/tr>\n<tr>\n<td width=\"333\"><a href=\"https:\/\/drive.google.com\/open?id=14TJBHpSszA7oB92TbOqa0dNlASnSZcbE\">BATIZ, MAGAL\u00cd<\/a><\/td>\n<\/tr>\n<tr>\n<td width=\"333\"><a href=\"https:\/\/drive.google.com\/open?id=1M5KDLJ_-gzajlZmjLLqiV3eOjcwa4vPB\">BEGA MART\u00cdNEZ, RENATA<\/a><\/td>\n<\/tr>\n<tr>\n<td width=\"333\"><a href=\"https:\/\/drive.google.com\/open?id=1zt8I4RBSxU4bjCjRTF8QEDdJCPzjMZWA\">BERISSO, IN\u00c9S<\/a><\/td>\n<\/tr>\n<tr>\n<td width=\"333\"><a href=\"https:\/\/drive.google.com\/open?id=1YQ7OQhfYvt9jtqVVTudKu9__jXG3OrHY\">BINETTI, MACARENA<\/a><\/td>\n<\/tr>\n<tr>\n<td width=\"333\"><a href=\"https:\/\/drive.google.com\/open?id=1Yug6skOHqPCPjEth64MBGgYdnDP4Nieo\">CABRERA, ROMINA<\/a><\/td>\n<\/tr>\n<tr>\n<td width=\"333\"><a href=\"https:\/\/drive.google.com\/open?id=1CrCHINuPdwy-htG83Et2GMtEk0M8xgPk\">CAMERA, LAURA<\/a><\/td>\n<\/tr>\n<tr>\n<td width=\"333\"><a href=\"https:\/\/drive.google.com\/open?id=1U7JqbVn3X9rq6PoyNuTRxoCFRex0KEVq\">CARDINAUX, NANCY<\/a><\/td>\n<\/tr>\n<tr>\n<td width=\"333\"><a href=\"https:\/\/drive.google.com\/open?id=1sUo3LncGutamTKyjxw_VB6hwPG5X5lI7\">CARO DELMA, MARICEL<\/a><\/td>\n<\/tr>\n<tr>\n<td width=\"333\"><a href=\"https:\/\/drive.google.com\/open?id=1zPBn24borUpZ1yxEoSj1GQQDdIT-hcTd\">CISNEROS, SUSANA<\/a><\/td>\n<\/tr>\n<tr>\n<td width=\"333\"><a href=\"https:\/\/drive.google.com\/open?id=1PZyalS_UrbkbzFACoYh87nhgSLt3BHmm\">CONSOLO, ANAL\u00cdA<\/a><\/td>\n<\/tr>\n<tr>\n<td width=\"333\"><a href=\"https:\/\/drive.google.com\/open?id=11VvYDbH7A5yi1m5anomQyYWN0mWKEaVp\">C\u00d3RDOBA, MAR\u00cdA<\/a><\/td>\n<\/tr>\n<tr>\n<td width=\"333\"><a href=\"https:\/\/drive.google.com\/open?id=1vxitpyRBKfVY7CZbG-0gqQCDBkXHQMYC\">CRISTECHE, MAURO<\/a><\/td>\n<\/tr>\n<tr>\n<td width=\"333\"><a href=\"https:\/\/drive.google.com\/open?id=1LlDUujJ7ZIFF-c1EJoaiXb0tw5QuqbDa\">CUERDO, AGUSTINA PILAR<\/a><\/td>\n<\/tr>\n<tr>\n<td width=\"333\"><a href=\"https:\/\/drive.google.com\/open?id=1bkl0qAr4Gi9CU8irmWw9wWupZ6KtVwcm\">D\u00b4OVIDIO, ANA CLARA<\/a><\/td>\n<\/tr>\n<tr>\n<td width=\"333\"><a href=\"https:\/\/drive.google.com\/open?id=1obV9Capf0DSqrDA839kqD2As458E1uM-\">DE LUCA, MARCELA ADRIANA<\/a><\/td>\n<\/tr>\n<tr>\n<td width=\"333\"><a href=\"https:\/\/drive.google.com\/open?id=1N5LnHT_BPT6Yp60MfBpsHg4-rR_8T4p0\">DOMENECH, ERNESTO E.<\/a><\/td>\n<\/tr>\n<tr>\n<td width=\"333\"><a href=\"https:\/\/drive.google.com\/open?id=1bkqmOUReryPnT96dbQCKAm28OEz_tJZi\">DUBINI, JULIETA<\/a><\/td>\n<\/tr>\n<tr>\n<td width=\"333\"><a href=\"https:\/\/drive.google.com\/open?id=1eUhZA9w6cQ9nsjhP7nEVdI4g9CD5EgH2\">ECHEGOYEMBERRY, NATALIA<\/a><\/td>\n<\/tr>\n<tr>\n<td width=\"333\"><a href=\"https:\/\/drive.google.com\/open?id=1X50K0j5CFU6Ls3OWgPFz06YYPvWJ8txL\">FAVOT, MAR\u00cdA LOURDES<\/a><\/td>\n<\/tr>\n<tr>\n<td width=\"333\"><a href=\"https:\/\/drive.google.com\/open?id=1qFFeA3x3nagcLecxIOdux02TOfe1_4Z7\">FLAHERTY, MARTINA<\/a><\/td>\n<\/tr>\n<tr>\n<td width=\"333\"><a href=\"https:\/\/drive.google.com\/open?id=1y9SQzpc__dPdrnT99OpoWNsTuQuBPxHe\">FLAMMINI, MARINA LARA<\/a><\/td>\n<\/tr>\n<tr>\n<td width=\"333\"><a href=\"https:\/\/drive.google.com\/open?id=1bh-q07CEcyUU6EfBQnQq0JrewJML0pY3\">FORASTIERI, MAR\u00cdA JOSEFINA<\/a><\/td>\n<\/tr>\n<tr>\n<td width=\"333\"><a href=\"https:\/\/drive.google.com\/open?id=1aWVDpRHuXU-ZraSPe8FCGTJj9DiXh80s\">GARC\u00cdA OSORIO, ANDREA<\/a><\/td>\n<\/tr>\n<tr>\n<td width=\"333\"><a href=\"https:\/\/drive.google.com\/open?id=1MJjWt9wNTg-pJpfXnYTuz9X-PvygEQhj\">GATTI, LUCIANA<\/a><\/td>\n<\/tr>\n<tr>\n<td width=\"333\">GIZZI, JESSICA<\/td>\n<\/tr>\n<tr>\n<td width=\"333\"><a href=\"https:\/\/drive.google.com\/open?id=1IpVJb5VtwPPYBShFBfint_aQRirgOmDt\">GOLDENH\u00d6RN, MOIRA<\/a><\/td>\n<\/tr>\n<tr>\n<td width=\"333\"><a href=\"https:\/\/drive.google.com\/open?id=14TJKCS1FsxgQ1DPq4Wp0ZshQtXCQc1mz\">G\u00d3MEZ LOZANO, DAYANA AYEL\u00c9N<\/a><\/td>\n<\/tr>\n<tr>\n<td width=\"333\"><a href=\"https:\/\/drive.google.com\/open?id=1xkD9EdB1dfGAHGGQIrwK6X1sepWJTJ6m\">GONZ\u00c1LEZ BARREDA, MAR\u00cdA DEL PILAR<\/a><\/td>\n<\/tr>\n<tr>\n<td width=\"333\"><a href=\"https:\/\/drive.google.com\/open?id=1wupRNOi7HCTLv07a21QTUnId4lfHtugW\">GONZ\u00c1LEZ, ANDREA SUSANA<\/a><\/td>\n<\/tr>\n<tr>\n<td width=\"333\"><a href=\"https:\/\/drive.google.com\/open?id=1ReVZROfuWmESiZThVgDfkSf6I_x5MeU9\">GONZ\u00c1LEZ, ANDREA SUSANA (2)<\/a><\/td>\n<\/tr>\n<tr>\n<td width=\"333\"><a href=\"https:\/\/drive.google.com\/open?id=1XHufZhNeyPQscgk7U3dQD0p5lwsGrDNb\">GONZ\u00c1LEZ, EDGARDO<\/a><\/td>\n<\/tr>\n<tr>\n<td width=\"333\"><a href=\"https:\/\/drive.google.com\/open?id=12HLFikMZAcBDckwJlmUgZ0dgdG7Naocr\">GONZ\u00c1LEZ, MANUELA<\/a><\/td>\n<\/tr>\n<tr>\n<td width=\"333\"><a href=\"https:\/\/drive.google.com\/open?id=1LZrArD0Sqc01LooGlZsr5qpIp1MhOkJB\">GO\u00d1I, MAR\u00cdA JOSEFINA<\/a><\/td>\n<\/tr>\n<tr>\n<td width=\"333\"><a href=\"https:\/\/drive.google.com\/open?id=1Jqv48cyv2W2V2emorHJRZWwWfBNVxAI_\">HANG, SOF\u00cdA<\/a><\/td>\n<\/tr>\n<tr>\n<td width=\"333\"><a href=\"https:\/\/drive.google.com\/open?id=17r3dCAxDB3B38dQjgxFicXxQ8MGMHZqD\">HARRINGTON, MELISA<\/a><\/td>\n<\/tr>\n<tr>\n<td width=\"333\"><a href=\"https:\/\/drive.google.com\/open?id=16adUW7EZpO6ugDPS22_yl-pidpU1QRjL\">IOZKIN, LUC\u00cdA<\/a><\/td>\n<\/tr>\n<tr>\n<td width=\"333\"><a href=\"https:\/\/drive.google.com\/open?id=1DtOSCO3zi2vMebN5Q4B6l0ukarJCkuse\">JULIANO AMARILLA, GHEZZI<\/a><\/td>\n<\/tr>\n<tr>\n<td width=\"333\"><a href=\"https:\/\/drive.google.com\/open?id=1SsPHkKsC2KU58UrPzPClbWI7JctEIhN-\">KARAIM, JULIETA<\/a><\/td>\n<\/tr>\n<tr>\n<td width=\"333\"><a href=\"https:\/\/drive.google.com\/open?id=1nRKsLaAGkrGcto7d_seAO6eG0T20lY7r\">LANDEYRO, CAMILA WANDA<\/a><\/td>\n<\/tr>\n<tr>\n<td width=\"333\"><a href=\"https:\/\/drive.google.com\/open?id=1STLuZcvcaET5vDVYxAnbThetKgChxEai\">LANFRANCO V\u00c1ZQUEZ, MARINA LAURA<\/a><\/td>\n<\/tr>\n<tr>\n<td width=\"333\">MAITINI, JOS\u00c9 MAR\u00cdA<\/td>\n<\/tr>\n<tr>\n<td width=\"333\"><a href=\"https:\/\/drive.google.com\/open?id=1G_4lCh9VVnfnkokMpGguPe-ZgM7L1Wld\">MARGARETIC, LAURA<\/a><\/td>\n<\/tr>\n<tr>\n<td width=\"333\"><a href=\"https:\/\/drive.google.com\/open?id=1FjqvesOLa0O0xjUKZ0xnOsGRp8qzgZkI\">MASTROMATTEO, ROMINA<\/a><\/td>\n<\/tr>\n<tr>\n<td width=\"333\"><a href=\"https:\/\/drive.google.com\/open?id=1f9tudMw_s4-4nHQpVIVkvTzEI6isk1HM\">MIRANDA, MARISA<\/a><\/td>\n<\/tr>\n<tr>\n<td width=\"333\"><a href=\"https:\/\/drive.google.com\/open?id=1KhhIWelFaUtNDmbKaFrrB31YSfTd-CWG\">MOLDES, MAR\u00cdA LUZ<\/a><\/td>\n<\/tr>\n<tr>\n<td width=\"333\"><a href=\"https:\/\/drive.google.com\/open?id=10FtZyYE5uPnZwXP2cofdsnZrBO7jXEna\">MORENO, JUAN IGNACIO<\/a><\/td>\n<\/tr>\n<tr>\n<td width=\"333\"><a href=\"https:\/\/drive.google.com\/open?id=1n6TfHoBTkYv8BvXPm_A14xrqag-B1emy\">MU\u00d1OZ, LAURA<\/a><\/td>\n<\/tr>\n<tr>\n<td width=\"333\"><a href=\"https:\/\/drive.google.com\/open?id=1pnGA018YYct99Tosye86qeOK6j9Iu_Dm\">MURGA, CAROLINA<\/a><\/td>\n<\/tr>\n<tr>\n<td width=\"333\"><a href=\"https:\/\/drive.google.com\/open?id=11MgT-9q4QyHNIww1G9fn3VuH3e2KXv8q\">NAN, SOLEDAD CELESTE<\/a><\/td>\n<\/tr>\n<tr>\n<td width=\"333\"><a href=\"https:\/\/drive.google.com\/open?id=1o7_ph1ycjveSSDp7ebKUiGjiax5jw_BK\">N\u00da\u00d1EZ, JUAN MANUEL<\/a><\/td>\n<\/tr>\n<tr>\n<td width=\"333\"><a href=\"https:\/\/drive.google.com\/open?id=14A5bcMnZaD906E4HuGxt-a7i1mTb27G0\">ORTOLANI, MAR\u00cdA<\/a><\/td>\n<\/tr>\n<tr>\n<td width=\"333\"><a href=\"https:\/\/drive.google.com\/open?id=1FNBk3VhQLQS0dZMTHLD9X_DHOVRop31R\">PALLARES, RODRIGO<\/a><\/td>\n<\/tr>\n<tr>\n<td width=\"333\"><a href=\"https:\/\/drive.google.com\/open?id=1fpBtIncWH6YqbOlkYsgr5nN0Q4Y1TAKh\">PEROTTI, MARIA PAULA<\/a><\/td>\n<\/tr>\n<tr>\n<td width=\"333\"><a href=\"https:\/\/drive.google.com\/open?id=1I-m-WPzc28asMhKtlfeObJrYbnULGg-_\">PISCHEL, GABRIELA<\/a><\/td>\n<\/tr>\n<tr>\n<td width=\"333\"><a href=\"https:\/\/drive.google.com\/open?id=1n3QCr0KJhhyrjGMQzoyYPlCYjdoebIAQ\">PONCE, VICTORIA<\/a><\/td>\n<\/tr>\n<tr>\n<td width=\"333\"><a href=\"https:\/\/drive.google.com\/open?id=1j6nB-aynra77s1MJ3oNbxmGZdPDmRTQj\">QUINTANA THEA, ABRIL<\/a><\/td>\n<\/tr>\n<tr>\n<td width=\"333\"><a href=\"https:\/\/drive.google.com\/open?id=1J2uBmc53OmCqizgdYgX_tCCx3WmHD24l\">RICCOBENE, ELISEO<\/a><\/td>\n<\/tr>\n<tr>\n<td width=\"333\"><a href=\"https:\/\/drive.google.com\/open?id=1_aOB6olwzWNtQ1XKHNHSw0zLtqTRxPqH\">R\u00cdOS, LORENA<\/a><\/td>\n<\/tr>\n<tr>\n<td width=\"333\"><a href=\"https:\/\/drive.google.com\/open?id=1HXxAuQ9BJbkx9BoB3kpWk2EPQPGvWxOp\">RUIZ DIENEMANN, FELIPE<\/a><\/td>\n<\/tr>\n<tr>\n<td width=\"333\"><a href=\"https:\/\/drive.google.com\/open?id=15oZwFlTwmIIkCjAnBeKf8S1RqLqWEm2t\">SACCON, ESTEFAN\u00cdA JACQUELINE<\/a><\/td>\n<\/tr>\n<tr>\n<td width=\"333\"><a href=\"https:\/\/drive.google.com\/open?id=10yLKwKXgedmyxlvrMqb_8Boa9iCzVDLu\">SHIMKO, MICAELA<\/a><\/td>\n<\/tr>\n<tr>\n<td width=\"333\"><a href=\"https:\/\/drive.google.com\/open?id=1R60MDbnkexYk110uRbbGnG9VuHKshzpE\">SU\u00c1REZ, MARIKENA DEL FATIMA<\/a><\/td>\n<\/tr>\n<tr>\n<td width=\"333\"><a href=\"https:\/\/drive.google.com\/open?id=12_NyqZUAbgtpKob42irarAdm7x4ZyeIw\">TABIERES, MAR\u00cdA SUSANA<\/a><\/td>\n<\/tr>\n<tr>\n<td width=\"333\"><a href=\"https:\/\/drive.google.com\/open?id=1n3Hoa5vQ831k4opLWh1-InRtvE2wGO1K\">VALLEF\u00cdN, LUCIO A.<\/a><\/td>\n<\/tr>\n<tr>\n<td width=\"333\"><a href=\"https:\/\/drive.google.com\/open?id=1PQmKfyTy6x6iPy6hlujH54E8HJYaRIgN\">VILLALBA, CAROLINA<\/a><\/td>\n<\/tr>\n<\/tbody>\n<\/table>\n<p>En caso de tener algun inconveniente o detectar alg\u00fan error, por favor comunicarse con la organizaci\u00f3n de las Jornadas para solucionarlo.<\/p>\n","protected":false},"excerpt":{"rendered":"<p>Los certificados de las Jornadas han sido confeccionados en formato PDF y contienen una firma digital de un responsable del Comit\u00e9 de Organizaci\u00f3n, en los t\u00e9rminos de la Ley 25.506 de Firma Digital, su par 13.666 de la provincia de Buenos Aires y el art\u00edculo 288 del C\u00f3digo Civil y Comercial de la Naci\u00f3n. Todo [&hellip;]<\/p>\n","protected":false},"author":24,"featured_media":0,"parent":0,"menu_order":0,"comment_status":"closed","ping_status":"closed","template":"","meta":{"advgb_blocks_editor_width":"","advgb_blocks_columns_visual_guide":"","footnotes":""},"class_list":["post-261","page","type-page","status-publish","hentry","post"],"aioseo_notices":[],"coauthors":[],"author_meta":{"author_link":"https:\/\/congresos.unlp.edu.ar\/jnm\/author\/batista-alejandro\/","display_name":"batista.alejandro"},"relative_dates":{"created":"Publicado 6 a\u00f1os hace","modified":"Actualizado 6 a\u00f1os hace"},"absolute_dates":{"created":"Publicado el 3 noviembre, 2019","modified":"Actualizado el 5 noviembre, 2019"},"absolute_dates_time":{"created":"Publicado el 3 noviembre, 2019 11:20","modified":"Actualizado el 5 noviembre, 2019 00:28"},"featured_img_caption":"","featured_img":false,"series_order":"","_links":{"self":[{"href":"https:\/\/congresos.unlp.edu.ar\/jnm\/wp-json\/wp\/v2\/pages\/261","targetHints":{"allow":["GET"]}}],"collection":[{"href":"https:\/\/congresos.unlp.edu.ar\/jnm\/wp-json\/wp\/v2\/pages"}],"about":[{"href":"https:\/\/congresos.unlp.edu.ar\/jnm\/wp-json\/wp\/v2\/types\/page"}],"author":[{"embeddable":true,"href":"https:\/\/congresos.unlp.edu.ar\/jnm\/wp-json\/wp\/v2\/users\/24"}],"replies":[{"embeddable":true,"href":"https:\/\/congresos.unlp.edu.ar\/jnm\/wp-json\/wp\/v2\/comments?post=261"}],"version-history":[{"count":0,"href":"https:\/\/congresos.unlp.edu.ar\/jnm\/wp-json\/wp\/v2\/pages\/261\/revisions"}],"wp:attachment":[{"href":"https:\/\/congresos.unlp.edu.ar\/jnm\/wp-json\/wp\/v2\/media?parent=261"}],"curies":[{"name":"wp","href":"https:\/\/api.w.org\/{rel}","templated":true}]}}