{"id":210,"date":"2019-11-01T14:55:41","date_gmt":"2019-11-01T17:55:41","guid":{"rendered":"http:\/\/congresos.unlp.edu.ar\/jnm\/?page_id=210"},"modified":"2019-11-05T20:47:54","modified_gmt":"2019-11-05T23:47:54","slug":"eje-no-5","status":"publish","type":"page","link":"https:\/\/congresos.unlp.edu.ar\/jnm\/eje-no-5\/","title":{"rendered":"EJE N\u00ba 5 -Ambiente, g\u00e9nero y desarrollo."},"content":{"rendered":"<h4><img loading=\"lazy\" decoding=\"async\" class=\"alignnone size-medium wp-image-45\" src=\"https:\/\/congresos.unlp.edu.ar\/jnm\/wp-content\/uploads\/sites\/12\/2019\/10\/logo-jornadas-300x83.jpg\" alt=\"\" width=\"300\" height=\"83\" srcset=\"https:\/\/congresos.unlp.edu.ar\/jnm\/wp-content\/uploads\/sites\/12\/2019\/10\/logo-jornadas-300x83.jpg 300w, https:\/\/congresos.unlp.edu.ar\/jnm\/wp-content\/uploads\/sites\/12\/2019\/10\/logo-jornadas-768x213.jpg 768w, https:\/\/congresos.unlp.edu.ar\/jnm\/wp-content\/uploads\/sites\/12\/2019\/10\/logo-jornadas-1024x284.jpg 1024w, https:\/\/congresos.unlp.edu.ar\/jnm\/wp-content\/uploads\/sites\/12\/2019\/10\/logo-jornadas.jpg 1527w\" sizes=\"auto, (max-width: 300px) 100vw, 300px\" \/><\/h4>\n<p>A contiuaci\u00f3n ponemos a disposici\u00f3n el listado de Comunicaciones recibidas con su <strong><em>res\u00famen<\/em> <\/strong>y enlaces para descargar el archivo en formato <strong><em>PDF<\/em><\/strong> y tambi\u00e9n, a modo de prueba, en formato <strong><em>ebook<\/em> <\/strong>(se trata de un archivo .EPUB) para su lectura en smartphones y tabletas.<\/p>\n<h4><em><span style=\"color: #339966\"><strong>Desaf\u00edos ambientales: energ\u00edas limpias en el Cono Sur de las Am\u00e9ricas.<\/strong><\/span><\/em><\/h4>\n<p><strong>Tabieres, Mar\u00eda Susana (ICJ-FCJyS-UNLP) y Riccobene, Eliseo (ICJ- FCJyS-UNLP).<\/strong><\/p>\n<h5><b>Resumen:<\/b><\/h5>\n<p>La presente comunicaci\u00f3n tiene como objetivo dar cuenta del trabajo en realizaci\u00f3n dentro de una de las l\u00edneas desarrolladas en el Proyecto de Investigaci\u00f3n <b>J165 \u00abDesarrollo: Ambiente, sustentabilidad y g\u00e9nero\u201d<\/b>, radicado en el Instituto de Cultura Jur\u00eddica de la Facultad de Ciencias Jur\u00eddicas y Sociales de la UNLP; programa de Incentivos a Docentes-Investigadores de las Universidades Nacionales de la Secretar\u00eda de Pol\u00edticas Universitarias. Sus avances, sobre an\u00e1lisis de datos se ver\u00e1n reflejados con posterioridad a partir de la profundizaci\u00f3n en esta tem\u00e1tica que desarrollaremos en futuros estudios, recuperando en esta oportunidad los elementos centrales del marco te\u00f3rico que le dan fundamento, describiendo seguidamente la problem\u00e1tica que se considera y finalmente la metodolog\u00eda a partir de la cual se aborda.<\/p>\n<p>Dentro de este marco, se desarrollar\u00e1 en apretada s\u00edntesis un an\u00e1lisis sobre los efectos del sector energ\u00e9tico de Argentina y Brasil como determinantes del cambio clim\u00e1tico global de las \u00faltimas d\u00e9cadas. Para ello repasaremos el dise\u00f1o de pol\u00edticas p\u00fablicas en materia energ\u00e9tica no contaminante proyectadas para un futuro inmediato en los dos pa\u00edses de mayor desarrollo en la regi\u00f3n en funci\u00f3n de la producci\u00f3n y el consumo responsable en un contexto de crisis econ\u00f3mico-social global.<\/p>\n<p><a href=\"https:\/\/drive.google.com\/open?id=1ko9Ig2KBiuGYRiRAzCgf-DCXcSboxlQB\">Descargar PDF<\/a><\/p>\n<p><a href=\"https:\/\/drive.google.com\/open?id=1lA1UJwPn9qYRljBWLEILWi642ExFce_q\">Descargar Ebook<\/a><\/p>\n<hr \/>\n<h4><em><strong><span style=\"color: #339966\">La cuesti\u00f3n ambiental en la Constituci\u00f3n Nacional Argentina con particular atenci\u00f3n a los principios de desarrollo sostenible y humano.<\/span><\/strong><\/em><\/h4>\n<p><strong>Go\u00f1i, Mar\u00eda Josefina (ICJ -FCJyS- UNLP).<\/strong><\/p>\n<h5><b>Resumen:<\/b><\/h5>\n<p>El modelo de desarrollo imperante en las \u00faltimas d\u00e9cadas produjo dificultades a nivel mundial que acentuaron los desequilibrios entre ricos y pobres,\u00a0 mujeres y Hombres. Asimismo con motivo de la crisis que produjeron las propuestas del mal desarrollo surgieron modelos que plantean un cambio de perspectiva \u00e9tica y el reconocimiento de nuevos valores.<\/p>\n<p>En dicho sentido se aborda el marco competencial que surge de nuestro Estado federal a fin explicar con qu\u00e9 alcance\u00a0 cada orden de gobierno puede decidir sobre sus pol\u00edticas ambientales y de desarrollo humano.<\/p>\n<p>Adem\u00e1s con respecto al problema de la equidad de g\u00e9nero se abordan distintas conferencias mundiales de las que surge que el concepto de desarrollo humano supone la igualdad de g\u00e9nero. Asimismo se aborda la recepci\u00f3n constitucional\u00a0 de la equidad de g\u00e9nero en nuestro pa\u00eds.<\/p>\n<p><a href=\"https:\/\/drive.google.com\/open?id=1Qje4OEkyF_Uyj7ZdXlhJrVvcI0_JO8x2\">Descargar PDF<\/a><\/p>\n<p><a href=\"https:\/\/drive.google.com\/open?id=12bjq5x3y88AlX64uTHoD5qfpmzkMijRY\">Descargar Ebook<\/a><\/p>\n<hr \/>\n<h4><em><strong><span style=\"color: #339966\">Mujeres migrantes. El aspecto invisibilizado del modelo sustentable.<\/span><\/strong><\/em><\/h4>\n<p><strong>Landeyro, Camila Wanda (FCJyS-UNLP) y Iozkin, Luc\u00eda (FCJyS-UNLP).<\/strong><\/p>\n<h5><b>Resumen<\/b><\/h5>\n<p>Se tiene por objetivo intentar demostrar la interrelaci\u00f3n que existe entre la implementaci\u00f3n de un modelo econ\u00f3mico sustentable con el desarrollo de pol\u00edticas migratorias con an\u00e1lisis de genero para promover su inclusi\u00f3n en la estructura social en vista de las dificultades que afrontan los pa\u00edses latinoamericanos por causa de las masivas migraciones que se dan en la actualidad.<\/p>\n<p><a href=\"https:\/\/drive.google.com\/open?id=10QiU1DpW_0V2TDZO6-vwxHPfQMG230nB\">Descargar PDF<\/a><\/p>\n<p><a href=\"https:\/\/drive.google.com\/open?id=1aFIc3uMBdgWedzxYz4uJJaPi5UY7sDl4\">Descargar Ebook<\/a><\/p>\n<hr \/>\n<h4><em><span style=\"color: #339966\"><strong>Derecho real de superficie: \u00bfuna alternativa para el acceso a la tierra en el cintur\u00f3n florifrutihort\u00edcola del Gran La Plata?<\/strong><\/span><\/em><\/h4>\n<p><strong>Andreu, Ricardo C\u00e9sar (ICJ-FCJyS-UNLP); De Luca, Marcela Adriana (ICJ-FCJyS-UNLP) y Ruiz Dienemann, Felipe (ICJ-FCJyS-UNLP).<\/strong><\/p>\n<h5><b>Resumen<\/b>:<\/h5>\n<p>En el presente trabajo presentamos los resultados preliminares de una propuesta de investigaci\u00f3n-acci\u00f3n en relaci\u00f3n a las posibilidades de expansi\u00f3n de la utilizaci\u00f3n del derecho real de superficie en el Cintur\u00f3n Florifrutihort\u00edcola Platense (CFP) como una estrategia que coadyuve a mitigar algunas de las problem\u00e1ticas del sector. Entre ellas la falta de acceso a una vivienda adecuada y la seguridad jur\u00eddica respecto a la tenencia de la tierra que permita el desarrollo de las unidades productivas<\/p>\n<p><a href=\"https:\/\/drive.google.com\/open?id=1qxaDbVeKl0FEmf--GvunZwfT-VEtKY2R\">Descargar PDF<\/a><\/p>\n<p><a href=\"https:\/\/drive.google.com\/open?id=1RYOnsP3XQ6wgTNIYzvxF4eZkmPO14fhx\">Descargar Ebook<\/a><\/p>\n<hr \/>\n<h4><em><span style=\"color: #339966\"><strong>Comercializaci\u00f3n a trav\u00e9s de cooperativas de la producci\u00f3n agroecol\u00f3gica en el cord\u00f3n florifrutihort\u00edcola platense.<\/strong><\/span><\/em><\/h4>\n<p><strong>Moreno, Juan Ignacio (FCJyS-UNLP).<\/strong><\/p>\n<h5><b>Resumen:<\/b><\/h5>\n<p>El presente trabajo tiene como meta analizar medios alternativos de comercializaci\u00f3n de la producci\u00f3n frutihort\u00edcola agroecol\u00f3gica platense en el periodo 2020-2021. Se busca visibilizar las problem\u00e1ticas econ\u00f3micas, sociales y jur\u00eddicas de los agricultores para la distribuci\u00f3n, de dichos alimentos, a mayor escala y en distintos puntos de venta final para los consumidores en miras de un consumo sustentable cr\u00edtico que garantice un derecho humano a la alimentaci\u00f3n. La propuesta, con un rol activo de las cooperativas, consiste en pensar posibilidades para que la producci\u00f3n agroecol\u00f3gica ampl\u00ede canales de comercializaci\u00f3n y proyectar la idea de un mercado de frutas y verduras en la regi\u00f3n.<\/p>\n<p><a href=\"https:\/\/drive.google.com\/open?id=1cno-w1xdWWcOpxOjDv7k3ZcieotAhA_P\">Descargar PDF<\/a><\/p>\n<p><a href=\"https:\/\/drive.google.com\/open?id=1SfKUI8roTtofewECXLVOcqpKLPussYhX\">Descargar Ebook<\/a><\/p>\n<hr \/>\n<h4><em><span style=\"color: #339966\"><strong>El Alto Valle perforado. La experiencia patag\u00f3nica del extractivismo en clave ecofeminista.<\/strong><\/span><\/em><\/h4>\n<p><strong>Quintana Thea, Abril (FCJyS-UNLP).<\/strong><\/p>\n<h5><b>Resumen:<\/b><\/h5>\n<p>En el Alto Valle patag\u00f3nico la utilizaci\u00f3n de m\u00e9todos no convencionales y convencionales de extracci\u00f3n de recursos naturales ha impactado de alarmantes maneras al medioambiente. Sin embargo, las marcas de la experiencia extractivista no se agotan all\u00ed. La zona sufre una crisis frut\u00edcola que el fracking ha acelerado, la emisi\u00f3n de hidrocarburos ha generado diversas patolog\u00edas que afectan a la poblaci\u00f3n regional, existe el riesgo permanente de contaminaci\u00f3n del agua, de sismos, y se ha observado una inflaci\u00f3n econ\u00f3mica descontrolada a la sombra del extractivismo desmedido.<\/p>\n<p><a href=\"https:\/\/drive.google.com\/open?id=1LTwz6CWIraeMMZ22zrq_RvFFHGq-YNzu\">Descargar PDF<\/a><\/p>\n<p><a href=\"https:\/\/drive.google.com\/open?id=18dWQW11ynCCAlJZaFLY_uOg27ZnsYtUv\">Descargar Ebook<\/a><\/p>\n<hr \/>\n<h4><em><span style=\"color: #339966\"><strong>Los cuidados, la doble jornada laboral y la salud mental de las mujeres en el contexto del neoliberalismo tard\u00edo. Aportes desde el buen vivir.<\/strong><\/span><\/em><\/h4>\n<p><strong>Goldenh\u00f6rn, Moira (UNICEN).<\/strong><\/p>\n<h5><b>Resumen:<\/b><\/h5>\n<p>Planteamos el presente trabajo desde la preocupaci\u00f3n creciente por la naturalizaci\u00f3n de algunas pr\u00e1cticas que tienen lugar dentro del esquema de producci\u00f3n del neoliberalismo tard\u00edo ya que las mismas resultan lesivas para la salud mental de las mujeres, presentando el marco te\u00f3rico desde el cual se abordar\u00e1 un trabajo de campo sobre las razones y duraci\u00f3n de licencias por razones psiqui\u00e1tricas en mujeres trabajadoras en el \u00e1mbito de la administraci\u00f3n p\u00fablica.<\/p>\n<p>En particular, aqu\u00ed hacemos foco en mujeres cis heterosexuales, principalmente en aquellas que son madres, porque han sido hist\u00f3ricamente las sujetas oprimidas por el patriarcapitalismo y, pese a algunos avances ideol\u00f3gicos y legales, lo contin\u00faan siendo.<\/p>\n<p>Estas pr\u00e1cticas a las que hacemos referencia son las tareas de cuidado en sentido amplio, que contin\u00faan siendo consideradas como labores esencialmente femeninas y, de este modo, sobrecargan la jornada laboral a trav\u00e9s de la existencia de la \u201cdoble jornada\u201d, que en algunos casos incluso es triple.<\/p>\n<p>As\u00ed las cosas, en un contexto hist\u00f3rico signado por la retirada del Estado de la regulaci\u00f3n de las relaciones del trabajo que sostienen la econom\u00eda en el capitalismo tard\u00edo, los derechos laborales b\u00e1sicos se flexibilizan impactando m\u00e1s gravemente esta desregulaci\u00f3n en mujeres trabajadoras con responsabilidades familiares.<\/p>\n<p>Planteamos como eje de estudio las tareas de cuidados, las que, por ser el centro de la divisi\u00f3n sexual del trabajo constituyen uno de los estereotipos de g\u00e9nero que m\u00e1s violentamente se imponen en el universo simb\u00f3lico de la sociedad. Y desde esa imposici\u00f3n de roles sobre la mujer, se desprenden otras formas de violencia fundada en el g\u00e9nero, con consecuencias en la salud mental de la mujer.<\/p>\n<p>En lo concreto hablamos de violencia en dos \u00e1mbitos: desde el \u00e1mbito p\u00fablico, violencia econ\u00f3mica propiciada por el mismo sistema que, al imponer labores a la mujer en funci\u00f3n de los roles de g\u00e9nero culturalmente asignados, impide en muchos casos el acceso al trabajo remunerado de las mujeres madres aumentando su dependencia y vulnerabilidad; y en el \u00e1mbito hogare\u00f1os, violencia familiar de diversos tipos, pero fundamentalmente psicol\u00f3gica ante el incumplimiento de estos \u201cdeberes\u201d o la disconformidad del var\u00f3n con la forma en que los mismos se realizan, y tambi\u00e9n econ\u00f3mica al prohibirse el uso del dinero que no proviene del trabajo remunerado de la mujer.<\/p>\n<p>Proponemos entonces una visi\u00f3n cr\u00edtica de la cuesti\u00f3n, en clave humanista, entendiendo al feminismo como un humanismo. Abordamos la cuesti\u00f3n desde postulados cr\u00edticos, la filosof\u00eda del buen vivir y los feminismos comunitarios de nuestros pueblos americanos (Byul-Chung Han, Suely Rolnik, Boaventura De Souza Santos, Guadalupe Rivadeneira N\u00fa\u00f1ez, entre otrxs) para poder quitar el velo patriarcal y capitalista que oculta el gran valor humano y econ\u00f3mico de las tareas de cuidados, que son descalificadas y precarizadas por el mismo sistema al que sostienen.<\/p>\n<p><a href=\"https:\/\/drive.google.com\/open?id=1VIO7mqw46RNi03vs5BmYAnQd0XHsWUig\">Descargar PDF<\/a><\/p>\n<p><a href=\"https:\/\/drive.google.com\/open?id=1HdmCj1qifKOKpic9a2FZ8QV3w1RUR4ha\">Descargar Ebook<\/a><\/p>\n<hr \/>\n<h4><em><strong><span style=\"color: #339966\">Ambiente y territorio. Re-construcci\u00f3n epistemol\u00f3gica desde una mirada ecofeminista.<\/span><\/strong><\/em><\/h4>\n<p><strong>Lanfranco V\u00e1zquez, Marina Laura (ICJ-UNLP).<\/strong><\/p>\n<h5><b>Resumen:<br \/>\n<\/b><\/h5>\n<p>Asistimos a un presente donde no parece haber posibilidad de protecci\u00f3n ambiental efectiva, no obstante encontrarnos en la <i>era ecol\u00f3gica<\/i> (Morin y Hulot, 2008) desde hace casi medio siglo.<\/p>\n<p>Existe una enorme elaboraci\u00f3n jur\u00eddica ambiental proveniente de la comunidad internacional y en Argentina, sobre todo desde la reforma de la Constituci\u00f3n Nacional en el a\u00f1o 1994 y la incorporaci\u00f3n del derecho humano al ambiente sano con tal jerarqu\u00eda.<\/p>\n<p>Habitamos una sociedad occidentalizada (Mignolo, 1995),\u00a0 antropocentrica y androc\u00e9ntrica; eurocentrista y patriarcal donde el capitalismo imperante exige una presi\u00f3n sobre los elementos de la naturaleza excesiva, insostenible, devastadora.<\/p>\n<p>El modelo extractivista imperante en Argentina (Svampa y Viale, 2015) reconoce a la normativa protectoria del ambiente, como una traba al desarrollo econ\u00f3mico, generando, a su vez, enormes desigualdades sociales y de g\u00e9nero.<\/p>\n<p>\u00bfQue alternativas ofrecer\u00eda ampliar la mirada sobre estas problem\u00e1ticas desde otras epistemolog\u00edas, desde la pluralidad de saberes, y especialmente desde el ecofeminismo?<\/p>\n<p><b>Palabras clave<\/b>: territorio, ecofeminismo, extractivismo, ambiente<\/p>\n<p><a href=\"https:\/\/drive.google.com\/open?id=15ARrI1cLiJ3HB677xBBSAcjTA5gPJhRq\">Descargar PDF<\/a><\/p>\n<p><a href=\"https:\/\/drive.google.com\/open?id=1najv404GSbNTnpHFpP6bVgapACe-vzJX\">Descargar Ebook<\/a><\/p>\n<hr \/>\n<h4><em><span style=\"color: #339966\">G\u00e9nero, Comercio y el Derecho Laboral: el acceso al trabajo, la econom\u00eda y los recursos.<\/span><\/em><\/h4>\n<p><strong>Binetti, Macarena (FCJyS- UNLP).<\/strong><\/p>\n<h5><strong>Resumen:<\/strong><\/h5>\n<p>Hoy en d\u00eda los temas como el comercio, la econom\u00eda y el mercado se encuentran en auge en las mesas de discusi\u00f3n; pero se advierte diversas problem\u00e1ticas internas dentro de estos t\u00f3pico; una de ellas es la discriminaci\u00f3n por g\u00e9nero, la cual atenta a los derechos laborales de la mujeres y ni\u00f1as.<\/p>\n<p>Si las mujeres fuesen incorporadas como agentes econ\u00f3micos y de producci\u00f3n, el empoderamiento de las mismas en el comercio local e internacional llevar\u00eda a que las econ\u00f3micas internas y externas de cada pa\u00eds crezcan.<\/p>\n<p>\u00bfPero c\u00f3mo es posible lograrlo? La respuesta est\u00e1 en la implementaci\u00f3n de pol\u00edticas en cada pa\u00eds, que fomente el derecho al trabajo igualitario y promuevan m\u00e1s oportunidades laborales para las mujeres.<\/p>\n<p>Abordaremos los t\u00f3picos g\u00e9nero, recursos, ventajas y desventajas del libre comercio y como dichas cuestiones repercute en el trabajo femenino, pero desde dos visiones contradictorias: el librecambismo y una visi\u00f3n m\u00e1s proteccionista.<\/p>\n<p>Analizaremos la tem\u00e1tica desde un visi\u00f3n amplia, internacional, reflejando el labor de los grandes foros de comercio internacional, para luego inducirnos en la regi\u00f3n, refiri\u00e9ndonos al trabajo llevado a cabo en Latinoam\u00e9rica respecto de la problem\u00e1tica de g\u00e9nero y las oportunidades de las mujeres y ni\u00f1as.<\/p>\n<p>&nbsp;<\/p>\n<p><strong><u>Palabras Claves<\/u><\/strong>: g\u00e9nero, comercio, igualdad, desarrollo, empoderamiento, trabajo.<\/p>\n<p><a href=\"https:\/\/drive.google.com\/open?id=1gPrWnbuZpS83JExu6V5KPjiMeXhfwm4T\">Descargar PDF<\/a><\/p>\n<p><a href=\"https:\/\/drive.google.com\/open?id=1Nt5Qb5r0_aI0DVVaYwVR9rmx0wnPVmB2\">Descargar Ebook<\/a><\/p>\n","protected":false},"excerpt":{"rendered":"<p>A contiuaci\u00f3n ponemos a disposici\u00f3n el listado de Comunicaciones recibidas con su res\u00famen y enlaces para descargar el archivo en formato PDF y tambi\u00e9n, a modo de prueba, en formato ebook (se trata de un archivo .EPUB) para su lectura en smartphones y tabletas. Desaf\u00edos ambientales: energ\u00edas limpias en el Cono Sur de las Am\u00e9ricas. [&hellip;]<\/p>\n","protected":false},"author":24,"featured_media":0,"parent":0,"menu_order":0,"comment_status":"closed","ping_status":"closed","template":"","meta":{"advgb_blocks_editor_width":"","advgb_blocks_columns_visual_guide":"","footnotes":""},"class_list":["post-210","page","type-page","status-publish","hentry","post"],"aioseo_notices":[],"coauthors":[],"author_meta":{"author_link":"https:\/\/congresos.unlp.edu.ar\/jnm\/author\/batista-alejandro\/","display_name":"batista.alejandro"},"relative_dates":{"created":"Publicado 6 a\u00f1os hace","modified":"Actualizado 6 a\u00f1os hace"},"absolute_dates":{"created":"Publicado el 1 noviembre, 2019","modified":"Actualizado el 5 noviembre, 2019"},"absolute_dates_time":{"created":"Publicado el 1 noviembre, 2019 14:55","modified":"Actualizado el 5 noviembre, 2019 20:47"},"featured_img_caption":"","featured_img":false,"series_order":"","_links":{"self":[{"href":"https:\/\/congresos.unlp.edu.ar\/jnm\/wp-json\/wp\/v2\/pages\/210","targetHints":{"allow":["GET"]}}],"collection":[{"href":"https:\/\/congresos.unlp.edu.ar\/jnm\/wp-json\/wp\/v2\/pages"}],"about":[{"href":"https:\/\/congresos.unlp.edu.ar\/jnm\/wp-json\/wp\/v2\/types\/page"}],"author":[{"embeddable":true,"href":"https:\/\/congresos.unlp.edu.ar\/jnm\/wp-json\/wp\/v2\/users\/24"}],"replies":[{"embeddable":true,"href":"https:\/\/congresos.unlp.edu.ar\/jnm\/wp-json\/wp\/v2\/comments?post=210"}],"version-history":[{"count":0,"href":"https:\/\/congresos.unlp.edu.ar\/jnm\/wp-json\/wp\/v2\/pages\/210\/revisions"}],"wp:attachment":[{"href":"https:\/\/congresos.unlp.edu.ar\/jnm\/wp-json\/wp\/v2\/media?parent=210"}],"curies":[{"name":"wp","href":"https:\/\/api.w.org\/{rel}","templated":true}]}}