{"id":207,"date":"2019-11-01T14:53:04","date_gmt":"2019-11-01T17:53:04","guid":{"rendered":"http:\/\/congresos.unlp.edu.ar\/jnm\/?page_id=207"},"modified":"2019-11-04T11:12:45","modified_gmt":"2019-11-04T14:12:45","slug":"eje-n-4","status":"publish","type":"page","link":"https:\/\/congresos.unlp.edu.ar\/jnm\/eje-n-4\/","title":{"rendered":"EJE N\u00b0 4 &#8211; Violencias, mujeres, g\u00e9nero y derechos."},"content":{"rendered":"<h4><img loading=\"lazy\" decoding=\"async\" class=\"alignnone size-medium wp-image-45\" src=\"https:\/\/congresos.unlp.edu.ar\/jnm\/wp-content\/uploads\/sites\/12\/2019\/10\/logo-jornadas-300x83.jpg\" alt=\"\" width=\"300\" height=\"83\" srcset=\"https:\/\/congresos.unlp.edu.ar\/jnm\/wp-content\/uploads\/sites\/12\/2019\/10\/logo-jornadas-300x83.jpg 300w, https:\/\/congresos.unlp.edu.ar\/jnm\/wp-content\/uploads\/sites\/12\/2019\/10\/logo-jornadas-768x213.jpg 768w, https:\/\/congresos.unlp.edu.ar\/jnm\/wp-content\/uploads\/sites\/12\/2019\/10\/logo-jornadas-1024x284.jpg 1024w, https:\/\/congresos.unlp.edu.ar\/jnm\/wp-content\/uploads\/sites\/12\/2019\/10\/logo-jornadas.jpg 1527w\" sizes=\"auto, (max-width: 300px) 100vw, 300px\" \/><\/h4>\n<p>A contiuaci\u00f3n ponemos a disposici\u00f3n el listado de Comunicaciones recibidas con su <strong><em>res\u00famen<\/em> <\/strong>y enlaces para descargar el archivo en formato <strong><em>PDF<\/em><\/strong> y tambi\u00e9n, a modo de prueba, en formato <strong><em>ebook<\/em> <\/strong>(se trata de un archivo .EPUB) para su lectura en smartphones y tabletas.<\/p>\n<h4><em><span style=\"color: #339966\"><strong>Nuevas configuraciones. An\u00e1lisis de las pr\u00e1cticas jur\u00eddicas en clave de G\u00e9nero.<\/strong><\/span><\/em><\/h4>\n<p><strong>Gonz\u00e1lez, Manuela (ICJ-FCJyS, UNLP); Barcaglioni, Gabriela (FPyCS, UNLP) y Cisneros, Susana (ICJ-FCJyS, UNLP).<\/strong><\/p>\n<h5><b>Resumen:<\/b><\/h5>\n<p>El objetivo de este trabajo es reflexionar cr\u00edticamente sobre la compleja relaci\u00f3n entre violencia (s), g\u00e9nero y derecho. Partiendo de la persistencia de la violencia (s) en nuestra sociedad y la cada vez mayor crueldad de su expresi\u00f3n, a pesar de la creciente organizaci\u00f3n y participaci\u00f3n del movimiento de mujeres en la redacci\u00f3n de las normativas que, a partir de la reforma constitucional de 1994, se han sancionado y se encuentran vigente.<\/p>\n<p>Para lo cual nos detendremos especialmente en las pr\u00e1cticas jur\u00eddicas como reproductoras de una administraci\u00f3n de justicia desigual hacia las mujeres.<\/p>\n<p><a href=\"https:\/\/drive.google.com\/open?id=1_0aB0VtYuXvPYMMxArtS9qJ4BPAy_pel\">Descargar PDF<\/a><\/p>\n<p><a href=\"https:\/\/drive.google.com\/open?id=1SZCV1ORciFtTAuis3gNdm9gjioqpdzkn\">Descargar Ebook<\/a><\/p>\n<hr \/>\n<h4><em><strong><span style=\"color: #339966\">Garant\u00edas procesales y derechos de la mujer.<\/span><\/strong><\/em><\/h4>\n<p><strong>Cabrera, Romina (UNLP, UBA, UM).<\/strong><\/p>\n<h5><b>Resumen:<\/b><\/h5>\n<p>En una \u00e9poca, donde la violencia contra la mujer est\u00e1 en aumento, y compromete el objetivo com\u00fan de la paz social, es necesario buscar soluciones procesales y de Derechos Humanos, para prevenir estas conductas antijur\u00eddicas, y lograr una verdadera defensa de sus derechos y reivindicaci\u00f3n en la sociedad patriarcal. Un mundo m\u00e1s justo, pacifico, armonioso, logrando la verdadera igualdad, para las futuras generaciones<\/p>\n<p><a href=\"https:\/\/drive.google.com\/open?id=1-tXEPrkQ1ihQzCpYcGTPntYx75GiL31d\">Descargar PDF<\/a><\/p>\n<p><a href=\"https:\/\/drive.google.com\/open?id=11yFsTVIx10aItS_MK5tYxU7ybctsQyTu\">Descargar Ebook<\/a><\/p>\n<hr \/>\n<h4><em><span style=\"color: #339966\"><strong>Violencia de g\u00e9nero. Medidas cautelares y rol del derecho penal.<\/strong><\/span><\/em><\/h4>\n<p><strong>Villalba, Carolina (FCJyS, UNLP).<\/strong><\/p>\n<h5><b>Resumen:<\/b><\/h5>\n<p>Las violaciones a los derechos humanos afectan tanto a los varones como las mujeres, sin embargo, su impacto var\u00eda de acuerdo con el g\u00e9nero de la v\u00edctima. Los estudios sobre la materia permiten afirmar que toda agresi\u00f3n perpetrada contra una mujer tiene alguna caracter\u00edstica que permite identificarla como violencia de g\u00e9nero. Esto significa que est\u00e1 directamente vinculada a la desigual distribuci\u00f3n del poder y a las relaciones asim\u00e9tricas que se establecen entre varones y mujeres en nuestra sociedad, que perpet\u00faan la desvalorizaci\u00f3n de lo femenino y su subordinaci\u00f3n a lo masculino.<\/p>\n<p>Mediante el presente trabajo, intentaremos analizar cr\u00edticamente cu\u00e1les son las medidas judiciales que se toman en denuncias de casos de violencia contra la mujer, en especial, en aquellos producidos dentro del \u00e1mbito dom\u00e9stico (art 6, Ley 26.485); qu\u00e9 eficacia tienen dichas medidas y de qu\u00e9 forma contribuye el derecho penal, de un modo siempre inapropiado, a revertir esta problem\u00e1tica.<\/p>\n<p><a href=\"https:\/\/drive.google.com\/open?id=1oFY4f6sVvab5z7TYC_uSMFl7pLa6zI54\">Descargar PDF<\/a><\/p>\n<p><a href=\"https:\/\/drive.google.com\/open?id=1oToLnRcLSrPz24IwQ38SvWkDx7hi76If\">Descargar Ebook<\/a><\/p>\n<hr \/>\n<h4><em><span style=\"color: #339966\"><strong>Sobre las mujeres como ciudadanas y los derechos sexuales y reproductivos.<\/strong><\/span><\/em><\/h4>\n<p><strong>Gonz\u00e1lez Barreda, Mar\u00eda del Pilar (UNAM).<\/strong><\/p>\n<h5>Resumen:<\/h5>\n<p>Los llamados derechos sexuales y derechos reproductivos de las mujeres encuentran su fundamento jur\u00eddico en el art\u00edculo 4\u00ba de la Constituci\u00f3n Mexicana y a partir de la reforma constitucional en materia de derechos humanos del a\u00f1o 2011, en diversos tratados y precedentes internacionales. En este texto se plantear\u00e1 la relaci\u00f3n de los derechos sexuales y reproductivos y el concepto de ciudadan\u00eda, desde una cr\u00edtica a la reglamentaci\u00f3n del sistema sexo-g\u00e9nero binaria, excluyente y jer\u00e1rquica, la cual vulnera, entre otros, el derecho a la igualdad, el derecho a la libertad, el derecho a la no discriminaci\u00f3n y el derecho a la salud.<\/p>\n<p><a href=\"https:\/\/drive.google.com\/open?id=1J4JYnYzWFKBG7RDTDjfDc9_z_2KaIOJv\">Descargar PDF<\/a><\/p>\n<p><a href=\"https:\/\/drive.google.com\/open?id=1lBy-2Ugrou9ti8ROX0pO8JG1tFIeQYD2\">Descargar Ebook<\/a><\/p>\n<hr \/>\n<h4><em><span style=\"color: #339966\"><strong>La clandestinidad del aborto como violencia estructural, simb\u00f3lica y directa.<\/strong><\/span><\/em><\/h4>\n<p><strong>Ponce, Victoria (U. Granada).<\/strong><\/p>\n<h5>Resumen:<\/h5>\n<p>En este trabajo intentaremos develar los or\u00edgenes de la opresi\u00f3n de la mujer y las condiciones que impidieron el alcance de la ciudadan\u00eda plena. Centraremos el an\u00e1lisis en las diferentes formas organizativas que las mujeres han desarrollado para conquistar los derechos humanos y de ciudadan\u00eda de los que son titulares. Analizaremos, particularmente, la cuesti\u00f3n de la clandestinidad del aborto en la sociedad Argentina, la violencia estructural, cultural y simb\u00f3lica que entra\u00f1a. Por \u00faltimo, caracterizaremos la <i>marea verde<\/i> que durante el a\u00f1o 2018 protagoniz\u00f3 el reclamo por la aprobaci\u00f3n de la Ley de Interrupci\u00f3n Voluntaria del Embarazo (IVE).<\/p>\n<p>&nbsp;<\/p>\n<p>Palabras Clave: genealog\u00edas feministas, aborto, marea verde, Argentina.<\/p>\n<p><a href=\"https:\/\/drive.google.com\/open?id=11S6O_7ZYjtk_-C-eKBwhEOICKKI-8e-B\">Descargar PDF<\/a><\/p>\n<p><a href=\"https:\/\/drive.google.com\/open?id=1PbXibNwtE1OHa6YYCQsoP9xQpxJF-9zZ\">Descargar Ebook<\/a><\/p>\n<hr \/>\n<h4><em><strong><span style=\"color: #339966\">Una mirada etnogr\u00e1fica sobre la construcci\u00f3n de la maternidad en contexto de encierro.<\/span><\/strong><\/em><\/h4>\n<p><strong>R\u00edos, Lorena (MPN).<\/strong><\/p>\n<p>El presente trabajo forma parte de la investigaci\u00f3n realizada en el marco de la Maestr\u00eda de Derechos Humanos de la UNLP, producto de un proceso de indagaci\u00f3n motivado por el prop\u00f3sito de desentra\u00f1ar y comprender los diferentes sentidos dados al \u201cinter\u00e9s superior del ni\u00f1o\/a\u201d en un contexto de encierro como lo es la Unidad penitenciaria 33 de La Plata, el cual llev\u00f3 inevitablemente a analizar los modos de construcci\u00f3n de la maternidad en dicho contexto, ello teniendo en cuenta que, tal como sostiene Villalta (2013), el t\u00e9rmino complementario que corresponde al de hijo es el de padres y fundamentalmente el de madres.<\/p>\n<p>Para ello realic\u00e9 un estudio cualitativo utilizando diversas t\u00e9cnicas metodol\u00f3gicas como observaci\u00f3n participante, entrevistas semiestructuradas y en profundidad, que permitieron acercarme a los diversos procesos de construcci\u00f3n de subjetividades relatados por los\/as protagonistas de las historias que surgieron durante el proceso de investigaci\u00f3n.<\/p>\n<p><a href=\"https:\/\/drive.google.com\/open?id=1a0WbqPm2BBqfHx6BhdNnt0JbUp3_CVYa\">Descargar PDF<\/a><\/p>\n<p><a href=\"https:\/\/drive.google.com\/open?id=1cIPhiGITa49k1XjCylbS5DL695nIrNkP\">Descargar Ebook<\/a><\/p>\n<hr \/>\n<p><em><span style=\"color: #339966\"><strong>Intervenciones psicosociales como practica subjetivante con mujeres y mujeres trans en unidades penales.<\/strong><\/span><\/em><\/p>\n<p><strong>C\u00f3rdoba, Mar\u00eda (FaHCE, UNLP) y Pischel, Gabriela (FaHCE, UNLP).<\/strong><\/p>\n<h5>Resumen:<\/h5>\n<p>El Programa Provincial de Prevenci\u00f3n de Violencia en C\u00e1rceles de la Provincia de Buenos Aires, Res 001\/10, tiene\u00a0 por objetivo implementar alternativas de promoci\u00f3n de los v\u00ednculos saludables de las personas privadas de su libertad, mediante dispositivos grupales\u00a0 llevados adelante por Equipos de Abordaje Psicosocial interdisciplinares. A lo largo de su implementaci\u00f3n se han ido modificando las propuestas de intervenci\u00f3n y los dispositivos de trabajo, as\u00ed como tambi\u00e9n, se han desarrollado, por parte de los propios profesionales,\u00a0 espacios de producci\u00f3n que orientan el contenido de la legislaci\u00f3n y su implementaci\u00f3n desde un enfoque de perspectiva de g\u00e9nero y, m\u00e1s recientemente, de respeto por la diversidad sexual. Esta ponencia recupera la experiencia de intervenci\u00f3n de intervenci\u00f3n en el grupo de mujeres alojadas\u00a0 en la alcaid\u00eda III de Romero, y el grupo con las mujeres trans alojadas en la Unidad 2 de Sierra Chica en el marco de dicho programa.<\/p>\n<p><a href=\"https:\/\/drive.google.com\/open?id=1T38bBdrhmZC_rOjIV0ZJzpxRKL6NjZ0W\">Descargar PDF<\/a><\/p>\n<p><a href=\"https:\/\/drive.google.com\/open?id=1PXejj146WIdNfO76xEd9aTcjDSXaKi6a\">Descargar Ebook<\/a><\/p>\n<hr \/>\n<h4><span style=\"color: #339966\"><strong><em>Acceso a la justicia de las agricultoras familiares v\u00edctimas de violencia de g\u00e9nero.<\/em><\/strong><\/span><\/h4>\n<p><strong>Murga, Carolina (FCJyS, UNLP); Ortolani, Mar\u00eda (FCJyS, UNLP); y Pallares, Rodrigo (FCJyS, UNLP).<\/strong><\/p>\n<h5>Resumen:<\/h5>\n<p>El presente trabajo tiene como finalidad abordar la falta de acceso a la justicia de las agricultoras familiares v\u00edctimas de violencia de g\u00e9nero que residen en el cord\u00f3n hort\u00edcola de La Plata. El objetivo particular es se\u00f1alar las estrategias que se han llevado adelante desde el Centro de Atenci\u00f3n Jur\u00eddica Gratuita para Productores Agropecuarios Familiares, y de los movimientos sociales de agricultura familiar de La Plata; as\u00ed como dar cuenta de c\u00f3mo el sistema patriarcal, capitalista y colonialista las afecta a trav\u00e9s de un an\u00e1lisis interseccional de las mujeres de la agricultura familiar a fin de entender la manera en que conjuntos diferentes de identidades influyen sobre el acceso que se pueda tener a derechos y oportunidades.<\/p>\n<p><a href=\"https:\/\/drive.google.com\/open?id=1iv0ezW-vCk-Tp0kVnb-vRZ84Amng-EFn\">Descargar PDF<\/a><\/p>\n<p><a href=\"https:\/\/drive.google.com\/open?id=16tK9P95OgS2_tsIrQOLDh-j1FUG6fWtE\">Descargar Ebook<\/a><\/p>\n<p>&nbsp;<\/p>\n","protected":false},"excerpt":{"rendered":"<p>A contiuaci\u00f3n ponemos a disposici\u00f3n el listado de Comunicaciones recibidas con su res\u00famen y enlaces para descargar el archivo en formato PDF y tambi\u00e9n, a modo de prueba, en formato ebook (se trata de un archivo .EPUB) para su lectura en smartphones y tabletas. Nuevas configuraciones. An\u00e1lisis de las pr\u00e1cticas jur\u00eddicas en clave de G\u00e9nero. [&hellip;]<\/p>\n","protected":false},"author":24,"featured_media":0,"parent":0,"menu_order":0,"comment_status":"closed","ping_status":"closed","template":"","meta":{"advgb_blocks_editor_width":"","advgb_blocks_columns_visual_guide":"","footnotes":""},"class_list":["post-207","page","type-page","status-publish","hentry","post"],"aioseo_notices":[],"coauthors":[],"author_meta":{"author_link":"https:\/\/congresos.unlp.edu.ar\/jnm\/author\/batista-alejandro\/","display_name":"batista.alejandro"},"relative_dates":{"created":"Publicado 6 a\u00f1os hace","modified":"Actualizado 6 a\u00f1os hace"},"absolute_dates":{"created":"Publicado el 1 noviembre, 2019","modified":"Actualizado el 4 noviembre, 2019"},"absolute_dates_time":{"created":"Publicado el 1 noviembre, 2019 14:53","modified":"Actualizado el 4 noviembre, 2019 11:12"},"featured_img_caption":"","featured_img":false,"series_order":"","_links":{"self":[{"href":"https:\/\/congresos.unlp.edu.ar\/jnm\/wp-json\/wp\/v2\/pages\/207","targetHints":{"allow":["GET"]}}],"collection":[{"href":"https:\/\/congresos.unlp.edu.ar\/jnm\/wp-json\/wp\/v2\/pages"}],"about":[{"href":"https:\/\/congresos.unlp.edu.ar\/jnm\/wp-json\/wp\/v2\/types\/page"}],"author":[{"embeddable":true,"href":"https:\/\/congresos.unlp.edu.ar\/jnm\/wp-json\/wp\/v2\/users\/24"}],"replies":[{"embeddable":true,"href":"https:\/\/congresos.unlp.edu.ar\/jnm\/wp-json\/wp\/v2\/comments?post=207"}],"version-history":[{"count":0,"href":"https:\/\/congresos.unlp.edu.ar\/jnm\/wp-json\/wp\/v2\/pages\/207\/revisions"}],"wp:attachment":[{"href":"https:\/\/congresos.unlp.edu.ar\/jnm\/wp-json\/wp\/v2\/media?parent=207"}],"curies":[{"name":"wp","href":"https:\/\/api.w.org\/{rel}","templated":true}]}}