{"id":203,"date":"2019-11-01T14:12:00","date_gmt":"2019-11-01T17:12:00","guid":{"rendered":"http:\/\/congresos.unlp.edu.ar\/jnm\/?page_id=203"},"modified":"2019-11-03T12:47:27","modified_gmt":"2019-11-03T15:47:27","slug":"eje-n-3","status":"publish","type":"page","link":"https:\/\/congresos.unlp.edu.ar\/jnm\/eje-n-3\/","title":{"rendered":"EJE N\u00b0 3 &#8211; Ley de Salud Mental y su implementaci\u00f3n en la Provincia de Buenos Aires."},"content":{"rendered":"<p><img loading=\"lazy\" decoding=\"async\" class=\"alignnone size-medium wp-image-45\" src=\"https:\/\/congresos.unlp.edu.ar\/jnm\/wp-content\/uploads\/sites\/12\/2019\/10\/logo-jornadas-300x83.jpg\" alt=\"\" width=\"300\" height=\"83\" srcset=\"https:\/\/congresos.unlp.edu.ar\/jnm\/wp-content\/uploads\/sites\/12\/2019\/10\/logo-jornadas-300x83.jpg 300w, https:\/\/congresos.unlp.edu.ar\/jnm\/wp-content\/uploads\/sites\/12\/2019\/10\/logo-jornadas-768x213.jpg 768w, https:\/\/congresos.unlp.edu.ar\/jnm\/wp-content\/uploads\/sites\/12\/2019\/10\/logo-jornadas-1024x284.jpg 1024w, https:\/\/congresos.unlp.edu.ar\/jnm\/wp-content\/uploads\/sites\/12\/2019\/10\/logo-jornadas.jpg 1527w\" sizes=\"auto, (max-width: 300px) 100vw, 300px\" \/><\/p>\n<p>A contiuaci\u00f3n ponemos a disposici\u00f3n el listado de Comunicaciones recibidas con su <strong><em>res\u00famen<\/em> <\/strong>y enlaces para descargar el archivo en formato <strong><em>PDF<\/em><\/strong> y tambi\u00e9n, a modo de prueba, en formato <strong><em>ebook<\/em> <\/strong>(se trata de un archivo .EPUB) para su lectura en smartphones y tabletas.<\/p>\n<table width=\"563\">\n<tbody>\n<tr>\n<td width=\"563\">\n<h4><em><strong><span style=\"color: #339966\">Caracterizaci\u00f3n de la demanda recibida en los centros provinciales de atenci\u00f3n de la Regi\u00f3n Sanitaria IX, Buenos Aires, a partir de la ley de salud mental. A\u00f1o 2017.<\/span><\/strong><\/em><\/h4>\n<\/td>\n<\/tr>\n<tr>\n<td width=\"563\"><strong>Gonz\u00e1lez, Andrea Susana<\/strong> (Observatorio de Salud Mental y adicciones. Direcci\u00f3n Provincial de Salud mental y Adicciones. Subsecretar\u00eda de Determinantes Sociales de la Salud y la enfermedad f\u00edsica, mental y de las adicciones. Ministerio de Salud. Provincia de Buenos Aires); <strong>Batiz, Magal\u00ed<\/strong> (Observatorio de Salud Mental y adicciones. Direcci\u00f3n Provincial de Salud mental y Adicciones. Subsecretar\u00eda de Determinantes Sociales de la Salud y la enfermedad f\u00edsica, mental y de las adicciones. Ministerio de Salud. Provincia de Buenos Aires); y <strong>Mu\u00f1oz, Laura<\/strong> (Observatorio de Salud Mental y adicciones. Direcci\u00f3n Provincial de Salud mental y Adicciones. Subsecretar\u00eda de Determinantes Sociales de la Salud y la enfermedad f\u00edsica, mental y de las adicciones. Ministerio de Salud. Provincia de Buenos Aires).<\/td>\n<\/tr>\n<tr>\n<td width=\"563\">\n<h5><b>Resumen:<\/b><\/h5>\n<p>A partir de la implementaci\u00f3n de la Ley Nacional de Salud Mental (LNSM) 26.654 en la Provincia de Buenos Aires en el 2013, se introdujeron modificaciones en los lineamientos de atenci\u00f3n de los servicios de salud mental y adicciones de la Red de Atenci\u00f3n de Salud Mental que impactaron en las demanda que reciben los Centros Provinciales de Atenci\u00f3n (CPA). Nuestro objetivo fue caracterizar la demanda de atenci\u00f3n recibida en los CPA de la Regi\u00f3n Sanitaria XI de la provincia de BA a partir de Ley Provincial 14.580, que adhiere a la LNSM; y detectar posibles limitaciones de los registros estad\u00edsticos actuales. Se realiz\u00f3 un estudio cuali-cuantitativo de tipo descriptivo que incluy\u00f3 entrevistas, grupos focales, sistematizaci\u00f3n de datos del Observatorio y una ventana epidemiol\u00f3gica a trabajadores\/as de los CPA. Se observa un impacto significativo en el perfil de la demanda atendida, que incluye un incremento de las consultas de mujeres.<\/td>\n<\/tr>\n<tr>\n<td width=\"563\"><a href=\"https:\/\/drive.google.com\/open?id=16szn7koq8fLKTAO6DkuwF46HrC8waAeI\">Descargar PDF<\/a><\/td>\n<\/tr>\n<tr>\n<td width=\"563\"><a href=\"https:\/\/drive.google.com\/open?id=1p-XYUrkHMcTAhfJXPPtKx6rr9Abpse_S\">Descargar Ebook<\/a><\/td>\n<\/tr>\n<tr>\n<td width=\"563\">\n<hr \/>\n<\/td>\n<\/tr>\n<tr>\n<td width=\"563\">\n<h4><em><strong><span style=\"color: #339966\">Escribir las pr\u00e1cticas en salud mental: lo hecho y lo que queda por hacer.<\/span><\/strong><\/em><\/h4>\n<\/td>\n<\/tr>\n<tr>\n<td width=\"563\"><strong>Miranda, Marisa (ICJ-UNLP \/ CONICET); Gonz\u00e1lez, Andrea Susana (ICJ-UNLP) y Bega Mart\u00ednez, Renata (ICJ-UNLP).<\/strong><\/td>\n<\/tr>\n<tr>\n<td width=\"563\">\n<h5><b>Resumen:\u00a0<\/b><\/h5>\n<p>En este trabajo se realiza una indagaci\u00f3n de tipo exploratoria sobre las pr\u00e1cticas en salud mental implementadas en la Provincia de Buenos Aires a partir de la sanci\u00f3n de la Ley Nacional de Salud Mental (n\u00famero 26.657, del a\u00f1o 2010). La pretensi\u00f3n consiste en realizar un acercamiento inicial a la tem\u00e1tica de las pr\u00e1cticas jur\u00eddicas, aspecto que conforma el eje central de nuestras investigaciones en torno al estudio del campo jur\u00eddico, interpelado desde una perspectiva de g\u00e9nero. Para comenzar, son problematizados ciertos conceptos clave, que constituyen una cuesti\u00f3n excedentaria del tema de salud mental, pero, a la vez, de imprescindible tratamiento: la posibilidad\/conveniencia de \u201cescribir las pr\u00e1cticas\u201d (Chartier) y la eventualidad de formular una \u201cteor\u00eda desde la pr\u00e1ctica\u201d (Bourdieu). Desde ah\u00ed, son planteados algunos interrogantes respecto esas pr\u00e1cticas, tomando como caso emblem\u00e1tico al Hospital Alejandro Korn (Melchor Romero) y la situaci\u00f3n de las mujeres padecientes mentales en \u00e9l hospitalizadas.<\/td>\n<\/tr>\n<tr>\n<td width=\"563\"><a href=\"https:\/\/drive.google.com\/open?id=1rr2A8606txZclPe-y--HbIe9yhn_6KN1\">Descargar PDF<\/a><\/td>\n<\/tr>\n<tr>\n<td width=\"563\"><a href=\"https:\/\/drive.google.com\/open?id=169jk2TuBi6PeyHWkBuU9e_eHfM6jOVdE\">Descargar Ebook<\/a><\/td>\n<\/tr>\n<tr>\n<td width=\"563\">\n<hr \/>\n<\/td>\n<\/tr>\n<tr>\n<td width=\"563\">\n<h4><em><strong><span style=\"color: #339966\">Ley de salud mental y su implementaci\u00f3n en el hospital interzonal especializado en agudos y cr\u00f3nicos Dr. Alejandro Korn.<\/span><\/strong><\/em><\/h4>\n<\/td>\n<\/tr>\n<tr>\n<td width=\"563\">\u00a0<strong>Caro Delma, Maricel (\u00c1rea Legal. Hospital. I.E.A. y C. Dr. Alejandro Korn); Dubini, Julieta (\u00c1rea Legal. Hospital. I.E.A. y C. Dr. Alejandro Korn); y Nan, Soledad Celeste (\u00c1rea Legal. Hospital. I.E.A. y C. Dr. Alejandro Korn).<\/strong><\/td>\n<\/tr>\n<tr>\n<td width=\"563\">\n<h5><strong>Resumen:<\/strong><\/h5>\n<p>Quienes realizamos la presente disertaci\u00f3n somos abogadas trabajadoras del Hospital Interzonal Especializado en Agudos y Cr\u00f3nicos Dr. Alejandro Korn, desempe\u00f1\u00e1ndonos en el \u00c1rea Legal de dicha instituci\u00f3n, por lo que el presente trabajo tiene como objetivo aportar una mirada respecto de la Ley 26.657 y el C\u00f3digo Civil y Comercial de la Naci\u00f3n, haciendo hincapi\u00e9 en los logros y dificultades que plantea su implementaci\u00f3n luego de casi 10 a\u00f1os en nuestro establecimiento.<\/td>\n<\/tr>\n<tr>\n<td width=\"563\"><a href=\"https:\/\/drive.google.com\/open?id=1SUaLzR2ZF6sGEcNVEH2wLfTgCcRKDZUY\">Descargar PDF<\/a><\/td>\n<\/tr>\n<tr>\n<td width=\"563\"><a href=\"https:\/\/drive.google.com\/open?id=1UiZTF_Zp6Ce6u-yRr9BAhzWMuQrpk76H\">Descargar Ebook<\/a><\/td>\n<\/tr>\n<tr>\n<td width=\"563\">\n<hr \/>\n<\/td>\n<\/tr>\n<tr>\n<td width=\"563\">\n<h4><em><strong><span style=\"color: #339966\">La extensi\u00f3n universitaria como herramienta para el acceso a la justicia.<\/span><\/strong><\/em><\/h4>\n<\/td>\n<\/tr>\n<tr>\n<td width=\"563\"><strong>Harrington, Melisa (FCJyS UNLP) y Su\u00e1rez, Marikena del Fatima (FCJyS UNLP).<\/strong><\/td>\n<\/tr>\n<tr>\n<td width=\"563\">\n<h5><b>Resumen:<\/b><\/h5>\n<p>En la presente ponencia buscamos contar <i>nuestra experiencia<\/i> como participantes en el Programa de Extensi\u00f3n Universitaria Derecho a la Salud: VIH y Padecimientos Mentales, perteneciente a la Facultad de Ciencias Jur\u00eddicas y Sociales de la Universidad Nacional de La Plata.<\/p>\n<p>El Programa trabaja desde hace diez a\u00f1os en la tem\u00e1tica de salud mental. Nuestro paso por este espacio nos permiti\u00f3 realizar un an\u00e1lisis de las discrepancias entre el marco normativo vigente en nuestro pa\u00eds desde el a\u00f1o 2008 y las posibilidades reales que encuentran hoy las personas con padecimientos mentales en el real y concreto acceso a la justicia.<\/p>\n<p>Nuestro trabajo como extensionistas se enmarca en acortar la brecha entre la realidad y la ficci\u00f3n jur\u00eddica, intentando constituirnos como facilitadores del acceso a la justicia y por ende de la b\u00fasqueda de restituci\u00f3n de derechos de las personas que han sido hist\u00f3ricamente vulneradas.<\/td>\n<\/tr>\n<tr>\n<td width=\"563\"><a href=\"https:\/\/drive.google.com\/open?id=1X4I_78zTSaTW4K-HqwVtBQ4Pi2wpgRpJ\">Descargar PDF<\/a><\/td>\n<\/tr>\n<tr>\n<td width=\"563\"><a href=\"https:\/\/drive.google.com\/open?id=1sKMO-ENRvxyx4V3Pggb5mEcCYQKXD5VC\">Descargar Ebook<\/a><\/td>\n<\/tr>\n<tr>\n<td width=\"563\">\n<hr \/>\n<\/td>\n<\/tr>\n<tr>\n<td width=\"563\">\n<h4><em><strong><span style=\"color: #339966\">Instituciones monovalentes en el campo de la salud mental: Una mirada desde la medicina y el derecho en la implementaci\u00f3n de la Ley Nacional 26.657.<\/span><\/strong><\/em><\/h4>\n<\/td>\n<\/tr>\n<tr>\n<td width=\"563\"><strong>Favot, Mar\u00eda Lourdes (Facultad de Derecho en la Universidad Nacional de C\u00f3rdoba); y Moldes, Mar\u00eda Luz (Facultad de Ciencias M\u00e9dicas en la Universidad Nacional de C\u00f3rdoba).<\/strong><\/td>\n<\/tr>\n<tr>\n<td width=\"563\">\n<h5><strong>Resumen:<\/strong><\/h5>\n<p>En el 2010 se sanciona la Ley Nacional 26.657, que fue la primera en dar un concepto y definir lo que se entiende como \u201cSalud Mental\u201d en nuestro ordenamiento jur\u00eddico. Esta normativa represent\u00f3 un hito en el campo de los derechos, no solo por incorporar l\u00edmites en los campos legales y m\u00e9dicos, si no por redefinir la relaci\u00f3n m\u00e9dico-paciente. Este cambio de paradigma, tomado de convenciones internacionales y l\u00edneas generales de acci\u00f3n de la Organizaci\u00f3n Panamericana de la Salud, fund\u00f3 una nueva din\u00e1mica de interacciones y pr\u00e1cticas que luego se evidenciar\u00edan con la expl\u00edcita lucha de poderes entre diferentes corporaciones farmac\u00e9uticas, asociaciones de psiquiatras y psic\u00f3logos, organizaciones no gubernamentales y actores individuales. El siguiente trabajo exploratorio, se propone analizar estas tensiones procurando propuestas en el campo pr\u00e1ctico de acci\u00f3n y pedag\u00f3gico.<\/td>\n<\/tr>\n<tr>\n<td width=\"563\"><a href=\"https:\/\/drive.google.com\/open?id=1kOifB7u3R8DjibYRiCKxDetK0wNEsGQj\">Descargar PDF<\/a><\/td>\n<\/tr>\n<tr>\n<td width=\"563\"><a href=\"https:\/\/drive.google.com\/open?id=1EyXWL3d9IONzTHsxetSy5pP4yLsD-7nx\">Descargar Ebook<\/a><\/td>\n<\/tr>\n<tr>\n<td width=\"563\">\n<hr \/>\n<\/td>\n<\/tr>\n<tr>\n<td width=\"563\">\n<h4><em><strong><span style=\"color: #339966\">La (in)aplicaci\u00f3n de la ley de salud mental a mujeres atravesadas por el sistema penal.<\/span><\/strong><\/em><\/h4>\n<\/td>\n<\/tr>\n<tr>\n<td width=\"563\"><strong>G\u00f3mez Lozano, Dayana Ayel\u00e9n (FCJS-UNLP) y Saccon, Estefan\u00eda Jacqueline (FCJyS UNLP).<\/strong><\/td>\n<\/tr>\n<tr>\n<td width=\"563\">\n<h5><b>Resumen<\/b><\/h5>\n<p>Por medio del presente trabajo nos proponemos visibilizar los obst\u00e1culos de acceso a justicia de las mujeres con discapacidad psicosocial e intelectual encarceladas en la Unidad N\u00ba 45 de Melchor Romero, desde una perspectiva de g\u00e9nero teniendo presente la interseccionalidad que las atraviesa, la ley de Salud mental, y el paradigma social de las personas con discapacidad.<\/td>\n<\/tr>\n<tr>\n<td width=\"563\"><a href=\"https:\/\/drive.google.com\/open?id=1AuvDiSxApvjvgBzoOTVkoAe5AXaK4mOy\">Descargar PDF<\/a><\/td>\n<\/tr>\n<tr>\n<td width=\"563\"><a href=\"https:\/\/drive.google.com\/open?id=1Qm7REoWsUpz4wVWg5_W4kU6OC9ZsfHX7\">Descargar Ebook<\/a><\/td>\n<\/tr>\n<tr>\n<td width=\"563\">\n<hr \/>\n<\/td>\n<\/tr>\n<tr>\n<td width=\"563\">\n<h4><em><strong><span style=\"color: #339966\">Aproximaci\u00f3n a las violencias contra las mujeres con padecimiento mental en el marco de las leyes 24.685 y 26.657.<\/span><\/strong><\/em><\/h4>\n<\/td>\n<\/tr>\n<tr>\n<td width=\"563\"><strong>D\u00b4Ovidio, Ana Clara (FCJyS UNLP); Karaim, Julieta (FCJyS UNLP); y Mastromatteo, Romina (FCJyS UNLP).<\/strong><\/td>\n<\/tr>\n<tr>\n<td width=\"563\">\n<h5><b>Breve rese\u00f1a:<\/b><\/h5>\n<p>Las violencias que padecen las mujeres en el encierro se materializan de diferentes formas: f\u00edsica, psicol\u00f3gica, sexual, simb\u00f3lica, adquiriendo un impacto especifico debido a carga hist\u00f3rica del g\u00e9nero, y al papel que social e hist\u00f3ricamente se les ha asignado, lo cual conlleva una doble estigmatizaci\u00f3n para ellas: mujer y <i>\u201cloca\u201d<\/i>. Si incorporamos otras variables como la elecci\u00f3n sexual, clase social, edad, etnia, etc., la situaci\u00f3n se complejiza a\u00fan m\u00e1s, pudi\u00e9ndose incrementar la vulnerabilidad a la que se encuentran expuestas.<\/td>\n<\/tr>\n<tr>\n<td width=\"563\"><a href=\"https:\/\/drive.google.com\/open?id=1IQyPgz2uY_pBklhNpAfHhHhCrDm2MYqk\">Descargar PDF<\/a><\/td>\n<\/tr>\n<tr>\n<td width=\"563\"><a href=\"https:\/\/drive.google.com\/open?id=1Tr0CS4dxnFBbYAaQT7LR2cEOfoYx5Md4\">Descargar Ebook<\/a><\/td>\n<\/tr>\n<tr>\n<td width=\"563\">\n<hr \/>\n<\/td>\n<\/tr>\n<tr>\n<td width=\"563\">\n<h4><em><strong><span style=\"color: #339966\">Salud mental en las mujeres en contextos de conflicto armado: m\u00e1s all\u00e1 de un abordaje cl\u00ednico.<\/span><\/strong><\/em><\/h4>\n<\/td>\n<\/tr>\n<tr>\n<td width=\"563\"><strong>Garc\u00eda Osorio, Andrea (FCJyS UNLP).<\/strong><\/td>\n<\/tr>\n<tr>\n<td width=\"563\"><\/td>\n<\/tr>\n<tr>\n<td width=\"563\">Descargar PDF<\/td>\n<\/tr>\n<tr>\n<td width=\"563\">Descargar Ebook<\/td>\n<\/tr>\n<tr>\n<td width=\"563\">\n<hr \/>\n<\/td>\n<\/tr>\n<tr>\n<td width=\"563\">\n<h4><em><strong><span style=\"color: #339966\">Abordajes de la salud mental pensando la identidad de g\u00e9nero en la infancia. Propuestas de an\u00e1lisis a partir de un caso.<\/span><\/strong><\/em><\/h4>\n<\/td>\n<\/tr>\n<tr>\n<td width=\"563\"><strong>Andriola, Karina A. (ICJ-FCJyS, UNLP. Red de Profesora de la FCJyS\u00a0 de la UNLP).<\/strong><\/td>\n<\/tr>\n<tr>\n<td width=\"563\"><\/td>\n<\/tr>\n<tr>\n<td width=\"563\">Descargar PDF<\/td>\n<\/tr>\n<tr>\n<td width=\"563\">Descargar Ebook<\/p>\n<hr \/>\n<\/td>\n<\/tr>\n<tr>\n<td width=\"563\">\n<h4><em><strong><span style=\"color: #339966\">El Acceso a la Justicia como Derecho Humano.<\/span><\/strong><\/em><\/h4>\n<\/td>\n<\/tr>\n<tr>\n<td width=\"563\"><strong>ROSARIO M. SANCHEZ. .- CENTRO DE PREVENCION Y GESTION DE CONFLICTOS JURIDICO-SOCIALES, dependiente de la SECRETARIA DE EXTENSION DE LA FACULTAD DE CIENCIAS JURIDICAS Y SOCIALES DE LA PLATA.-<\/strong><\/td>\n<\/tr>\n<tr>\n<td width=\"563\">El presente trabajo propone los siguientes objetivos:<\/p>\n<p>-Se\u00f1alar que el concepto de acceso a la justicia debe entenderse en sentido amplio.<\/p>\n<p>-Que su\u00a0 abordaje debe ser hol\u00edstico.-<\/p>\n<p>-Que deben implementarse amplios mecanismos de acceso a derechos.<\/p>\n<p>-Que el acceso a derechos es un derecho humano que se debe garantizar desde edad temprana, mediante mecanismos de concientizaci\u00f3n e informaci\u00f3n.<\/td>\n<\/tr>\n<tr>\n<td width=\"563\"><a href=\"https:\/\/drive.google.com\/open?id=19HTbqvcoWk9nbEFzKUAkbkFw9wYic-FC\">Descargar PDF<\/a><\/td>\n<\/tr>\n<tr>\n<td width=\"563\"><a href=\"https:\/\/drive.google.com\/open?id=1UBj7vfaf0jpgqYA7qaOQ2rblxBchORNF\">Descargar Ebook<\/a><\/td>\n<\/tr>\n<\/tbody>\n<\/table>\n","protected":false},"excerpt":{"rendered":"<p>A contiuaci\u00f3n ponemos a disposici\u00f3n el listado de Comunicaciones recibidas con su res\u00famen y enlaces para descargar el archivo en formato PDF y tambi\u00e9n, a modo de prueba, en formato ebook (se trata de un archivo .EPUB) para su lectura en smartphones y tabletas. Caracterizaci\u00f3n de la demanda recibida en los centros provinciales de atenci\u00f3n [&hellip;]<\/p>\n","protected":false},"author":24,"featured_media":0,"parent":0,"menu_order":0,"comment_status":"closed","ping_status":"closed","template":"","meta":{"advgb_blocks_editor_width":"","advgb_blocks_columns_visual_guide":"","footnotes":""},"class_list":["post-203","page","type-page","status-publish","hentry","post"],"aioseo_notices":[],"coauthors":[],"author_meta":{"author_link":"https:\/\/congresos.unlp.edu.ar\/jnm\/author\/batista-alejandro\/","display_name":"batista.alejandro"},"relative_dates":{"created":"Publicado 6 a\u00f1os hace","modified":"Actualizado 6 a\u00f1os hace"},"absolute_dates":{"created":"Publicado el 1 noviembre, 2019","modified":"Actualizado el 3 noviembre, 2019"},"absolute_dates_time":{"created":"Publicado el 1 noviembre, 2019 14:12","modified":"Actualizado el 3 noviembre, 2019 12:47"},"featured_img_caption":"","featured_img":false,"series_order":"","_links":{"self":[{"href":"https:\/\/congresos.unlp.edu.ar\/jnm\/wp-json\/wp\/v2\/pages\/203","targetHints":{"allow":["GET"]}}],"collection":[{"href":"https:\/\/congresos.unlp.edu.ar\/jnm\/wp-json\/wp\/v2\/pages"}],"about":[{"href":"https:\/\/congresos.unlp.edu.ar\/jnm\/wp-json\/wp\/v2\/types\/page"}],"author":[{"embeddable":true,"href":"https:\/\/congresos.unlp.edu.ar\/jnm\/wp-json\/wp\/v2\/users\/24"}],"replies":[{"embeddable":true,"href":"https:\/\/congresos.unlp.edu.ar\/jnm\/wp-json\/wp\/v2\/comments?post=203"}],"version-history":[{"count":0,"href":"https:\/\/congresos.unlp.edu.ar\/jnm\/wp-json\/wp\/v2\/pages\/203\/revisions"}],"wp:attachment":[{"href":"https:\/\/congresos.unlp.edu.ar\/jnm\/wp-json\/wp\/v2\/media?parent=203"}],"curies":[{"name":"wp","href":"https:\/\/api.w.org\/{rel}","templated":true}]}}