{"id":183,"date":"2019-11-01T11:23:02","date_gmt":"2019-11-01T14:23:02","guid":{"rendered":"http:\/\/congresos.unlp.edu.ar\/jnm\/?page_id=183"},"modified":"2019-11-03T12:47:10","modified_gmt":"2019-11-03T15:47:10","slug":"eje-n-2","status":"publish","type":"page","link":"https:\/\/congresos.unlp.edu.ar\/jnm\/eje-n-2\/","title":{"rendered":"EJE N\u00b0 2 &#8211; Acceso a la justicia."},"content":{"rendered":"<p><!--td {border: 1px solid #ccc;}br {mso-data-placement:same-cell;}--><\/p>\n<p><img loading=\"lazy\" decoding=\"async\" class=\"alignnone size-medium wp-image-45\" src=\"https:\/\/congresos.unlp.edu.ar\/jnm\/wp-content\/uploads\/sites\/12\/2019\/10\/logo-jornadas-300x83.jpg\" alt=\"\" width=\"300\" height=\"83\" srcset=\"https:\/\/congresos.unlp.edu.ar\/jnm\/wp-content\/uploads\/sites\/12\/2019\/10\/logo-jornadas-300x83.jpg 300w, https:\/\/congresos.unlp.edu.ar\/jnm\/wp-content\/uploads\/sites\/12\/2019\/10\/logo-jornadas-768x213.jpg 768w, https:\/\/congresos.unlp.edu.ar\/jnm\/wp-content\/uploads\/sites\/12\/2019\/10\/logo-jornadas-1024x284.jpg 1024w, https:\/\/congresos.unlp.edu.ar\/jnm\/wp-content\/uploads\/sites\/12\/2019\/10\/logo-jornadas.jpg 1527w\" sizes=\"auto, (max-width: 300px) 100vw, 300px\" \/><\/p>\n<p>A contiuaci\u00f3n ponemos a disposici\u00f3n el listado de Comunicaciones recibidas con su <strong><em>res\u00famen<\/em> <\/strong>y enlaces para descargar el archivo en formato <strong><em>PDF<\/em><\/strong> y tambi\u00e9n, a modo de prueba, en formato <strong><em>ebook<\/em> <\/strong>(se trata de un archivo .EPUB) para su lectura en smartphones y tabletas.<\/p>\n<table dir=\"ltr\" style=\"height: 1862px\" border=\"1\" width=\"634\" cellspacing=\"0\" cellpadding=\"0\">\n<colgroup>\n<col width=\"381\" \/><\/colgroup>\n<tbody>\n<tr>\n<td data-sheets-value=\"{&quot;1&quot;:2,&quot;2&quot;:&quot;\u00bfTienen algo que decir las mujeres v\u00edctimas respecto al juicio por jurados en la provincia de Buenos Aires?&quot;}\">\n<h4><em><strong><span style=\"color: #339966\">\u00bfTienen algo que decir las mujeres v\u00edctimas respecto al juicio por jurados en la provincia de Buenos Aires?<\/span><\/strong><\/em><\/h4>\n<\/td>\n<\/tr>\n<tr>\n<td data-sheets-value=\"{&quot;1&quot;:2,&quot;2&quot;:&quot;Margaretic, Laura (UBA).&quot;}\"><strong>Margaretic, Laura (UBA).<\/strong><\/td>\n<\/tr>\n<tr>\n<td data-sheets-value=\"{&quot;1&quot;:2,&quot;2&quot;:&quot;\u201cLa sigilosa elocuencia de los expedientes judiciales\u201d propone explorar el valor y los l\u00edmites de los expedientes judiciales confeccionados a partir de casos de violencia de g\u00e9nero. Destaca la importancia del an\u00e1lisis de la casu\u00edstica para enfrentar la complejidad de la violencia derivada de la multiplicidad de actuaciones, fueros, poderes y actores. Propone el an\u00e1lisis de conjuntos de expedientes de distinta procedencia a partir de un mismo conflicto para obtener una mirada multidimensional y multifac\u00e9tica del mismo.\\nExplora los expedientes como vestigios de las pr\u00e1cticas judiciales, y las formas en que se conviertan en testigos mudos de quienes intervienen en ellos con sus actos, sus modos de enfrentar y prever los conflictos.\\nA partir de dos relatos fundados en estas colecciones explora violaciones y muertes \u201canunciadas\u201d formula preguntas como caminos para la exploraci\u00f3n de la casu\u00edstica y las posibilidades y l\u00edmites de los modos de actuar e investigar estos problemas, capaces de instalar invisibles barreras para acceder a la justicia.\\n&quot;}\">\n<h5>Resumen:<\/h5>\n<p>En la presente investigaci\u00f3n me propongo analizar el instituto del Juicio por Jurados a la luz de los resultados que est\u00e1 arrojando su implementaci\u00f3n en la Provincia de Buenos Aires, focaliz\u00e1ndome, en especial, en el modo en que son juzgados determinados delitos en particular, que afectan a las mujeres v\u00edctimas de diversos tipos de violencia. Intentar\u00e9 demostrar que los fallos de los Jurados populares reproducen en muchos casos estereotipos y prejuicios sexistas, por lo que en aras de lograr una protecci\u00f3n integral de la v\u00edctima, evitando cualquier tipo de victimizaci\u00f3n secundaria y\/o violencia institucional, conforme compromisos internacionales asumidos por el Estado Nacional, ser\u00eda recomendable recortar los supuestos de aplicaci\u00f3n de este modo de juzgamiento a aquellos casos en que resulten v\u00edctimas mujeres de cualquier tipo de violencia grave.<\/td>\n<\/tr>\n<tr>\n<td data-sheets-value=\"{&quot;1&quot;:2,&quot;2&quot;:&quot;Descargar PDF&quot;}\"><a href=\"https:\/\/drive.google.com\/open?id=1IsuSYCz5VLDbQO1DTHaOetmy6TyC4Ehp\">Descargar PDF<\/a><\/td>\n<\/tr>\n<tr>\n<td data-sheets-value=\"{&quot;1&quot;:2,&quot;2&quot;:&quot;Descargar Ebook&quot;}\"><a href=\"https:\/\/drive.google.com\/open?id=1yf9Eh2VvdA0Y1dPN2tQxUE-aaErHb9FQ\">Descargar Ebook<\/a><\/td>\n<\/tr>\n<tr>\n<td>\n<hr \/>\n<\/td>\n<\/tr>\n<tr>\n<td>\n<h4><span style=\"color: #339966\"><strong><b><em>Digitalizaci\u00f3n en el Poder Judicial y el Acceso a la Justicia en los procesos de violencia.<\/em><br \/>\n<\/b><\/strong><\/span><\/h4>\n<\/td>\n<\/tr>\n<tr>\n<td data-sheets-value=\"{&quot;1&quot;:2,&quot;2&quot;:&quot;Flammini, Marina Lara (UNLP) y Gatti, Luciana (UNLP).&quot;}\"><strong>Flammini, Marina Lara (UNLP) y Gatti, Luciana (UNLP).<\/strong><\/td>\n<\/tr>\n<tr>\n<td>\n<h5><b>Resumen:<\/b><\/h5>\n<p>Es esta comunicaci\u00f3n presentaremos algunos aspectos relacionados al acceso a la Justicia en el marco de los procesos de protecci\u00f3n contra la violencia familiar (PVF) y la violencia de g\u00e9nero. Ello en el contexto de desarrollo tecnol\u00f3gico se viene llev\u00e1ndo adelante por la administraci\u00f3n de Justicia de la Provincia de Buenos Aires, en l\u00ednea a lo que identificamos como \u201cdigitalizaci\u00f3n del Poder Judicial\u201d. El presente aporte es un avance en el marco del trabajo de investigaci\u00f3n que el GECSI lleva adelante sobre el proceso de incorporaci\u00f3n de tecnolog\u00eda en las actividades y tramitaci\u00f3n de causas judiciales.<\/p>\n<p>La propuesta inicial implica analizar aspectos de la perspectiva del PVF, en particular desde las leyes 12.569 y 26.485, en clave de contextualizarla con los cambios tecno-sociales que implican las nuevas practicas que la tecnolog\u00edas de la Informaci\u00f3n y Comunicaci\u00f3n (TIC) en las instituciones jur\u00eddicas. En esta l\u00ednea, desde un estudio de corte exploratorio-descriptivo,\u00a0 esta comunicaci\u00f3n tiene por objetivo presentar aspectos, tanto de la potencialidad como de los riesgos y tensiones que implica este cambio.<\/td>\n<\/tr>\n<tr>\n<td data-sheets-value=\"{&quot;1&quot;:2,&quot;2&quot;:&quot;Descargar PDF&quot;}\"><a href=\"https:\/\/drive.google.com\/open?id=1dI2UDxTcBOBuvtUf-AXYJj_jtnBCCBS2\">Descargar PDF<\/a><\/td>\n<\/tr>\n<tr>\n<td data-sheets-value=\"{&quot;1&quot;:2,&quot;2&quot;:&quot;Descargar Ebook&quot;}\"><a href=\"https:\/\/drive.google.com\/open?id=1afn4_albmlM-hjdt2ENAWC4Cuane5jUr\">Descargar Ebook<\/a><\/td>\n<\/tr>\n<tr>\n<td>\n<hr \/>\n<\/td>\n<\/tr>\n<tr>\n<td data-sheets-value=\"{&quot;1&quot;:2,&quot;2&quot;:&quot;Acuerdo o desacuerdo con las sentencias de la Corte Suprema de Justicia de la Naci\u00f3n.&quot;}\">\n<h4><em><span style=\"color: #339966\"><strong>Acuerdo o desacuerdo con las sentencias de la Corte Suprema de Justicia de la Naci\u00f3n.<\/strong><\/span><\/em><\/h4>\n<\/td>\n<\/tr>\n<tr>\n<td data-sheets-value=\"{&quot;1&quot;:2,&quot;2&quot;:&quot;Forastieri, Mar\u00eda Josefina (UNLP); N\u00fa\u00f1ez, Juan Manuel (UNLP) y Perotti, Maria Paula (UNLP).&quot;}\"><strong>Forastieri, Mar\u00eda Josefina (UNLP); N\u00fa\u00f1ez, Juan Manuel (UNLP) y Perotti, Maria Paula (UNLP).<\/strong><\/td>\n<\/tr>\n<tr>\n<td><\/td>\n<\/tr>\n<tr>\n<td data-sheets-value=\"{&quot;1&quot;:2,&quot;2&quot;:&quot;Descargar PDF&quot;}\"><a href=\"https:\/\/drive.google.com\/open?id=1-fNSC1jhTII73KDASrkemgQwtH6Rcnf0\">Descargar PDF<\/a><\/td>\n<\/tr>\n<tr>\n<td data-sheets-value=\"{&quot;1&quot;:2,&quot;2&quot;:&quot;Descargar Ebook&quot;}\"><a href=\"https:\/\/drive.google.com\/open?id=1m3StyoLDcZ46YVwNzP8VRAxXovNvcVmf\">Descargar Ebook<\/a><\/td>\n<\/tr>\n<tr>\n<td>\n<hr \/>\n<\/td>\n<\/tr>\n<tr>\n<td data-sheets-value=\"{&quot;1&quot;:2,&quot;2&quot;:&quot;El sistema de protecci\u00f3n integral y las barreras en el acceso a la justicia que enfrentan los ni\u00f1os, ni\u00f1as y adolescentes en la Argentina.&quot;}\">\n<h4><em><span style=\"color: #339966\"><strong>El sistema de protecci\u00f3n integral y las barreras en el acceso a la justicia que enfrentan los ni\u00f1os, ni\u00f1as y adolescentes en la Argentina.<\/strong><\/span><\/em><\/h4>\n<\/td>\n<\/tr>\n<tr>\n<td data-sheets-value=\"{&quot;1&quot;:2,&quot;2&quot;:&quot;Echegoyemberry, Natalia (UBA) y Flaherty, Martina (UNLP). &quot;}\"><strong>Echegoyemberry, Natalia (UBA) y Flaherty, Martina (UNLP).<\/strong><\/td>\n<\/tr>\n<tr>\n<td>\n<h5><strong>Resumen:<\/strong><\/h5>\n<p>La Ley 26.061 enumera los derechos reconocidos en la infancia y adolescencia, receptando los elementos de la Convenci\u00f3n de los Derechos de los ni\u00f1os, ni\u00f1as y adolescentes, a la vez que crea instituciones y organismos para efectivizar estos derechos. En la actualidad, casi todas las provincias de Argentina han sancionado leyes en materia de protecci\u00f3n de las y los NNYA con diferente alcance y grado de implementaci\u00f3n. A\u00fan se verifican d\u00e9ficit en el acceso a la justicia por la presencia de diferentes barreras, que impiden el ejercicio efectivo de derechos a esta poblaci\u00f3n. Estos factores interact\u00faan y agravan la situaci\u00f3n de las y los NNYA cuando acuden a la justicia en las distintas etapas de un proceso judicial, o administrativo.<\/p>\n<p>Por ello, el objetivo de este estudio de caso fue analizar la situaci\u00f3n de acceso a la justicia de las y los ni\u00f1os, ni\u00f1as y adolescentes, el grado de implementaci\u00f3n de la Ley 26.061 de Protecci\u00f3n Integral e identificar las principales barreras en el acceso a la justicia desde la perspectiva de profesionales y especialistas que trabajan en organizaciones de la sociedad civil en Argentina.<\/p>\n<p><b>Palabras clave: <\/b>Acceso a la Justicia, Sistema de Protecci\u00f3n integral, Derechos Humanos<\/td>\n<\/tr>\n<tr>\n<td data-sheets-value=\"{&quot;1&quot;:2,&quot;2&quot;:&quot;Descargar PDF&quot;}\"><a href=\"https:\/\/drive.google.com\/open?id=1fhTBj22PIJAA3C8bmqsP0qyKnTMBPcpT\">Descargar PDF<\/a><\/td>\n<\/tr>\n<tr>\n<td data-sheets-value=\"{&quot;1&quot;:2,&quot;2&quot;:&quot;Descargar Ebook&quot;}\"><a href=\"https:\/\/drive.google.com\/open?id=1UPV-iKOaC3X49gS45SBtMmUCDRsL3tPG\">Descargar Ebook<\/a><\/td>\n<\/tr>\n<tr>\n<td>\n<hr \/>\n<\/td>\n<\/tr>\n<tr>\n<td data-sheets-value=\"{&quot;1&quot;:2,&quot;2&quot;:&quot;G\u00e9nero y acceso a la justicia. La sigilosa elocuencia de los expedientes judiciales.&quot;}\">\n<h4><em><strong><span style=\"color: #339966\">G\u00e9nero y acceso a la justicia. La sigilosa elocuencia de los expedientes judiciales.<\/span><\/strong><\/em><\/h4>\n<\/td>\n<\/tr>\n<tr>\n<td data-sheets-value=\"{&quot;1&quot;:2,&quot;2&quot;:&quot;Domenech, Ernesto E. (UNLP).&quot;}\"><strong>Domenech, Ernesto E. (UNLP).<\/strong><\/td>\n<\/tr>\n<tr>\n<td>\n<h5><strong>Resumen:<\/strong><\/h5>\n<p>\u201cLa sigilosa elocuencia de los expedientes judiciales\u201d\u00a0 propone explorar el valor y los l\u00edmites de los expedientes judiciales confeccionados a partir de casos de violencia de g\u00e9nero. Destaca la importancia del an\u00e1lisis de la casu\u00edstica para enfrentar la complejidad de la violencia derivada de la multiplicidad de actuaciones, fueros, poderes y actores.\u00a0 Propone el an\u00e1lisis de conjuntos de expedientes de distinta procedencia a partir de un mismo conflicto para obtener una mirada multidimensional y multifac\u00e9tica del mismo.<\/p>\n<p>Explora los expedientes como vestigios de las pr\u00e1cticas judiciales, y las formas en que se conviertan en testigos mudos de quienes intervienen en ellos con sus actos, sus modos de enfrentar y prever los conflictos.<\/p>\n<p>A partir de dos relatos fundados en estas colecciones\u00a0 explora violaciones y muertes \u201canunciadas\u201d formula preguntas como caminos para la exploraci\u00f3n de la casu\u00edstica y las posibilidades y l\u00edmites de los modos de actuar e investigar estos problemas, capaces de instalar invisibles barreras para acceder a la justicia.<\/td>\n<\/tr>\n<tr>\n<td data-sheets-value=\"{&quot;1&quot;:2,&quot;2&quot;:&quot;Descargar PDF&quot;}\"><a href=\"https:\/\/drive.google.com\/open?id=1701RBGMZ_VomdaYw_tK5AHWpeL2X2r2H\">Descargar PDF<\/a><\/td>\n<\/tr>\n<tr>\n<td data-sheets-value=\"{&quot;1&quot;:2,&quot;2&quot;:&quot;Descargar Ebook&quot;}\"><a href=\"https:\/\/drive.google.com\/open?id=181DLdZNjL3lr1US_dRTxrLwJLTjMJ3Od\">Descargar Ebook<\/a><\/td>\n<\/tr>\n<tr>\n<td>\n<hr \/>\n<\/td>\n<\/tr>\n<tr>\n<td><\/td>\n<\/tr>\n<tr>\n<td data-sheets-value=\"{&quot;1&quot;:2,&quot;2&quot;:&quot;De los estereotipos a la descripci\u00f3n densa y la incompletitud.&quot;}\">\n<h4><em><strong><span style=\"color: #339966\">De los estereotipos a la descripci\u00f3n densa y la incompletitud.<\/span><\/strong><\/em><\/h4>\n<\/td>\n<\/tr>\n<tr>\n<td data-sheets-value=\"{&quot;1&quot;:2,&quot;2&quot;:&quot;Cardinaux, Nancy (UNLP-CONICET).&quot;}\"><strong>Cardinaux, Nancy (UNLP-CONICET).<\/strong><\/td>\n<\/tr>\n<tr>\n<td>\n<h5><strong>Resumen:<\/strong><\/h5>\n<p>Ante el avance los estereotipos, reforzados por los algoritmos que permiten construir datos acerca de personas y colectivos, en este trabajo se proponen algunas alternativas para tratar de desmontar esos estereotipos que operan sobre las decisiones del campo jur\u00eddico. Particularmente, se emplean dos v\u00edas de deconstrucci\u00f3n: la descripci\u00f3n densa y la conciencia de incompletitud de la cultura propia.<\/td>\n<\/tr>\n<tr>\n<td data-sheets-value=\"{&quot;1&quot;:2,&quot;2&quot;:&quot;Descargar PDF&quot;}\"><a href=\"https:\/\/drive.google.com\/open?id=1ghx73FmDiLEXxqs3yj6aduuZkR_tMZVs\">Descargar PDF<\/a><\/td>\n<\/tr>\n<tr>\n<td data-sheets-value=\"{&quot;1&quot;:2,&quot;2&quot;:&quot;Descargar Ebook&quot;}\"><a href=\"https:\/\/drive.google.com\/open?id=1muPT7DzYqx2x8YI2k-7qi0CDfbIbJn9y\">Descargar Ebook<\/a><\/td>\n<\/tr>\n<tr>\n<td><\/td>\n<\/tr>\n<tr>\n<td>\n<hr \/>\n<\/td>\n<\/tr>\n<tr>\n<td data-sheets-value=\"{&quot;1&quot;:2,&quot;2&quot;:&quot;\u00bfConf\u00edan les abogades en la administraci\u00f3n de justicia de La Plata?&quot;}\">\n<h4><strong><span style=\"color: #339966\">\u00bfConf\u00edan les abogades en la administraci\u00f3n de justicia de La Plata?<\/span><\/strong><\/h4>\n<\/td>\n<\/tr>\n<tr>\n<td data-sheets-value=\"{&quot;1&quot;:2,&quot;2&quot;:&quot;Actis, Cecilia (UNLP); Berisso, In\u00e9s (UNLP) y Shimko, Micaela (UNLP).&quot;}\"><strong>Actis, Cecilia (UNLP); Berisso, In\u00e9s (UNLP) y Shimko, Micaela (UNLP).<\/strong><\/td>\n<\/tr>\n<tr>\n<td>\n<h5><strong>Resumen:<\/strong><\/h5>\n<p>Esta comunicaci\u00f3n expresa\u00a0 los resultados de una investigaci\u00f3n socio-jur\u00eddica, que en tiempos muy convulsionados,\u00a0 registra las respuestas de 634 abogados y abogadas, sobre las opiniones que tienen de la administraci\u00f3n de justicia y especialmente si conf\u00edan o no en ella,\u00a0 en los jueces y juezas y en las sentencias que se producen en los fueros civil-comercial, penal, laboral, penal juvenil y administrativo del Departamento Judicial La Plata.<\/p>\n<p>Tiene su origen\u00a0 en un equipo interdisciplinario de la Facultad de Ciencias Jur\u00eddicas y Sociales que viene trabajando hace varios a\u00f1os en los problemas jur\u00eddicos y sociales que inciden en el ejercicio de la profesi\u00f3n y en la administraci\u00f3n de justicia, ellos son: las <b>directoras del proyecto<\/b>: Carola Bianco; <b>\u00a0<\/b>Olga L. Salanueva; <b>Integrantes<\/b>: Cecilia Actis; In\u00e9s Berisso; Josefina Forastieri; Enrique Juli\u00e1n Mallo; Juan Manuel Nu\u00f1ez; M\u00e1ximo Nu\u00f1ez; Jos\u00e9 Orler; \u00a0 Mar\u00eda Paula Perotti; y Micaela Shimko. El proyecto de investigaci\u00f3n fue acreditado por la Universidad Nacional de La Plata y la Universidad Nacional de Rosario.<\/td>\n<\/tr>\n<tr>\n<td data-sheets-value=\"{&quot;1&quot;:2,&quot;2&quot;:&quot;Descargar PDF&quot;}\"><a href=\"https:\/\/drive.google.com\/open?id=154cLGATxjOUEom1hJd-4NfJFpf0bZvGz\">Descargar PDF<\/a><\/td>\n<\/tr>\n<tr>\n<td data-sheets-value=\"{&quot;1&quot;:2,&quot;2&quot;:&quot;Descargar Ebook&quot;}\"><a href=\"https:\/\/drive.google.com\/open?id=1tIyGYavjtLn_V9_t1m--5UYDtH-MPMVn\">Descargar Ebook<\/a><\/td>\n<\/tr>\n<\/tbody>\n<\/table>\n","protected":false},"excerpt":{"rendered":"<p>A contiuaci\u00f3n ponemos a disposici\u00f3n el listado de Comunicaciones recibidas con su res\u00famen y enlaces para descargar el archivo en formato PDF y tambi\u00e9n, a modo de prueba, en formato ebook (se trata de un archivo .EPUB) para su lectura en smartphones y tabletas. \u00bfTienen algo que decir las mujeres v\u00edctimas respecto al juicio por [&hellip;]<\/p>\n","protected":false},"author":24,"featured_media":0,"parent":0,"menu_order":0,"comment_status":"closed","ping_status":"closed","template":"","meta":{"advgb_blocks_editor_width":"","advgb_blocks_columns_visual_guide":"","footnotes":""},"class_list":["post-183","page","type-page","status-publish","hentry","post"],"aioseo_notices":[],"coauthors":[],"author_meta":{"author_link":"https:\/\/congresos.unlp.edu.ar\/jnm\/author\/batista-alejandro\/","display_name":"batista.alejandro"},"relative_dates":{"created":"Publicado 6 a\u00f1os hace","modified":"Actualizado 6 a\u00f1os hace"},"absolute_dates":{"created":"Publicado el 1 noviembre, 2019","modified":"Actualizado el 3 noviembre, 2019"},"absolute_dates_time":{"created":"Publicado el 1 noviembre, 2019 11:23","modified":"Actualizado el 3 noviembre, 2019 12:47"},"featured_img_caption":"","featured_img":false,"series_order":"","_links":{"self":[{"href":"https:\/\/congresos.unlp.edu.ar\/jnm\/wp-json\/wp\/v2\/pages\/183","targetHints":{"allow":["GET"]}}],"collection":[{"href":"https:\/\/congresos.unlp.edu.ar\/jnm\/wp-json\/wp\/v2\/pages"}],"about":[{"href":"https:\/\/congresos.unlp.edu.ar\/jnm\/wp-json\/wp\/v2\/types\/page"}],"author":[{"embeddable":true,"href":"https:\/\/congresos.unlp.edu.ar\/jnm\/wp-json\/wp\/v2\/users\/24"}],"replies":[{"embeddable":true,"href":"https:\/\/congresos.unlp.edu.ar\/jnm\/wp-json\/wp\/v2\/comments?post=183"}],"version-history":[{"count":0,"href":"https:\/\/congresos.unlp.edu.ar\/jnm\/wp-json\/wp\/v2\/pages\/183\/revisions"}],"wp:attachment":[{"href":"https:\/\/congresos.unlp.edu.ar\/jnm\/wp-json\/wp\/v2\/media?parent=183"}],"curies":[{"name":"wp","href":"https:\/\/api.w.org\/{rel}","templated":true}]}}