{"id":159,"date":"2019-11-01T10:12:13","date_gmt":"2019-11-01T13:12:13","guid":{"rendered":"http:\/\/congresos.unlp.edu.ar\/jnm\/?page_id=159"},"modified":"2019-11-03T12:44:57","modified_gmt":"2019-11-03T15:44:57","slug":"eje-n-1","status":"publish","type":"page","link":"https:\/\/congresos.unlp.edu.ar\/jnm\/eje-n-1\/","title":{"rendered":"EJE N\u00b0 1 &#8211; Pol\u00edticas p\u00fablicas y derechos."},"content":{"rendered":"<p><!--td {border: 1px solid #ccc;}br {mso-data-placement:same-cell;}--><\/p>\n<p><img loading=\"lazy\" decoding=\"async\" class=\"alignnone size-medium wp-image-45\" src=\"https:\/\/congresos.unlp.edu.ar\/jnm\/wp-content\/uploads\/sites\/12\/2019\/10\/logo-jornadas-300x83.jpg\" alt=\"\" width=\"300\" height=\"83\" srcset=\"https:\/\/congresos.unlp.edu.ar\/jnm\/wp-content\/uploads\/sites\/12\/2019\/10\/logo-jornadas-300x83.jpg 300w, https:\/\/congresos.unlp.edu.ar\/jnm\/wp-content\/uploads\/sites\/12\/2019\/10\/logo-jornadas-768x213.jpg 768w, https:\/\/congresos.unlp.edu.ar\/jnm\/wp-content\/uploads\/sites\/12\/2019\/10\/logo-jornadas-1024x284.jpg 1024w, https:\/\/congresos.unlp.edu.ar\/jnm\/wp-content\/uploads\/sites\/12\/2019\/10\/logo-jornadas.jpg 1527w\" sizes=\"auto, (max-width: 300px) 100vw, 300px\" \/><\/p>\n<p>A contiuaci\u00f3n ponemos a disposici\u00f3n el listado de Comunicaciones recibidas con su <strong><em>res\u00famen<\/em> <\/strong>y enlaces para descargar el archivo en formato <strong><em>PDF<\/em><\/strong> y tambi\u00e9n, a modo de prueba, en formato <strong><em>ebook<\/em> <\/strong>(se trata de un archivo .EPUB) para su lectura en smartphones y tabletas.<\/p>\n<table dir=\"ltr\" border=\"1\" cellspacing=\"0\" cellpadding=\"0\">\n<colgroup>\n<col width=\"600\" \/><\/colgroup>\n<tbody>\n<tr>\n<td data-sheets-value=\"{&quot;1&quot;:2,&quot;2&quot;:&quot;Reflexiones acerca de la perspectiva de g\u00e9nero en el \u00e1mbito de la ciencia y la tecnolog\u00eda.&quot;}\">\n<h4><span style=\"color: #339966\"><em><strong>Reflexiones acerca de la perspectiva de g\u00e9nero en el \u00e1mbito de la ciencia y la tecnolog\u00eda.<\/strong><\/em><\/span><\/h4>\n<\/td>\n<\/tr>\n<tr>\n<td style=\"text-align: left\" data-sheets-value=\"{&quot;1&quot;:2,&quot;2&quot;:&quot;\u00c1balos, Cecilia I. (FCJyS-UNLP); Batista, Alejandro (FCJyS-UNLP).&quot;}\"><strong>\u00c1balos, Cecilia I. (FCJyS-UNLP); Batista, Alejandro (FCJyS-UNLP).<\/strong><\/td>\n<\/tr>\n<tr>\n<td data-sheets-value=\"{&quot;1&quot;:2,&quot;2&quot;:&quot;Ver resumen&quot;}\">\n<h5><b>Resumen:<\/b><\/h5>\n<p>El presente trabajo presenta una reflexi\u00f3n en torno a las desigualdades de g\u00e9nero que se manifiestan en \u00e1mbitos de la formaci\u00f3n cient\u00edfica y el desarrollo de la tecnolog\u00eda, no s\u00f3lo en base a estudios, datos e investigaciones sino tambi\u00e9n a trav\u00e9s de casos recientes que muestran la diversidad y disparidad de abordaje de reacciones cuando el g\u00e9nero es protagonista. Tambi\u00e9n se trata de llamar la atenci\u00f3n a las barreras y obst\u00e1culos impl\u00edcitos, muchos de ellos transmitidos y perpetuados a trav\u00e9s del proceso de socializaci\u00f3n llegando a la mente de las propias ni\u00f1as que de esa manera llegan a pensar que efectivamente hay carreras y profesiones en las que los varones tienen m\u00e1s habilidades.<\/td>\n<\/tr>\n<tr>\n<td data-sheets-value=\"{&quot;1&quot;:2,&quot;2&quot;:&quot;Descargar PDF&quot;}\"><a href=\"https:\/\/drive.google.com\/open?id=1bKVg9kldgka39MlfAo9P-KqzO7VmQ96V\">Descargar PDF<\/a><\/td>\n<\/tr>\n<tr>\n<td data-sheets-value=\"{&quot;1&quot;:2,&quot;2&quot;:&quot;Descargar Ebook&quot;}\"><a href=\"https:\/\/drive.google.com\/open?id=1y20zo52JQLWsvsL0e9R_f-xMq--jQzmn\">Descargar Ebook<\/a><\/td>\n<\/tr>\n<tr>\n<td>\n<hr \/>\n<\/td>\n<\/tr>\n<tr>\n<td data-sheets-value=\"{&quot;1&quot;:2,&quot;2&quot;:&quot;Las demandas del movimiento feminista vinculadas a los derechos econ\u00f3micos y sociales a partir de los documentos para el 8 M (2017-2019).&quot;}\">\n<h4><span style=\"color: #339966\"><em><strong>Las demandas del movimiento feminista vinculadas a los derechos econ\u00f3micos y sociales a partir de los documentos para el 8 M (2017-2019).<\/strong><\/em><\/span><\/h4>\n<\/td>\n<\/tr>\n<tr>\n<td style=\"text-align: left\" data-sheets-value=\"{&quot;1&quot;:2,&quot;2&quot;:&quot;Cristeche, Mauro (CHRLP-McGUFL\/CONICET\/ICJ-FCJyS-UNLP).&quot;}\"><strong>Cristeche, Mauro (CHRLP-McGUFL\/CONICET\/ICJ-FCJyS-UNLP).<\/strong><\/td>\n<\/tr>\n<tr>\n<td data-sheets-value=\"{&quot;1&quot;:2,&quot;2&quot;:&quot;Ver resumen&quot;}\">\n<h5><b>Resumen:<\/b><\/h5>\n<p>En este trabajo se analizan las principales demandas de pol\u00edticas p\u00fablicas del movimiento feminista argentino frente al Estado en los \u00faltimos a\u00f1os, condensadas en los documentos que el movimiento organizado en el Colectivo Ni Una Menos viene elaborando cada 8 de marzo, desde el 2017, en el marco del Paro Internacional de Mujeres, en conmemoraci\u00f3n del D\u00eda Internacional de las Mujeres. El objetivo es indagar en la impronta pol\u00edtica que ha adquirido el movimiento desde su inicio y a trav\u00e9s de la experiencia, sus prioridades en t\u00e9rminos de reclamos de pol\u00edticas p\u00fablicas y sus reivindicaciones, y su lugar en las luchas de la clase trabajadora argentina, en un contexto m\u00e1s general signado por crisis pol\u00edticas y econ\u00f3micas profundas.<\/td>\n<\/tr>\n<tr>\n<td data-sheets-value=\"{&quot;1&quot;:2,&quot;2&quot;:&quot;Descargar PDF&quot;}\"><a href=\"https:\/\/drive.google.com\/open?id=1FP4X_m9t8YIgzUnstyN52Z46B9jmqx6n\">Descargar PDF<\/a><\/td>\n<\/tr>\n<tr>\n<td data-sheets-value=\"{&quot;1&quot;:2,&quot;2&quot;:&quot;Descargar Ebook&quot;}\"><a href=\"https:\/\/drive.google.com\/open?id=19sZTiVgR7aihJ2Mz44bs6EyXX1jPG6A4\">Descargar Ebook<\/a><\/td>\n<\/tr>\n<tr>\n<td>\n<hr \/>\n<\/td>\n<\/tr>\n<tr>\n<td data-sheets-value=\"{&quot;1&quot;:2,&quot;2&quot;:&quot;La formaci\u00f3n en perspectiva de g\u00e9nero en las Facultades de Ciencias Jur\u00eddicas y Sociales como pol\u00edtica p\u00fablica universitaria.\u201d&quot;}\">\n<h4><span style=\"color: #339966\"><em><strong>La formaci\u00f3n en perspectiva de g\u00e9nero en las Facultades de Ciencias Jur\u00eddicas y Sociales como pol\u00edtica p\u00fablica universitaria.\u201d<\/strong><\/em><\/span><\/h4>\n<\/td>\n<\/tr>\n<tr>\n<td style=\"text-align: left\" data-sheets-value=\"{&quot;1&quot;:2,&quot;2&quot;:&quot;Cuerdo, Agustina Pilar (FCJyS \u2013UNLP).&quot;}\"><strong>Cuerda, Agustina Pilar (FCJyS \u2013UNLP).<\/strong><\/td>\n<\/tr>\n<tr>\n<td data-sheets-value=\"{&quot;1&quot;:2,&quot;2&quot;:&quot;Ver resumen&quot;}\">El presente trabajo busca repensar acerca de la importancia y necesidad de impulsar pol\u00edticas p\u00fablicas en las Universidades, en torno a la formaci\u00f3n y capacitaci\u00f3n en g\u00e9nero y diversidades, cuales son los efectos de la formaci\u00f3n que proveen las Facultades de Ciencias Jur\u00eddicas y su correlato en las dificultades de las mujeres, lesbianas, travestis y trans en torno al acceso a la justicia.<\/td>\n<\/tr>\n<tr>\n<td data-sheets-value=\"{&quot;1&quot;:2,&quot;2&quot;:&quot;Descargar PDF&quot;}\"><a href=\"https:\/\/drive.google.com\/open?id=1bUx_H4TDy1TfxlasIfMpPSNQ51PdrrKI\">Descargar PDF<\/a><\/td>\n<\/tr>\n<tr>\n<td data-sheets-value=\"{&quot;1&quot;:2,&quot;2&quot;:&quot;Descargar Ebook&quot;}\"><a href=\"https:\/\/drive.google.com\/open?id=1M0JhY9QD4A8jclsOuIHs-ritsATg-XB8\">Descargar Ebook<\/a><\/td>\n<\/tr>\n<tr>\n<td>\n<hr \/>\n<\/td>\n<\/tr>\n<tr>\n<td data-sheets-value=\"{&quot;1&quot;:2,&quot;2&quot;:&quot;Propuestas para la incorporaci\u00f3n de la perspectiva de g\u00e9nero en las pol\u00edticas p\u00fablicas de desarrollo rural.&quot;}\">\n<h4><span style=\"color: #339966\"><em><strong>Propuestas para la incorporaci\u00f3n de la perspectiva de g\u00e9nero en las pol\u00edticas p\u00fablicas de desarrollo rural.<\/strong><\/em><\/span><\/h4>\n<\/td>\n<\/tr>\n<tr>\n<td style=\"text-align: left\" data-sheets-value=\"{&quot;1&quot;:2,&quot;2&quot;:&quot;Hang, Sof\u00eda (UNLP- INTA-CONICET); Camera, Laura (UNLP); y Gonz\u00e1lez, Edgardo (UNLP-INTA).&quot;}\"><strong>Hang, Sof\u00eda (UNLP- INTA-CONICET); Camera, Laura (UNLP); y Gonz\u00e1lez, Edgardo (UNLP-INTA).<\/strong><\/td>\n<\/tr>\n<tr>\n<td data-sheets-value=\"{&quot;1&quot;:2,&quot;2&quot;:&quot;Ver resumen&quot;}\">\n<h5><b>Resumen:<\/b><\/h5>\n<p>Las mujeres de la agricultura familiar, campesina e ind\u00edgena se enfrentan a m\u00faltiples desigualdades. No acceden a la tenencia de la tierra, tienen doble jornada laboral, no cuentan con tiempo de esparcimiento ni acceden a espacios p\u00fablicos de tomas de decisiones y, adem\u00e1s, sufren todo tipo de violencias. Por lo que entendemos que las pol\u00edticas p\u00fablicas de desarrollo rural deben incorporar la perspectiva de g\u00e9nero para revertir estas desigualdades.<\/p>\n<p>En este trabajo nos proponemos, a partir del trabajo interdisciplinario que realizamos desde el Centro de Atenci\u00f3n Jur\u00eddica para Productores Agropecuarios Familiares (en adelante CAJPAF) y las experiencias de trabajo en territorio con las organizaciones de la agricultura familiar, generar propuestas que atiendan a las principales problem\u00e1ticas a las que se enfrentan las mujeres rurales.<\/td>\n<\/tr>\n<tr>\n<td data-sheets-value=\"{&quot;1&quot;:2,&quot;2&quot;:&quot;Descargar PDF&quot;}\"><a href=\"https:\/\/drive.google.com\/open?id=1T-lYbybIO7xGoCfYhRotuD-nZgGIp0hN\">Descargar PDF<\/a><\/td>\n<\/tr>\n<tr>\n<td data-sheets-value=\"{&quot;1&quot;:2,&quot;2&quot;:&quot;Descargar Ebook&quot;}\"><a href=\"https:\/\/drive.google.com\/open?id=1Yn0IxD7IWWd-MBPUuLgJPfpTZLV4t2fL\">Descargar Ebook<\/a><\/td>\n<\/tr>\n<tr>\n<td>\n<hr \/>\n<\/td>\n<\/tr>\n<tr>\n<td data-sheets-value=\"{&quot;1&quot;:2,&quot;2&quot;:&quot;El acceso a la Asignaci\u00f3n Universal por Hijo: la necesaria perspectiva de g\u00e9nero en la actividad administrativa.&quot;}\">\n<h4><span style=\"color: #339966\"><em><strong>El acceso a la Asignaci\u00f3n Universal por Hijo: la necesaria perspectiva de g\u00e9nero en la actividad administrativa.<\/strong><\/em><\/span><\/h4>\n<\/td>\n<\/tr>\n<tr>\n<td style=\"text-align: left\" data-sheets-value=\"{&quot;1&quot;:2,&quot;2&quot;:&quot;Vallef\u00edn, Lucio A. (CIDC-UNLP).&quot;}\"><strong>Vallef\u00edn, Lucio A. (CIDC-UNLP).<\/strong><\/td>\n<\/tr>\n<tr>\n<td data-sheets-value=\"{&quot;1&quot;:2,&quot;2&quot;:&quot;Ver resumen&quot;}\">\n<h5><b>Resumen:<\/b><\/h5>\n<p>En la presente ponencia se desarrollar\u00e1 la problem\u00e1tica del acceso y la permanencia en la pol\u00edtica p\u00fablica conocida como \u201cAsignaci\u00f3n Universal por Hijo para la Protecci\u00f3n Social\u201d, viendo como la misma se articula con la cuesti\u00f3n de g\u00e9nero al plantearse como una posible legitimaci\u00f3n del rol reproductivo de la mujer, abriendo el debate sobre posibles intervenciones y modificaciones al respecto.<\/p>\n<p><b>Palabras clave: <\/b>Asignaci\u00f3n Universal por Hijo \u2013 Trabajo reproductivo \u2013 Protecci\u00f3n Social \u2013 Derecho Cr\u00edtico<\/td>\n<\/tr>\n<tr>\n<td data-sheets-value=\"{&quot;1&quot;:2,&quot;2&quot;:&quot;Descargar PDF&quot;}\"><a href=\"https:\/\/drive.google.com\/open?id=1iliplJpMsoEiWf0yjJpyb1wSRsZvnLGU\">Descargar PDF<\/a><\/td>\n<\/tr>\n<tr>\n<td data-sheets-value=\"{&quot;1&quot;:2,&quot;2&quot;:&quot;Descargar Ebook&quot;}\"><a href=\"https:\/\/drive.google.com\/open?id=12K_zE1Z1iXpUr4ldSqbo71KimRZUgCfh\">Descargar Ebook<\/a><\/td>\n<\/tr>\n<\/tbody>\n<\/table>\n<p>&nbsp;<\/p>\n","protected":false},"excerpt":{"rendered":"<p>A contiuaci\u00f3n ponemos a disposici\u00f3n el listado de Comunicaciones recibidas con su res\u00famen y enlaces para descargar el archivo en formato PDF y tambi\u00e9n, a modo de prueba, en formato ebook (se trata de un archivo .EPUB) para su lectura en smartphones y tabletas. Reflexiones acerca de la perspectiva de g\u00e9nero en el \u00e1mbito de [&hellip;]<\/p>\n","protected":false},"author":24,"featured_media":0,"parent":0,"menu_order":0,"comment_status":"closed","ping_status":"closed","template":"","meta":{"advgb_blocks_editor_width":"","advgb_blocks_columns_visual_guide":"","footnotes":""},"class_list":["post-159","page","type-page","status-publish","hentry","post"],"aioseo_notices":[],"coauthors":[],"author_meta":{"author_link":"https:\/\/congresos.unlp.edu.ar\/jnm\/author\/batista-alejandro\/","display_name":"batista.alejandro"},"relative_dates":{"created":"Publicado 6 a\u00f1os hace","modified":"Actualizado 6 a\u00f1os hace"},"absolute_dates":{"created":"Publicado el 1 noviembre, 2019","modified":"Actualizado el 3 noviembre, 2019"},"absolute_dates_time":{"created":"Publicado el 1 noviembre, 2019 10:12","modified":"Actualizado el 3 noviembre, 2019 12:44"},"featured_img_caption":"","featured_img":false,"series_order":"","_links":{"self":[{"href":"https:\/\/congresos.unlp.edu.ar\/jnm\/wp-json\/wp\/v2\/pages\/159","targetHints":{"allow":["GET"]}}],"collection":[{"href":"https:\/\/congresos.unlp.edu.ar\/jnm\/wp-json\/wp\/v2\/pages"}],"about":[{"href":"https:\/\/congresos.unlp.edu.ar\/jnm\/wp-json\/wp\/v2\/types\/page"}],"author":[{"embeddable":true,"href":"https:\/\/congresos.unlp.edu.ar\/jnm\/wp-json\/wp\/v2\/users\/24"}],"replies":[{"embeddable":true,"href":"https:\/\/congresos.unlp.edu.ar\/jnm\/wp-json\/wp\/v2\/comments?post=159"}],"version-history":[{"count":0,"href":"https:\/\/congresos.unlp.edu.ar\/jnm\/wp-json\/wp\/v2\/pages\/159\/revisions"}],"wp:attachment":[{"href":"https:\/\/congresos.unlp.edu.ar\/jnm\/wp-json\/wp\/v2\/media?parent=159"}],"curies":[{"name":"wp","href":"https:\/\/api.w.org\/{rel}","templated":true}]}}