{"id":156,"date":"2019-11-01T10:02:34","date_gmt":"2019-11-01T13:02:34","guid":{"rendered":"http:\/\/congresos.unlp.edu.ar\/jnm\/?page_id=156"},"modified":"2019-11-05T21:13:03","modified_gmt":"2019-11-06T00:13:03","slug":"certificados","status":"publish","type":"page","link":"https:\/\/congresos.unlp.edu.ar\/jnm\/certificados\/","title":{"rendered":"Certificados"},"content":{"rendered":"<p><img loading=\"lazy\" decoding=\"async\" class=\"alignnone size-medium wp-image-45\" src=\"https:\/\/congresos.unlp.edu.ar\/jnm\/wp-content\/uploads\/sites\/12\/2019\/10\/logo-jornadas-300x83.jpg\" alt=\"\" width=\"300\" height=\"83\" srcset=\"https:\/\/congresos.unlp.edu.ar\/jnm\/wp-content\/uploads\/sites\/12\/2019\/10\/logo-jornadas-300x83.jpg 300w, https:\/\/congresos.unlp.edu.ar\/jnm\/wp-content\/uploads\/sites\/12\/2019\/10\/logo-jornadas-768x213.jpg 768w, https:\/\/congresos.unlp.edu.ar\/jnm\/wp-content\/uploads\/sites\/12\/2019\/10\/logo-jornadas-1024x284.jpg 1024w, https:\/\/congresos.unlp.edu.ar\/jnm\/wp-content\/uploads\/sites\/12\/2019\/10\/logo-jornadas.jpg 1527w\" sizes=\"auto, (max-width: 300px) 100vw, 300px\" \/><\/p>\n<p><strong>Para acceder al Repositorio de Certificados de participaci\u00f3n en las Jornadas, emitidos en formato PDF y con firma digital, utilizar el men\u00fa desplegable o bien ir a:<\/strong><\/p>\n<ul>\n<li><a href=\"https:\/\/congresos.unlp.edu.ar\/jnm\/comite-cientifico-2\/\">Certificados Comit\u00e9 Cient\u00edfico<\/a>.<\/li>\n<li><a href=\"https:\/\/congresos.unlp.edu.ar\/jnm\/comite-organizacion\/\">Certificados Comit\u00e9 Organizador<\/a>.<\/li>\n<li><a href=\"https:\/\/congresos.unlp.edu.ar\/jnm\/coordinadores\/\">Certificados Coordinadores<\/a>.<\/li>\n<li><a href=\"https:\/\/congresos.unlp.edu.ar\/jnm\/ponentes\/\">Certificados Ponentes<\/a>.<\/li>\n<li><a href=\"https:\/\/congresos.unlp.edu.ar\/jnm\/asistentes\/\">Certificados Asistentes.<\/a><\/li>\n<\/ul>\n<p>.<\/p>\n","protected":false},"excerpt":{"rendered":"<p>Para acceder al Repositorio de Certificados de participaci\u00f3n en las Jornadas, emitidos en formato PDF y con firma digital, utilizar el men\u00fa desplegable o bien ir a: Certificados Comit\u00e9 Cient\u00edfico. Certificados Comit\u00e9 Organizador. Certificados Coordinadores. Certificados Ponentes. Certificados Asistentes. .<\/p>\n","protected":false},"author":24,"featured_media":0,"parent":0,"menu_order":0,"comment_status":"closed","ping_status":"closed","template":"","meta":{"advgb_blocks_editor_width":"","advgb_blocks_columns_visual_guide":"","footnotes":""},"class_list":["post-156","page","type-page","status-publish","hentry","post"],"aioseo_notices":[],"coauthors":[],"author_meta":{"author_link":"https:\/\/congresos.unlp.edu.ar\/jnm\/author\/batista-alejandro\/","display_name":"batista.alejandro"},"relative_dates":{"created":"Publicado 6 a\u00f1os hace","modified":"Actualizado 6 a\u00f1os hace"},"absolute_dates":{"created":"Publicado el 1 noviembre, 2019","modified":"Actualizado el 5 noviembre, 2019"},"absolute_dates_time":{"created":"Publicado el 1 noviembre, 2019 10:02","modified":"Actualizado el 5 noviembre, 2019 21:13"},"featured_img_caption":"","featured_img":false,"series_order":"","_links":{"self":[{"href":"https:\/\/congresos.unlp.edu.ar\/jnm\/wp-json\/wp\/v2\/pages\/156","targetHints":{"allow":["GET"]}}],"collection":[{"href":"https:\/\/congresos.unlp.edu.ar\/jnm\/wp-json\/wp\/v2\/pages"}],"about":[{"href":"https:\/\/congresos.unlp.edu.ar\/jnm\/wp-json\/wp\/v2\/types\/page"}],"author":[{"embeddable":true,"href":"https:\/\/congresos.unlp.edu.ar\/jnm\/wp-json\/wp\/v2\/users\/24"}],"replies":[{"embeddable":true,"href":"https:\/\/congresos.unlp.edu.ar\/jnm\/wp-json\/wp\/v2\/comments?post=156"}],"version-history":[{"count":0,"href":"https:\/\/congresos.unlp.edu.ar\/jnm\/wp-json\/wp\/v2\/pages\/156\/revisions"}],"wp:attachment":[{"href":"https:\/\/congresos.unlp.edu.ar\/jnm\/wp-json\/wp\/v2\/media?parent=156"}],"curies":[{"name":"wp","href":"https:\/\/api.w.org\/{rel}","templated":true}]}}