{"id":124,"date":"2019-10-09T10:42:09","date_gmt":"2019-10-09T13:42:09","guid":{"rendered":"http:\/\/congresos.unlp.edu.ar\/jnm\/?page_id=124"},"modified":"2019-10-09T10:42:09","modified_gmt":"2019-10-09T13:42:09","slug":"comite-cientifico","status":"publish","type":"page","link":"https:\/\/congresos.unlp.edu.ar\/jnm\/comite-cientifico\/","title":{"rendered":"Comit\u00e9 Cient\u00edfico"},"content":{"rendered":"<p><img loading=\"lazy\" decoding=\"async\" class=\"alignnone size-medium wp-image-45\" src=\"https:\/\/congresos.unlp.edu.ar\/jnm\/wp-content\/uploads\/sites\/12\/2019\/10\/logo-jornadas-300x83.jpg\" alt=\"\" width=\"300\" height=\"83\" srcset=\"https:\/\/congresos.unlp.edu.ar\/jnm\/wp-content\/uploads\/sites\/12\/2019\/10\/logo-jornadas-300x83.jpg 300w, https:\/\/congresos.unlp.edu.ar\/jnm\/wp-content\/uploads\/sites\/12\/2019\/10\/logo-jornadas-768x213.jpg 768w, https:\/\/congresos.unlp.edu.ar\/jnm\/wp-content\/uploads\/sites\/12\/2019\/10\/logo-jornadas-1024x284.jpg 1024w, https:\/\/congresos.unlp.edu.ar\/jnm\/wp-content\/uploads\/sites\/12\/2019\/10\/logo-jornadas.jpg 1527w\" sizes=\"auto, (max-width: 300px) 100vw, 300px\" \/><\/p>\n<p>Andreu, Ricardo C\u00e9sar<\/p>\n<p>Barrancos, Dora<\/p>\n<p>Cardinaux, Nancy<\/p>\n<p>Femen\u00edas, Mar\u00eda Luisa<\/p>\n<p>Gerlero, Mario<\/p>\n<p>Gonz\u00e1lez, Manuela G.<\/p>\n<p>Lanfranco V\u00e1zquez, Marina<\/p>\n<p>Miranda, Marisa Adriana<\/p>\n<p>Salanueva, Olga<\/p>\n<p>Salvioli, Fabi\u00e1n;<\/p>\n<p>Tabieres, Mar\u00eda Susana.<\/p>\n","protected":false},"excerpt":{"rendered":"<p>Andreu, Ricardo C\u00e9sar Barrancos, Dora Cardinaux, Nancy Femen\u00edas, Mar\u00eda Luisa Gerlero, Mario Gonz\u00e1lez, Manuela G. Lanfranco V\u00e1zquez, Marina Miranda, Marisa Adriana Salanueva, Olga Salvioli, Fabi\u00e1n; Tabieres, Mar\u00eda Susana.<\/p>\n","protected":false},"author":24,"featured_media":0,"parent":0,"menu_order":0,"comment_status":"closed","ping_status":"closed","template":"","meta":{"advgb_blocks_editor_width":"","advgb_blocks_columns_visual_guide":"","footnotes":""},"class_list":["post-124","page","type-page","status-publish","hentry","post"],"aioseo_notices":[],"coauthors":[],"author_meta":{"author_link":"https:\/\/congresos.unlp.edu.ar\/jnm\/author\/batista-alejandro\/","display_name":"batista.alejandro"},"relative_dates":{"created":"Publicado 6 a\u00f1os hace","modified":"Actualizado 6 a\u00f1os hace"},"absolute_dates":{"created":"Publicado el 9 octubre, 2019","modified":"Actualizado el 9 octubre, 2019"},"absolute_dates_time":{"created":"Publicado el 9 octubre, 2019 10:42","modified":"Actualizado el 9 octubre, 2019 10:42"},"featured_img_caption":"","featured_img":false,"series_order":"","_links":{"self":[{"href":"https:\/\/congresos.unlp.edu.ar\/jnm\/wp-json\/wp\/v2\/pages\/124","targetHints":{"allow":["GET"]}}],"collection":[{"href":"https:\/\/congresos.unlp.edu.ar\/jnm\/wp-json\/wp\/v2\/pages"}],"about":[{"href":"https:\/\/congresos.unlp.edu.ar\/jnm\/wp-json\/wp\/v2\/types\/page"}],"author":[{"embeddable":true,"href":"https:\/\/congresos.unlp.edu.ar\/jnm\/wp-json\/wp\/v2\/users\/24"}],"replies":[{"embeddable":true,"href":"https:\/\/congresos.unlp.edu.ar\/jnm\/wp-json\/wp\/v2\/comments?post=124"}],"version-history":[{"count":0,"href":"https:\/\/congresos.unlp.edu.ar\/jnm\/wp-json\/wp\/v2\/pages\/124\/revisions"}],"wp:attachment":[{"href":"https:\/\/congresos.unlp.edu.ar\/jnm\/wp-json\/wp\/v2\/media?parent=124"}],"curies":[{"name":"wp","href":"https:\/\/api.w.org\/{rel}","templated":true}]}}