{"id":96,"date":"2023-10-27T16:29:29","date_gmt":"2023-10-27T19:29:29","guid":{"rendered":"https:\/\/congresos.unlp.edu.ar\/jeidap2023\/?page_id=96"},"modified":"2023-11-01T11:17:18","modified_gmt":"2023-11-01T14:17:18","slug":"staff","status":"publish","type":"page","link":"https:\/\/congresos.unlp.edu.ar\/jeidap2023\/staff\/","title":{"rendered":"Staff"},"content":{"rendered":"<div id=\"pl-96\"  class=\"panel-layout\" ><div id=\"pg-96-0\"  class=\"panel-grid panel-has-style\" ><div class=\"panel-row-style panel-row-style-for-96-0\" ><div id=\"pgc-96-0-0\"  class=\"panel-grid-cell\" ><div id=\"panel-96-0-0-0\" class=\"so-panel widget widget_sow-editor panel-first-child panel-last-child\" data-index=\"0\" ><div\n\t\t\t\n\t\t\tclass=\"so-widget-sow-editor so-widget-sow-editor-base\"\n\t\t\t\n\t\t><h3 class=\"widget-title\">STAFF<\/h3>\n<div class=\"siteorigin-widget-tinymce textwidget\">\n\t<p><img loading=\"lazy\" decoding=\"async\" class=\"alignnone size-medium wp-image-85\" src=\"http:\/\/congresos.unlp.edu.ar\/jeidap2023\/wp-content\/uploads\/sites\/79\/2023\/10\/Linea-e1698434189449-300x5.png\" alt=\"\" width=\"300\" height=\"5\" srcset=\"https:\/\/congresos.unlp.edu.ar\/jeidap2023\/wp-content\/uploads\/sites\/79\/2023\/10\/Linea-e1698434189449-300x5.png 300w, https:\/\/congresos.unlp.edu.ar\/jeidap2023\/wp-content\/uploads\/sites\/79\/2023\/10\/Linea-e1698434189449-436x8.png 436w, https:\/\/congresos.unlp.edu.ar\/jeidap2023\/wp-content\/uploads\/sites\/79\/2023\/10\/Linea-e1698434189449.png 456w\" sizes=\"auto, (max-width: 300px) 100vw, 300px\" \/><\/p>\n<p><strong>DIRECTORA:<br \/>\n<\/strong>Lic. Silvia Garc\u00eda<\/p>\n<p><strong>COMIT\u00c9 ACAD\u00c9MICO:<\/strong><br \/>\nMag. Silvina Valesini<br \/>\nDra. Isabel Cecilia Mart\u00ednez<br \/>\nDr. Gustavo Radice<br \/>\nDr. Eduardo A. Russo<br \/>\nDra. Paula Cannova<br \/>\nDra. Andrea Cristian Ladaga<br \/>\nDra. Paola S. Bel\u00e9n<br \/>\nDr. Joaqu\u00edn B. P\u00e9rez<br \/>\nMag. Marcela Andruchow<br \/>\nMag. Germ\u00e1n Casella<br \/>\nDCV. Julio C. Naranja<br \/>\nDI. Roberto Abait<br \/>\nBFA Gabriela Victoria Walerko<\/p>\n<\/div>\n<\/div><\/div><\/div><div id=\"pgc-96-0-1\"  class=\"panel-grid-cell\" ><div id=\"panel-96-0-1-0\" class=\"so-panel widget widget_sow-editor panel-first-child panel-last-child\" data-index=\"1\" ><div class=\"panel-widget-style panel-widget-style-for-96-0-1-0\" ><div\n\t\t\t\n\t\t\tclass=\"so-widget-sow-editor so-widget-sow-editor-base\"\n\t\t\t\n\t\t>\n<div class=\"siteorigin-widget-tinymce textwidget\">\n\t<p><strong>COMIT\u00c9 ORGANIZADOR:<\/strong><br \/>\nMag. Jorgelina Araceli Sciorra<br \/>\nLic. Mar\u00eda Victoria Iribas<br \/>\nProf. Karen Grandez Ush\u00f1ahua<br \/>\nLic. Cristina Bartolotta<br \/>\nDCV. Mar\u00eda Ramos<br \/>\nLic. Fernando Severini<br \/>\nLic. Cecilia Cappannini<br \/>\nLic. Gabriela de la Cruz<br \/>\nProf. Luc\u00eda Su\u00e1rez Stanganelli<br \/>\nProf. H\u00e9ctor Docters<br \/>\nMilena Garc\u00eda Leguizam\u00f3n<\/p>\n<p><strong>IMAGEN DE LAS JORNADAS:<\/strong><br \/>\nLic. Mar\u00eda Victoria Iribas<\/p>\n<p><strong>DISE\u00d1O Y DIAGRAMACI\u00d3N:<\/strong><br \/>\nDCV Mar\u00eda Ramos<\/p>\n<p><strong>DESARROLLO WEB:<\/strong><br \/>\nDra. Silvia Andrea Cristian Ladaga<br \/>\nDCV Roc\u00edo Dupuy<\/p>\n<\/div>\n<\/div><\/div><\/div><\/div><\/div><\/div><\/div>","protected":false},"excerpt":{"rendered":"<p>DIRECTORA: Lic. Silvia Garc\u00eda COMIT\u00c9 ACAD\u00c9MICO: Mag. Silvina Valesini Dra. Isabel Cecilia Mart\u00ednez Dr. Gustavo Radice Dr. Eduardo A. Russo Dra. Paula Cannova Dra. Andrea Cristian Ladaga Dra. Paola S. Bel\u00e9n Dr. Joaqu\u00edn B. P\u00e9rez Mag. Marcela Andruchow Mag. Germ\u00e1n Casella DCV. Julio C. Naranja DI. Roberto Abait BFA Gabriela Victoria Walerko COMIT\u00c9 ORGANIZADOR: Mag. [&hellip;]<\/p>\n","protected":false},"author":201,"featured_media":0,"parent":0,"menu_order":0,"comment_status":"closed","ping_status":"closed","template":"","meta":{"advgb_blocks_editor_width":"","advgb_blocks_columns_visual_guide":"","footnotes":""},"class_list":["post-96","page","type-page","status-publish","hentry","post"],"aioseo_notices":[],"coauthors":[],"author_meta":{"author_link":"https:\/\/congresos.unlp.edu.ar\/jeidap2023\/author\/crisladaga\/","display_name":"crisladaga"},"relative_dates":{"created":"Posted 3 a\u00f1os ago","modified":"Updated 3 a\u00f1os ago"},"absolute_dates":{"created":"Posted on 27 octubre, 2023","modified":"Updated on 1 noviembre, 2023"},"absolute_dates_time":{"created":"Posted on 27 octubre, 2023 4:29 pm","modified":"Updated on 1 noviembre, 2023 11:17 am"},"featured_img_caption":"","featured_img":false,"series_order":"","_links":{"self":[{"href":"https:\/\/congresos.unlp.edu.ar\/jeidap2023\/wp-json\/wp\/v2\/pages\/96","targetHints":{"allow":["GET"]}}],"collection":[{"href":"https:\/\/congresos.unlp.edu.ar\/jeidap2023\/wp-json\/wp\/v2\/pages"}],"about":[{"href":"https:\/\/congresos.unlp.edu.ar\/jeidap2023\/wp-json\/wp\/v2\/types\/page"}],"author":[{"embeddable":true,"href":"https:\/\/congresos.unlp.edu.ar\/jeidap2023\/wp-json\/wp\/v2\/users\/201"}],"replies":[{"embeddable":true,"href":"https:\/\/congresos.unlp.edu.ar\/jeidap2023\/wp-json\/wp\/v2\/comments?post=96"}],"version-history":[{"count":0,"href":"https:\/\/congresos.unlp.edu.ar\/jeidap2023\/wp-json\/wp\/v2\/pages\/96\/revisions"}],"wp:attachment":[{"href":"https:\/\/congresos.unlp.edu.ar\/jeidap2023\/wp-json\/wp\/v2\/media?parent=96"}],"curies":[{"name":"wp","href":"https:\/\/api.w.org\/{rel}","templated":true}]}}