{"id":14,"date":"2023-10-18T14:02:01","date_gmt":"2023-10-18T17:02:01","guid":{"rendered":"https:\/\/congresos.unlp.edu.ar\/jeidap2023\/?page_id=14"},"modified":"2023-10-27T16:23:20","modified_gmt":"2023-10-27T19:23:20","slug":"sobre-el-evento","status":"publish","type":"page","link":"https:\/\/congresos.unlp.edu.ar\/jeidap2023\/sobre-el-evento\/","title":{"rendered":"Autoridades"},"content":{"rendered":"<div id=\"pl-14\"  class=\"panel-layout\" ><div id=\"pg-14-0\"  class=\"panel-grid panel-no-style\" ><div id=\"pgc-14-0-0\"  class=\"panel-grid-cell\" ><div id=\"panel-14-0-0-0\" class=\"so-panel widget widget_sow-editor panel-first-child panel-last-child\" data-index=\"0\" ><div class=\"so-rounded panel-widget-style panel-widget-style-for-14-0-0-0\" id=\"14009b8\" ><div\n\t\t\t\n\t\t\tclass=\"so-widget-sow-editor so-widget-sow-editor-base\"\n\t\t\t\n\t\t><h3 class=\"widget-title\">AUTORIDADES UNLP<\/h3>\n<div class=\"siteorigin-widget-tinymce textwidget\">\n\t<div class=\"elementor-element elementor-element-14009b8 elementor-widget elementor-widget-heading\" style=\"color: #a23747\" data-id=\"14009b8\" data-element_type=\"widget\" data-widget_type=\"heading.default\"><img loading=\"lazy\" decoding=\"async\" class=\"alignnone wp-image-85 size-medium\" src=\"http:\/\/congresos.unlp.edu.ar\/jeidap2023\/wp-content\/uploads\/sites\/79\/2023\/10\/Linea-e1698434189449-300x5.png\" alt=\"\" width=\"300\" height=\"5\" srcset=\"https:\/\/congresos.unlp.edu.ar\/jeidap2023\/wp-content\/uploads\/sites\/79\/2023\/10\/Linea-e1698434189449-300x5.png 300w, https:\/\/congresos.unlp.edu.ar\/jeidap2023\/wp-content\/uploads\/sites\/79\/2023\/10\/Linea-e1698434189449-436x8.png 436w, https:\/\/congresos.unlp.edu.ar\/jeidap2023\/wp-content\/uploads\/sites\/79\/2023\/10\/Linea-e1698434189449.png 456w\" sizes=\"auto, (max-width: 300px) 100vw, 300px\" \/><\/div>\n<div class=\"elementor-element elementor-element-3335c50 elementor-widget elementor-widget-text-editor\" data-id=\"3335c50\" data-element_type=\"widget\" data-widget_type=\"text-editor.default\">\n<div class=\"elementor-widget-container\">\n<p><strong>Presidente:<br \/>\n<\/strong>Mag. Mart\u00edn A. L\u00f3pez Armengol<\/p>\n<p><strong>Vicepresidente del \u00c1rea Acad\u00e9mica:<\/strong><br \/>\nDr. Fernando A. Tauber<\/p>\n<p><strong>Vicepresidente del \u00c1rea Institucional:<\/strong><br \/>\nDra. Andrea Mariana Varela<\/p>\n<p><strong>Secretario de Ciencia y T\u00e9cnica:<\/strong><br \/>\nDr. Nicol\u00e1s Rendtorff<\/p>\n<p><strong>Secretaria de Arte y Cultura:<\/strong><br \/>\nProf. Mariel Ciafardo<\/p>\n<\/div>\n<\/div>\n<\/div>\n<\/div><\/div><\/div><\/div><div id=\"pgc-14-0-1\"  class=\"panel-grid-cell\" ><div id=\"panel-14-0-1-0\" class=\"so-panel widget widget_sow-editor panel-first-child panel-last-child\" data-index=\"1\" ><div\n\t\t\t\n\t\t\tclass=\"so-widget-sow-editor so-widget-sow-editor-base\"\n\t\t\t\n\t\t><h3 class=\"widget-title\">AUTORIDADES FDA<\/h3>\n<div class=\"siteorigin-widget-tinymce textwidget\">\n\t<div class=\"elementor-element elementor-element-7b2b957 elementor-widget elementor-widget-heading\" data-id=\"7b2b957\" data-element_type=\"widget\" data-widget_type=\"heading.default\">\n<div class=\"elementor-widget-container\"><img loading=\"lazy\" decoding=\"async\" class=\"alignnone size-medium wp-image-85\" src=\"http:\/\/congresos.unlp.edu.ar\/jeidap2023\/wp-content\/uploads\/sites\/79\/2023\/10\/Linea-e1698434189449-300x5.png\" alt=\"\" width=\"300\" height=\"5\" srcset=\"https:\/\/congresos.unlp.edu.ar\/jeidap2023\/wp-content\/uploads\/sites\/79\/2023\/10\/Linea-e1698434189449-300x5.png 300w, https:\/\/congresos.unlp.edu.ar\/jeidap2023\/wp-content\/uploads\/sites\/79\/2023\/10\/Linea-e1698434189449-436x8.png 436w, https:\/\/congresos.unlp.edu.ar\/jeidap2023\/wp-content\/uploads\/sites\/79\/2023\/10\/Linea-e1698434189449.png 456w\" sizes=\"auto, (max-width: 300px) 100vw, 300px\" \/><\/div>\n<\/div>\n<div class=\"elementor-element elementor-element-b48c3a7 elementor-widget elementor-widget-text-editor\" data-id=\"b48c3a7\" data-element_type=\"widget\" data-widget_type=\"text-editor.default\">\n<div class=\"elementor-widget-container\">\n<p><strong>Decano:<br \/>\n<\/strong>Dr. Daniel H. Belinche<\/p>\n<p><strong>Vicedecano:<\/strong><br \/>\nDCV Juan Pablo Fern\u00e1ndez<\/p>\n<p><strong>Secretario General:<\/strong><br \/>\nLic. Emiliano Seminara<\/p>\n<p><strong>Secretario Institucional:<\/strong><br \/>\nLic. Francisco Vi\u00f1a<\/p>\n<p><strong>Secretaria de Asuntos Acad\u00e9micos:<\/strong><br \/>\nProf. Graciana P\u00e9rez Lus<\/p>\n<p><strong>Secretarios de Planificaci\u00f3n, Infraestructura y Finanzas:<\/strong><br \/>\nLic. Carlos Merdek<\/p>\n<p><strong>Secretaria de\u00a0<\/strong><strong>Ciencia y T\u00e9cnica:<br \/>\n<\/strong>Lic. Silvia Garc\u00eda<\/p>\n<\/div>\n<\/div>\n<\/div>\n<\/div><\/div><\/div><div id=\"pgc-14-0-2\"  class=\"panel-grid-cell\" ><div id=\"panel-14-0-2-0\" class=\"so-panel widget widget_sow-editor panel-first-child panel-last-child\" data-index=\"2\" ><div\n\t\t\t\n\t\t\tclass=\"so-widget-sow-editor so-widget-sow-editor-base\"\n\t\t\t\n\t\t>\n<div class=\"siteorigin-widget-tinymce textwidget\">\n\t<p><strong>Secretaria de Vinculaci\u00f3n con la Industria:<\/strong><br \/>\nDI Ana Bocos<\/p>\n<p><strong>Secretaria de Extensi\u00f3n:<br \/>\n<\/strong>Prof. Victoria Mc Coubrey<\/p>\n<p><strong>Secretario de Programas Externos:<\/strong><br \/>\nSr. Nicanor R\u00e9gulo Mart\u00ednez<\/p>\n<p><strong>Secretario de Posgrado:<\/strong><br \/>\nProf. Santiago Rom\u00e9<\/p>\n<p><strong>Secretario de Producci\u00f3n y Contenido Audiovisual:<\/strong>\u00a0Prof. Mart\u00edn P. Barrios<\/p>\n<p><strong>Secretario de Arte y Cultura:<\/strong><br \/>\nLic. Carlos Coppa<\/p>\n<p><strong>Secretario de Relaciones Institucionales:<\/strong><br \/>\nSr. Juan Mansilla<\/p>\n<p><strong>Secretario de Asuntos Estudiantiles:<\/strong><br \/>\nProf. Jos\u00e9 Gallo Llorente<\/p>\n<\/div>\n<\/div><\/div><\/div><\/div><\/div>","protected":false},"excerpt":{"rendered":"<p>Presidente: Mag. Mart\u00edn A. L\u00f3pez Armengol Vicepresidente del \u00c1rea Acad\u00e9mica: Dr. Fernando A. Tauber Vicepresidente del \u00c1rea Institucional: Dra. Andrea Mariana Varela Secretario de Ciencia y T\u00e9cnica: Dr. Nicol\u00e1s Rendtorff Secretaria de Arte y Cultura: Prof. Mariel Ciafardo Decano: Dr. Daniel H. Belinche Vicedecano: DCV Juan Pablo Fern\u00e1ndez Secretario General: Lic. Emiliano Seminara Secretario Institucional: [&hellip;]<\/p>\n","protected":false},"author":2,"featured_media":0,"parent":0,"menu_order":0,"comment_status":"closed","ping_status":"closed","template":"","meta":{"advgb_blocks_editor_width":"","advgb_blocks_columns_visual_guide":"","footnotes":""},"class_list":["post-14","page","type-page","status-publish","hentry","post"],"aioseo_notices":[],"coauthors":[],"author_meta":{"author_link":"https:\/\/congresos.unlp.edu.ar\/jeidap2023\/author\/congresos\/","display_name":"congresos"},"relative_dates":{"created":"Posted 3 a\u00f1os ago","modified":"Updated 3 a\u00f1os ago"},"absolute_dates":{"created":"Posted on 18 octubre, 2023","modified":"Updated on 27 octubre, 2023"},"absolute_dates_time":{"created":"Posted on 18 octubre, 2023 2:02 pm","modified":"Updated on 27 octubre, 2023 4:23 pm"},"featured_img_caption":"","featured_img":false,"series_order":"","_links":{"self":[{"href":"https:\/\/congresos.unlp.edu.ar\/jeidap2023\/wp-json\/wp\/v2\/pages\/14","targetHints":{"allow":["GET"]}}],"collection":[{"href":"https:\/\/congresos.unlp.edu.ar\/jeidap2023\/wp-json\/wp\/v2\/pages"}],"about":[{"href":"https:\/\/congresos.unlp.edu.ar\/jeidap2023\/wp-json\/wp\/v2\/types\/page"}],"author":[{"embeddable":true,"href":"https:\/\/congresos.unlp.edu.ar\/jeidap2023\/wp-json\/wp\/v2\/users\/2"}],"replies":[{"embeddable":true,"href":"https:\/\/congresos.unlp.edu.ar\/jeidap2023\/wp-json\/wp\/v2\/comments?post=14"}],"version-history":[{"count":0,"href":"https:\/\/congresos.unlp.edu.ar\/jeidap2023\/wp-json\/wp\/v2\/pages\/14\/revisions"}],"wp:attachment":[{"href":"https:\/\/congresos.unlp.edu.ar\/jeidap2023\/wp-json\/wp\/v2\/media?parent=14"}],"curies":[{"name":"wp","href":"https:\/\/api.w.org\/{rel}","templated":true}]}}