{"id":10,"date":"2023-10-18T12:22:35","date_gmt":"2023-10-18T15:22:35","guid":{"rendered":"https:\/\/congresos.unlp.edu.ar\/jeidap2023\/?page_id=10"},"modified":"2023-11-01T11:51:19","modified_gmt":"2023-11-01T14:51:19","slug":"inicio","status":"publish","type":"page","link":"https:\/\/congresos.unlp.edu.ar\/jeidap2023\/","title":{"rendered":"Inicio"},"content":{"rendered":"<div id=\"pl-10\"  class=\"panel-layout\" ><div id=\"pg-10-0\"  class=\"panel-grid panel-has-style\" ><div class=\"siteorigin-panels-stretch panel-row-style panel-row-style-for-10-0\" data-stretch-type=\"full-stretched\" ><div id=\"pgc-10-0-0\"  class=\"panel-grid-cell\" ><div id=\"panel-10-0-0-0\" class=\"so-panel widget widget_sow-image panel-first-child panel-last-child\" data-index=\"0\" ><div class=\"panel-widget-style panel-widget-style-for-10-0-0-0\" ><div\n\t\t\t\n\t\t\tclass=\"so-widget-sow-image so-widget-sow-image-default-a258e6bfa2d8-10\"\n\t\t\t\n\t\t>\n<div class=\"sow-image-container\">\n\t\t<img \n\tsrc=\"https:\/\/congresos.unlp.edu.ar\/jeidap2023\/wp-content\/uploads\/sites\/79\/2023\/10\/encabezado.jpg\" width=\"1200\" height=\"321\" srcset=\"https:\/\/congresos.unlp.edu.ar\/jeidap2023\/wp-content\/uploads\/sites\/79\/2023\/10\/encabezado.jpg 1200w, https:\/\/congresos.unlp.edu.ar\/jeidap2023\/wp-content\/uploads\/sites\/79\/2023\/10\/encabezado-300x80.jpg 300w, https:\/\/congresos.unlp.edu.ar\/jeidap2023\/wp-content\/uploads\/sites\/79\/2023\/10\/encabezado-1024x274.jpg 1024w, https:\/\/congresos.unlp.edu.ar\/jeidap2023\/wp-content\/uploads\/sites\/79\/2023\/10\/encabezado-768x205.jpg 768w\" sizes=\"(max-width: 1200px) 100vw, 1200px\" alt=\"Ilustraci\u00f3n abstracta. Realizada por Mar\u00eda Victoria Iribas\" \t\tclass=\"so-widget-image\"\/>\n\t<\/div>\n\n<\/div><\/div><\/div><\/div><\/div><\/div><div id=\"pg-10-1\"  class=\"panel-grid panel-no-style\" ><div id=\"pgc-10-1-0\"  class=\"panel-grid-cell\" ><div id=\"panel-10-1-0-0\" class=\"so-panel widget widget_sow-editor panel-first-child\" data-index=\"1\" ><div class=\"panel-widget-style panel-widget-style-for-10-1-0-0\" ><div\n\t\t\t\n\t\t\tclass=\"so-widget-sow-editor so-widget-sow-editor-base\"\n\t\t\t\n\t\t>\n<div class=\"siteorigin-widget-tinymce textwidget\">\n\t<h2 style=\"text-align: center\"><span style=\"color: #9c3a4b;font-size: 80px\"><strong>JEIDAP<br \/>\n<\/strong><\/span><span style=\"color: #9c3a4b\"><strong>6\u00ba<\/strong> JORNADAS ESTUDIANTILES<br \/>\nDE INVESTIGACI\u00d3N EN DISCIPLINAS<\/span><br \/>\n<span style=\"color: #9c3a4b;margin-bottom: 0px\">ART\u00cdSTICAS Y PROYECTUALES<\/span><\/h2>\n<h3 style=\"text-align: center\"><span style=\"color: #575757\">\"EXPERIENCIAS Y PR\u00c1CTICAS DE LA FORMACI\u00d3N EN ARTES\"<br \/>\n<\/span><\/h3>\n<h3 style=\"text-align: center\"><span style=\"color: #575757\">Del 2 al 7 de octubre de 2023<\/span><\/h3>\n<p><img loading=\"lazy\" decoding=\"async\" class=\"alignnone size-medium wp-image-85 aligncenter\" src=\"http:\/\/congresos.unlp.edu.ar\/jeidap2023\/wp-content\/uploads\/sites\/79\/2023\/10\/Linea-e1698434189449-300x5.png\" alt=\"\" width=\"300\" height=\"5\" srcset=\"https:\/\/congresos.unlp.edu.ar\/jeidap2023\/wp-content\/uploads\/sites\/79\/2023\/10\/Linea-e1698434189449-300x5.png 300w, https:\/\/congresos.unlp.edu.ar\/jeidap2023\/wp-content\/uploads\/sites\/79\/2023\/10\/Linea-e1698434189449-436x8.png 436w, https:\/\/congresos.unlp.edu.ar\/jeidap2023\/wp-content\/uploads\/sites\/79\/2023\/10\/Linea-e1698434189449.png 456w\" sizes=\"auto, (max-width: 300px) 100vw, 300px\" \/><\/p>\n<\/div>\n<\/div><\/div><\/div><div id=\"panel-10-1-0-1\" class=\"so-panel widget widget_sow-button\" data-index=\"2\" ><div\n\t\t\t\n\t\t\tclass=\"so-widget-sow-button so-widget-sow-button-flat-e42f4ee437c5-10\"\n\t\t\t\n\t\t><div class=\"ow-button-base ow-button-align-center\"\n>\n\t\t\t<a\n\t\t\t\t\thref=\"http:\/\/congresos.unlp.edu.ar\/jeidap2023\/wp-content\/uploads\/sites\/79\/2023\/11\/Programa-6-JEIDAP-1.pdf\"\n\t\t\t\t\tclass=\"sowb-button ow-icon-placement-left ow-button-hover\" target=\"_blank\" rel=\"noopener noreferrer\" download=\"\" \t>\n\t\t<span>\n\t\t\t<span class=\"sow-icon-fontawesome sow-far\" data-sow-icon=\"&#xf15c;\"\n\t\tstyle=\"color: #ffffff\" \n\t\taria-hidden=\"true\"><\/span>\n\t\t\tVer Programa \t\t<\/span>\n\t\t\t<\/a>\n\t<\/div>\n<\/div><\/div><div id=\"panel-10-1-0-2\" class=\"so-panel widget widget_sow-editor panel-last-child\" data-index=\"3\" ><div class=\"panel-widget-style panel-widget-style-for-10-1-0-2\" ><div\n\t\t\t\n\t\t\tclass=\"so-widget-sow-editor so-widget-sow-editor-base\"\n\t\t\t\n\t\t>\n<div class=\"siteorigin-widget-tinymce textwidget\">\n\t<blockquote>\n<p>Las Jornadas tienen como objetivo promover el di\u00e1logo y el intercambio de las investigaciones llevadas a cabo por docentes- investigadores, becarios y alumnos sobre temas relacionados con las disciplinas art\u00edsticas y proyectuales. Los trabajos aqu\u00ed presentados articulan conocimiento, acci\u00f3n, teor\u00eda y pr\u00e1ctica, en el doble prop\u00f3sito que los caracteriza: explicar y comprender cr\u00edticamente la din\u00e1mica de las artes. Sus autores se centran en lenguajes, en marcos te\u00f3ricos y t\u00e9cnicas, produciendo relatos y narrativas acerca de la situaci\u00f3n parad\u00f3jica por la que atraviesa el arte contempor\u00e1neo, centrada en la contingencia del estatuto de lo art\u00edstico y lo proyectual, ante la inestabilidad de sus categor\u00edas y sus espacios de visibilidad.<\/p>\n<\/blockquote>\n<\/div>\n<\/div><\/div><\/div><\/div><\/div><\/div>","protected":false},"excerpt":{"rendered":"<p>JEIDAP 6\u00ba JORNADAS ESTUDIANTILES DE INVESTIGACI\u00d3N EN DISCIPLINAS ART\u00cdSTICAS Y PROYECTUALES &#8220;EXPERIENCIAS Y PR\u00c1CTICAS DE LA FORMACI\u00d3N EN ARTES&#8221; Del 2 al 7 de octubre de 2023 Las Jornadas tienen como objetivo promover el di\u00e1logo y el intercambio de las investigaciones llevadas a cabo por docentes- investigadores, becarios y alumnos sobre temas relacionados con las [&hellip;]<\/p>\n","protected":false},"author":2,"featured_media":26,"parent":0,"menu_order":0,"comment_status":"closed","ping_status":"closed","template":"templates\/template-full-notitle.php","meta":{"advgb_blocks_editor_width":"","advgb_blocks_columns_visual_guide":"","footnotes":""},"class_list":["post-10","page","type-page","status-publish","has-post-thumbnail","hentry","post","post-with-thumbnail","post-with-thumbnail-large"],"aioseo_notices":[],"coauthors":[],"author_meta":{"author_link":"https:\/\/congresos.unlp.edu.ar\/jeidap2023\/author\/congresos\/","display_name":"congresos"},"relative_dates":{"created":"Posted 3 a\u00f1os ago","modified":"Updated 3 a\u00f1os ago"},"absolute_dates":{"created":"Posted on 18 octubre, 2023","modified":"Updated on 1 noviembre, 2023"},"absolute_dates_time":{"created":"Posted on 18 octubre, 2023 12:22 pm","modified":"Updated on 1 noviembre, 2023 11:51 am"},"featured_img_caption":"","featured_img":"https:\/\/congresos.unlp.edu.ar\/jeidap2023\/wp-content\/uploads\/sites\/79\/2023\/10\/encabezado-720x321.jpg","series_order":"","_links":{"self":[{"href":"https:\/\/congresos.unlp.edu.ar\/jeidap2023\/wp-json\/wp\/v2\/pages\/10","targetHints":{"allow":["GET"]}}],"collection":[{"href":"https:\/\/congresos.unlp.edu.ar\/jeidap2023\/wp-json\/wp\/v2\/pages"}],"about":[{"href":"https:\/\/congresos.unlp.edu.ar\/jeidap2023\/wp-json\/wp\/v2\/types\/page"}],"author":[{"embeddable":true,"href":"https:\/\/congresos.unlp.edu.ar\/jeidap2023\/wp-json\/wp\/v2\/users\/2"}],"replies":[{"embeddable":true,"href":"https:\/\/congresos.unlp.edu.ar\/jeidap2023\/wp-json\/wp\/v2\/comments?post=10"}],"version-history":[{"count":0,"href":"https:\/\/congresos.unlp.edu.ar\/jeidap2023\/wp-json\/wp\/v2\/pages\/10\/revisions"}],"wp:featuredmedia":[{"embeddable":true,"href":"https:\/\/congresos.unlp.edu.ar\/jeidap2023\/wp-json\/wp\/v2\/media\/26"}],"wp:attachment":[{"href":"https:\/\/congresos.unlp.edu.ar\/jeidap2023\/wp-json\/wp\/v2\/media?parent=10"}],"curies":[{"name":"wp","href":"https:\/\/api.w.org\/{rel}","templated":true}]}}