{"id":64,"date":"2022-05-11T00:13:00","date_gmt":"2022-05-11T03:13:00","guid":{"rendered":"https:\/\/congresos.unlp.edu.ar\/jeatef\/?page_id=64"},"modified":"2022-05-31T21:50:42","modified_gmt":"2022-06-01T00:50:42","slug":"programa","status":"publish","type":"page","link":"https:\/\/congresos.unlp.edu.ar\/jeatef\/programa\/","title":{"rendered":"Programa"},"content":{"rendered":"<p>Las Jornadas consistir\u00e1n en 6 actividades tipo taller, planteadas de manera que una retome a la otra y se vaya generando un imaginario colectivo. Se conformar\u00e1n grupos de hasta 5 personas que se mantendr\u00e1n a lo largo de la mayor\u00eda de las actividades.<\/p>\n<p>&nbsp;<\/p>\n<p><strong>Viernes 10 de junio<\/strong><\/p>\n<p>9 hs \/ <em>Apertura<\/em><\/p>\n<p>9.15 hs \u2013 10.15 hs \/ <em>Pichi, dispositivo did\u00e1ctico paradigm\u00e1tico<\/em><\/p>\n<p>9.15 hs \u2013 10-15 hs \/ <em>Recorrido sobre historia del TEF y algo m\u00e1s<\/em><\/p>\n<p>10.15 hs \u2013 11.15 hs \/ <em>Intercambio de vivencias sobre el TEF<\/em><\/p>\n<p>11.30 hs \u2013 13 hs \/ <em>Educaci\u00f3n en post-pandemia<\/em><\/p>\n<p>13 hs \u2013 14 hs \/ <em>Receso<\/em><\/p>\n<p>14 hs \u2013 15.30 hs \/ <em>Taller sobre Planificaci\u00f3n con herramientas de Educaci\u00f3n Popular<\/em><\/p>\n<p>15.30 hs \u2013 16 hs \/ <em>Aire Libre Educaci\u00f3n<\/em><\/p>\n<p><strong>S\u00e1bado 11 de junio<\/strong><\/p>\n<p>9 hs \u2013 11 hs \/ <em>Construcci\u00f3n de una trama afectiva<\/em><\/p>\n<p>11.15 hs \u2013 12.45 hs \/ <em>Caracterizaci\u00f3n de experiencias tipo TEF<\/em><\/p>\n<p>12.45 hs \u2013 13 hs \/ <em>Balance y Cierre<\/em><\/p>\n<p>&nbsp;<\/p>\n<p>Proponemos un recorrido que se inicia con actividades que buscan proporcionar y traer a escena herramientas y vivencias del acervo TEFiano y popular y donde salgan a la luz distintas problem\u00e1ticas, para llegar a una donde se busque construir propuestas, haciendo hincapi\u00e9 en la dimensi\u00f3n que nos parece la m\u00e1s ignorada en cuanto a su explicitaci\u00f3n te\u00f3rica: la afectiva. Finalmente, cerraremos con una actividad donde poder usar todo lo reflexionado hasta el momento en pos de caracterizar a las experiencias tipo TEF, organizando y sintetizando colectivamente sus elementos principales en t\u00e9rminos te\u00f3rico-pr\u00e1cticos (praxis educativa) de manera consensuada.<\/p>\n<p>Contemplamos la posibilidad de terminar las Jornadas con un asado, guiso o similar.<\/p>\n","protected":false},"excerpt":{"rendered":"<p>Las Jornadas consistir\u00e1n en 6 actividades tipo taller, planteadas de manera que una retome a la otra y se vaya generando un imaginario colectivo. Se conformar\u00e1n grupos de hasta 5 personas que se mantendr\u00e1n a lo largo de la mayor\u00eda de las actividades. &nbsp; Viernes 10 de junio 9 hs \/ Apertura 9.15 hs \u2013 [&hellip;]<\/p>\n","protected":false},"author":138,"featured_media":0,"parent":0,"menu_order":0,"comment_status":"closed","ping_status":"closed","template":"","meta":{"advgb_blocks_editor_width":"","advgb_blocks_columns_visual_guide":"","footnotes":""},"class_list":["post-64","page","type-page","status-publish","hentry","post"],"aioseo_notices":[],"coauthors":[],"author_meta":{"author_link":"https:\/\/congresos.unlp.edu.ar\/jeatef\/author\/sebastiancabrera\/","display_name":"sebastiancabrera"},"relative_dates":{"created":"Posted 4 a\u00f1os ago","modified":"Updated 4 a\u00f1os ago"},"absolute_dates":{"created":"Posted on 11 mayo, 2022","modified":"Updated on 31 mayo, 2022"},"absolute_dates_time":{"created":"Posted on 11 mayo, 2022 12:13 am","modified":"Updated on 31 mayo, 2022 9:50 pm"},"featured_img_caption":"","featured_img":false,"series_order":"","_links":{"self":[{"href":"https:\/\/congresos.unlp.edu.ar\/jeatef\/wp-json\/wp\/v2\/pages\/64","targetHints":{"allow":["GET"]}}],"collection":[{"href":"https:\/\/congresos.unlp.edu.ar\/jeatef\/wp-json\/wp\/v2\/pages"}],"about":[{"href":"https:\/\/congresos.unlp.edu.ar\/jeatef\/wp-json\/wp\/v2\/types\/page"}],"author":[{"embeddable":true,"href":"https:\/\/congresos.unlp.edu.ar\/jeatef\/wp-json\/wp\/v2\/users\/138"}],"replies":[{"embeddable":true,"href":"https:\/\/congresos.unlp.edu.ar\/jeatef\/wp-json\/wp\/v2\/comments?post=64"}],"version-history":[{"count":0,"href":"https:\/\/congresos.unlp.edu.ar\/jeatef\/wp-json\/wp\/v2\/pages\/64\/revisions"}],"wp:attachment":[{"href":"https:\/\/congresos.unlp.edu.ar\/jeatef\/wp-json\/wp\/v2\/media?parent=64"}],"curies":[{"name":"wp","href":"https:\/\/api.w.org\/{rel}","templated":true}]}}