{"id":52,"date":"2022-05-10T23:38:20","date_gmt":"2022-05-11T02:38:20","guid":{"rendered":"https:\/\/congresos.unlp.edu.ar\/jeatef\/?page_id=52"},"modified":"2022-06-08T23:45:34","modified_gmt":"2022-06-09T02:45:34","slug":"informacion-util","status":"publish","type":"page","link":"https:\/\/congresos.unlp.edu.ar\/jeatef\/informacion-util\/","title":{"rendered":"Informaci\u00f3n \u00fatil"},"content":{"rendered":"<p><strong>Organiza:<\/strong> TEF (Taller de Ense\u00f1anza de F\u00edsica), Facultad de Cs. Naturales y Museo, Universidad Nacional de La Plata, Argentina.<\/p>\n<p><strong>Destinatarios\/as:<\/strong> toda la comunidad educativa, docentes y estudiantes.<\/p>\n<p><strong>Costo:<\/strong> no arancelado.<\/p>\n<p><strong>Fecha:<\/strong> Junio de 2022. Viernes 10 (9 a 16 hs) y s\u00e1bado 11 (9 a 13 hs).<\/p>\n<p><strong>Modalidad:<\/strong> mixta (presencial y virtual).<\/p>\n<p><strong>Lugar <\/strong>(para los participantes presenciales)<strong>:<\/strong> Facultad de Cs. Naturales y Museo, Avenida 122 y 60 &#8211; La Plata &#8211; Buenos Aires \u2013 Argentina.<\/p>\n<p>Viernes: aula A2, s\u00e1bado: aulas A3 o A4.<\/p>\n<p><strong>Plataforma<\/strong> (para los participantes virtuales): <a href=\"https:\/\/aulaswebformacion.ead.unlp.edu.ar\/\">AulasWEB Formaci\u00f3n &#8211; UNLP<\/a>. Es necesario generarse una cuenta en dicha plataforma para luego matricularse en el <a href=\"https:\/\/aulaswebformacion.ead.unlp.edu.ar\/course\/view.php?id=806\">aula virtual de las Jornadas<\/a> (les aceptaremos la solicitud a la brevedad), ya que las salas de videoconferencia est\u00e1n &#8220;dentro&#8221; de la plataforma.<\/p>\n<p><strong>Contacto:<\/strong> <a href=\"mailto:jornadas.tef@gmail.com\">jornadas.tef@gmail.com<\/a><\/p>\n<p>&nbsp;<\/p>\n<p><span style=\"color: #993300\">POR FAVOR, pre-inscribirse para que podamos tener una idea de la cantidad de participantes virtuales y presenciales. Adem\u00e1s, confirmaremos inscripci\u00f3n v\u00eda correo electr\u00f3nico.<\/span><\/p>\n<p><strong>Formulario de pre-inscripci\u00f3n:<\/strong> <a href=\"https:\/\/forms.gle\/eG29LFS1QXMogBzg7\">https:\/\/forms.gle\/eG29LFS1QXMogBzg7<\/a><\/p>\n<p>&nbsp;<\/p>\n<p>Se entregar\u00e1n certificados de asistencia.<\/p>\n","protected":false},"excerpt":{"rendered":"<p>Organiza: TEF (Taller de Ense\u00f1anza de F\u00edsica), Facultad de Cs. Naturales y Museo, Universidad Nacional de La Plata, Argentina. Destinatarios\/as: toda la comunidad educativa, docentes y estudiantes. Costo: no arancelado. Fecha: Junio de 2022. Viernes 10 (9 a 16 hs) y s\u00e1bado 11 (9 a 13 hs). Modalidad: mixta (presencial y virtual). Lugar (para los [&hellip;]<\/p>\n","protected":false},"author":138,"featured_media":0,"parent":0,"menu_order":0,"comment_status":"closed","ping_status":"closed","template":"","meta":{"advgb_blocks_editor_width":"","advgb_blocks_columns_visual_guide":"","footnotes":""},"class_list":["post-52","page","type-page","status-publish","hentry","post"],"aioseo_notices":[],"coauthors":[],"author_meta":{"author_link":"https:\/\/congresos.unlp.edu.ar\/jeatef\/author\/sebastiancabrera\/","display_name":"sebastiancabrera"},"relative_dates":{"created":"Posted 4 a\u00f1os ago","modified":"Updated 4 a\u00f1os ago"},"absolute_dates":{"created":"Posted on 10 mayo, 2022","modified":"Updated on 8 junio, 2022"},"absolute_dates_time":{"created":"Posted on 10 mayo, 2022 11:38 pm","modified":"Updated on 8 junio, 2022 11:45 pm"},"featured_img_caption":"","featured_img":false,"series_order":"","_links":{"self":[{"href":"https:\/\/congresos.unlp.edu.ar\/jeatef\/wp-json\/wp\/v2\/pages\/52","targetHints":{"allow":["GET"]}}],"collection":[{"href":"https:\/\/congresos.unlp.edu.ar\/jeatef\/wp-json\/wp\/v2\/pages"}],"about":[{"href":"https:\/\/congresos.unlp.edu.ar\/jeatef\/wp-json\/wp\/v2\/types\/page"}],"author":[{"embeddable":true,"href":"https:\/\/congresos.unlp.edu.ar\/jeatef\/wp-json\/wp\/v2\/users\/138"}],"replies":[{"embeddable":true,"href":"https:\/\/congresos.unlp.edu.ar\/jeatef\/wp-json\/wp\/v2\/comments?post=52"}],"version-history":[{"count":0,"href":"https:\/\/congresos.unlp.edu.ar\/jeatef\/wp-json\/wp\/v2\/pages\/52\/revisions"}],"wp:attachment":[{"href":"https:\/\/congresos.unlp.edu.ar\/jeatef\/wp-json\/wp\/v2\/media?parent=52"}],"curies":[{"name":"wp","href":"https:\/\/api.w.org\/{rel}","templated":true}]}}