{"id":47,"date":"2022-05-10T23:26:46","date_gmt":"2022-05-11T02:26:46","guid":{"rendered":"https:\/\/congresos.unlp.edu.ar\/jeatef\/?page_id=47"},"modified":"2022-06-06T22:35:26","modified_gmt":"2022-06-07T01:35:26","slug":"actividades","status":"publish","type":"page","link":"https:\/\/congresos.unlp.edu.ar\/jeatef\/actividades\/","title":{"rendered":"Actividades"},"content":{"rendered":"<p><span style=\"color: #993300\"><strong>\u201cEducaci\u00f3n en post-pandemia\u201d<\/strong><\/span><\/p>\n<p>Virtualidad y presencialidad\u2026 \u00bfmodalidad mixta? \u00bfQu\u00e9 es lo que se viene? \u00bfQue hizo cada uno, cada una, en su actividad docente y\/o estudiantil durante la pandemia? \u00bfPudieron desarrollar herramientas y estrategias alternativas? \u00bfPudieron aprovechar lo que ven\u00edan usando? \u00bfCu\u00e1les les parece que son los desaf\u00edos educativos en el contexto pr\u00f3ximo? \u00bfqu\u00e9 educaci\u00f3n plantear para el siglo XXI?<\/p>\n<p><strong>\u00a0<span style=\"color: #993300\">\u201cIntercambio de vivencias sobre el TEF\u201d<\/span><\/strong> (Orientada a quienes han pasado por el mismo)<\/p>\n<p>\u00bfQu\u00e9 qued\u00f3 de lo vivido, a\u00f1os m\u00e1s tarde? \u00bfQu\u00e9 testimonios, an\u00e9cdotas, ideas, aprendizajes\u2026 historia? \u00bfPudieron recorrer otros caminos educativos? \u00bfCu\u00e1les desaf\u00edos tienen hoy? \u00bfEncuentran alguna conexi\u00f3n con el paso por el TEF? Trabajaremos, a partir de las experiencias comunicadas, qu\u00e9 se encuentra en com\u00fan o complementario en relaci\u00f3n al TEF.<\/p>\n<p><strong>\u00a0<span style=\"color: #993300\">\u201cEl <em>Pichi<\/em> como dispositivo did\u00e1ctico paradigm\u00e1tico\u201d <\/span><\/strong>(Orientada a quienes no conocen el TEF)<\/p>\n<p>El \u201c<em>Pichi\u201d<\/em> es un recurso desarrollado en el TEF que sirve para trabajar, en cuanto a conceptos metodol\u00f3gicos, las nociones de observaci\u00f3n e inferencia como puntapi\u00e9 para una discusi\u00f3n m\u00e1s profunda sobre los fundamentos y el alcance del quehacer cient\u00edfico. Tambi\u00e9n resulta una actividad esencial para la gestaci\u00f3n de un clima de clase propicio para el desarrollo de cuestiones actitudinales: trabajo en grupo, colaboraci\u00f3n, di\u00e1logo, escucha, participaci\u00f3n en clase, horizontalidad, vinculaci\u00f3n. En este taller se presentar\u00e1 el <em>\u201cPichi\u201d<\/em> tal como lo usamos en el aula, para luego analizar el potencial did\u00e1ctico de este dispositivo.<\/p>\n<p><span style=\"color: #993300\"><strong>\u201cHerramientas de Educaci\u00f3n Popular\u201d<\/strong><\/span><\/p>\n<p>Taller sobre educaci\u00f3n en el contexto universitario con din\u00e1micas de Educaci\u00f3n Popular. Se abordar\u00e1 planificaci\u00f3n de clases: \u00bfqu\u00e9 elementos tiene una planificaci\u00f3n? \u00bfcual\u00e9s son las preguntas necesarias para hacerse a la hora de planificar? Se trabajar\u00e1 a partir de las propias experiencias de los y las participantes.<\/p>\n<p dir=\"ltr\"><span style=\"color: #993300\"><strong>\u201cLos ni\u00f1os y las ni\u00f1as tienen la palabra y nuestro respeto\u201d<\/strong><\/span><\/p>\n<p dir=\"ltr\">Presenta: escuela Aire Libre Educaci\u00f3n (Gonnet, Buenos Aires).<\/p>\n<p dir=\"ltr\">\u00bfPuede una instituci\u00f3n educativa ser diferente?; donde: \u201ctodos los espacios son aulas\u201d, \u201ctodos y todas saben y escuchan\u201d, \u201ctodos y todas participan democr\u00e1ticamente en la organizaci\u00f3n escolar\u201d, donde la diversidad y la \u201cinclusi\u00f3n plena\u201d, son una riqueza. Los y las invitamos al taller \u201cLa escuela que queremos\u201d.<\/p>\n<p><span style=\"color: #993300\"><strong>\u201cConstrucci\u00f3n de una trama afectiva\u201d<\/strong><\/span><\/p>\n<p>\u00bfQu\u00e9 pasa cuando lo planeado no funciona? \u00bfQu\u00e9 dificultades aparecen? \u00bfUsamos humor? \u00bfY lo gestual? \u00bfQu\u00e9 m\u00e1s?&#8230; Surgen cuestiones que no est\u00e1n expl\u00edcitas en la planificaci\u00f3n, sino que se dan en la pr\u00e1ctica, en la vivencia. En conjunto, trataremos de buscar respuestas a: \u00bfqu\u00e9 lugar ocupa la cuesti\u00f3n humana en una planificaci\u00f3n y en el desarrollo de la clase?<\/p>\n<p><strong>\u00a0<span style=\"color: #993300\">\u201cCaracterizaci\u00f3n del TEF\u201d<\/span><\/strong><\/p>\n<p>\u00bfHay un \u201cmodo TEF\u201d de proponer el trabajo de aula? Si existe \u00bfqu\u00e9 lo caracteriza? \u00bfCu\u00e1les son los elementos principales del acervo te\u00f3rico-pr\u00e1ctico de conocimiento TEFiano? \u00bfPodemos sacar alguna conclusi\u00f3n en este sentido desde lo que haremos en estas Jornadas? Nuestro objetivo es re-visitar la producci\u00f3n did\u00e1ctica que se ha generado a lo largo de los a\u00f1os, proyectando valorizar al TEF e informar al resto de la comunidad educativa lo que se ha hecho.<\/p>\n","protected":false},"excerpt":{"rendered":"<p>\u201cEducaci\u00f3n en post-pandemia\u201d Virtualidad y presencialidad\u2026 \u00bfmodalidad mixta? \u00bfQu\u00e9 es lo que se viene? \u00bfQue hizo cada uno, cada una, en su actividad docente y\/o estudiantil durante la pandemia? \u00bfPudieron desarrollar herramientas y estrategias alternativas? \u00bfPudieron aprovechar lo que ven\u00edan usando? \u00bfCu\u00e1les les parece que son los desaf\u00edos educativos en el contexto pr\u00f3ximo? \u00bfqu\u00e9 educaci\u00f3n [&hellip;]<\/p>\n","protected":false},"author":138,"featured_media":0,"parent":0,"menu_order":0,"comment_status":"closed","ping_status":"closed","template":"","meta":{"advgb_blocks_editor_width":"","advgb_blocks_columns_visual_guide":"","footnotes":""},"class_list":["post-47","page","type-page","status-publish","hentry","post"],"aioseo_notices":[],"coauthors":[],"author_meta":{"author_link":"https:\/\/congresos.unlp.edu.ar\/jeatef\/author\/sebastiancabrera\/","display_name":"sebastiancabrera"},"relative_dates":{"created":"Posted 4 a\u00f1os ago","modified":"Updated 4 a\u00f1os ago"},"absolute_dates":{"created":"Posted on 10 mayo, 2022","modified":"Updated on 6 junio, 2022"},"absolute_dates_time":{"created":"Posted on 10 mayo, 2022 11:26 pm","modified":"Updated on 6 junio, 2022 10:35 pm"},"featured_img_caption":"","featured_img":false,"series_order":"","_links":{"self":[{"href":"https:\/\/congresos.unlp.edu.ar\/jeatef\/wp-json\/wp\/v2\/pages\/47","targetHints":{"allow":["GET"]}}],"collection":[{"href":"https:\/\/congresos.unlp.edu.ar\/jeatef\/wp-json\/wp\/v2\/pages"}],"about":[{"href":"https:\/\/congresos.unlp.edu.ar\/jeatef\/wp-json\/wp\/v2\/types\/page"}],"author":[{"embeddable":true,"href":"https:\/\/congresos.unlp.edu.ar\/jeatef\/wp-json\/wp\/v2\/users\/138"}],"replies":[{"embeddable":true,"href":"https:\/\/congresos.unlp.edu.ar\/jeatef\/wp-json\/wp\/v2\/comments?post=47"}],"version-history":[{"count":0,"href":"https:\/\/congresos.unlp.edu.ar\/jeatef\/wp-json\/wp\/v2\/pages\/47\/revisions"}],"wp:attachment":[{"href":"https:\/\/congresos.unlp.edu.ar\/jeatef\/wp-json\/wp\/v2\/media?parent=47"}],"curies":[{"name":"wp","href":"https:\/\/api.w.org\/{rel}","templated":true}]}}