{"id":45,"date":"2022-05-10T23:25:48","date_gmt":"2022-05-11T02:25:48","guid":{"rendered":"https:\/\/congresos.unlp.edu.ar\/jeatef\/?page_id=45"},"modified":"2022-05-10T23:25:48","modified_gmt":"2022-05-11T02:25:48","slug":"ejes-tematicos","status":"publish","type":"page","link":"https:\/\/congresos.unlp.edu.ar\/jeatef\/ejes-tematicos\/","title":{"rendered":"Ejes tem\u00e1ticos"},"content":{"rendered":"<p>Propuestos, no excluyentes:<\/p>\n<ul>\n<li>Educaci\u00f3n en post-pandemia: pr\u00f3ximos desaf\u00edos. Virtualidad y presencialidad. \u00bfQu\u00e9 educaci\u00f3n necesitamos para el siglo XXI?<\/li>\n<li>Planificaci\u00f3n y desarrollo de las clases: ampliando las categor\u00edas de an\u00e1lisis.<\/li>\n<li>Confecci\u00f3n de la trama afectiva en la dimensi\u00f3n actitudinal del aula.<\/li>\n<li>Experiencias tipo TEF: caracterizaci\u00f3n y aportes como espacios singulares e innovadores.<\/li>\n<\/ul>\n","protected":false},"excerpt":{"rendered":"<p>Propuestos, no excluyentes: Educaci\u00f3n en post-pandemia: pr\u00f3ximos desaf\u00edos. Virtualidad y presencialidad. \u00bfQu\u00e9 educaci\u00f3n necesitamos para el siglo XXI? Planificaci\u00f3n y desarrollo de las clases: ampliando las categor\u00edas de an\u00e1lisis. Confecci\u00f3n de la trama afectiva en la dimensi\u00f3n actitudinal del aula. Experiencias tipo TEF: caracterizaci\u00f3n y aportes como espacios singulares e innovadores.<\/p>\n","protected":false},"author":138,"featured_media":0,"parent":0,"menu_order":0,"comment_status":"closed","ping_status":"closed","template":"","meta":{"advgb_blocks_editor_width":"","advgb_blocks_columns_visual_guide":"","footnotes":""},"class_list":["post-45","page","type-page","status-publish","hentry","post"],"aioseo_notices":[],"coauthors":[],"author_meta":{"author_link":"https:\/\/congresos.unlp.edu.ar\/jeatef\/author\/sebastiancabrera\/","display_name":"sebastiancabrera"},"relative_dates":{"created":"Posted 4 a\u00f1os ago","modified":"Updated 4 a\u00f1os ago"},"absolute_dates":{"created":"Posted on 10 mayo, 2022","modified":"Updated on 10 mayo, 2022"},"absolute_dates_time":{"created":"Posted on 10 mayo, 2022 11:25 pm","modified":"Updated on 10 mayo, 2022 11:25 pm"},"featured_img_caption":"","featured_img":false,"series_order":"","_links":{"self":[{"href":"https:\/\/congresos.unlp.edu.ar\/jeatef\/wp-json\/wp\/v2\/pages\/45","targetHints":{"allow":["GET"]}}],"collection":[{"href":"https:\/\/congresos.unlp.edu.ar\/jeatef\/wp-json\/wp\/v2\/pages"}],"about":[{"href":"https:\/\/congresos.unlp.edu.ar\/jeatef\/wp-json\/wp\/v2\/types\/page"}],"author":[{"embeddable":true,"href":"https:\/\/congresos.unlp.edu.ar\/jeatef\/wp-json\/wp\/v2\/users\/138"}],"replies":[{"embeddable":true,"href":"https:\/\/congresos.unlp.edu.ar\/jeatef\/wp-json\/wp\/v2\/comments?post=45"}],"version-history":[{"count":0,"href":"https:\/\/congresos.unlp.edu.ar\/jeatef\/wp-json\/wp\/v2\/pages\/45\/revisions"}],"wp:attachment":[{"href":"https:\/\/congresos.unlp.edu.ar\/jeatef\/wp-json\/wp\/v2\/media?parent=45"}],"curies":[{"name":"wp","href":"https:\/\/api.w.org\/{rel}","templated":true}]}}