{"id":8,"date":"2024-11-27T12:35:40","date_gmt":"2024-11-27T15:35:40","guid":{"rendered":"https:\/\/congresos.unlp.edu.ar\/jai-pba\/?page_id=8"},"modified":"2025-06-04T09:10:00","modified_gmt":"2025-06-04T12:10:00","slug":"inicio","status":"publish","type":"page","link":"https:\/\/congresos.unlp.edu.ar\/jai-pba\/","title":{"rendered":"Inicio"},"content":{"rendered":"<p><img loading=\"lazy\" decoding=\"async\" class=\"alignnone size-medium wp-image-172\" src=\"http:\/\/congresos.unlp.edu.ar\/jai-pba\/wp-content\/uploads\/sites\/95\/2025\/03\/2Banner-JAICBA-300x167.jpg\" alt=\"\" width=\"1080\" height=\"600\" srcset=\"https:\/\/congresos.unlp.edu.ar\/jai-pba\/wp-content\/uploads\/sites\/95\/2025\/03\/2Banner-JAICBA-300x167.jpg 300w, https:\/\/congresos.unlp.edu.ar\/jai-pba\/wp-content\/uploads\/sites\/95\/2025\/03\/2Banner-JAICBA-1024x569.jpg 1024w, https:\/\/congresos.unlp.edu.ar\/jai-pba\/wp-content\/uploads\/sites\/95\/2025\/03\/2Banner-JAICBA-768x427.jpg 768w, https:\/\/congresos.unlp.edu.ar\/jai-pba\/wp-content\/uploads\/sites\/95\/2025\/03\/2Banner-JAICBA.jpg 1080w\" sizes=\"auto, (max-width: 1080px) 100vw, 1080px\" \/><br \/>\nSe invita a estudiantes, docentes, investigadores y profesionales a participar de las <span style=\"color: #1fa3c4\">1\u00aa Jornadas de la Academia de Ingenier\u00eda de la Provincia de Buenos Aires (JAI\u2013PBA).<\/span> Se llevar\u00e1n a cabo el <strong>jueves 5 de junio de 2025<\/strong>, de 16 a 20.30 hs, en la Facultad de Ingenier\u00eda de la UNLP y en relaci\u00f3n directa con la Comisi\u00f3n de investigaciones Cient\u00edficas de la Provincia de Buenos Aires (CICPBA) y con otras universidades con sede en esta Provincia.<\/p>\n<p><strong>Modalidad: <\/strong>H\u00edbrida.<\/p>\n<p>Con transmisi\u00f3n en vivo <a href=\"https:\/\/youtube.com\/live\/CT9NtTdOlM0?feature=share\" target=\"_blank\" rel=\"noopener\">AQU\u00cd &gt;&gt;<\/a><\/p>\n<p><strong>Tem\u00e1ticas: <\/strong>de inter\u00e9s t\u00e9cnico para Argentina y en particular la Provincia de Buenos Aires.<\/p>\n<p><strong>Paneles:<\/strong> Energ\u00eda y Agua.<\/p>\n<p><strong>Lugar: <\/strong>Departamento de Hidr\u00e1ulica, Facultad de Ingenier\u00eda, UNLP.<\/p>\n","protected":false},"excerpt":{"rendered":"<p>Se invita a estudiantes, docentes, investigadores y profesionales a participar de las 1\u00aa Jornadas de la Academia de Ingenier\u00eda de la Provincia de Buenos Aires (JAI\u2013PBA). Se llevar\u00e1n a cabo el jueves 5 de junio de 2025, de 16 a 20.30 hs, en la Facultad de Ingenier\u00eda de la UNLP y en relaci\u00f3n directa con [&hellip;]<\/p>\n","protected":false},"author":2,"featured_media":0,"parent":0,"menu_order":0,"comment_status":"closed","ping_status":"closed","template":"","meta":{"advgb_blocks_editor_width":"","advgb_blocks_columns_visual_guide":"","footnotes":""},"class_list":["post-8","page","type-page","status-publish","hentry","post"],"aioseo_notices":[],"coauthors":[],"author_meta":{"author_link":"https:\/\/congresos.unlp.edu.ar\/jai-pba\/author\/congresos\/","display_name":"congresos"},"relative_dates":{"created":"Posted 1 a\u00f1o ago","modified":"Updated 10 meses ago"},"absolute_dates":{"created":"Posted on 27 noviembre, 2024","modified":"Updated on 4 junio, 2025"},"absolute_dates_time":{"created":"Posted on 27 noviembre, 2024 12:35 pm","modified":"Updated on 4 junio, 2025 9:10 am"},"featured_img_caption":"","featured_img":false,"series_order":"","_links":{"self":[{"href":"https:\/\/congresos.unlp.edu.ar\/jai-pba\/wp-json\/wp\/v2\/pages\/8","targetHints":{"allow":["GET"]}}],"collection":[{"href":"https:\/\/congresos.unlp.edu.ar\/jai-pba\/wp-json\/wp\/v2\/pages"}],"about":[{"href":"https:\/\/congresos.unlp.edu.ar\/jai-pba\/wp-json\/wp\/v2\/types\/page"}],"author":[{"embeddable":true,"href":"https:\/\/congresos.unlp.edu.ar\/jai-pba\/wp-json\/wp\/v2\/users\/2"}],"replies":[{"embeddable":true,"href":"https:\/\/congresos.unlp.edu.ar\/jai-pba\/wp-json\/wp\/v2\/comments?post=8"}],"version-history":[{"count":0,"href":"https:\/\/congresos.unlp.edu.ar\/jai-pba\/wp-json\/wp\/v2\/pages\/8\/revisions"}],"wp:attachment":[{"href":"https:\/\/congresos.unlp.edu.ar\/jai-pba\/wp-json\/wp\/v2\/media?parent=8"}],"curies":[{"name":"wp","href":"https:\/\/api.w.org\/{rel}","templated":true}]}}