{"id":34,"date":"2024-11-27T13:09:50","date_gmt":"2024-11-27T16:09:50","guid":{"rendered":"https:\/\/congresos.unlp.edu.ar\/jai-pba\/?page_id=34"},"modified":"2025-05-15T09:18:17","modified_gmt":"2025-05-15T12:18:17","slug":"presentacion-de-trabajos","status":"publish","type":"page","link":"https:\/\/congresos.unlp.edu.ar\/jai-pba\/presentacion-de-trabajos\/","title":{"rendered":"Convocatoria &#8220;Distinci\u00f3n Academia&#8221;"},"content":{"rendered":"<h4><span style=\"color: #358fa6\"><strong>Resultados de las Evaluaciones de trabajos presentados a la Distinci\u00f3n de la Academia de Ingenier\u00eda PBA<\/strong><\/span><\/h4>\n<p>Completada la evaluaci\u00f3n realizada por la Academia de Ingenier\u00eda de la Provincia de Bs. As. se ha decidido otorgar la Distinci\u00f3n de la Academia a los trabajos:<\/p>\n<ul>\n<li><strong><em>Alternativas para el pasaje de Agua en Planicie Banderita ante una eventual falla de la Central Hidroel\u00e9ctrica.<\/em><\/strong><strong><em><br \/>\n<\/em><\/strong><\/li>\n<li><strong><em>Proyecto Parque Solar Estanquito 2024<\/em><\/strong><strong><em><br \/>\n<\/em><\/strong><\/li>\n<\/ul>\n<p><strong><em>\u00a0<\/em><\/strong>Asimismo vista la calidad de los trabajos presentados se han propuesto 3 Menciones especiales a los trabajos:<\/p>\n<ul>\n<li><strong><em>Primer parque e\u00f3lico offshore de la Argentina<\/em><\/strong><strong><em><br \/>\n<\/em><\/strong><\/li>\n<\/ul>\n<ul>\n<li><strong><em>Purificaci\u00f3n de Agua para hogares: soluciones econ\u00f3micas y eficientes<\/em><\/strong><strong><em><br \/>\n<\/em><\/strong><\/li>\n<\/ul>\n<ul>\n<li><strong><em>Telemetr\u00eda aplicada a Transformadores de distribuci\u00f3n.<\/em><\/strong><\/li>\n<\/ul>\n<hr \/>\n<h4><span style=\"color: #1fa3c4\"><img loading=\"lazy\" decoding=\"async\" class=\"alignnone size-medium wp-image-100\" src=\"http:\/\/congresos.unlp.edu.ar\/jai-pba\/wp-content\/uploads\/sites\/95\/2024\/12\/pngegg3-300x300.png\" alt=\"\" width=\"60\" height=\"300\" \/><strong>PARA TRABAJOS FINALES \/ PPS DE ALUMNOS\u00a0<\/strong><\/span><\/h4>\n<ul>\n<li>Se podr\u00e1n presentar s\u00edntesis de hasta 10 p\u00e1ginas de Trabajos Finales o Informes de Pr\u00e1cticas Profesionales Supervisadas (PPS) de las carreras de Ingenier\u00eda de las Universidades con sede en la Provincia, que tengan relaci\u00f3n con la tem\u00e1tica de las Jornadas (en 2025 AGUA y\/o ENERG\u00cdA).<\/li>\n<li>Estos Trabajos Finales o PPS deben estar aprobadas por Universidades de la Provincia de Buenos Aires entre el <strong>01\/03\/2023 y el 28\/02\/2025.<\/strong><\/li>\n<li>El o los trabajos distinguidos ser\u00e1n publicados en versi\u00f3n final en la Revista IN-GENIUM que edita la Academia de Ingenier\u00eda de la Provincia de Buenos Aires.<\/li>\n<li>Sus autores ser\u00e1n distinguidos en forma presencial en el inicio de las Jornadas de la Academia de Ingenier\u00eda de la Provincia de Bs. As. (JAI-PBA).<\/li>\n<\/ul>\n<h4><strong><span style=\"color: #1fa3c4\">FORMATO<\/span><br \/>\n<\/strong><\/h4>\n<ul>\n<li>Lenguaje: castellano<\/li>\n<li>Tama\u00f1o de papel: A4. Extensi\u00f3n m\u00e1xima: 10 p\u00e1ginas.<\/li>\n<li>M\u00e1rgenes: superior 3 cm; inferior, derecho e izquierdo 2 cm.<\/li>\n<li>Fuentes: Times New Roman 12 para el texto.<\/li>\n<li>Justificaci\u00f3n a ambos m\u00e1rgenes. P\u00e1ginas sin numerar.<\/li>\n<\/ul>\n<p><em><strong>\u00a0<\/strong><strong>El texto debe incluir:<\/strong><\/em><\/p>\n<ul>\n<li>T\u00edtulo del trabajo, datos del\/a autor\/a y director\/es\/as del trabajo, datos de la Facultad y Universidad en la que se desarroll\u00f3, fecha de exposici\u00f3n y una s\u00edntesis de su contenido (tipo paper cient\u00edfico) especificando la motivaci\u00f3n, el aporte del trabajo y las posibles l\u00edneas de investigaci\u00f3n\/desarrollo futuras.<\/li>\n<li>Presentaci\u00f3n final del documento en formato editable (WORD, RTF o similar).<\/li>\n<\/ul>\n<h4><span style=\"color: #1fa3c4\"><strong>ENV\u00cdO DE TRABAJOS<\/strong><\/span><\/h4>\n<p><a href=\"mailto:acaingjornadas@gmail.com\">acaingjornadas@gmail.com<\/a><\/p>\n","protected":false},"excerpt":{"rendered":"<p>Resultados de las Evaluaciones de trabajos presentados a la Distinci\u00f3n de la Academia de Ingenier\u00eda PBA Completada la evaluaci\u00f3n realizada por la Academia de Ingenier\u00eda de la Provincia de Bs. As. se ha decidido otorgar la Distinci\u00f3n de la Academia a los trabajos: Alternativas para el pasaje de Agua en Planicie Banderita ante una eventual [&hellip;]<\/p>\n","protected":false},"author":2,"featured_media":0,"parent":0,"menu_order":0,"comment_status":"closed","ping_status":"closed","template":"","meta":{"advgb_blocks_editor_width":"","advgb_blocks_columns_visual_guide":"","footnotes":""},"class_list":["post-34","page","type-page","status-publish","hentry","post"],"aioseo_notices":[],"coauthors":[],"author_meta":{"author_link":"https:\/\/congresos.unlp.edu.ar\/jai-pba\/author\/congresos\/","display_name":"congresos"},"relative_dates":{"created":"Posted 1 a\u00f1o ago","modified":"Updated 11 meses ago"},"absolute_dates":{"created":"Posted on 27 noviembre, 2024","modified":"Updated on 15 mayo, 2025"},"absolute_dates_time":{"created":"Posted on 27 noviembre, 2024 1:09 pm","modified":"Updated on 15 mayo, 2025 9:18 am"},"featured_img_caption":"","featured_img":false,"series_order":"","_links":{"self":[{"href":"https:\/\/congresos.unlp.edu.ar\/jai-pba\/wp-json\/wp\/v2\/pages\/34","targetHints":{"allow":["GET"]}}],"collection":[{"href":"https:\/\/congresos.unlp.edu.ar\/jai-pba\/wp-json\/wp\/v2\/pages"}],"about":[{"href":"https:\/\/congresos.unlp.edu.ar\/jai-pba\/wp-json\/wp\/v2\/types\/page"}],"author":[{"embeddable":true,"href":"https:\/\/congresos.unlp.edu.ar\/jai-pba\/wp-json\/wp\/v2\/users\/2"}],"replies":[{"embeddable":true,"href":"https:\/\/congresos.unlp.edu.ar\/jai-pba\/wp-json\/wp\/v2\/comments?post=34"}],"version-history":[{"count":0,"href":"https:\/\/congresos.unlp.edu.ar\/jai-pba\/wp-json\/wp\/v2\/pages\/34\/revisions"}],"wp:attachment":[{"href":"https:\/\/congresos.unlp.edu.ar\/jai-pba\/wp-json\/wp\/v2\/media?parent=34"}],"curies":[{"name":"wp","href":"https:\/\/api.w.org\/{rel}","templated":true}]}}