{"id":29,"date":"2024-11-27T13:09:50","date_gmt":"2024-11-27T16:09:50","guid":{"rendered":"https:\/\/congresos.unlp.edu.ar\/jai-pba\/?page_id=29"},"modified":"2025-02-18T20:13:03","modified_gmt":"2025-02-18T23:13:03","slug":"comite-organizador","status":"publish","type":"page","link":"https:\/\/congresos.unlp.edu.ar\/jai-pba\/comite-organizador\/","title":{"rendered":"Comit\u00e9 organizador"},"content":{"rendered":"<p><img loading=\"lazy\" decoding=\"async\" class=\"size-medium wp-image-131 alignleft\" src=\"http:\/\/congresos.unlp.edu.ar\/jai-pba\/wp-content\/uploads\/sites\/95\/2025\/02\/group_17041151-300x300.png\" alt=\"\" width=\"60\" height=\"60\" srcset=\"https:\/\/congresos.unlp.edu.ar\/jai-pba\/wp-content\/uploads\/sites\/95\/2025\/02\/group_17041151-300x300.png 300w, https:\/\/congresos.unlp.edu.ar\/jai-pba\/wp-content\/uploads\/sites\/95\/2025\/02\/group_17041151-150x150.png 150w, https:\/\/congresos.unlp.edu.ar\/jai-pba\/wp-content\/uploads\/sites\/95\/2025\/02\/group_17041151.png 512w\" sizes=\"auto, (max-width: 60px) 100vw, 60px\" \/><\/p>\n<h4><span style=\"color: #1fa3c4\"><strong>Comit\u00e9 Organizador (Acad\u00e9micos Titulares)<\/strong><\/span><\/h4>\n<p><strong>Coordinaci\u00f3n:<\/strong> Ing. Armando De Giusti. Presidente Academia Ingenier\u00eda PBA<\/p>\n<p>ARNERA, Patricia L.<br \/>\nBACCHIEGA, Jorge Daniel<br \/>\nBARBIERI, Mar\u00eda Beatriz<br \/>\nBASSO, Gustavo<br \/>\nBATTAIOTTO, Pedro E.<br \/>\nBLASCO DIEZ, Julio A.<br \/>\nFAGAN Roberto<br \/>\nFLORES, Roberto<br \/>\nGIOVAMBATTISTA, Alberto<br \/>\nHERN\u00c1NDEZ BALAT, Victorio<br \/>\nIGOLNIKOW, Roberto<br \/>\nIRASSAR, Edgardo Fabi\u00e1n<br \/>\nLISCIA, Sergio<br \/>\nLOPARDO, Ra\u00fal A.<br \/>\nMAYOSKY, Miguel Angel<br \/>\nMURAVCHIK, Carlos<br \/>\nOCTTINGER, Carlos<br \/>\nRINGEGNI, Pablo L.<br \/>\nTRAVERSA, Lu\u00eds P.<br \/>\nVALLA, Mar\u00eda In\u00e9s<br \/>\nVAZQUEZ Anal\u00eda<br \/>\nVENERO, Alberto<br \/>\nZARITZKY, Noem\u00ed E.<br \/>\nZERBINO, Ra\u00fal L.<\/p>\n","protected":false},"excerpt":{"rendered":"<p>Comit\u00e9 Organizador (Acad\u00e9micos Titulares) Coordinaci\u00f3n: Ing. Armando De Giusti. Presidente Academia Ingenier\u00eda PBA ARNERA, Patricia L. BACCHIEGA, Jorge Daniel BARBIERI, Mar\u00eda Beatriz BASSO, Gustavo BATTAIOTTO, Pedro E. BLASCO DIEZ, Julio A. FAGAN Roberto FLORES, Roberto GIOVAMBATTISTA, Alberto HERN\u00c1NDEZ BALAT, Victorio IGOLNIKOW, Roberto IRASSAR, Edgardo Fabi\u00e1n LISCIA, Sergio LOPARDO, Ra\u00fal A. MAYOSKY, Miguel Angel MURAVCHIK, Carlos [&hellip;]<\/p>\n","protected":false},"author":2,"featured_media":0,"parent":0,"menu_order":0,"comment_status":"closed","ping_status":"closed","template":"","meta":{"advgb_blocks_editor_width":"","advgb_blocks_columns_visual_guide":"","footnotes":""},"class_list":["post-29","page","type-page","status-publish","hentry","post"],"aioseo_notices":[],"coauthors":[],"author_meta":{"author_link":"https:\/\/congresos.unlp.edu.ar\/jai-pba\/author\/congresos\/","display_name":"congresos"},"relative_dates":{"created":"Posted 1 a\u00f1o ago","modified":"Updated 1 a\u00f1o ago"},"absolute_dates":{"created":"Posted on 27 noviembre, 2024","modified":"Updated on 18 febrero, 2025"},"absolute_dates_time":{"created":"Posted on 27 noviembre, 2024 1:09 pm","modified":"Updated on 18 febrero, 2025 8:13 pm"},"featured_img_caption":"","featured_img":false,"series_order":"","_links":{"self":[{"href":"https:\/\/congresos.unlp.edu.ar\/jai-pba\/wp-json\/wp\/v2\/pages\/29","targetHints":{"allow":["GET"]}}],"collection":[{"href":"https:\/\/congresos.unlp.edu.ar\/jai-pba\/wp-json\/wp\/v2\/pages"}],"about":[{"href":"https:\/\/congresos.unlp.edu.ar\/jai-pba\/wp-json\/wp\/v2\/types\/page"}],"author":[{"embeddable":true,"href":"https:\/\/congresos.unlp.edu.ar\/jai-pba\/wp-json\/wp\/v2\/users\/2"}],"replies":[{"embeddable":true,"href":"https:\/\/congresos.unlp.edu.ar\/jai-pba\/wp-json\/wp\/v2\/comments?post=29"}],"version-history":[{"count":0,"href":"https:\/\/congresos.unlp.edu.ar\/jai-pba\/wp-json\/wp\/v2\/pages\/29\/revisions"}],"wp:attachment":[{"href":"https:\/\/congresos.unlp.edu.ar\/jai-pba\/wp-json\/wp\/v2\/media?parent=29"}],"curies":[{"name":"wp","href":"https:\/\/api.w.org\/{rel}","templated":true}]}}