{"id":28,"date":"2024-11-27T13:09:50","date_gmt":"2024-11-27T16:09:50","guid":{"rendered":"https:\/\/congresos.unlp.edu.ar\/jai-pba\/?page_id=28"},"modified":"2025-02-18T20:03:32","modified_gmt":"2025-02-18T23:03:32","slug":"bienvenida","status":"publish","type":"page","link":"https:\/\/congresos.unlp.edu.ar\/jai-pba\/bienvenida\/","title":{"rendered":"Objetivo"},"content":{"rendered":"<p>Las Jornadas de la Academia de Ingenier\u00eda de la Provincia de Buenos Aires (JAI\u2013PBA) tienen como objetivo el an\u00e1lisis de problem\u00e1ticas relacionadas con la Ingenier\u00eda, que sean de inter\u00e9s para el pa\u00eds y en particular para la Provincia de Buenos Aires, mediante un encuentro acad\u00e9mico anual.<\/p>\n<p>Se realizar\u00e1n en modalidad h\u00edbrida, con una locaci\u00f3n presencial en la Facultad de Ingenier\u00eda de la Universidad Nacional de La Plata y en relaci\u00f3n directa con la Comisi\u00f3n de Investigaciones Cient\u00edficas de la Provincia de Buenos Aires y con otras Universidades con sede en la Provincia.<\/p>\n<p>Est\u00e1n destinadas a sensibilizar en problem\u00e1ticas de importancia para el pa\u00eds y la provincia, buscando la interacci\u00f3n con alumnos de Ingenier\u00eda, con docentes e investigadores en las tem\u00e1ticas planteadas y con profesionales y decisores pol\u00edticos interesados en aspectos t\u00e9cnicos que puedan presentarse por especialistas convocados por la Academia de Ingenier\u00eda de la Provincia de Buenos Aires.<\/p>\n<p>En el marco de estas jornadas, tambi\u00e9n se realiza la convocatoria \u201cDistinci\u00f3n Academia\u201d, por la cual se reconocer\u00e1n los mejores Trabajos Finales o Pr\u00e1cticas Profesionales Supervisadas que han sido realizados por j\u00f3venes alumnos de grado de carreras de Ingenier\u00eda de Universidades con sede en la Provincia de Buenos Aires, en las tem\u00e1ticas que se desarrollen en cada edici\u00f3n de las Jornadas.<\/p>\n","protected":false},"excerpt":{"rendered":"<p>Las Jornadas de la Academia de Ingenier\u00eda de la Provincia de Buenos Aires (JAI\u2013PBA) tienen como objetivo el an\u00e1lisis de problem\u00e1ticas relacionadas con la Ingenier\u00eda, que sean de inter\u00e9s para el pa\u00eds y en particular para la Provincia de Buenos Aires, mediante un encuentro acad\u00e9mico anual. Se realizar\u00e1n en modalidad h\u00edbrida, con una locaci\u00f3n presencial [&hellip;]<\/p>\n","protected":false},"author":2,"featured_media":0,"parent":0,"menu_order":0,"comment_status":"closed","ping_status":"closed","template":"","meta":{"advgb_blocks_editor_width":"","advgb_blocks_columns_visual_guide":"","footnotes":""},"class_list":["post-28","page","type-page","status-publish","hentry","post"],"aioseo_notices":[],"coauthors":[],"author_meta":{"author_link":"https:\/\/congresos.unlp.edu.ar\/jai-pba\/author\/congresos\/","display_name":"congresos"},"relative_dates":{"created":"Posted 1 a\u00f1o ago","modified":"Updated 1 a\u00f1o ago"},"absolute_dates":{"created":"Posted on 27 noviembre, 2024","modified":"Updated on 18 febrero, 2025"},"absolute_dates_time":{"created":"Posted on 27 noviembre, 2024 1:09 pm","modified":"Updated on 18 febrero, 2025 8:03 pm"},"featured_img_caption":"","featured_img":false,"series_order":"","_links":{"self":[{"href":"https:\/\/congresos.unlp.edu.ar\/jai-pba\/wp-json\/wp\/v2\/pages\/28","targetHints":{"allow":["GET"]}}],"collection":[{"href":"https:\/\/congresos.unlp.edu.ar\/jai-pba\/wp-json\/wp\/v2\/pages"}],"about":[{"href":"https:\/\/congresos.unlp.edu.ar\/jai-pba\/wp-json\/wp\/v2\/types\/page"}],"author":[{"embeddable":true,"href":"https:\/\/congresos.unlp.edu.ar\/jai-pba\/wp-json\/wp\/v2\/users\/2"}],"replies":[{"embeddable":true,"href":"https:\/\/congresos.unlp.edu.ar\/jai-pba\/wp-json\/wp\/v2\/comments?post=28"}],"version-history":[{"count":0,"href":"https:\/\/congresos.unlp.edu.ar\/jai-pba\/wp-json\/wp\/v2\/pages\/28\/revisions"}],"wp:attachment":[{"href":"https:\/\/congresos.unlp.edu.ar\/jai-pba\/wp-json\/wp\/v2\/media?parent=28"}],"curies":[{"name":"wp","href":"https:\/\/api.w.org\/{rel}","templated":true}]}}