{"id":79,"date":"2021-07-13T17:04:45","date_gmt":"2021-07-13T20:04:45","guid":{"rendered":"https:\/\/congresos.unlp.edu.ar\/jaf\/?page_id=79"},"modified":"2025-05-29T00:04:03","modified_gmt":"2025-05-29T03:04:03","slug":"inscripciones","status":"publish","type":"page","link":"https:\/\/congresos.unlp.edu.ar\/jaf\/inscripciones\/","title":{"rendered":"Inscripciones"},"content":{"rendered":"<p><strong>FORMULARIO DE PREINSCRIPCI\u00d3N:\u00a0 https:\/\/forms.gle\/YqoFfSxKErdtxxHf9\u00a0<\/strong><\/p>\n<p><strong>\u00a0<\/strong>Les solicitamos completar los datos del siguiente formulario para realizar la Pre-inscripci\u00f3n a las 12mas jornadas de agricultura familiar. El mismo es de gran importancia para la organizaci\u00f3n del evento.<\/p>\n<div>Deber\u00e1n confirmar la inscripci\u00f3n en los eventos que participen , \u00a0para \u00a0poder acceder al certificado de asistente.<br \/>\nGracias y los esperamos!<br \/>\nComisi\u00f3n Organizadora<\/div>\n<div><\/div>\n<div>\n<div><strong>INSCRIPCIONES ESPEC\u00cdFICAS POR CADA MESA DE TRABAJO<\/strong><\/div>\n<\/div>\n<p><strong>\u00a0Podes anotarte previamente a trav\u00e9s de los formularios que encontrar\u00e1s cerca de la fecha de las jornadas, en la solapa &#8220;Mesas de Trabajo&#8221; de esta p\u00e1gina<\/strong><\/p>\n","protected":false},"excerpt":{"rendered":"<p>FORMULARIO DE PREINSCRIPCI\u00d3N:\u00a0 https:\/\/forms.gle\/YqoFfSxKErdtxxHf9\u00a0 \u00a0Les solicitamos completar los datos del siguiente formulario para realizar la Pre-inscripci\u00f3n a las 12mas jornadas de agricultura familiar. El mismo es de gran importancia para la organizaci\u00f3n del evento. Deber\u00e1n confirmar la inscripci\u00f3n en los eventos que participen , \u00a0para \u00a0poder acceder al certificado de asistente. Gracias y los esperamos! [&hellip;]<\/p>\n","protected":false},"author":100,"featured_media":0,"parent":0,"menu_order":0,"comment_status":"closed","ping_status":"closed","template":"","meta":{"advgb_blocks_editor_width":"","advgb_blocks_columns_visual_guide":"","footnotes":""},"class_list":["post-79","page","type-page","status-publish","hentry","post"],"aioseo_notices":[],"coauthors":[],"author_meta":{"author_link":"https:\/\/congresos.unlp.edu.ar\/jaf\/author\/compagnuccimateo\/","display_name":"compagnuccimateo"},"relative_dates":{"created":"Posted 5 a\u00f1os ago","modified":"Updated 11 meses ago"},"absolute_dates":{"created":"Posted on 13 julio, 2021","modified":"Updated on 29 mayo, 2025"},"absolute_dates_time":{"created":"Posted on 13 julio, 2021 5:04 pm","modified":"Updated on 29 mayo, 2025 12:04 am"},"featured_img_caption":"","featured_img":false,"series_order":"","_links":{"self":[{"href":"https:\/\/congresos.unlp.edu.ar\/jaf\/wp-json\/wp\/v2\/pages\/79","targetHints":{"allow":["GET"]}}],"collection":[{"href":"https:\/\/congresos.unlp.edu.ar\/jaf\/wp-json\/wp\/v2\/pages"}],"about":[{"href":"https:\/\/congresos.unlp.edu.ar\/jaf\/wp-json\/wp\/v2\/types\/page"}],"author":[{"embeddable":true,"href":"https:\/\/congresos.unlp.edu.ar\/jaf\/wp-json\/wp\/v2\/users\/100"}],"replies":[{"embeddable":true,"href":"https:\/\/congresos.unlp.edu.ar\/jaf\/wp-json\/wp\/v2\/comments?post=79"}],"version-history":[{"count":0,"href":"https:\/\/congresos.unlp.edu.ar\/jaf\/wp-json\/wp\/v2\/pages\/79\/revisions"}],"wp:attachment":[{"href":"https:\/\/congresos.unlp.edu.ar\/jaf\/wp-json\/wp\/v2\/media?parent=79"}],"curies":[{"name":"wp","href":"https:\/\/api.w.org\/{rel}","templated":true}]}}