{"id":159,"date":"2021-07-15T07:28:21","date_gmt":"2021-07-15T10:28:21","guid":{"rendered":"https:\/\/congresos.unlp.edu.ar\/jaf\/?page_id=159"},"modified":"2025-05-28T23:59:04","modified_gmt":"2025-05-29T02:59:04","slug":"sobre-las-jornadas","status":"publish","type":"page","link":"https:\/\/congresos.unlp.edu.ar\/jaf\/sobre-las-jornadas\/","title":{"rendered":"Sobre las Jornadas"},"content":{"rendered":"<p>La Agricultura Familiar constituye el sector productivo que produce la mayor\u00eda de los alimentos que forman la mesa de las familias argentinas. Analizar su identidad e historia, fortalecer su visibilidad, tanto desde la organizaci\u00f3n de los productores, como desde la orientaci\u00f3n de las pol\u00edticas p\u00fablicas hacia el sector, se constituye en el sentido mismo de la organizaci\u00f3n de estas jornadas.<\/p>\n<p>Estos encuentros tienen como objetivo principal, construir en y desde la universidad un espacio donde se puedan dar a conocer y articular las distintas experiencias con productores que conforman la Agricultura Familiar. Generar un espacio que a su vez aporte hacia la construcci\u00f3n colectiva del conocimiento, y donde las experiencias no sean solo objeto de estudio, sino interpeladoras de pr\u00e1cticas, interlocutoras y creadoras de espacios para acompa\u00f1ar y fortalecer desde los distintos espacios y roles. Existen numerosos colectivos de docentes, investigadores, extensionistas, estudiantes, t\u00e9cnicos de terreno vinculados, desarrollando distintos trabajos junto a las organizaciones e instituciones de la Agricultura Familiar, y en este sentido , este espacio propone a\u00f1o a a\u00f1o compartir y conocer las historias de cada unx de ellxs, profundizando v\u00ednculos y construyendo redes de trabajo.<\/p>\n<p><strong>Estas 12mas. Jornadas, \u00a0intentan canalizar la necesidad de repensar cr\u00edticamente nuevas preguntas en base a la experiencia concreta en el territorio y la reflexi\u00f3n en torno a distintos saberes. Ampliar el debate que aporte al desarrollo de aprendizajes, propuestas y proyectos conjuntos, para enriquecer y fortalecer el desarrollo del sector.\u00a0 <\/strong><\/p>\n<hr \/>\n<p><strong>La actividad, de CAR\u00c1CTER GRATUITO, se realizar\u00e1 en el complejo de la BIBLIOTECA CONJUNTA de las Facultades de Ciencias Veterinarias y Ciencias Agrarias y Forestales-UNLP.<\/strong><\/p>\n<hr \/>\n<p><strong>Destinatarios <\/strong><\/p>\n<p>Docentes, Investigadores, Extensionistas, Estudiantes, Organizaciones de productores de la Agricultura Familiar, T\u00e9cnicos de terreno, Agentes de desarrollo, Decisores p\u00fablicos.<\/p>\n<hr \/>\n<p><strong>Actividades\u00a0\u00a0 <\/strong><\/p>\n<p><strong>\u00a0<\/strong>Mesas de trabajo tem\u00e1ticas \/ Paneles con invitados especiales. \/ Presentaci\u00f3n de trabajos y experiencias con la agricultura familiar\/ Sendero de Tecnolog\u00edas \/ Exposici\u00f3n y venta de publicaciones. \/ Feria de productos de la Agricultura Familiar y la Econom\u00eda Popular, Social y Solidaria. \/ Muestras Audiovisuales permanentes \/ Feria de Intercambio de Semillas<\/p>\n<hr \/>\n<p><strong>Ejes tem\u00e1ticos \u00a0\u00a0\u00a0<\/strong><\/p>\n<p>Modelos de desarrollo y pol\u00edticas p\u00fablicas. Educaci\u00f3n y Formaci\u00f3n. Estrategias de Intervenci\u00f3n. Soberan\u00eda Alimentaria. Agroecolog\u00eda. Tecnolog\u00edas Apropiadas. Agregado de Valor en origen. Normativas para la Agricultura Familiar. Comercializaci\u00f3n. Financiamiento. Cooperativismo, Aspectos socio- Organizativos. Rol de la Universidad. Extensi\u00f3n Universitaria. Econom\u00eda Popular, Social y Solidaria. G\u00e9nero. Salud Comunitaria. Juventud rural.<\/p>\n<hr \/>\n<p>&nbsp;<\/p>\n<p><strong>\u00a1NOS VEMOS EL 13 Y 14 DE AGOSTO!<\/strong><\/p>\n<p><strong>\u00a0 \u00a0 \u00a0 \u00a0 \u00a0 \u00a0 \u00a0\u00a0<\/strong><\/p>\n<p><strong>\u00a0<\/strong><\/p>\n<p><strong>\u00a0<\/strong><\/p>\n<p>&nbsp;<\/p>\n","protected":false},"excerpt":{"rendered":"<p>La Agricultura Familiar constituye el sector productivo que produce la mayor\u00eda de los alimentos que forman la mesa de las familias argentinas. Analizar su identidad e historia, fortalecer su visibilidad, tanto desde la organizaci\u00f3n de los productores, como desde la orientaci\u00f3n de las pol\u00edticas p\u00fablicas hacia el sector, se constituye en el sentido mismo de [&hellip;]<\/p>\n","protected":false},"author":102,"featured_media":0,"parent":0,"menu_order":0,"comment_status":"closed","ping_status":"closed","template":"","meta":{"advgb_blocks_editor_width":"","advgb_blocks_columns_visual_guide":"","footnotes":""},"class_list":["post-159","page","type-page","status-publish","hentry","post"],"aioseo_notices":[],"coauthors":[],"author_meta":{"author_link":"https:\/\/congresos.unlp.edu.ar\/jaf\/author\/paulafontana\/","display_name":"paulafontana"},"relative_dates":{"created":"Posted 5 a\u00f1os ago","modified":"Updated 11 meses ago"},"absolute_dates":{"created":"Posted on 15 julio, 2021","modified":"Updated on 28 mayo, 2025"},"absolute_dates_time":{"created":"Posted on 15 julio, 2021 7:28 am","modified":"Updated on 28 mayo, 2025 11:59 pm"},"featured_img_caption":"","featured_img":false,"series_order":"","_links":{"self":[{"href":"https:\/\/congresos.unlp.edu.ar\/jaf\/wp-json\/wp\/v2\/pages\/159","targetHints":{"allow":["GET"]}}],"collection":[{"href":"https:\/\/congresos.unlp.edu.ar\/jaf\/wp-json\/wp\/v2\/pages"}],"about":[{"href":"https:\/\/congresos.unlp.edu.ar\/jaf\/wp-json\/wp\/v2\/types\/page"}],"author":[{"embeddable":true,"href":"https:\/\/congresos.unlp.edu.ar\/jaf\/wp-json\/wp\/v2\/users\/102"}],"replies":[{"embeddable":true,"href":"https:\/\/congresos.unlp.edu.ar\/jaf\/wp-json\/wp\/v2\/comments?post=159"}],"version-history":[{"count":0,"href":"https:\/\/congresos.unlp.edu.ar\/jaf\/wp-json\/wp\/v2\/pages\/159\/revisions"}],"wp:attachment":[{"href":"https:\/\/congresos.unlp.edu.ar\/jaf\/wp-json\/wp\/v2\/media?parent=159"}],"curies":[{"name":"wp","href":"https:\/\/api.w.org\/{rel}","templated":true}]}}