{"id":123,"date":"2021-07-14T20:23:44","date_gmt":"2021-07-14T23:23:44","guid":{"rendered":"https:\/\/congresos.unlp.edu.ar\/jaf\/?page_id=123"},"modified":"2025-05-29T00:39:11","modified_gmt":"2025-05-29T03:39:11","slug":"posters","status":"publish","type":"page","link":"https:\/\/congresos.unlp.edu.ar\/jaf\/posters\/","title":{"rendered":"Posters"},"content":{"rendered":"<p><strong>SESI\u00d3N DE POSTERS<\/strong><\/p>\n<p>La presentaci\u00f3n de experiencias escritas enviadas, se realizar\u00e1 \u00fanicamente a trav\u00e9s del formato poster. No se requiere ning\u00fan formato particular para la realizaci\u00f3n de los posters (ni tama\u00f1o ni distribuci\u00f3n de la informaci\u00f3n) Pueden utilizarse aquellos que ya han sido presentados en otros eventos, siempre y cuando est\u00e9n en relaci\u00f3n directa a la tem\u00e1tica descripta<\/p>\n<p>&nbsp;<\/p>\n","protected":false},"excerpt":{"rendered":"<p>SESI\u00d3N DE POSTERS La presentaci\u00f3n de experiencias escritas enviadas, se realizar\u00e1 \u00fanicamente a trav\u00e9s del formato poster. No se requiere ning\u00fan formato particular para la realizaci\u00f3n de los posters (ni tama\u00f1o ni distribuci\u00f3n de la informaci\u00f3n) Pueden utilizarse aquellos que ya han sido presentados en otros eventos, siempre y cuando est\u00e9n en relaci\u00f3n directa a [&hellip;]<\/p>\n","protected":false},"author":102,"featured_media":0,"parent":0,"menu_order":0,"comment_status":"closed","ping_status":"closed","template":"","meta":{"advgb_blocks_editor_width":"","advgb_blocks_columns_visual_guide":"","footnotes":""},"class_list":["post-123","page","type-page","status-publish","hentry","post"],"aioseo_notices":[],"coauthors":[],"author_meta":{"author_link":"https:\/\/congresos.unlp.edu.ar\/jaf\/author\/paulafontana\/","display_name":"paulafontana"},"relative_dates":{"created":"Posted 5 a\u00f1os ago","modified":"Updated 11 meses ago"},"absolute_dates":{"created":"Posted on 14 julio, 2021","modified":"Updated on 29 mayo, 2025"},"absolute_dates_time":{"created":"Posted on 14 julio, 2021 8:23 pm","modified":"Updated on 29 mayo, 2025 12:39 am"},"featured_img_caption":"","featured_img":false,"series_order":"","_links":{"self":[{"href":"https:\/\/congresos.unlp.edu.ar\/jaf\/wp-json\/wp\/v2\/pages\/123","targetHints":{"allow":["GET"]}}],"collection":[{"href":"https:\/\/congresos.unlp.edu.ar\/jaf\/wp-json\/wp\/v2\/pages"}],"about":[{"href":"https:\/\/congresos.unlp.edu.ar\/jaf\/wp-json\/wp\/v2\/types\/page"}],"author":[{"embeddable":true,"href":"https:\/\/congresos.unlp.edu.ar\/jaf\/wp-json\/wp\/v2\/users\/102"}],"replies":[{"embeddable":true,"href":"https:\/\/congresos.unlp.edu.ar\/jaf\/wp-json\/wp\/v2\/comments?post=123"}],"version-history":[{"count":0,"href":"https:\/\/congresos.unlp.edu.ar\/jaf\/wp-json\/wp\/v2\/pages\/123\/revisions"}],"wp:attachment":[{"href":"https:\/\/congresos.unlp.edu.ar\/jaf\/wp-json\/wp\/v2\/media?parent=123"}],"curies":[{"name":"wp","href":"https:\/\/api.w.org\/{rel}","templated":true}]}}