{"id":122,"date":"2021-07-14T20:23:44","date_gmt":"2021-07-14T23:23:44","guid":{"rendered":"https:\/\/congresos.unlp.edu.ar\/jaf\/?page_id=122"},"modified":"2025-05-29T00:44:25","modified_gmt":"2025-05-29T03:44:25","slug":"ponencias-escritas","status":"publish","type":"page","link":"https:\/\/congresos.unlp.edu.ar\/jaf\/ponencias-escritas\/","title":{"rendered":"Presentaci\u00f3n de experiencias"},"content":{"rendered":"<p>El formato de presentaci\u00f3n de las diferentes experiencias constar\u00e1 de lineamientos troncales, sin dejar de considerar los diversos abordajes y perspectivas de los distintos actores (investigadores, extensionistas, t\u00e9cnicos, organizaciones, estudiantes, etc.).<\/p>\n<p>La estructura recomendada es la siguiente : Resumen Palabras claves Introducci\u00f3n Desarrollo Discusi\u00f3n y Conclusiones.<\/p>\n<p><em>Recomendaciones:<\/em><\/p>\n<ul>\n<li><em> Titulo<\/em>: claro y concreto.<\/li>\n<li><em>Autores:<\/em> Los trabajos podr\u00e1n ser individuales o grupales. Debe consignarse un mail de Contacto.<\/li>\n<li><em> Resumen:<\/em> M\u00e1ximo 250 palabras.<\/li>\n<li><em> Palabras claves:<\/em> entre 4 y 6 palabras claves<\/li>\n<li>Los textos se presentar\u00e1n en formato .doc, con m\u00e1rgenes de 3 cm., interlineado 1.5 y fuente Times New Roman, tama\u00f1o 12; t\u00edtulos y subt\u00edtulos en negrita; tama\u00f1o hoja A4.<\/li>\n<li>Citas al pie de p\u00e1gina: Numeradas correlativamente al final del texto.<\/li>\n<li>Aclaraciones\/Agradecimientos: consignadas como notas al pie, al final del art\u00edculo.<\/li>\n<li><em>Citas Bibliogr\u00e1ficas<\/em> entre 5 y 10.<\/li>\n<li>Cada trabajo tendr\u00e1 un m\u00e1ximo de 5 p\u00e1ginas.<\/li>\n<\/ul>\n<p><strong>Preguntas orientadoras para presentar experiencias: <\/strong>Se sugieren algunas preguntas orientadoras para la presentaci\u00f3n de experiencias de las organizaciones de la Agricultura Familiar: \u00bfCu\u00e1l fue la motivaci\u00f3n inicial y cu\u00e1l es el horizonte a futuro de la experiencia? \u00bfQu\u00e9 se proponen, qu\u00e9 esperan? \u00bfCu\u00e1les son las preguntas, dudas e incertidumbres\u00a0 de la experiencia? \u00bfCu\u00e1les son las propuestas y estrategias de la experiencia?\u00a0 \u00bfCu\u00e1les son los l\u00edmites y potencialidades de\u00a0 la experiencia? \u00bfC\u00f3mo ven desde su experiencia la posible construcci\u00f3n de espacios o de v\u00ednculos con actores que tengan objetivos y valores similares?<\/p>\n<hr \/>\n<p><span style=\"color: #008000\"><strong>Todas las Experiencias escritas enviadas, se presentar\u00e1n en FORMATO POSTER<br \/>\n<\/strong><\/span><span style=\"color: #008000\"><strong>(Ver solapa &#8220;posters&#8221;)<\/strong><\/span><\/p>\n<p><span style=\"color: #008000\"><strong><em>Pueden presentarse posters que hayan sido presentados en otros Congresos\/Jornadas, pero los mismos deber\u00e1n acompa\u00f1arse de la presentaci\u00f3n escrita descripta en el p\u00e1rrafo anterior<\/em><\/strong><\/span><\/p>\n<h3><span style=\"color: #ff0000\"><strong>FECHA<\/strong> de presentaci\u00f3n de trabajos:\u00a0 <strong>LUNES 7\/7\/25<\/strong><\/span><\/h3>\n<p><strong>Correo para enviar consultas y trabajos: jornadaaf@gmail.com<\/strong><\/p>\n<h1><\/h1>\n","protected":false},"excerpt":{"rendered":"<p>El formato de presentaci\u00f3n de las diferentes experiencias constar\u00e1 de lineamientos troncales, sin dejar de considerar los diversos abordajes y perspectivas de los distintos actores (investigadores, extensionistas, t\u00e9cnicos, organizaciones, estudiantes, etc.). La estructura recomendada es la siguiente : Resumen Palabras claves Introducci\u00f3n Desarrollo Discusi\u00f3n y Conclusiones. Recomendaciones: Titulo: claro y concreto. Autores: Los trabajos podr\u00e1n [&hellip;]<\/p>\n","protected":false},"author":102,"featured_media":0,"parent":0,"menu_order":0,"comment_status":"closed","ping_status":"closed","template":"","meta":{"advgb_blocks_editor_width":"","advgb_blocks_columns_visual_guide":"","footnotes":""},"class_list":["post-122","page","type-page","status-publish","hentry","post"],"aioseo_notices":[],"coauthors":[],"author_meta":{"author_link":"https:\/\/congresos.unlp.edu.ar\/jaf\/author\/paulafontana\/","display_name":"paulafontana"},"relative_dates":{"created":"Posted 5 a\u00f1os ago","modified":"Updated 11 meses ago"},"absolute_dates":{"created":"Posted on 14 julio, 2021","modified":"Updated on 29 mayo, 2025"},"absolute_dates_time":{"created":"Posted on 14 julio, 2021 8:23 pm","modified":"Updated on 29 mayo, 2025 12:44 am"},"featured_img_caption":"","featured_img":false,"series_order":"","_links":{"self":[{"href":"https:\/\/congresos.unlp.edu.ar\/jaf\/wp-json\/wp\/v2\/pages\/122","targetHints":{"allow":["GET"]}}],"collection":[{"href":"https:\/\/congresos.unlp.edu.ar\/jaf\/wp-json\/wp\/v2\/pages"}],"about":[{"href":"https:\/\/congresos.unlp.edu.ar\/jaf\/wp-json\/wp\/v2\/types\/page"}],"author":[{"embeddable":true,"href":"https:\/\/congresos.unlp.edu.ar\/jaf\/wp-json\/wp\/v2\/users\/102"}],"replies":[{"embeddable":true,"href":"https:\/\/congresos.unlp.edu.ar\/jaf\/wp-json\/wp\/v2\/comments?post=122"}],"version-history":[{"count":0,"href":"https:\/\/congresos.unlp.edu.ar\/jaf\/wp-json\/wp\/v2\/pages\/122\/revisions"}],"wp:attachment":[{"href":"https:\/\/congresos.unlp.edu.ar\/jaf\/wp-json\/wp\/v2\/media?parent=122"}],"curies":[{"name":"wp","href":"https:\/\/api.w.org\/{rel}","templated":true}]}}