{"id":992,"date":"2019-12-01T00:33:48","date_gmt":"2019-12-01T03:33:48","guid":{"rendered":"http:\/\/congresos.unlp.edu.ar\/ixlapis\/?page_id=992"},"modified":"2020-02-10T16:30:55","modified_gmt":"2020-02-10T19:30:55","slug":"participants","status":"publish","type":"page","link":"https:\/\/congresos.unlp.edu.ar\/ixlapis?page_id=992","title":{"rendered":"Participants"},"content":{"rendered":"<h1>Participants<\/h1>\n<h3><\/h3>\n<h3 style=\"text-align: center\"><span style=\"color: #ff0000\"><strong>***All registered participants have been accepted to attend the school ***<\/strong><\/span><\/h3>\n<p>&nbsp;<\/p>\n<p><strong>Alejandro Pujol,<\/strong> UBA\/IAFE (Argentina)<br \/>\n<strong>Alexandra Carolina M\u00e9ndez Valenzuela,<\/strong> Pontificia Universidad Cat\u00f3lica (Chile)<br \/>\n<strong>Ana Ennis,<\/strong> IALP (Argentina)<br \/>\n<strong>Ana Pichel<\/strong>, IAFE (Argentina)<br \/>\n<strong>Andrea Fabiana Torres,<\/strong> IALP\/FCAG-UNLP (Argentina)<br \/>\n<strong>Bruno Giuliani Ramos,<\/strong> CASLEO (Argentina)<br \/>\n<strong>Camila Cid Parada,<\/strong> Universidad de Concepci\u00f3n (Chile)<br \/>\n<strong>Carlos Feinstein,<\/strong>\u00a0 IALP\/FCAG-UNLP (Argentina)<br \/>\n<strong>Carlos David Ponce,<\/strong> Universidad Nacional de San Juan (Argentina)<br \/>\n<strong>Carolina Rodriguez,<\/strong> FCAG-UNLP (Argentina)<br \/>\n<strong>Celeste Parisi,<\/strong> IATE &#8211; OAC (Argentina)<br \/>\n<strong>Cinthya Nazarena Rodr\u00edguez,<\/strong> IALP (Argentina)<br \/>\n<strong>Claudia Sc\u00f3ccola,<\/strong> FCAG-UNLP (Argentina)<br \/>\n<strong>Claudio Antonio L\u00f3pez Cortez,<\/strong> Universidad Nacional de San Juan (Argentina)<br \/>\n<strong>Eduardo Mario Guti\u00e9rrez,<\/strong> IAR (Argentina)<br \/>\n<strong>Elisa Tau,<\/strong> FCAG-UNLP (Argentina)<br \/>\n<strong>Emilio Donoso,<\/strong> ICATE (CONICET) (Argentina)<br \/>\n<strong>Emmanuel Gianuzzi,<\/strong> FaMAF-UNC, OAC-UNC (Argentina)<br \/>\n<strong>Enzo Saavedra, <\/strong>FCAG-UNLP (Argentina)<br \/>\n<strong>Ezequiel Marchesini,<\/strong> FCAG-UNLP (Argentina)<br \/>\n<strong>Facundo Rodriguez,<\/strong> IATE (Argentina)<br \/>\n<strong>Facundo David Moyano,<\/strong> FCAG-UNLP (Argentina)<br \/>\n<strong>Facundo M. Delfino,<\/strong> FCAG-UNLP (Argentina)<br \/>\n<strong>Federico Iza,<\/strong> DF-UBA (Argentina)<br \/>\n<strong>Gabriel Ferrero,<\/strong> FCAG-UNLP (Argentina)<br \/>\n<strong>Gustavo Luis Baume,<\/strong> IALP\/FCAG-UNLP (Argentina)<br \/>\n<strong>Heliana Luparello,<\/strong> IATE (Argentina)<br \/>\n<strong>Hellen Pereira,<\/strong> UFRGS (Brazil)<br \/>\n<strong>Ignacio Germ\u00e1n Alfaro,<\/strong> IATE (Argentina)<br \/>\n<strong>Ileana Andruchow,<\/strong> IALP\/FCAG-UNLP (Argentina)<br \/>\n<strong>Ingrid Vanessa Daza Perilla,<\/strong>\u00a0 IATE (Argentina)<br \/>\n<strong>Iv\u00e1n L\u00f3pez,<\/strong> FCAG-UNLP (Argentina)<br \/>\n<strong>Jimena Rodr\u00edgue<\/strong>z, IALP (Argentina)<br \/>\n<strong>Jonathan Moreno,<\/strong> FCAG-UNLP (Argentina)<br \/>\n<strong>Jordi Eguren Brown,<\/strong> FCAG-UNLP (Argentina)<br \/>\n<strong>Jos\u00e9 Alejo Molina Lera,<\/strong> IALP\/FCAG-UNLP (Argentina)<br \/>\n<strong>Juan Serrano,<\/strong> FCAG-UNLP (Argentina)<br \/>\n<strong>Julieta Lazarte Gelmetti<\/strong>, Universidad Nacional de San Juan (Argentina)<br \/>\n<strong>Keila Ertini,<\/strong> IALP (Argentina)<br \/>\n<strong>Laura Baravalle,<\/strong> IATE (Argentina)<br \/>\n<strong>Laura Andrea Suad,<\/strong> IAFE (Argentina)<br \/>\n<strong>Luc\u00eda Ferrari,<\/strong> FCAG-UNLP (Argentina)<br \/>\n<strong>Luc\u00eda Paz Garate N\u00fa\u00f1ez,<\/strong> FCAG-UNLP (Argentina)<br \/>\n<strong>Lucila Kraiselburd,<\/strong> FCAG-UNLP (Argentina)<br \/>\n<strong>Luis Vega,<\/strong> Observatorio Astron\u00f3mico C\u00f3rdoba (Argentina)<br \/>\n<strong>Marco Canossa,<\/strong> Federal University of Rio Grande do Sul (UFRGS, Brazil)<br \/>\n<strong>Marcos Gustavo Roca Nieto,<\/strong> FCEFyN-UNSJ (Argentina)<br \/>\n<strong>Mar\u00eda Antonela Taverna,<\/strong> IATE (Argentina)<br \/>\n<strong>Mar\u00eda Bel\u00e9n Costanza,<\/strong> FCAG-UNLP (Argentina)<br \/>\n<strong>Mar\u00eda Candela Zerbo,<\/strong> FCAG-UNLP (Argentina)<br \/>\n<strong>Mar\u00eda P\u00eda Piccirilli,<\/strong> FCAG-UNLP (Argentina)<br \/>\n<strong>Mariano Dominguez,<\/strong> IATE-OAC-CONICET (Argentina)<br \/>\n<strong>Mart\u00edn Moyano,<\/strong> Observatorio Astron\u00f3mico de C\u00f3rdoba (Argentina)<br \/>\n<strong>Mart\u00edn de los Rios,<\/strong> ICTP-SAIFR (Brazil)<br \/>\n<strong>Mart\u00edn Mestre,<\/strong> IALP\/FCAG-UNLP (Argentina)<br \/>\n<strong>Mat\u00edas Ruiz D\u00edaz,<\/strong> FCAG-UNLP (Argentina)<br \/>\n<strong>Mauricio Ljungberg,<\/strong> FaMAF-UNC (Argentina)<br \/>\n<strong>Pablo Sotomayor Checa,<\/strong> IAR &#8211; CONICET (Argentina)<br \/>\n<strong>Rebeca Higa,<\/strong> FCAG-UNLP (Argentina)<br \/>\n<strong>Rodrigo Haack, <\/strong>FCAG-UNLP (Argentina)<br \/>\n<strong>Roman Vena Valdarenas,<\/strong> OAC &#8211; UNC (Argentina)<br \/>\n<strong>Romina Gisele Micul\u00e1n,<\/strong> IALP (Argentina)<br \/>\n<strong>Sergio Cellone,<\/strong> CASLEO\/FCAG-UNLP (Argentina)<br \/>\n<strong>Silvina C\u00e1rdenas,<\/strong> IAFE (Argentina)<br \/>\n<strong>Tob\u00edas Canavesi,<\/strong> IFLP (Argentina)<br \/>\n<strong>Tom\u00e1s Hough<\/strong>, FCAG-UNLP (Argentina)<br \/>\n<strong>Tom\u00e1s Ans\u00edn,<\/strong> FCAG-UNLP (Argentina)<br \/>\n<strong>Victoria Santucho,<\/strong> IATE (Argentina)<br \/>\n<strong>Yael Judith Aidelman,<\/strong> FCAG-UNLP (Argentina)<\/p>\n","protected":false},"excerpt":{"rendered":"<p>Participants ***All registered participants have been accepted to attend the school *** &nbsp; Alejandro Pujol, UBA\/IAFE (Argentina) Alexandra Carolina M\u00e9ndez Valenzuela, Pontificia Universidad Cat\u00f3lica (Chile) Ana Ennis, IALP (Argentina) Ana Pichel, IAFE (Argentina) Andrea Fabiana Torres, IALP\/FCAG-UNLP (Argentina) Bruno Giuliani Ramos, CASLEO (Argentina) Camila Cid Parada, Universidad de Concepci\u00f3n (Chile) Carlos Feinstein,\u00a0 IALP\/FCAG-UNLP (Argentina) Carlos [&hellip;]<\/p>\n","protected":false},"author":14,"featured_media":0,"parent":0,"menu_order":0,"comment_status":"closed","ping_status":"closed","template":"","meta":{"advgb_blocks_editor_width":"","advgb_blocks_columns_visual_guide":"","footnotes":""},"class_list":["post-992","page","type-page","status-publish","hentry","post"],"aioseo_notices":[],"coauthors":[],"author_meta":{"author_link":"https:\/\/congresos.unlp.edu.ar\/ixlapis\/?author=14","display_name":"jota"},"relative_dates":{"created":"Posted 6 years ago","modified":"Updated 6 years ago"},"absolute_dates":{"created":"Posted on 1 December, 2019","modified":"Updated on 10 February, 2020"},"absolute_dates_time":{"created":"Posted on 1 December, 2019 12:33 am","modified":"Updated on 10 February, 2020 4:30 pm"},"featured_img_caption":"","featured_img":false,"series_order":"","_links":{"self":[{"href":"https:\/\/congresos.unlp.edu.ar\/ixlapis\/index.php?rest_route=\/wp\/v2\/pages\/992","targetHints":{"allow":["GET"]}}],"collection":[{"href":"https:\/\/congresos.unlp.edu.ar\/ixlapis\/index.php?rest_route=\/wp\/v2\/pages"}],"about":[{"href":"https:\/\/congresos.unlp.edu.ar\/ixlapis\/index.php?rest_route=\/wp\/v2\/types\/page"}],"author":[{"embeddable":true,"href":"https:\/\/congresos.unlp.edu.ar\/ixlapis\/index.php?rest_route=\/wp\/v2\/users\/14"}],"replies":[{"embeddable":true,"href":"https:\/\/congresos.unlp.edu.ar\/ixlapis\/index.php?rest_route=%2Fwp%2Fv2%2Fcomments&post=992"}],"version-history":[{"count":0,"href":"https:\/\/congresos.unlp.edu.ar\/ixlapis\/index.php?rest_route=\/wp\/v2\/pages\/992\/revisions"}],"wp:attachment":[{"href":"https:\/\/congresos.unlp.edu.ar\/ixlapis\/index.php?rest_route=%2Fwp%2Fv2%2Fmedia&parent=992"}],"curies":[{"name":"wp","href":"https:\/\/api.w.org\/{rel}","templated":true}]}}