{"id":51,"date":"2019-08-23T14:03:29","date_gmt":"2019-08-23T17:03:29","guid":{"rendered":"http:\/\/congresos.unlp.edu.ar\/ixlapis\/?page_id=51"},"modified":"2020-03-02T14:59:51","modified_gmt":"2020-03-02T17:59:51","slug":"scientific-and-organizing-committees","status":"publish","type":"page","link":"https:\/\/congresos.unlp.edu.ar\/ixlapis?page_id=51","title":{"rendered":"Poster and Organizers"},"content":{"rendered":"<h1 align=\"justify\">Poster &amp; Organizing Committee<\/h1>\n<div class=\"col-xs-6 col-md-4\"><a href=\"https:\/\/congresos.unlp.edu.ar\/ixlapis\/wp-content\/uploads\/sites\/9\/2019\/11\/Poster4_A3_CONICET.pdf\"><img loading=\"lazy\" decoding=\"async\" class=\"w3-image wp-image-670 alignleft\" src=\"https:\/\/congresos.unlp.edu.ar\/ixlapis\/wp-content\/uploads\/sites\/9\/2019\/11\/Poster_A3_CONICET.png\" alt=\"\" width=\"261\" height=\"370\" \/><\/a><span style=\"font-size: 15pt\"><em>Anal\u00eda Smith Castelli (Chair)<\/em> <\/span><br \/>\n<span style=\"font-size: 15pt\"> <em>Mar\u00eda Emilia De Rossi<\/em><\/span><br \/>\n<span style=\"font-size: 15pt\"> <em>Favio Faifer<\/em><\/span><br \/>\n<span style=\"font-size: 15pt\"> <em>Carlos Escudero<\/em><\/span><br \/>\n<span style=\"font-size: 15pt\"> <em>Leandro Sesto<\/em><\/span><br \/>\n<span style=\"font-size: 15pt\"> <em>Victoria Reynaldi<\/em><\/span><br \/>\n<span style=\"font-size: 15pt\"> <em>Juan Pablo Caso<\/em><\/span><br \/>\n<span style=\"font-size: 15pt\"> <em>Juliana Saponara<\/em><\/span><br \/>\n<span style=\"font-size: 15pt\"> <em>N\u00e9lida Gonz\u00e1lez<\/em><\/span><br \/>\n<span style=\"font-size: 15pt\"> <em>Mar\u00eda Cecilia Scalia<\/em><\/span><br \/>\n<span style=\"font-size: 15pt\"> <em>Lucas Zenocratti<\/em><\/span><br \/>\n<span style=\"font-size: 15pt\"> <em>Natalia Guevara<\/em><\/span><br \/>\n<span style=\"font-size: 15pt\"> <em>Juliana Godoy<\/em><\/span><br \/>\n<span style=\"font-size: 15pt\"> <em>Agustina Blanco<\/em><\/span><\/p>\n<div class=\"col-xs-6 col-md-4\" data-wp-editing=\"1\"><\/div>\n<\/div>\n","protected":false},"excerpt":{"rendered":"<p>Poster &amp; Organizing Committee Anal\u00eda Smith Castelli (Chair) Mar\u00eda Emilia De Rossi Favio Faifer Carlos Escudero Leandro Sesto Victoria Reynaldi Juan Pablo Caso Juliana Saponara N\u00e9lida Gonz\u00e1lez Mar\u00eda Cecilia Scalia Lucas Zenocratti Natalia Guevara Juliana Godoy Agustina Blanco<\/p>\n","protected":false},"author":14,"featured_media":0,"parent":0,"menu_order":0,"comment_status":"closed","ping_status":"closed","template":"","meta":{"advgb_blocks_editor_width":"","advgb_blocks_columns_visual_guide":"","footnotes":""},"class_list":["post-51","page","type-page","status-publish","hentry","post"],"aioseo_notices":[],"coauthors":[],"author_meta":{"author_link":"https:\/\/congresos.unlp.edu.ar\/ixlapis\/?author=14","display_name":"jota"},"relative_dates":{"created":"Posted 7 years ago","modified":"Updated 6 years ago"},"absolute_dates":{"created":"Posted on 23 August, 2019","modified":"Updated on 2 March, 2020"},"absolute_dates_time":{"created":"Posted on 23 August, 2019 2:03 pm","modified":"Updated on 2 March, 2020 2:59 pm"},"featured_img_caption":"","featured_img":false,"series_order":"","_links":{"self":[{"href":"https:\/\/congresos.unlp.edu.ar\/ixlapis\/index.php?rest_route=\/wp\/v2\/pages\/51","targetHints":{"allow":["GET"]}}],"collection":[{"href":"https:\/\/congresos.unlp.edu.ar\/ixlapis\/index.php?rest_route=\/wp\/v2\/pages"}],"about":[{"href":"https:\/\/congresos.unlp.edu.ar\/ixlapis\/index.php?rest_route=\/wp\/v2\/types\/page"}],"author":[{"embeddable":true,"href":"https:\/\/congresos.unlp.edu.ar\/ixlapis\/index.php?rest_route=\/wp\/v2\/users\/14"}],"replies":[{"embeddable":true,"href":"https:\/\/congresos.unlp.edu.ar\/ixlapis\/index.php?rest_route=%2Fwp%2Fv2%2Fcomments&post=51"}],"version-history":[{"count":0,"href":"https:\/\/congresos.unlp.edu.ar\/ixlapis\/index.php?rest_route=\/wp\/v2\/pages\/51\/revisions"}],"wp:attachment":[{"href":"https:\/\/congresos.unlp.edu.ar\/ixlapis\/index.php?rest_route=%2Fwp%2Fv2%2Fmedia&parent=51"}],"curies":[{"name":"wp","href":"https:\/\/api.w.org\/{rel}","templated":true}]}}