{"id":4,"date":"2019-08-23T10:20:20","date_gmt":"2019-08-23T13:20:20","guid":{"rendered":"http:\/\/congresos.unlp.edu.ar\/ixlapis\/?page_id=4"},"modified":"2019-11-11T09:28:26","modified_gmt":"2019-11-11T12:28:26","slug":"inicio","status":"publish","type":"page","link":"https:\/\/congresos.unlp.edu.ar\/ixlapis","title":{"rendered":"Rationale"},"content":{"rendered":"<div id=\"pl-4\"  class=\"panel-layout\" ><div id=\"pg-4-0\"  class=\"panel-grid panel-no-style\" ><div id=\"pgc-4-0-0\"  class=\"panel-grid-cell\" ><div id=\"panel-4-0-0-0\" class=\"so-panel widget_sow-editor panel-first-child\" data-index=\"0\" ><div\n\t\t\t\n\t\t\tclass=\"so-widget-sow-editor so-widget-sow-editor-base\"\n\t\t\t\n\t\t>\n<div class=\"siteorigin-widget-tinymce textwidget\">\n\t<h1 align=\"justify\">Rationale<\/h1>\n<p align=\"justify\"><strong>The Southern Photometric Local Universe Survey<\/strong> (<a href=\"https:\/\/datalab.noao.edu\/splus\/index.php\">S-PLUS<\/a>) is a joint scientific effort of Brazilian, Chilean and\u00a0Spanish institutions that aims to map ~8000 deg2 of the Southern sky with\u00a0twelve optical filters consisting of 5 broadband SDSS filters and 7 narrow-band filters centered on several prominent features (i.e., [OII], Ca H+K, D4000, H\u03b4, Mgb, H\u03b1 and CaT). The multi-purpose astrophysical survey in the southern\u00a0hemisphere has started at the end of 2016. <strong>S-PLUS<\/strong> data are ideal for searching\u00a0low-metallicity and blue-horizontal branch stars and high redshift quasars, study the star formation histories of large numbers of galaxies selected based\u00a0on the accurate 12-band photometric redshifts, and to map the large scale\u00a0structure in the nearby universe, among other <a href=\"https:\/\/arxiv.org\/pdf\/1907.01567.pdf\">science goals<\/a>. <strong>S-PLUS<\/strong> will cover\u00a0an additional ~1300 deg2 of the Galactic plane and the Bulge, and observe ~100\u00a0deg2 with some cadence to be determined. The latter will allow us to measure\u00a0variability in stars and active galaxies, and to detect new supernovae and\u00a0asteroids. It is expected that the survey will have a 5-7 year duration.<\/p>\n<p align=\"justify\"><strong>S-PLUS<\/strong> is carried out with the T80-South (hereafter, T80S), a new 0.826 m telescope optimised for robotic operation, equipped with a wide FoV camera (2 deg2). The telescope, camera, and filter set are identical to those of the Javalambre Auxiliary Survey Telescope (T80\/JAST), installed at the Observatorio Astrof\u00edsico de Javalambre. T80\/JAST is currently performing the Javalambre Photometric Local Universe Survey (<a href=\"http:\/\/j-plus.es\/\">J-PLUS<\/a>), a 12-band survey of a complementary area in the northern hemisphere.<\/p>\n<p align=\"justify\">The first data release (<a href=\"https:\/\/datalab.noao.edu\/splus\/access.php\">DR1<\/a>) of <strong>S-PLUS<\/strong> is already available and contains 80 Stripe-82 fields observed during the scientific validation process plus other 90 fields of the same region obtained during regular operation time. Other releases adding entire regions of the southern sky will be followed in the upcoming months.<\/p>\n<p align=\"justify\">In 2018, members of the research group on \"Extragalactic Stellar Systems and\u00a0their Cosmological Context\" (<a href=\"http:\/\/seecc.fcaglp.unlp.edu.ar\/\">SEECC<\/a> for its acronyms in spanish) of\u00a0Facultad de Ciencias Astron\u00f3micas y Geof\u00edsicas of Universidad Nacional de La\u00a0Plata (Argentina), have started to work with <strong>S-PLUS<\/strong> data through their collaboration with the staff of the project at Instituto de Astronomia, Geof\u00edsica e Ci\u00eancias Atmosf\u00e9ricas (<a href=\"https:\/\/www.iag.usp.br\/\">IAG<\/a>) of Universidade de S\u00e3o Paulo (Brasil). With the <span style=\"color: #860bde\"><strong><span style=\"color: #6807ad\"> IX La Plata International School (LAPIS) on Astronomy and Geophysic<\/span>s<\/strong><\/span> entitled <span style=\"color: #b80b1c\"><strong><i>\"S-PLUS: The Universe in True Colors\"<\/i><\/strong><\/span> <a href=\"mailto:ixlapis2020@gmail.com\">ixlapis2020@gmail.com<\/a> we aim at put within reach of advanced degree, MS and PhD students, as well as of postdocs and researchers, the potentiality of <strong>S-PLUS<\/strong> for developing new science in the era of large surveys and big data.<\/p>\n<p align=\"justify\"><strong>T80S Images Credits: Favio R. Faifer<\/strong><\/p>\n<p align=\"justify\"><strong>Music Credits: Federica Maglioni<\/strong><\/p>\n<\/div>\n<\/div><\/div><div id=\"panel-4-0-0-1\" class=\"so-panel widget_media_video panel-last-child\" data-index=\"1\" ><div style=\"width:100%;\" class=\"wp-video\"><video class=\"wp-video-shortcode\" id=\"video-4-1\" preload=\"metadata\" controls=\"controls\"><source type=\"video\/mp4\" src=\"https:\/\/congresos.unlp.edu.ar\/ixlapis\/wp-content\/uploads\/sites\/9\/2019\/08\/y2mate.com-s_plus_movie_xfTs3yjObwU_360p.mp4?_=1\" \/><source type=\"video\/mp4\" src=\"http:\/\/congresos.unlp.edu.ar\/ixlapis\/wp-content\/uploads\/sites\/9\/2019\/08\/y2mate.com-s_plus_movie_xfTs3yjObwU_360p.mp4?_=1\" \/><a href=\"https:\/\/congresos.unlp.edu.ar\/ixlapis\/wp-content\/uploads\/sites\/9\/2019\/08\/y2mate.com-s_plus_movie_xfTs3yjObwU_360p.mp4\">https:\/\/congresos.unlp.edu.ar\/ixlapis\/wp-content\/uploads\/sites\/9\/2019\/08\/y2mate.com-s_plus_movie_xfTs3yjObwU_360p.mp4<\/a><\/video><\/div><\/div><\/div><\/div><\/div>","protected":false},"excerpt":{"rendered":"<p>Rationale The Southern Photometric Local Universe Survey (S-PLUS) is a joint scientific effort of Brazilian, Chilean and\u00a0Spanish institutions that aims to map ~8000 deg2 of the Southern sky with\u00a0twelve optical filters consisting of 5 broadband SDSS filters and 7 narrow-band filters centered on several prominent features (i.e., [OII], Ca H+K, D4000, H\u03b4, Mgb, H\u03b1 and [&hellip;]<\/p>\n","protected":false},"author":2,"featured_media":0,"parent":0,"menu_order":0,"comment_status":"closed","ping_status":"closed","template":"","meta":{"advgb_blocks_editor_width":"","advgb_blocks_columns_visual_guide":"","footnotes":""},"class_list":["post-4","page","type-page","status-publish","hentry","post"],"aioseo_notices":[],"coauthors":[],"author_meta":{"author_link":"https:\/\/congresos.unlp.edu.ar\/ixlapis\/?author=2","display_name":"congresos"},"relative_dates":{"created":"Posted 7 years ago","modified":"Updated 6 years ago"},"absolute_dates":{"created":"Posted on 23 August, 2019","modified":"Updated on 11 November, 2019"},"absolute_dates_time":{"created":"Posted on 23 August, 2019 10:20 am","modified":"Updated on 11 November, 2019 9:28 am"},"featured_img_caption":"","featured_img":false,"series_order":"","_links":{"self":[{"href":"https:\/\/congresos.unlp.edu.ar\/ixlapis\/index.php?rest_route=\/wp\/v2\/pages\/4","targetHints":{"allow":["GET"]}}],"collection":[{"href":"https:\/\/congresos.unlp.edu.ar\/ixlapis\/index.php?rest_route=\/wp\/v2\/pages"}],"about":[{"href":"https:\/\/congresos.unlp.edu.ar\/ixlapis\/index.php?rest_route=\/wp\/v2\/types\/page"}],"author":[{"embeddable":true,"href":"https:\/\/congresos.unlp.edu.ar\/ixlapis\/index.php?rest_route=\/wp\/v2\/users\/2"}],"replies":[{"embeddable":true,"href":"https:\/\/congresos.unlp.edu.ar\/ixlapis\/index.php?rest_route=%2Fwp%2Fv2%2Fcomments&post=4"}],"version-history":[{"count":0,"href":"https:\/\/congresos.unlp.edu.ar\/ixlapis\/index.php?rest_route=\/wp\/v2\/pages\/4\/revisions"}],"wp:attachment":[{"href":"https:\/\/congresos.unlp.edu.ar\/ixlapis\/index.php?rest_route=%2Fwp%2Fv2%2Fmedia&parent=4"}],"curies":[{"name":"wp","href":"https:\/\/api.w.org\/{rel}","templated":true}]}}