{"id":75,"date":"2022-09-21T10:29:52","date_gmt":"2022-09-21T13:29:52","guid":{"rendered":"https:\/\/congresos.unlp.edu.ar\/ixjornadasmediooriente\/?page_id=75"},"modified":"2022-09-21T11:54:00","modified_gmt":"2022-09-21T14:54:00","slug":"programa-del-evento","status":"publish","type":"page","link":"https:\/\/congresos.unlp.edu.ar\/ixjornadasmediooriente\/programa-del-evento\/","title":{"rendered":"Programa"},"content":{"rendered":"<div id=\"pl-75\"  class=\"panel-layout\" ><div id=\"pg-75-0\"  class=\"panel-grid panel-no-style\" ><div id=\"pgc-75-0-0\"  class=\"panel-grid-cell\" ><div id=\"panel-75-0-0-0\" class=\"so-panel widget widget_sow-editor panel-first-child panel-last-child\" data-index=\"0\" ><div class=\"panel-widget-style panel-widget-style-for-75-0-0-0\" ><div\n\t\t\t\n\t\t\tclass=\"so-widget-sow-editor so-widget-sow-editor-base\"\n\t\t\t\n\t\t><h3 class=\"widget-title\">IX Jornadas de Estudios sobre el Medio Oriente. La regi\u00f3n en la pospandemia<\/h3>\n<div class=\"siteorigin-widget-tinymce textwidget\">\n\t<p>Comit\u00e9 Organizador<\/p>\n<p><strong>Dr. Ignacio Rullansky<br \/>\nLic. Said Chaya<br \/>\nDra. Ornela Fabani<br \/>\nMag. Federico Fort<\/strong><\/p>\n<p>Contacto: jornadas.mo@gmail.com<\/p>\n<p>&nbsp;<\/p>\n<\/div>\n<\/div><\/div><\/div><\/div><\/div><div id=\"pg-75-1\"  class=\"panel-grid panel-no-style\" ><div id=\"pgc-75-1-0\"  class=\"panel-grid-cell\" ><div id=\"panel-75-1-0-0\" class=\"so-panel widget widget_text panel-first-child panel-last-child\" data-index=\"1\" ><div class=\"panel-widget-style panel-widget-style-for-75-1-0-0\" ><h3 class=\"widget-title\">D\u00eda 1 \/ 28 de septiembre<\/h3>\t\t\t<div class=\"textwidget\"><p><em><strong>Palabras de apertura<\/strong> <\/em>\u2014 9:30 a 10:00<\/p>\n<ul>\n<li><strong>Dr. Norberto Consani<\/strong><br \/>\nDirector del Instituto de Relaciones Internacionales<br \/>\nUniversidad Nacional de La Plata<strong><\/li>\n<li>Lic. Said Chaya<\/strong><br \/>\nCoordinador del N\u00facleo de Estudios de Medio Oriente (Austral)<br \/>\nMiembro del Departamento de Medio Oriente (IRI-UNLP)<\/li>\n<li><strong>Dr. Ignacio Rullansky<\/strong><br \/>\nBecario Postdoctoral de CONICET (IDAES-UNSAM)<br \/>\nCoordinador del Departamento de Medio Oriente (IRI-UNLP)<\/li>\n<\/ul>\n<p><em><strong>Desaf\u00edos globales, problemas regionales<\/strong><\/em> \u2014 10:00 a 12:00<br \/>\nModerador: <strong>Said Chaya<\/strong><\/p>\n<ul>\n<li><strong>Irina Bellucci y Lubomira Kutna<\/strong><br \/>\nObservatorio de Medio Oriente (UAI)<br \/>\n\u201cEl caos, la guerra y el virus\u201d<\/li>\n<li><strong>Lucas Gast\u00f3n Lamazares<\/strong><br \/>\nUTDT \/ UBA<br \/>\n\u201c(Des)Integraci\u00f3n Regional en el MENA\u201d<\/li>\n<li><strong>Rub\u00e9n Paredes Rodr\u00edguez<\/strong><br \/>\nInstituto Rosario de Estudios del Mundo \u00c1rabe e Isl\u00e1mico (UNR)<br \/>\n\u201cLa Guerra de Ucrania y el MENA: vasos comunicantes econ\u00f3micos y escenarios inciertos en la regi\u00f3n\u201d<\/li>\n<li><strong>Said Chaya<\/strong><br \/>\nN\u00facleo de Estudios de Medio Oriente (Austral)<br \/>\n\u201cTiempos dif\u00edciles: un balance de la gesti\u00f3n de Michel Aoun en la presidencia del L\u00edbano (2016-2022)\u201d<\/li>\n<li><strong>Emilio A. Rufail<\/strong><br \/>\nObservatorio de Medio Oriente (UAI)<br \/>\n\u201cL\u00edbano, la tormenta perfecta\u201d<\/li>\n<\/ul>\n<p><strong><em>Almuerzo<\/em><\/strong> \u2014 12:00 a 13:30<\/p>\n<p><em><strong>Presentaci\u00f3n de Libro \u201cForeign Policy in Times of Crisis\u201d<\/strong><\/em> \u2014 13:30 a 15:30<br \/>\nTawil, M. y Brun, \u00c9., eds. (2022), Foreign Policy in Times of Crisis: Latin American Relations with the Middle East, Routledge.<\/p>\n<p>Presentan: <strong>Dra. Marta Tawil y Dra. \u00c9lodie Brun<\/strong><br \/>\nComentan: <strong>Dra. Mariela Cuadro<\/strong><\/p>\n<p><strong><em>Caf\u00e9<\/em> <\/strong>\u2014 15:30 a 16:00<\/p>\n<p><strong><em>Seguridad y conflicto<\/em><\/strong> \u2014 16:00 a 18:00<br \/>\nModerador: <strong>Manuel Cabral<\/strong><\/p>\n<ul>\n<li><strong>Iyad Muhsen AlDajani<\/strong><br \/>\nAARMENA (FSU, Alemania)<br \/>\n\u201cApplied Phronesis for reconciliation process\u201d<\/li>\n<li><strong>Paulo Barata Gondim<\/strong><br \/>\nGrupo de Estudios sobre Conflictos Internacionales (PUCSP, Brasil)<br \/>\n\u201cLas conexiones entre el terrorismo en Am\u00e9rica del Sur y Medio Oriente: un an\u00e1lisis de los atentados de 1992 y 1994 en Buenos Aires\u201d<\/li>\n<li><strong>Paulo Botta<\/strong><br \/>\nPrograma Ejecutivo en Medio Oriente Contempor\u00e1neo (CEI-UCA)<br \/>\n\u201cPasdaranizaci\u00f3n de la pol\u00edtica iran\u00ed: la creciente influencia de los Pasadaranes\u201d<\/li>\n<li><strong>Federico I. Fort<\/strong><br \/>\nDepartamento de Medio Oriente (IRI-UNLP) \/ IEALC (UBA)<br \/>\n\u201cFantasmagor\u00edas del Estado Isl\u00e1mico de Irak y Siria: Pathosformeln e identidad pol\u00edtica en sus im\u00e1genes audiovisuales (2014-2017)\u201d<\/li>\n<li><strong>Santiago Vera Garc\u00eda<\/strong><br \/>\nN\u00facleo de Estudios de Medio Oriente (Austral)<br \/>\n\u201cLa huella indeleble de \u00c1nsar Allah en la Rep\u00fablica de Yemen\u201d<\/li>\n<\/ul>\n<\/div>\n\t\t<\/div><\/div><\/div><\/div><div id=\"pg-75-2\"  class=\"panel-grid panel-no-style\" ><div id=\"pgc-75-2-0\"  class=\"panel-grid-cell\" ><div id=\"panel-75-2-0-0\" class=\"so-panel widget widget_text panel-first-child\" data-index=\"2\" ><h3 class=\"widget-title\">D\u00eda II \/ 29 de septiembre<\/h3>\t\t\t<div class=\"textwidget\"><p><strong><em>Acuerdos de Abraham<\/em><\/strong> \u2014 10:00 a 12:00<br \/>\nModeradores: <strong>Ornela Fabani e Ignacio Rullansky<\/strong><\/p>\n<ul>\n<li><strong>Juan Jos\u00e9 Vagni<\/strong><br \/>\nPrograma de Estudios sobre Medio Oriente (UNC) \/ CONICET (CEA-UNC)<br \/>\n\u201cMarruecos y la normalizaci\u00f3n de relaciones con Israel. Impactos internos y externos\u201d<\/li>\n<li><strong>Ornela Fabani<\/strong><br \/>\nDepartamento de Medio Oriente (IRI-UNLP) \/ CONICET (UNR)<br \/>\n\u201cEl v\u00ednculo Manama-Tel Aviv a dos a\u00f1os de la normalizaci\u00f3n de las relaciones: del acercamiento pol\u00edtico-diplom\u00e1tico a la cooperaci\u00f3n en seguridad\u201d<\/li>\n<li><strong>Emiliano Orta<\/strong><br \/>\nUNICEN<br \/>\n\u201cRelaci\u00f3n Israel-Jordania post acuerdos de Abraham: \u00bfCooperaci\u00f3n o conflicto?\u201d<\/li>\n<li><strong>Julia Mendoza<\/strong><br \/>\nN\u00facleo de Estudios de Medio Oriente (Austral)<br \/>\n\u201cIsrael\u00edes y palestinos, alternativas de paz\u201d<\/li>\n<li><strong>Ignacio Rivas<\/strong><br \/>\nUNVM<br \/>\n\u201cConflicto palestino &#8211; israel\u00ed: la soluci\u00f3n de dos estados revisited\u201d<\/li>\n<\/ul>\n<p><em><strong>Almuerzo<\/strong><\/em> \u2014 12:00 a 13:30<\/p>\n<p><em><strong>Identidad, pol\u00edtica e historia<\/strong><\/em> \u2014 13:30 a 15:30<br \/>\nModerador: <strong>Said Chaya<\/strong><\/p>\n<ul>\n<li><strong>Mercedes Urbonas \u00c1lvarez<\/strong><br \/>\nDepartamento Medio Oriente (IRI-UNLP) \/ Centro de Estudios Internacionales (UB)<br \/>\n\u201cLa implementaci\u00f3n de la imagen distorsionada por parte del Estado turco a nivel internacional\u201d<\/li>\n<li><strong>Cecilia Civallero<\/strong><br \/>\nDepartamento de Medio Oriente (IRI-UNLP)<br \/>\n\u201cNacionalismo \u00e1rabe, tercermundismo y no alineamiento: construcciones identitarias y relaciones internacionales en el Egipto de Abdel Nasser\u201d<\/li>\n<li><strong>Hugo Sallis<\/strong><br \/>\nObservatorio de Medio Oriente (UAI)<br \/>\n\u201cEl reordenamiento de las identidades pol\u00edticas en el proceso de democratizaci\u00f3n tunecina 2011-2014\u201d<\/li>\n<li><strong>Rodrigo Augusto Duarte Amaral<\/strong><br \/>\nObservatorio de Relaciones Internacionales (PUCSP, Brasil)<br \/>\n\u201cLas articulaciones entre el gobierno estadounidense y las \u00e9lites iraqu\u00edes anti-sadamistas en la d\u00e9cada de 1990 para derrocar al gobierno Baath\u201d<\/li>\n<li><strong>Hil\u00e9n D. Pi\u00f1eiro<\/strong><br \/>\nN\u00facleo de Estudios de Medio Oriente (Austral)<br \/>\n\u201cMusulmanes en Francia: la construcci\u00f3n de la islamofobia\u201d<\/li>\n<\/ul>\n<p><em><strong>Caf\u00e9<\/strong><\/em> 15:30 \u2014 16:00<\/p>\n<p><em><strong>Feminismo y g\u00e9nero<\/strong><\/em> \u2014 16:00 a 18:00<br \/>\nModeradora: <strong>Victoria Molnar Revol<\/strong><\/p>\n<ul>\n<li><strong>Marina Battilana<\/strong><br \/>\nUSAL<br \/>\n\u201cLas voces de los Feminismos Isl\u00e1micos en el siglo XXI1\u201d<\/li>\n<li><strong>Franca Ferrari<\/strong><br \/>\nDepartamento de Medio Oriente (IRI-UNLP)<br \/>\n\u201cHomogeneizando la diversidad: la prensa escrita espa\u00f1ola y la construcci\u00f3n de identidades de las mujeres migrantes del sur\u201d<\/li>\n<li><strong>Viviana Carolina Gonz\u00e1lez Delgadillo<\/strong><br \/>\nCOLMEX, M\u00e9xico<br \/>\n\u201cEl feminismo en Israel: la masculinidad hegem\u00f3nica en tela de juicio\u201d<\/li>\n<li><strong>Florencia Maiocco<\/strong><br \/>\nPrograma de Estudios sobre Medio Oriente (UNC)<br \/>\n\u201cLas mujeres en la Revoluci\u00f3n de Tahrir y sus consecuencias 11 a\u00f1os despu\u00e9s\u201d<\/li>\n<\/ul>\n<\/div>\n\t\t<\/div><div id=\"panel-75-2-0-1\" class=\"so-panel widget widget_text panel-last-child\" data-index=\"3\" ><h3 class=\"widget-title\">D\u00eda III \/ 30 de septiembre<\/h3>\t\t\t<div class=\"textwidget\"><p><em><strong>Pol\u00edtica en el Golfo e Ir\u00e1n<\/strong> <\/em>\u2014 10:00 a 12:00<br \/>\nModeradores: <strong>Ignacio Rullansky y Ornela Fabani<\/strong><\/p>\n<ul>\n<li><strong>Camila Cresta y Eric Quinteros<\/strong><br \/>\nInstituto Rosario de Estudios del Mundo \u00c1rabe e Isl\u00e1mico (UNR)<br \/>\n\u201cNegotiations, tensions and reimplementation: a descriptive analysis of the Joint Comprehensive Plan of Action (2003-2022)\u201d<\/li>\n<li><strong>Laurent Lambert<\/strong><br \/>\nDoha Institute for Graduate Studies, Qatar<br \/>\n\u201cThe 21st Century frontier policy of coastal development in the Arab States of the Gulf: Trends, Aesthetics and Environmental Challenges\u201d<\/li>\n<li><strong>Altea Pericoli<\/strong><br \/>\nUNICATT, Italia<br \/>\n\u201cThe region in the post-pandemic &#8211; Chaotic aid in crisis contexts: Qatar and the UAE in Syria\u201d<\/li>\n<li><strong>Luciano Zaccara &amp; Salem Ghurab<\/strong><br \/>\nGulf Studies Center (QU, Qatar)<br \/>\n\u201cAn assessment of the first Qatar Shura Council Elections 2021\u201d<\/li>\n<\/ul>\n<p><em><strong>Almuerzo<\/strong><\/em> \u2014 12:00 a 13:00<\/p>\n<p><em><strong>Encuentro: acad\u00e9micos y activistas palestinos e israel\u00edes<\/strong> <\/em>\u2014 13:00 a 15:00<br \/>\nModerador: <strong>Meir Margalit<\/strong><\/p>\n<p>Ponentes:<\/p>\n<ul>\n<li><strong>D. Xavier Abu Eid<\/strong> (Autoridad Nacional Palestina)<\/li>\n<li><strong>Prof. Jos\u00e9 Abu-Tarbush<\/strong> Quevedo (Universidad de La Laguna, Tenerife)<\/li>\n<li><strong>Prof. Arieh Kacowicz,<\/strong> (Universidad Hebrea de Jerusal\u00e9n)<\/li>\n<li><strong>Dr. Meir Margalit<\/strong> (Instituto Acad\u00e9mico Van Leer)<\/li>\n<li><strong>Lic. Mario Schejtman<\/strong> (Centro Pro Iniciativas de Paz)<\/li>\n<\/ul>\n<p><em><strong>Caf\u00e9<\/strong><\/em> \u2014 15:00 a 15:30<\/p>\n<p><em><strong>Presentaci\u00f3n de libro \u201cJerusal\u00e9n abierta\u201d<\/strong><\/em> \u2014 15:30 a 17:30 hs<\/p>\n<p>Rullansky, I. (2021). Jerusal\u00e9n abierta. Teseo Press &#8211; FSOC-UBA.<br \/>\nURL: https:\/\/www.teseopress.com\/jerusalenabierta<\/p>\n<p>Di\u00e1logo con el autor, entre<strong> Meir Margalit e Ignacio Rullansky<\/strong><\/p>\n<p><em><strong>Reflexiones de cierre<\/strong><\/em> \u2014 17:30 a 18:00<\/p>\n<\/div>\n\t\t<\/div><\/div><\/div><div id=\"pg-75-3\"  class=\"panel-grid panel-no-style\" ><div id=\"pgc-75-3-0\"  class=\"panel-grid-cell panel-grid-cell-empty\" ><\/div><\/div><\/div>","protected":false},"excerpt":{"rendered":"<p>Comit\u00e9 Organizador Dr. Ignacio Rullansky Lic. Said Chaya Dra. Ornela Fabani Mag. Federico Fort Contacto: jornadas.mo@gmail.com &nbsp; Palabras de apertura \u2014 9:30 a 10:00 Dr. Norberto Consani Director del Instituto de Relaciones Internacionales Universidad Nacional de La Plata Lic. Said Chaya Coordinador del N\u00facleo de Estudios de Medio Oriente (Austral) Miembro del Departamento de Medio [&hellip;]<\/p>\n","protected":false},"author":92,"featured_media":0,"parent":0,"menu_order":0,"comment_status":"closed","ping_status":"closed","template":"","meta":{"advgb_blocks_editor_width":"","advgb_blocks_columns_visual_guide":"","footnotes":""},"class_list":["post-75","page","type-page","status-publish","hentry","post"],"aioseo_notices":[],"coauthors":[],"author_meta":{"author_link":"https:\/\/congresos.unlp.edu.ar\/ixjornadasmediooriente\/author\/juana\/","display_name":"juana"},"relative_dates":{"created":"Posted 4 a\u00f1os ago","modified":"Updated 4 a\u00f1os ago"},"absolute_dates":{"created":"Posted on 21 septiembre, 2022","modified":"Updated on 21 septiembre, 2022"},"absolute_dates_time":{"created":"Posted on 21 septiembre, 2022 10:29 am","modified":"Updated on 21 septiembre, 2022 11:54 am"},"featured_img_caption":"","featured_img":false,"series_order":"","_links":{"self":[{"href":"https:\/\/congresos.unlp.edu.ar\/ixjornadasmediooriente\/wp-json\/wp\/v2\/pages\/75","targetHints":{"allow":["GET"]}}],"collection":[{"href":"https:\/\/congresos.unlp.edu.ar\/ixjornadasmediooriente\/wp-json\/wp\/v2\/pages"}],"about":[{"href":"https:\/\/congresos.unlp.edu.ar\/ixjornadasmediooriente\/wp-json\/wp\/v2\/types\/page"}],"author":[{"embeddable":true,"href":"https:\/\/congresos.unlp.edu.ar\/ixjornadasmediooriente\/wp-json\/wp\/v2\/users\/92"}],"replies":[{"embeddable":true,"href":"https:\/\/congresos.unlp.edu.ar\/ixjornadasmediooriente\/wp-json\/wp\/v2\/comments?post=75"}],"version-history":[{"count":0,"href":"https:\/\/congresos.unlp.edu.ar\/ixjornadasmediooriente\/wp-json\/wp\/v2\/pages\/75\/revisions"}],"wp:attachment":[{"href":"https:\/\/congresos.unlp.edu.ar\/ixjornadasmediooriente\/wp-json\/wp\/v2\/media?parent=75"}],"curies":[{"name":"wp","href":"https:\/\/api.w.org\/{rel}","templated":true}]}}