{"id":14,"date":"2025-10-23T10:37:27","date_gmt":"2025-10-23T13:37:27","guid":{"rendered":"https:\/\/congresos.unlp.edu.ar\/ina20\/?page_id=14"},"modified":"2026-04-21T10:48:09","modified_gmt":"2026-04-21T13:48:09","slug":"committees","status":"publish","type":"page","link":"https:\/\/congresos.unlp.edu.ar\/ina20\/committees\/","title":{"rendered":"Committees"},"content":{"rendered":"<p><strong>Convenors<\/strong><\/p>\n<p>Juan Pablo P\u00c9REZ PANERA<br \/>\nMicaela CHAUMEIL RODR\u00cdGUEZ<\/p>\n<p><strong>Local Organising Committee<\/strong><\/p>\n<p>Lydia CALVO MARCILESE<br \/>\nAna Paula CARIGNANO<br \/>\nCatalina DISCENZA<br \/>\nFrancisco HARGUINDEGUY<br \/>\nLautaro LOYZA CANNAT\u00c1<br \/>\nAmanda MALDONADO<br \/>\nAgustina MANZO<br \/>\nAgustina MISSOTTI<br \/>\nFlorencia PISANO<\/p>\n<p><b>Funding and Sponsorship<\/b><\/p>\n<p><span style=\"font-weight: 400\">Juan Pablo P\u00c9REZ PANERA<br \/>\nMicaela CHAUMEIL RODR\u00cdGUEZ<\/span><br \/>\n<span style=\"font-weight: 400\">Mauro D. RODRIGUES BRUNO<br \/>\nLydia CALVO MARCILESE<br \/>\nEmma SHELDON<\/span><\/p>\n<p><b>Treasurer<\/b><\/p>\n<p><span style=\"font-weight: 400\">Matt HAMPTON<\/span><\/p>\n<p><b>Scientific Committee<\/b><\/p>\n<p><span style=\"font-weight: 400\">Micaela CHAUMEIL RODR\u00cdGUEZ<br \/>\n<\/span><span style=\"font-weight: 400\">Juan P. P\u00c9REZ PANERA<br \/>\n<\/span><span style=\"font-weight: 400\">Denise KULHANEK<br \/>\nLaurel BYBELL<br \/>\nOdysseus ARCHONTIKIS<br \/>\nShijun JIANG<br \/>\nBoris KARATSOLIS<br \/>\nMauro D. RODRIGUES BRUNO<br \/>\n<\/span><span style=\"font-weight: 400\">Jean SELF-TRAIL<br \/>\nEmma SHELDON<br \/>\nDeborah TANGUNAN<br \/>\n<\/span>Jeremy YOUNG<\/p>\n<p><b>Art and Outreach Committee<\/b><\/p>\n<p><span style=\"font-weight: 400\">Micaela CHAUMEIL RODR\u00cdGUEZ<br \/>\nMartina CHARNELLI<br \/>\nVictoria KEITELMAN<br \/>\n<\/span>Amanda MALDONADO<br \/>\nMariem SAAVEDRA PELLITERO<br \/>\nGonzalo SILVA<br \/>\nFelipe VALLEJO<\/p>\n<p><b>50th Anniversary of the INA<\/b><\/p>\n<p><span style=\"font-weight: 400\">Micaela CHAUMEIL RODR\u00cdGUEZ<br \/>\n<\/span><span style=\"font-weight: 400\">Juan P. P\u00c9REZ PANERA<br \/>\n<\/span>Emanuela MATTIOLI<br \/>\nElisabetta ERBA<br \/>\nJos\u00e9 Abel FLORES<span style=\"font-weight: 400\"><br \/>\n<\/span><span style=\"font-weight: 400\">Jeremy YOUNG<br \/>\n<\/span><span style=\"font-weight: 400\">David WATKINS<br \/>\n<\/span><span style=\"font-weight: 400\">Paul BOWN<\/span><\/p>\n","protected":false},"excerpt":{"rendered":"<p>Convenors Juan Pablo P\u00c9REZ PANERA Micaela CHAUMEIL RODR\u00cdGUEZ Local Organising Committee Lydia CALVO MARCILESE Ana Paula CARIGNANO Catalina DISCENZA Francisco HARGUINDEGUY Lautaro LOYZA CANNAT\u00c1 Amanda MALDONADO Agustina MANZO Agustina MISSOTTI Florencia PISANO Funding and Sponsorship Juan Pablo P\u00c9REZ PANERA Micaela CHAUMEIL RODR\u00cdGUEZ Mauro D. RODRIGUES BRUNO Lydia CALVO MARCILESE Emma SHELDON Treasurer Matt HAMPTON Scientific [&hellip;]<\/p>\n","protected":false},"author":2,"featured_media":0,"parent":0,"menu_order":0,"comment_status":"closed","ping_status":"closed","template":"","meta":{"advgb_blocks_editor_width":"","advgb_blocks_columns_visual_guide":"","footnotes":""},"class_list":["post-14","page","type-page","status-publish","hentry","post"],"aioseo_notices":[],"coauthors":[],"author_meta":{"author_link":"https:\/\/congresos.unlp.edu.ar\/ina20\/author\/congresos\/","display_name":"congresos"},"relative_dates":{"created":"Posted 6 months ago","modified":"Updated 2 weeks ago"},"absolute_dates":{"created":"Posted on 23 October, 2025","modified":"Updated on 21 April, 2026"},"absolute_dates_time":{"created":"Posted on 23 October, 2025 10:37 am","modified":"Updated on 21 April, 2026 10:48 am"},"featured_img_caption":"","featured_img":false,"series_order":"","_links":{"self":[{"href":"https:\/\/congresos.unlp.edu.ar\/ina20\/wp-json\/wp\/v2\/pages\/14","targetHints":{"allow":["GET"]}}],"collection":[{"href":"https:\/\/congresos.unlp.edu.ar\/ina20\/wp-json\/wp\/v2\/pages"}],"about":[{"href":"https:\/\/congresos.unlp.edu.ar\/ina20\/wp-json\/wp\/v2\/types\/page"}],"author":[{"embeddable":true,"href":"https:\/\/congresos.unlp.edu.ar\/ina20\/wp-json\/wp\/v2\/users\/2"}],"replies":[{"embeddable":true,"href":"https:\/\/congresos.unlp.edu.ar\/ina20\/wp-json\/wp\/v2\/comments?post=14"}],"version-history":[{"count":0,"href":"https:\/\/congresos.unlp.edu.ar\/ina20\/wp-json\/wp\/v2\/pages\/14\/revisions"}],"wp:attachment":[{"href":"https:\/\/congresos.unlp.edu.ar\/ina20\/wp-json\/wp\/v2\/media?parent=14"}],"curies":[{"name":"wp","href":"https:\/\/api.w.org\/{rel}","templated":true}]}}