{"id":6,"date":"2023-06-23T12:20:10","date_gmt":"2023-06-23T15:20:10","guid":{"rendered":"https:\/\/congresos.unlp.edu.ar\/gaps2-jaid\/?page_id=6"},"modified":"2023-07-14T02:45:16","modified_gmt":"2023-07-14T05:45:16","slug":"gaps2","status":"publish","type":"page","link":"https:\/\/congresos.unlp.edu.ar\/gaps2\/gaps2\/","title":{"rendered":"GAPS2"},"content":{"rendered":"<p><span style=\"font-weight: 400\">La creatividad es un fen\u00f3meno complejo que abarca diversos aspectos de nuestras vidas. Los comportamientos creativos impulsan el progreso en la investigaci\u00f3n acad\u00e9mica, la educaci\u00f3n y la ciencia, pero, quiz\u00e1s m\u00e1s que en otros campos, la creatividad se plasma en una rica variedad de actividades art\u00edsticas. Estas pueden incluir la m\u00fasica, la danza, las artes visuales, as\u00ed como el teatro, el cine y el desarrollo de tecnolog\u00edas creativas. Aqu\u00ed, la creatividad se ve a menudo tomando la forma de ideas nuevas y funcionales que los artistas pueden transformar en obras y performances. Pero mientras que este amplio espectro de actividad crea un paisaje fascinante en el que los investigadores pueden examinar el proceso creativo a trav\u00e9s de una variedad de formas art\u00edsticas, el concepto mismo de creatividad puede perder coherencia. \u00bfPodemos examinar los diferentes procesos creativos en las artes sin abordar la noci\u00f3n de creatividad en t\u00e9rminos excesivamente vagos? \u00bfO es precisamente esta ambig\u00fcedad conceptual la que puede ayudarnos a arrojar nueva luz sobre la psicolog\u00eda de la creatividad y su relaci\u00f3n con la creaci\u00f3n art\u00edstica? El objetivo de GAPS2 es fomentar colaboraciones en una variedad de dominios diferentes.<\/span><\/p>\n<p><span style=\"font-weight: 400\">Los temas de la conferencia incluyen, entre otros:<\/span><\/p>\n<ul>\n<li style=\"font-weight: 400\"><span style=\"font-weight: 400\">\u00a0\u00a0\u00a0\u00a0Aproximaciones emp\u00edricas y te\u00f3ricas para entender la creatividad art\u00edstica<\/span><\/li>\n<li style=\"font-weight: 400\"><span style=\"font-weight: 400\">\u00a0\u00a0\u00a0\u00a0Continuidades y diferencias entre creatividad art\u00edstica y de dominio general<\/span><\/li>\n<li style=\"font-weight: 400\"><span style=\"font-weight: 400\">\u00a0\u00a0\u00a0\u00a0El uso de las tecnolog\u00edas para la pr\u00e1ctica creativa en las artes<\/span><\/li>\n<li style=\"font-weight: 400\"><span style=\"font-weight: 400\">\u00a0\u00a0\u00a0\u00a0Los v\u00ednculos entre la creatividad art\u00edstica y la diversidad cultural<\/span><\/li>\n<li style=\"font-weight: 400\"><span style=\"font-weight: 400\">\u00a0\u00a0\u00a0\u00a0Filosof\u00eda de la creatividad<\/span><\/li>\n<li style=\"font-weight: 400\"><span style=\"font-weight: 400\">\u00a0\u00a0\u00a0\u00a0Creatividad en respuesta a crisis o limitaciones.<\/span><\/li>\n<li style=\"font-weight: 400\"><span style=\"font-weight: 400\">\u00a0\u00a0\u00a0\u00a0Evaluaci\u00f3n subjetiva de la novedad y el valor art\u00edstico<\/span><\/li>\n<li style=\"font-weight: 400\"><span style=\"font-weight: 400\">\u00a0\u00a0\u00a0\u00a0El movimiento y la motivaci\u00f3n de la creatividad.<\/span><\/li>\n<li style=\"font-weight: 400\"><span style=\"font-weight: 400\">\u00a0\u00a0\u00a0\u00a0Procesos creativos subconscientes<\/span><\/li>\n<li style=\"font-weight: 400\"><span style=\"font-weight: 400\">\u00a0\u00a0\u00a0\u00a0La creatividad art\u00edstica como acto social<\/span><\/li>\n<\/ul>\n<p>&nbsp;<\/p>\n<p><span style=\"font-weight: 400\">Formato<\/span><\/p>\n<p><span style=\"font-weight: 400\">GAPS2 se lleva a cabo simult\u00e1neamente en 4 ubicaciones geogr\u00e1ficas: La Plata ,York, Graz y Melbourne . Los participantes cuya presentaci\u00f3n haya sido aceptada pueden participar en persona en uno de estos centros o participar de forma remota a trav\u00e9s de internet. La conferencia se transmitir\u00e1 en vivo (y de forma remota) a trav\u00e9s de los 4 centros y todas las charlas se grabar\u00e1n y estar\u00e1n disponibles para todos los asistentes durante las semanas posteriores al evento.<\/span><\/p>\n<p><span style=\"font-weight: 400\">Sitio Oficial del evento &#8211; <\/span><a href=\"https:\/\/sites.google.com\/view\/gaps2\"><span style=\"font-weight: 400\">https:\/\/sites.google.com\/view\/gaps2<\/span><\/a><\/p>\n","protected":false},"excerpt":{"rendered":"<p>La creatividad es un fen\u00f3meno complejo que abarca diversos aspectos de nuestras vidas. Los comportamientos creativos impulsan el progreso en la investigaci\u00f3n acad\u00e9mica, la educaci\u00f3n y la ciencia, pero, quiz\u00e1s m\u00e1s que en otros campos, la creatividad se plasma en una rica variedad de actividades art\u00edsticas. Estas pueden incluir la m\u00fasica, la danza, las artes [&hellip;]<\/p>\n","protected":false},"author":2,"featured_media":0,"parent":0,"menu_order":0,"comment_status":"closed","ping_status":"closed","template":"","meta":{"advgb_blocks_editor_width":"","advgb_blocks_columns_visual_guide":"","footnotes":""},"class_list":["post-6","page","type-page","status-publish","hentry","post"],"aioseo_notices":[],"coauthors":[],"author_meta":{"author_link":"https:\/\/congresos.unlp.edu.ar\/gaps2\/author\/congresos\/","display_name":"congresos"},"relative_dates":{"created":"Posted 3 a\u00f1os ago","modified":"Updated 3 a\u00f1os ago"},"absolute_dates":{"created":"Posted on 23 junio, 2023","modified":"Updated on 14 julio, 2023"},"absolute_dates_time":{"created":"Posted on 23 junio, 2023 12:20 pm","modified":"Updated on 14 julio, 2023 2:45 am"},"featured_img_caption":"","featured_img":false,"series_order":"","_links":{"self":[{"href":"https:\/\/congresos.unlp.edu.ar\/gaps2\/wp-json\/wp\/v2\/pages\/6","targetHints":{"allow":["GET"]}}],"collection":[{"href":"https:\/\/congresos.unlp.edu.ar\/gaps2\/wp-json\/wp\/v2\/pages"}],"about":[{"href":"https:\/\/congresos.unlp.edu.ar\/gaps2\/wp-json\/wp\/v2\/types\/page"}],"author":[{"embeddable":true,"href":"https:\/\/congresos.unlp.edu.ar\/gaps2\/wp-json\/wp\/v2\/users\/2"}],"replies":[{"embeddable":true,"href":"https:\/\/congresos.unlp.edu.ar\/gaps2\/wp-json\/wp\/v2\/comments?post=6"}],"version-history":[{"count":0,"href":"https:\/\/congresos.unlp.edu.ar\/gaps2\/wp-json\/wp\/v2\/pages\/6\/revisions"}],"wp:attachment":[{"href":"https:\/\/congresos.unlp.edu.ar\/gaps2\/wp-json\/wp\/v2\/media?parent=6"}],"curies":[{"name":"wp","href":"https:\/\/api.w.org\/{rel}","templated":true}]}}