{"id":185,"date":"2022-03-21T11:17:36","date_gmt":"2022-03-21T14:17:36","guid":{"rendered":"https:\/\/congresos.unlp.edu.ar\/foroal-sea\/?page_id=185"},"modified":"2022-03-21T11:17:36","modified_gmt":"2022-03-21T14:17:36","slug":"proxima-edicion","status":"publish","type":"page","link":"https:\/\/congresos.unlp.edu.ar\/foroal-sea\/proxima-edicion\/","title":{"rendered":"Pr\u00f3xima edici\u00f3n"},"content":{"rendered":"<p>Ya estamos trabajando en la pr\u00f3xima edici\u00f3n del Foro que se realizar\u00e1 en el \u00faltimo trimestre de 2022<\/p>\n","protected":false},"excerpt":{"rendered":"<p>Ya estamos trabajando en la pr\u00f3xima edici\u00f3n del Foro que se realizar\u00e1 en el \u00faltimo trimestre de 2022<\/p>\n","protected":false},"author":92,"featured_media":0,"parent":0,"menu_order":0,"comment_status":"closed","ping_status":"closed","template":"","meta":{"advgb_blocks_editor_width":"","advgb_blocks_columns_visual_guide":"","footnotes":""},"class_list":["post-185","page","type-page","status-publish","hentry","post"],"aioseo_notices":[],"coauthors":[],"author_meta":{"author_link":"https:\/\/congresos.unlp.edu.ar\/foroal-sea\/author\/juana\/","display_name":"juana"},"relative_dates":{"created":"Posted 4 a\u00f1os ago","modified":"Updated 4 a\u00f1os ago"},"absolute_dates":{"created":"Posted on 21 marzo, 2022","modified":"Updated on 21 marzo, 2022"},"absolute_dates_time":{"created":"Posted on 21 marzo, 2022 11:17 am","modified":"Updated on 21 marzo, 2022 11:17 am"},"featured_img_caption":"","featured_img":false,"series_order":"","_links":{"self":[{"href":"https:\/\/congresos.unlp.edu.ar\/foroal-sea\/wp-json\/wp\/v2\/pages\/185","targetHints":{"allow":["GET"]}}],"collection":[{"href":"https:\/\/congresos.unlp.edu.ar\/foroal-sea\/wp-json\/wp\/v2\/pages"}],"about":[{"href":"https:\/\/congresos.unlp.edu.ar\/foroal-sea\/wp-json\/wp\/v2\/types\/page"}],"author":[{"embeddable":true,"href":"https:\/\/congresos.unlp.edu.ar\/foroal-sea\/wp-json\/wp\/v2\/users\/92"}],"replies":[{"embeddable":true,"href":"https:\/\/congresos.unlp.edu.ar\/foroal-sea\/wp-json\/wp\/v2\/comments?post=185"}],"version-history":[{"count":0,"href":"https:\/\/congresos.unlp.edu.ar\/foroal-sea\/wp-json\/wp\/v2\/pages\/185\/revisions"}],"wp:attachment":[{"href":"https:\/\/congresos.unlp.edu.ar\/foroal-sea\/wp-json\/wp\/v2\/media?parent=185"}],"curies":[{"name":"wp","href":"https:\/\/api.w.org\/{rel}","templated":true}]}}