{"id":133,"date":"2021-10-22T00:49:37","date_gmt":"2021-10-22T03:49:37","guid":{"rendered":"https:\/\/congresos.unlp.edu.ar\/foroal-sea\/?page_id=133"},"modified":"2021-10-22T09:40:45","modified_gmt":"2021-10-22T12:40:45","slug":"presentacion","status":"publish","type":"page","link":"https:\/\/congresos.unlp.edu.ar\/foroal-sea\/presentacion\/","title":{"rendered":"Presentaci\u00f3n"},"content":{"rendered":"<h5>Pasado, presente y futuro de los estudios acad\u00e9micos sobre Am\u00e9rica Latina y el Caribe \u2013 Sudeste Asiatico, y su importancia respectiva en impulsar relaciones interregionales ALC-SEA<\/h5>\n<p dir=\"ltr\">El Foro de Di\u00e1logo Acad\u00e9mico de Alto Nivel entre Am\u00e9rica Latina y el Caribe \u2013 Sudeste Asi\u00e1tico es una iniciativa que apunta reunir a\u00a0 acad\u00e9micos dedicados a los estudios interregionales y comparativos sobre diversas tem\u00e1ticas involucrando pa\u00edses y organizaciones de Am\u00e9rica Latina y el Caribe y Sudeste Asiatico. Mientras busca jerarquizar los estudios sobre Am\u00e9rica Latina a la vez que los estudios sobre el Sudeste Asiatico en universidades y otras instituciones de educaci\u00f3n superior, esta iniciativa tambi\u00e9n espera seguir fortaleciendo el rol de los acad\u00e9micos para consolidar las bases de la cooperaci\u00f3n acad\u00e9mica sur-sur entre pa\u00edses, acercando m\u00e1s ambas regiones<\/p>\n<p>&nbsp;<\/p>\n<h5>Past, present and future of Latin American and the Caribbean \u2013 Southeast Asian studies, and their respective importance in fostering LAC-SEA inter-regional relations<\/h5>\n<p>The Latin America and the Caribbean \u2013 Southeast Asia High-Level Academic Dialogue Forum is an initiative that aims to gather scholars dedicated to inter-regional and comparative studies about several topics involving countries and organizations from Latin America and the Caribbean and Southeast Asia. While seeking to hierarchize Latin American Studies as well as Southeast Asian Studies in universities and other higher education institutions, this initiative also expects to keep on strengthening the role of scholars in order to consolidate the foundations of south-south academic cooperation between countries, bringing both regions closer.<\/p>\n<p>&nbsp;<\/p>\n<h5>Organizador<\/h5>\n<p dir=\"ltr\">\u2022 Centro de Estudios del Sudeste Asi\u00e1tico (CESEA) del Departamento de Asia y el Pac\u00edfico (DAYP) del Instituto de Relaciones Internacionales (IRI) de la Universidad Nacional de la Plata. (UNLP)<\/p>\n<h5>Comit\u00e9 Asesor<\/h5>\n<p dir=\"ltr\">\u2022 Grupo de Estudios sobre Asia y Am\u00e9rica Latina (GESAAL) del Instituto de Estudios de Am\u00e9rica Latina y el Caribe de la Facultad de Ciencias Sociales (IELAC) de la Universidad de Buenos Aires. (UBA)<\/p>\n<p dir=\"ltr\">\u2022 Facultad de Ciencia Pol\u00edtica y Relaciones Internacionales de la Universidad Cat\u00f3lica de C\u00f3rdoba. (UCC)<\/p>\n<p dir=\"ltr\">\u2022 C\u00e1tedra Mercosur-ASEAN de la Licenciatura en Gobierno y Relaciones Internacionales de la Universidad Argentina de la Empresa. (UADE)<\/p>\n<p dir=\"ltr\">\u2022 \u00c1rea de Relaciones Internacionales (ARI) del Observatorio de Comercio Internacional (OCI) del Departamento de Ciencias Sociales de la Universidad Nacional de Luj\u00e1n. (UNLU)<\/p>\n<p dir=\"ltr\">\u2022 Escuela de Estudios Orientales (EEO) de la Facultad de Filosof\u00eda, Letras y Estudios Orientales, y la Facultad de Ciencias Sociales de la Universidad del Salvador. (USAL)<\/p>\n<p dir=\"ltr\">\u2022 Centro de Estudios sobre el Asia y el Pac\u00edfico e India de la Universidad Nacional de Tres de Febrero. (UNTREF)<\/p>\n<p>\u2022 Grupo de Estudios sobre India y el Sudeste Asiatico de Rosario (GEIRSA) del Programa de Relaciones y Cooperaci\u00f3n Sur-Sur (PRECSUR) de la Universidad Nacional de Rosario (UNR).<\/p>\n","protected":false},"excerpt":{"rendered":"<p>Pasado, presente y futuro de los estudios acad\u00e9micos sobre Am\u00e9rica Latina y el Caribe \u2013 Sudeste Asiatico, y su importancia respectiva en impulsar relaciones interregionales ALC-SEA El Foro de Di\u00e1logo Acad\u00e9mico de Alto Nivel entre Am\u00e9rica Latina y el Caribe \u2013 Sudeste Asi\u00e1tico es una iniciativa que apunta reunir a\u00a0 acad\u00e9micos dedicados a los estudios [&hellip;]<\/p>\n","protected":false},"author":2,"featured_media":0,"parent":0,"menu_order":0,"comment_status":"closed","ping_status":"closed","template":"","meta":{"advgb_blocks_editor_width":"","advgb_blocks_columns_visual_guide":"","footnotes":""},"class_list":["post-133","page","type-page","status-publish","hentry","post"],"aioseo_notices":[],"coauthors":[],"author_meta":{"author_link":"https:\/\/congresos.unlp.edu.ar\/foroal-sea\/author\/congresos\/","display_name":"congresos"},"relative_dates":{"created":"Posted 4 a\u00f1os ago","modified":"Updated 4 a\u00f1os ago"},"absolute_dates":{"created":"Posted on 22 octubre, 2021","modified":"Updated on 22 octubre, 2021"},"absolute_dates_time":{"created":"Posted on 22 octubre, 2021 12:49 am","modified":"Updated on 22 octubre, 2021 9:40 am"},"featured_img_caption":"","featured_img":false,"series_order":"","_links":{"self":[{"href":"https:\/\/congresos.unlp.edu.ar\/foroal-sea\/wp-json\/wp\/v2\/pages\/133","targetHints":{"allow":["GET"]}}],"collection":[{"href":"https:\/\/congresos.unlp.edu.ar\/foroal-sea\/wp-json\/wp\/v2\/pages"}],"about":[{"href":"https:\/\/congresos.unlp.edu.ar\/foroal-sea\/wp-json\/wp\/v2\/types\/page"}],"author":[{"embeddable":true,"href":"https:\/\/congresos.unlp.edu.ar\/foroal-sea\/wp-json\/wp\/v2\/users\/2"}],"replies":[{"embeddable":true,"href":"https:\/\/congresos.unlp.edu.ar\/foroal-sea\/wp-json\/wp\/v2\/comments?post=133"}],"version-history":[{"count":0,"href":"https:\/\/congresos.unlp.edu.ar\/foroal-sea\/wp-json\/wp\/v2\/pages\/133\/revisions"}],"wp:attachment":[{"href":"https:\/\/congresos.unlp.edu.ar\/foroal-sea\/wp-json\/wp\/v2\/media?parent=133"}],"curies":[{"name":"wp","href":"https:\/\/api.w.org\/{rel}","templated":true}]}}