{"id":130,"date":"2021-10-22T00:48:03","date_gmt":"2021-10-22T03:48:03","guid":{"rendered":"https:\/\/congresos.unlp.edu.ar\/foroal-sea\/?page_id=130"},"modified":"2021-10-22T09:42:46","modified_gmt":"2021-10-22T12:42:46","slug":"sobre-el-foro","status":"publish","type":"page","link":"https:\/\/congresos.unlp.edu.ar\/foroal-sea\/sobre-el-foro\/","title":{"rendered":"Sobre el foro"},"content":{"rendered":"<p>Propuesta: <strong><a href=\"https:\/\/www.fealac.org\/new\/document\/board_view.do?idx=1729&amp;sboard_id=national_project&amp;sboard_category=STIE&amp;sboard_01=&amp;sboard_02=&amp;sboard_19=NP&amp;sboard_20=Y&amp;stext=&amp;page=&amp;onepage=&amp;sort=&amp;orderby=\" target=\"_blank\" rel=\"noopener\">Foro de Cooperaci\u00f3n Asia del Este \u2013 Am\u00e9rica Latina (FOCALAE)<\/a><\/strong><\/p>\n<h6><strong>Foro de Di\u00e1logo Acad\u00e9mico de Alto Nivel entre Am\u00e9rica Latina y el Caribe \u2013 Sudeste Asi\u00e1tico<\/strong><\/h6>\n<p>El\u00a0<strong>Foro de Di\u00e1logo Acad\u00e9mico de Alto Nivel entre Am\u00e9rica Latina y el Caribe \u2013 Sudeste Asi\u00e1tico<\/strong>\u00a0es una iniciativa que busca reunir a acad\u00e9micos dedicados a los estudios inter-regionales y comparativos de diversas cuestiones involucrando pa\u00edses y organizaciones de ambas regiones. Su objetivo es profundizar la cooperaci\u00f3n acad\u00e9mica sur-sur a la vez que jerarquizar estas \u00e1reas de estudios de universidades en pa\u00edses de las respectivas regiones, mediante la b\u00fasqueda de una mayor movilidad internacional de estudiantes, profesores e investigadores, la oferta de becas y financiamiento para estudiar en pa\u00edses de ambas regiones, la publicaci\u00f3n de ensayos conjuntos y la organizaci\u00f3n de seminarios conjuntos, entre otras actividades.<br \/>\nEste primer evento es propuesto por acad\u00e9micos argentinos reconocidos con trayectoria en los estudios de los pa\u00edses del Sudeste Asi\u00e1tico, junto con el auspicio y apoyo de asociaciones academias y empresas. Hay confirmados acad\u00e9micos provenientes de\u00a0<strong>Argentina, Chile, Colombia, Costa Rica, Cuba, M\u00e9xico, Per\u00fa, Uruguay de Am\u00e9rica Latina y el Caribe, y de Filipinas, Indonesia, Malasia, Tailandia y Vietnam del Sudeste Asi\u00e1tico<\/strong>. Tendr\u00e1 lugar de manera online entre los d\u00edas 1 y 2 de noviembre de 2021.<br \/>\nCon el objetivo de seguir impulsando las redes entre acad\u00e9micos de Am\u00e9rica Latina y el Caribe y Sudeste Asi\u00e1tico, se sum\u00f3 el apoyo de la Asociaci\u00f3n Latinoam\u00e9rica de Estudios de Asia y \u00c1frica (ALADAA), entidad creada en 1976 en ocasi\u00f3n del XXX Congreso Internacional de Ciencias Humanas de Asia y \u00c1frica del Norte (CICHAAN), y del Consejo de Estudios Latinoamericanos de Asia y Ocean\u00eda (CELAO), entidad creada en 2003 en ocasi\u00f3n de la XI Conferencia de la Federaci\u00f3n Internacional de Estudios de Am\u00e9rica Latina y el Caribe (FIEALC).<br \/>\nEl foro, que se organizara online, busca generar regularidad del di\u00e1logo acad\u00e9mico entre expertos de ambas regiones, aprovechando el uso de las plataformas online, lo cual permitir\u00e1 salvar las distancias geogr\u00e1ficas y reducir la dependencia externa de recursos econ\u00f3micos. La coordinaci\u00f3n rotar\u00e1 de manera regular cada vez entre centros de estudios dedicados a los estudios de Am\u00e9rica Latina y el Caribe, y del Sudeste Asi\u00e1tico de ambas regiones. Las tem\u00e1ticas a tratar, que ser\u00e1n definidas por el coordinador de turno como tambi\u00e9n los mecanismos de convocatoria a especialistas, buscar\u00e1n mejorar el entendimiento entre los pueblos y el acercamiento entre los pa\u00edses.<br \/>\nEn este sentido est\u00e1 inspirado en algunas de las cuestiones abordadas en las propuestas de FOCALAE del Banco de Datos de Cooperaci\u00f3n Acad\u00e9mica, T\u00e9cnica y Cient\u00edfica entre Universidades y Centros de Investigaci\u00f3n de Am\u00e9rica Latina y el Caribe \u2013 Este Asi\u00e1tico de 2016 y la Primera Mesa Redonda Acad\u00e9mica \/ CTI organizada en 2014, actividad esta \u00faltima que puede ser considerada parte de la propuesta de Red Acad\u00e9mica de FOCALAE (FAN) de 2003. Tambi\u00e9n del Consorcio Filipino de Estudios Latinoamericanos (PACLAS), iniciativa surgida en 2003.<br \/>\nEntre los resultados esperados del foro, se encuentra la elaboraci\u00f3n de una declaraci\u00f3n orientada-a-pol\u00edticas que contenga desaf\u00edos y oportunidades, como tambi\u00e9n recomendaciones y buenas pr\u00e1cticas para mejorar el la cooperaci\u00f3n acad\u00e9mica internacional y las pol\u00edticas de internacionalizaci\u00f3n de las universidades de pa\u00edses del ambas regiones, a la vez que nutrir, por medio de vinculaciones paradiplom\u00e1ticas de Track-2, el conocimiento no s\u00f3lo de las agencias gubernamentales para mejorar las relaciones inter-gubernamentales sino tambi\u00e9n de actores del sector privado para mejorar los intercambios comerciales y las inversiones entre los pa\u00edses de Am\u00e9rica Latina y el Caribe, y el Sudeste Asi\u00e1tico.<\/p>\n<h6>High Level Academic Dialogue Forum between Latin America and the Caribbean \u2013 Southeast Asia<\/h6>\n<p>The High-Level Academic Dialogue Forum between Latin America and the Caribbean \u2013 Southeast Asia is an initiative that seek to gathers scholars dedicated to inter-regional and comparative studies of several issues involving countries and organizations of both regions. Its aim is to deepen south-south academic cooperation while prioritizing these study fields in universities of countries of the respective regions, by means of pursing more international mobility of students, teachers, and researchers, the offer of scholarships and funding to study in countries of both regions, publishing joint essays and organizing joint seminars, among other activities.<br \/>\nThis first event is proposed by renowned scholars from Argentine universities with trajectory in the studies of Southeast Asian countries, together with the sponsorship and support of academic and business associations. Scholars from\u00a0<strong>Argentina, Chile, Colombia, Costa Rica, Cuba, Mexico, Peru, Uruguay from Latin America and the Caribbean, and from the Philippines, Indonesia, Malaysia, Thailand and Vietnam from Southeast Asia<\/strong>\u00a0are confirmed. It will take place online between November 1 and 2, 2021.<br \/>\nWith the aim of continuing to promote netwoking between scholars from Latin America and the Caribbean and Southeast Asia, the support of the Latin American Association for Asian and African Studies (ALADAA) was obtained, an association created in 1976 on the occasion of the XXX International Congress of Human Sciences in Asia and North Africa (CICHAAN), and the Council for Latin American Studies of Asia and Oceania (CELAO), an association created in 2003 on the occasion of the XI Conference of the International Federation for Latin American and Caribbean Studies (FIEALC) .<br \/>\nThe forum, which will be organized online, seeks to generate regular academic dialogue between experts from both regions, taking advantage of the use of online platforms, which will make it possible to bridge geographical distances and reduce external dependence on economic resources. Coordination will rotate regularly each time between study centers dedicated to Latin America and the Caribbean, and Southeast Asia Studies in both regions. The topics to be discussed, which will be defined by the coordinator on duty as well as the mechanisms for calling scholars, will seek to improve understanding between the people and the rapprochement between the countries of both regions.<br \/>\nIn this sense, it is inspired by some of the issues addressed in the FEALAC proposals of the Articulation Between Universities and Research Centers, East Asia \u2013 Latin America and the Caribbean Academic, Technical and Scientific Cooperation Databank of 2016 and the First Academic \/ STI Roundtable organized in 2014, the latter activity that can be considered part of the proposal of the FEALAC Academic Network (FAN) of 2003. Also of the Philippine Academic Consortium of Latin American Studies (PACLAS), an initiative established in 2003.<br \/>\nAmong the expected outcomes of the forum, is the elaboration of a policy-oriented statement that contains challenges and opportunities, as well as recommendations and good practices to improve international academic cooperation and internationalization policies of the universities of the countries of both regions, while nurturing, by means of track-2 para-diplomatic linkages, the knowledge not only of governmental agencies to improve inter-governmental relations but also of private sector actors to improve trade and investments flows between the countries of Latin America and the Caribbean and Southeast Asia.<\/p>\n","protected":false},"excerpt":{"rendered":"<p>Propuesta: Foro de Cooperaci\u00f3n Asia del Este \u2013 Am\u00e9rica Latina (FOCALAE) Foro de Di\u00e1logo Acad\u00e9mico de Alto Nivel entre Am\u00e9rica Latina y el Caribe \u2013 Sudeste Asi\u00e1tico El\u00a0Foro de Di\u00e1logo Acad\u00e9mico de Alto Nivel entre Am\u00e9rica Latina y el Caribe \u2013 Sudeste Asi\u00e1tico\u00a0es una iniciativa que busca reunir a acad\u00e9micos dedicados a los estudios inter-regionales [&hellip;]<\/p>\n","protected":false},"author":2,"featured_media":0,"parent":0,"menu_order":0,"comment_status":"closed","ping_status":"closed","template":"","meta":{"advgb_blocks_editor_width":"","advgb_blocks_columns_visual_guide":"","footnotes":""},"class_list":["post-130","page","type-page","status-publish","hentry","post"],"aioseo_notices":[],"coauthors":[],"author_meta":{"author_link":"https:\/\/congresos.unlp.edu.ar\/foroal-sea\/author\/congresos\/","display_name":"congresos"},"relative_dates":{"created":"Posted 4 a\u00f1os ago","modified":"Updated 4 a\u00f1os ago"},"absolute_dates":{"created":"Posted on 22 octubre, 2021","modified":"Updated on 22 octubre, 2021"},"absolute_dates_time":{"created":"Posted on 22 octubre, 2021 12:48 am","modified":"Updated on 22 octubre, 2021 9:42 am"},"featured_img_caption":"","featured_img":false,"series_order":"","_links":{"self":[{"href":"https:\/\/congresos.unlp.edu.ar\/foroal-sea\/wp-json\/wp\/v2\/pages\/130","targetHints":{"allow":["GET"]}}],"collection":[{"href":"https:\/\/congresos.unlp.edu.ar\/foroal-sea\/wp-json\/wp\/v2\/pages"}],"about":[{"href":"https:\/\/congresos.unlp.edu.ar\/foroal-sea\/wp-json\/wp\/v2\/types\/page"}],"author":[{"embeddable":true,"href":"https:\/\/congresos.unlp.edu.ar\/foroal-sea\/wp-json\/wp\/v2\/users\/2"}],"replies":[{"embeddable":true,"href":"https:\/\/congresos.unlp.edu.ar\/foroal-sea\/wp-json\/wp\/v2\/comments?post=130"}],"version-history":[{"count":0,"href":"https:\/\/congresos.unlp.edu.ar\/foroal-sea\/wp-json\/wp\/v2\/pages\/130\/revisions"}],"wp:attachment":[{"href":"https:\/\/congresos.unlp.edu.ar\/foroal-sea\/wp-json\/wp\/v2\/media?parent=130"}],"curies":[{"name":"wp","href":"https:\/\/api.w.org\/{rel}","templated":true}]}}