{"id":84,"date":"2023-11-24T10:41:14","date_gmt":"2023-11-24T13:41:14","guid":{"rendered":"https:\/\/congresos.unlp.edu.ar\/escenicas\/?page_id=84"},"modified":"2026-02-13T11:50:02","modified_gmt":"2026-02-13T14:50:02","slug":"geae","status":"publish","type":"page","link":"https:\/\/congresos.unlp.edu.ar\/escenicas\/geae\/","title":{"rendered":"IsAE"},"content":{"rendered":"<h2 style=\"text-align: center\">Unidad de Investigaci\u00f3n sobre Artes Esc\u00e9nicas (IsAE)<\/h2>\n<p class=\"font_8 wixui-rich-text__text\"><span class=\"wixui-rich-text__text\">Somos un grupo de docentes-investigadores-artistas de las carreras de Historia del Arte, Artes Pl\u00e1sticas con orientaci\u00f3n en Escenograf\u00eda y Artes Audiovisuales. Nos convocamos a desarrollar y sostener la investigaci\u00f3n sobre la pr\u00e1ctica teatral platense, bajo la premisa de construir marcos te\u00f3ricos transdisciplinares s\u00f3lidos y novedosos en un campo que parece tener vacancia en el sistema universitario local.<\/span><\/p>\n<p class=\"font_8 wixui-rich-text__text\"><span class=\"wixui-rich-text__text\">NUESTROS OBJETIVOS SON:<\/span><\/p>\n<p class=\"font_8 wixui-rich-text__text\"><span class=\"wixui-rich-text__text\">\u200b<\/span>Elaborar y ejecutar planes y programas de investigaci\u00f3n cuyo objeto sea el teatro o las artes del espect\u00e1culo como campo de conocimiento, en su dimensi\u00f3n hist\u00f3rica o te\u00f3rica, a trav\u00e9s de diferentes corrientes te\u00f3ricas o el desarrollo de estrategias de abordaje del espect\u00e1culo.<\/p>\n<ul class=\"font_8 wixui-rich-text__text\">\n<li class=\"wixui-rich-text__text\">\n<p class=\"font_8 wixui-rich-text__text\"><span class=\"wixui-rich-text__text\">Contribuir a la formaci\u00f3n de investigadores mediante la direcci\u00f3n de becarios y tesistas como as\u00ed tambi\u00e9n a la formaci\u00f3n de grado y posgrado a trav\u00e9s de la realizaci\u00f3n de pasant\u00edas y otras actividades.<\/span><\/p>\n<\/li>\n<li class=\"wixui-rich-text__text\">\n<p class=\"font_8 wixui-rich-text__text\"><span class=\"wixui-rich-text__text\">Incorporar y reunir a los investigadores platenses o radicados en La Plata formados en el \u00e1rea espec\u00edfica; incorporar investigadores noveles y promover la investigaci\u00f3n en el \u00e1rea de las artes esc\u00e9nicas o del espect\u00e1culo con alumnos, graduados, becarios y tesistas.<\/span><\/p>\n<\/li>\n<li class=\"wixui-rich-text__text\">\n<p class=\"font_8 wixui-rich-text__text\"><span class=\"wixui-rich-text__text\">Participar de manera activa en las actividades realizadas por el Instituto de Historia del arte Argentino y Americano con el fin de aportar conocimientos sobre el \u00e1rea desarrollada por el IsAE laborar el Informe Bienal conteniendo las actividades realizadas en el per\u00edodo, junto con una s\u00edntesis econ\u00f3mico-financiera.<\/span><\/p>\n<\/li>\n<li class=\"wixui-rich-text__text\">\n<p class=\"font_8 wixui-rich-text__text\"><span class=\"wixui-rich-text__text\">Realizar y participar en seminarios de formaci\u00f3n en posgrado y encuentros de discusi\u00f3n sobre las investigaciones en curso que sirvan como apoyo a alumnos de Doctorados, Maestr\u00edas y Especializaciones de la Secretar\u00eda de Posgrado de la FDA, previa aprobaci\u00f3n de la o las Unidades Acad\u00e9micas de la que depende.<\/span><\/p>\n<\/li>\n<li class=\"wixui-rich-text__text\">\n<p class=\"font_8 wixui-rich-text__text\"><span class=\"wixui-rich-text__text\">Prestar asesoramiento a las instituciones que lo requieran para establecer relaciones institucionales con todo tipo de organismo del pa\u00eds o del extranjero en el \u00e1rea espec\u00edfica, a fin de dar cumplimiento a sus fines.<\/span><\/p>\n<\/li>\n<li class=\"wixui-rich-text__text\">\n<p class=\"font_8 wixui-rich-text__text\"><span class=\"wixui-rich-text__text\">Organizar y participar en reuniones cient\u00edficas referentes a artes esc\u00e9nicas y afines.<\/span><\/p>\n<\/li>\n<li class=\"wixui-rich-text__text\">\n<p class=\"font_8 wixui-rich-text__text\"><span class=\"wixui-rich-text__text\">Difundir los temas artes esc\u00e9nicas a partir de la producci\u00f3n de investigaciones sobre los temas de la especialidad y campos afines de conocimiento a trav\u00e9s de publicaciones escritas, electr\u00f3nicas y de otras formas de extensi\u00f3n a la comunidad<\/span><\/p>\n<\/li>\n<\/ul>\n<p class=\"font_8 wixui-rich-text__text\">\n<p class=\"font_8 wixui-rich-text__text\"><span class=\"wixui-rich-text__text\">INTEGRANTES<br class=\"wixui-rich-text__text\" \/><\/span><\/p>\n<p>Dr. Germ\u00e1n Casella<\/p>\n<p>Dr. Gustavo Radice<\/p>\n<p>Mag. Natalia Di Sarli<\/p>\n<p>Prof. Mar\u00eda Eugenia Bifaretti<\/p>\n<p>Lic. Pablo Cecarelli<\/p>\n<p>Lic. Hern\u00e1n Arrese Igor<\/p>\n<p>Dra. Mar\u00eda Guimarey<\/p>\n<p>Lic. Natalia Carod<\/p>\n<p>Prof. Ver\u00f3nica G\u00f3mez Toresani<\/p>\n<p>Prof. Karen Carballo<\/p>\n<p>Prof. Carolina Donnantuoni<\/p>\n<p>Prof. Jazm\u00edn Garc\u00eda Sathicq<\/p>\n","protected":false},"excerpt":{"rendered":"<p>Unidad de Investigaci\u00f3n sobre Artes Esc\u00e9nicas (IsAE) Somos un grupo de docentes-investigadores-artistas de las carreras de Historia del Arte, Artes Pl\u00e1sticas con orientaci\u00f3n en Escenograf\u00eda y Artes Audiovisuales. Nos convocamos a desarrollar y sostener la investigaci\u00f3n sobre la pr\u00e1ctica teatral platense, bajo la premisa de construir marcos te\u00f3ricos transdisciplinares s\u00f3lidos y novedosos en un campo [&hellip;]<\/p>\n","protected":false},"author":206,"featured_media":0,"parent":0,"menu_order":0,"comment_status":"closed","ping_status":"closed","template":"","meta":{"advgb_blocks_editor_width":"","advgb_blocks_columns_visual_guide":"","footnotes":""},"class_list":["post-84","page","type-page","status-publish","hentry","post"],"aioseo_notices":[],"coauthors":[],"author_meta":{"author_link":"https:\/\/congresos.unlp.edu.ar\/escenicas\/author\/pabloceccarelli\/","display_name":"pabloceccarelli"},"relative_dates":{"created":"Posted 2 a\u00f1os ago","modified":"Updated 2 meses ago"},"absolute_dates":{"created":"Posted on 24 noviembre, 2023","modified":"Updated on 13 febrero, 2026"},"absolute_dates_time":{"created":"Posted on 24 noviembre, 2023 10:41 am","modified":"Updated on 13 febrero, 2026 11:50 am"},"featured_img_caption":"","featured_img":false,"series_order":"","_links":{"self":[{"href":"https:\/\/congresos.unlp.edu.ar\/escenicas\/wp-json\/wp\/v2\/pages\/84","targetHints":{"allow":["GET"]}}],"collection":[{"href":"https:\/\/congresos.unlp.edu.ar\/escenicas\/wp-json\/wp\/v2\/pages"}],"about":[{"href":"https:\/\/congresos.unlp.edu.ar\/escenicas\/wp-json\/wp\/v2\/types\/page"}],"author":[{"embeddable":true,"href":"https:\/\/congresos.unlp.edu.ar\/escenicas\/wp-json\/wp\/v2\/users\/206"}],"replies":[{"embeddable":true,"href":"https:\/\/congresos.unlp.edu.ar\/escenicas\/wp-json\/wp\/v2\/comments?post=84"}],"version-history":[{"count":0,"href":"https:\/\/congresos.unlp.edu.ar\/escenicas\/wp-json\/wp\/v2\/pages\/84\/revisions"}],"wp:attachment":[{"href":"https:\/\/congresos.unlp.edu.ar\/escenicas\/wp-json\/wp\/v2\/media?parent=84"}],"curies":[{"name":"wp","href":"https:\/\/api.w.org\/{rel}","templated":true}]}}