{"id":49,"date":"2023-11-23T10:16:36","date_gmt":"2023-11-23T13:16:36","guid":{"rendered":"https:\/\/congresos.unlp.edu.ar\/escenicas\/?page_id=49"},"modified":"2026-02-13T12:24:47","modified_gmt":"2026-02-13T15:24:47","slug":"inicio","status":"publish","type":"page","link":"https:\/\/congresos.unlp.edu.ar\/escenicas\/","title":{"rendered":"Inicio"},"content":{"rendered":"<div id=\"pl-49\"  class=\"panel-layout\" ><div id=\"pg-49-0\"  class=\"panel-grid panel-no-style\" ><div id=\"pgc-49-0-0\"  class=\"panel-grid-cell panel-grid-cell-empty\" ><\/div><div id=\"pgc-49-0-1\"  class=\"panel-grid-cell\" ><div id=\"panel-49-0-1-0\" class=\"so-panel widget widget_circleicon-widget panel-first-child panel-last-child\" data-index=\"0\" >\t\t<div class=\"circle-icon-box circle-icon-position-top circle-icon-hide-box circle-icon-size-small \">\n\t\t\t\t\t\t\t<div class=\"circle-icon-wrapper\">\n\t\t\t\t\t\t\t\t\t\t<a href=\"https:\/\/url-shortener.me\/CKFI\" class=\"link-icon\" target=\"_blank\">\t\t\t\t\t<div class=\"circle-icon icon-style-set\" style=\"background-image: url(https:\/\/url-shortener.me\/CKFI)\">\n\t\t\t\t\t\t\t\t\t\t\t\t\t<div\n\t\t\t\t\t\t\t\tclass=\"fa fa-file-pdf-o  icon-style-set\"\n\t\t\t\t\t\t\t\t\t\t\t\t\t\t\t><\/div>\n\t\t\t\t\t\t\t\t\t\t\t<\/div>\n\t\t\t\t\t<\/a>\t\t\t\t<\/div>\n\t\t\t\n\t\t\t\t\t\t\t<a\n\t\t\t\t\thref=\"https:\/\/url-shortener.me\/CKFI\"\n\t\t\t\t\tclass=\"link-title\" target=&quot;_blank&quot;\t\t\t\t>\n\t\t\t\t\t\t\t\t\t\t\t\t\t<\/a>\n\t\t\t\n\t\t\t\t\t\t\t<p class=\"text\" >\n\t\t\t\tPrimera circular\t\t\t<\/p>\n\t\t\t\t\t\t\t\t\t\t<a\n\t\t\t\t\thref=\"https:\/\/url-shortener.me\/CKFI\"\n\t\t\t\t\tclass=\"more-button\"\n\t\t\t\t\ttarget=&quot;_blank&quot;\t\t\t\t>\n\t\t\t\t\tDescargar\t\t\t\t\t<i><\/i>\n\t\t\t\t<\/a>\n\t\t\t\t\t<\/div>\n\t\t<\/div><\/div><div id=\"pgc-49-0-2\"  class=\"panel-grid-cell\" ><div id=\"panel-49-0-2-0\" class=\"so-panel widget widget_circleicon-widget panel-first-child panel-last-child\" data-index=\"1\" >\t\t<div class=\"circle-icon-box circle-icon-position-top circle-icon-hide-box circle-icon-size-small \">\n\t\t\t\t\t\t\t<div class=\"circle-icon-wrapper\">\n\t\t\t\t\t\t\t\t\t\t<a href=\"https:\/\/docs.google.com\/forms\/d\/e\/1FAIpQLSeXOUHPgCnDRAeP73rHwGUe6mEZuuqrIHI1IBUx4NAPtJdJQA\/viewform?usp=sharing&#038;ouid=106446242180739735747\" class=\"link-icon\" target=\"_blank\">\t\t\t\t\t<div class=\"circle-icon icon-style-set\" style=\"background-image: url(https:\/\/docs.google.com\/forms\/d\/e\/1FAIpQLSeXOUHPgCnDRAeP73rHwGUe6mEZuuqrIHI1IBUx4NAPtJdJQA\/viewform?usp=sharing&#038;ouid=106446242180739735747)\">\n\t\t\t\t\t\t\t\t\t\t\t\t\t<div\n\t\t\t\t\t\t\t\tclass=\"fa fa-archive  icon-style-set\"\n\t\t\t\t\t\t\t\t\t\t\t\t\t\t\t><\/div>\n\t\t\t\t\t\t\t\t\t\t\t<\/div>\n\t\t\t\t\t<\/a>\t\t\t\t<\/div>\n\t\t\t\n\t\t\t\t\t\t\t<a\n\t\t\t\t\thref=\"https:\/\/docs.google.com\/forms\/d\/e\/1FAIpQLSeXOUHPgCnDRAeP73rHwGUe6mEZuuqrIHI1IBUx4NAPtJdJQA\/viewform?usp=sharing&#038;ouid=106446242180739735747\"\n\t\t\t\t\tclass=\"link-title\" target=&quot;_blank&quot;\t\t\t\t>\n\t\t\t\t\t\t\t\t\t\t\t\t\t<\/a>\n\t\t\t\n\t\t\t\t\t\t\t<p class=\"text\" >\n\t\t\t\tInscripci\u00f3n expositorxs\t\t\t<\/p>\n\t\t\t\t\t\t\t\t\t\t<a\n\t\t\t\t\thref=\"https:\/\/docs.google.com\/forms\/d\/e\/1FAIpQLSeXOUHPgCnDRAeP73rHwGUe6mEZuuqrIHI1IBUx4NAPtJdJQA\/viewform?usp=sharing&#038;ouid=106446242180739735747\"\n\t\t\t\t\tclass=\"more-button\"\n\t\t\t\t\ttarget=&quot;_blank&quot;\t\t\t\t>\n\t\t\t\t\tDescargar\t\t\t\t\t<i><\/i>\n\t\t\t\t<\/a>\n\t\t\t\t\t<\/div>\n\t\t<\/div><\/div><div id=\"pgc-49-0-3\"  class=\"panel-grid-cell\" ><div id=\"panel-49-0-3-0\" class=\"so-panel widget widget_circleicon-widget panel-first-child panel-last-child\" data-index=\"2\" >\t\t<div class=\"circle-icon-box circle-icon-position-top circle-icon-hide-box circle-icon-size-small \">\n\t\t\t\t\t\t\t<div class=\"circle-icon-wrapper\">\n\t\t\t\t\t\t\t\t\t\t<a href=\"https:\/\/drive.google.com\/file\/d\/1r2r5wuimwyQdhcsqaDZwebaN2pmWrx96\/view?usp=sharing\" class=\"link-icon\" target=\"_blank\">\t\t\t\t\t<div class=\"circle-icon icon-style-set\" style=\"background-image: url(https:\/\/drive.google.com\/file\/d\/1r2r5wuimwyQdhcsqaDZwebaN2pmWrx96\/view?usp=sharing)\">\n\t\t\t\t\t\t\t\t\t\t\t\t\t<div\n\t\t\t\t\t\t\t\tclass=\"fa fa-diamond  icon-style-set\"\n\t\t\t\t\t\t\t\t\t\t\t\t\t\t\t><\/div>\n\t\t\t\t\t\t\t\t\t\t\t<\/div>\n\t\t\t\t\t<\/a>\t\t\t\t<\/div>\n\t\t\t\n\t\t\t\t\t\t\t<a\n\t\t\t\t\thref=\"https:\/\/drive.google.com\/file\/d\/1r2r5wuimwyQdhcsqaDZwebaN2pmWrx96\/view?usp=sharing\"\n\t\t\t\t\tclass=\"link-title\" target=&quot;_blank&quot;\t\t\t\t>\n\t\t\t\t\t\t\t\t\t\t\t\t\t<\/a>\n\t\t\t\n\t\t\t\t\t\t\t<p class=\"text\" >\n\t\t\t\tInter\u00e9s Tur\u00edstico Municipalidad de La Plata\t\t\t<\/p>\n\t\t\t\t\t\t\t\t\t\t<a\n\t\t\t\t\thref=\"https:\/\/drive.google.com\/file\/d\/1r2r5wuimwyQdhcsqaDZwebaN2pmWrx96\/view?usp=sharing\"\n\t\t\t\t\tclass=\"more-button\"\n\t\t\t\t\ttarget=&quot;_blank&quot;\t\t\t\t>\n\t\t\t\t\tDescargar\t\t\t\t\t<i><\/i>\n\t\t\t\t<\/a>\n\t\t\t\t\t<\/div>\n\t\t<\/div><\/div><\/div><\/div>","protected":false},"excerpt":{"rendered":"<p>Primera circular Descargar Inscripci\u00f3n expositorxs Descargar Inter\u00e9s Tur\u00edstico Municipalidad de La Plata Descargar<\/p>\n","protected":false},"author":202,"featured_media":0,"parent":0,"menu_order":0,"comment_status":"closed","ping_status":"closed","template":"","meta":{"advgb_blocks_editor_width":"","advgb_blocks_columns_visual_guide":"","footnotes":""},"class_list":["post-49","page","type-page","status-publish","hentry","post"],"aioseo_notices":[],"coauthors":[],"author_meta":{"author_link":"https:\/\/congresos.unlp.edu.ar\/escenicas\/author\/ssoler\/","display_name":"ssoler"},"relative_dates":{"created":"Posted 2 a\u00f1os ago","modified":"Updated 3 meses ago"},"absolute_dates":{"created":"Posted on 23 noviembre, 2023","modified":"Updated on 13 febrero, 2026"},"absolute_dates_time":{"created":"Posted on 23 noviembre, 2023 10:16 am","modified":"Updated on 13 febrero, 2026 12:24 pm"},"featured_img_caption":"","featured_img":false,"series_order":"","_links":{"self":[{"href":"https:\/\/congresos.unlp.edu.ar\/escenicas\/wp-json\/wp\/v2\/pages\/49","targetHints":{"allow":["GET"]}}],"collection":[{"href":"https:\/\/congresos.unlp.edu.ar\/escenicas\/wp-json\/wp\/v2\/pages"}],"about":[{"href":"https:\/\/congresos.unlp.edu.ar\/escenicas\/wp-json\/wp\/v2\/types\/page"}],"author":[{"embeddable":true,"href":"https:\/\/congresos.unlp.edu.ar\/escenicas\/wp-json\/wp\/v2\/users\/202"}],"replies":[{"embeddable":true,"href":"https:\/\/congresos.unlp.edu.ar\/escenicas\/wp-json\/wp\/v2\/comments?post=49"}],"version-history":[{"count":0,"href":"https:\/\/congresos.unlp.edu.ar\/escenicas\/wp-json\/wp\/v2\/pages\/49\/revisions"}],"wp:attachment":[{"href":"https:\/\/congresos.unlp.edu.ar\/escenicas\/wp-json\/wp\/v2\/media?parent=49"}],"curies":[{"name":"wp","href":"https:\/\/api.w.org\/{rel}","templated":true}]}}