{"id":16,"date":"2023-11-23T10:09:59","date_gmt":"2023-11-23T13:09:59","guid":{"rendered":"https:\/\/congresos.unlp.edu.ar\/escenicas\/?page_id=16"},"modified":"2023-11-24T10:09:05","modified_gmt":"2023-11-24T13:09:05","slug":"comite-cientifico","status":"publish","type":"page","link":"https:\/\/congresos.unlp.edu.ar\/escenicas\/comite-cientifico\/","title":{"rendered":"Comit\u00e9 cientifico"},"content":{"rendered":"<h2 style=\"text-align: center\"><strong>Comit\u00e9 cient\u00edfico<\/strong><\/h2>\n<p style=\"text-align: center\"><span style=\"font-weight: 400\">Dr. Gustavo Radice (IHAAA-FDA-UNLP), Lic. Silvia Garc\u00eda (CyT-FDA-UNLP), <\/span><span style=\"font-weight: 400\"><br \/>\n<\/span><span style=\"font-weight: 400\">Prof. Santiago Rom\u00e9 (Posgrado FDA-UNLP), Mag. Marcela Andruchow (IHAAA-FDA-UNLP), Mag. Natalia Di Sarli (IHAAA-FDA-UNLP),<br \/>\nDra. Natalia Matewecki (IHAAA-FDA-UNLP), <\/span><span style=\"font-weight: 400\">Dr. Germ\u00e1n Casella (CONICET\/IHAAA-FDA-UNLP), Dr. Jorge Dubatti (IAE-FILO-UBA),<br \/>\nProf. Natacha Koss (IAE-FILO-UBA), Lic. Nora Lia Sormani (IAE-FILO-UBA), Prof. Jazm\u00edn Garc\u00eda Sathicq (ETLP)<\/span><\/p>\n","protected":false},"excerpt":{"rendered":"<p>Comit\u00e9 cient\u00edfico Dr. Gustavo Radice (IHAAA-FDA-UNLP), Lic. Silvia Garc\u00eda (CyT-FDA-UNLP), Prof. Santiago Rom\u00e9 (Posgrado FDA-UNLP), Mag. Marcela Andruchow (IHAAA-FDA-UNLP), Mag. Natalia Di Sarli (IHAAA-FDA-UNLP), Dra. Natalia Matewecki (IHAAA-FDA-UNLP), Dr. Germ\u00e1n Casella (CONICET\/IHAAA-FDA-UNLP), Dr. Jorge Dubatti (IAE-FILO-UBA), Prof. Natacha Koss (IAE-FILO-UBA), Lic. Nora Lia Sormani (IAE-FILO-UBA), Prof. Jazm\u00edn Garc\u00eda Sathicq (ETLP)<\/p>\n","protected":false},"author":202,"featured_media":0,"parent":0,"menu_order":0,"comment_status":"closed","ping_status":"closed","template":"","meta":{"advgb_blocks_editor_width":"","advgb_blocks_columns_visual_guide":"","footnotes":""},"class_list":["post-16","page","type-page","status-publish","hentry","post"],"aioseo_notices":[],"coauthors":[],"author_meta":{"author_link":"https:\/\/congresos.unlp.edu.ar\/escenicas\/author\/ssoler\/","display_name":"ssoler"},"relative_dates":{"created":"Posted 2 a\u00f1os ago","modified":"Updated 2 a\u00f1os ago"},"absolute_dates":{"created":"Posted on 23 noviembre, 2023","modified":"Updated on 24 noviembre, 2023"},"absolute_dates_time":{"created":"Posted on 23 noviembre, 2023 10:09 am","modified":"Updated on 24 noviembre, 2023 10:09 am"},"featured_img_caption":"","featured_img":false,"series_order":"","_links":{"self":[{"href":"https:\/\/congresos.unlp.edu.ar\/escenicas\/wp-json\/wp\/v2\/pages\/16","targetHints":{"allow":["GET"]}}],"collection":[{"href":"https:\/\/congresos.unlp.edu.ar\/escenicas\/wp-json\/wp\/v2\/pages"}],"about":[{"href":"https:\/\/congresos.unlp.edu.ar\/escenicas\/wp-json\/wp\/v2\/types\/page"}],"author":[{"embeddable":true,"href":"https:\/\/congresos.unlp.edu.ar\/escenicas\/wp-json\/wp\/v2\/users\/202"}],"replies":[{"embeddable":true,"href":"https:\/\/congresos.unlp.edu.ar\/escenicas\/wp-json\/wp\/v2\/comments?post=16"}],"version-history":[{"count":0,"href":"https:\/\/congresos.unlp.edu.ar\/escenicas\/wp-json\/wp\/v2\/pages\/16\/revisions"}],"wp:attachment":[{"href":"https:\/\/congresos.unlp.edu.ar\/escenicas\/wp-json\/wp\/v2\/media?parent=16"}],"curies":[{"name":"wp","href":"https:\/\/api.w.org\/{rel}","templated":true}]}}