{"id":15,"date":"2023-11-23T10:09:59","date_gmt":"2023-11-23T13:09:59","guid":{"rendered":"https:\/\/congresos.unlp.edu.ar\/escenicas\/?page_id=15"},"modified":"2024-11-28T18:58:55","modified_gmt":"2024-11-28T21:58:55","slug":"comision-organizadora","status":"publish","type":"page","link":"https:\/\/congresos.unlp.edu.ar\/escenicas\/comision-organizadora\/","title":{"rendered":"Comisi\u00f3n organizadora"},"content":{"rendered":"<h2 style=\"text-align: center\"><strong>Comisi\u00f3n organizadora<\/strong><\/h2>\n<p style=\"text-align: center\"><b>ORGANIZA<\/b><b><br \/>\n<\/b><span style=\"font-weight: 400\">GEAE (Grupo de Estudios sobre Artes Esc\u00e9nicas, IHAAA-FDA-UNLP)<\/span><\/p>\n<p style=\"text-align: center\"><b>COORDINAN<\/b><b><br \/>\n<\/b><span style=\"font-weight: 400\">Germ\u00e1n Casella (CONICET\/IHAAA-FDA-UNLP),\u00a0 M. Eugenia Bifaretti (CONICET\/IHAAA-FDA-UNLP), <\/span><span style=\"font-weight: 400\">Pablo Ceccarelli (IHAAA\/FDA-UNLP)<\/span><\/p>\n","protected":false},"excerpt":{"rendered":"<p>Comisi\u00f3n organizadora ORGANIZA GEAE (Grupo de Estudios sobre Artes Esc\u00e9nicas, IHAAA-FDA-UNLP) COORDINAN Germ\u00e1n Casella (CONICET\/IHAAA-FDA-UNLP),\u00a0 M. Eugenia Bifaretti (CONICET\/IHAAA-FDA-UNLP), Pablo Ceccarelli (IHAAA\/FDA-UNLP)<\/p>\n","protected":false},"author":202,"featured_media":0,"parent":0,"menu_order":0,"comment_status":"closed","ping_status":"closed","template":"","meta":{"advgb_blocks_editor_width":"","advgb_blocks_columns_visual_guide":"","footnotes":""},"class_list":["post-15","page","type-page","status-publish","hentry","post"],"aioseo_notices":[],"coauthors":[],"author_meta":{"author_link":"https:\/\/congresos.unlp.edu.ar\/escenicas\/author\/ssoler\/","display_name":"ssoler"},"relative_dates":{"created":"Posted 2 a\u00f1os ago","modified":"Updated 1 a\u00f1o ago"},"absolute_dates":{"created":"Posted on 23 noviembre, 2023","modified":"Updated on 28 noviembre, 2024"},"absolute_dates_time":{"created":"Posted on 23 noviembre, 2023 10:09 am","modified":"Updated on 28 noviembre, 2024 6:58 pm"},"featured_img_caption":"","featured_img":false,"series_order":"","_links":{"self":[{"href":"https:\/\/congresos.unlp.edu.ar\/escenicas\/wp-json\/wp\/v2\/pages\/15","targetHints":{"allow":["GET"]}}],"collection":[{"href":"https:\/\/congresos.unlp.edu.ar\/escenicas\/wp-json\/wp\/v2\/pages"}],"about":[{"href":"https:\/\/congresos.unlp.edu.ar\/escenicas\/wp-json\/wp\/v2\/types\/page"}],"author":[{"embeddable":true,"href":"https:\/\/congresos.unlp.edu.ar\/escenicas\/wp-json\/wp\/v2\/users\/202"}],"replies":[{"embeddable":true,"href":"https:\/\/congresos.unlp.edu.ar\/escenicas\/wp-json\/wp\/v2\/comments?post=15"}],"version-history":[{"count":0,"href":"https:\/\/congresos.unlp.edu.ar\/escenicas\/wp-json\/wp\/v2\/pages\/15\/revisions"}],"wp:attachment":[{"href":"https:\/\/congresos.unlp.edu.ar\/escenicas\/wp-json\/wp\/v2\/media?parent=15"}],"curies":[{"name":"wp","href":"https:\/\/api.w.org\/{rel}","templated":true}]}}