{"id":14,"date":"2023-11-23T10:09:59","date_gmt":"2023-11-23T13:09:59","guid":{"rendered":"https:\/\/congresos.unlp.edu.ar\/escenicas\/?page_id=14"},"modified":"2026-02-12T17:47:42","modified_gmt":"2026-02-12T20:47:42","slug":"4-joae-ihaaa","status":"publish","type":"page","link":"https:\/\/congresos.unlp.edu.ar\/escenicas\/4-joae-ihaaa\/","title":{"rendered":"5\u00b0 JoAE-IHAAA"},"content":{"rendered":"<h2 style=\"text-align: center\">5\u00b0 JoAE-IHAAA<\/h2>\n<p><span style=\"font-weight: 400\">Con mucho entusiasmo, desde la Unidad de Investigaci\u00f3n sobre Artes Esc\u00e9nicas (IsAE), les invitamos a participar en las <\/span><b>5\u00b0 Jornadas de Investigaci\u00f3n en Artes Esc\u00e9nicas (5\u00b0 JoAE-IHAAA). <\/b><span style=\"font-weight: 400\">Como cada a\u00f1o, queremos generar un espacio en el que investigadores, artistas, docentes, estudiantes y espectadores participen del encuentro y el intercambio de perspectivas sobre las pr\u00e1cticas esc\u00e9nicas, entendiendo \u00e9stas como acontecimientos conviviales y organizaci\u00f3n pol\u00edtico-po\u00e9tica de la mirada.\u00a0<\/span><\/p>\n<p><span style=\"font-weight: 400\">Siendo que esta quinta edici\u00f3n nos encuentra en una escena cada vez m\u00e1s hostil, nos proponemos abrir el tel\u00f3n al debate sobre la <\/span><i><span style=\"font-weight: 400\">teatralidad <\/span><\/i><span style=\"font-weight: 400\">en nuestro escenario pol\u00edtico actual y la pregunta acerca de c\u00f3mo seguimos haciendo, pensando y expectando teatro en un mundo cada vez m\u00e1s <\/span><i><span style=\"font-weight: 400\">teatralizado<\/span><\/i><span style=\"font-weight: 400\">. Asistimos a trayectos pol\u00edticos nacionales e internacionales que hacen uso de los recursos de las transteatralidad para la producci\u00f3n de relatos destructivos y totalitarios. Por lo tanto, creemos que repensar la liminalidad de estas estrategias nos invitar\u00eda a fortalecer nuestra propia pr\u00e1ctica teatral y su acci\u00f3n transformadora, como as\u00ed tambi\u00e9n a problematizar\u00a0 nuestras visiones del mundo.\u00a0\u00a0\u00a0\u00a0<\/span><\/p>\n<p><span style=\"font-weight: 400\">Finalmente, buscamos defender los espacios de trabajo y seguir construyendo comunidad cient\u00edfica y art\u00edstica, en pos de hacer frente a los atropellos materiales y simb\u00f3licos que sufren tanto las Universidades P\u00fablicas como la sociedad en este presente de lucha sostenida.\u00a0<\/span><\/p>\n<p><b>Recibiremos res\u00famenes de trabajos para su exposici\u00f3n en el encuentro organizado por n\u00facleos tem\u00e1ticos sugeridos. Una vez finalizadas las jornadas, quienes lo deseen, podr\u00e1n enviar los trabajos completos para su publicaci\u00f3n en actas (las mismas cuentan con ISBN y publicaci\u00f3n digital).<\/b><span style=\"font-weight: 400\">\u00a0<\/span><\/p>\n<p><span style=\"font-weight: 400\">\u00a1Les esperamos!\u00a0<\/span><\/p>\n<p><span style=\"font-weight: 400\">Germ\u00e1n Casella, Pablo Ceccarelli y M. Eugenia Bifaretti<\/span><\/p>\n","protected":false},"excerpt":{"rendered":"<p>5\u00b0 JoAE-IHAAA Con mucho entusiasmo, desde la Unidad de Investigaci\u00f3n sobre Artes Esc\u00e9nicas (IsAE), les invitamos a participar en las 5\u00b0 Jornadas de Investigaci\u00f3n en Artes Esc\u00e9nicas (5\u00b0 JoAE-IHAAA). Como cada a\u00f1o, queremos generar un espacio en el que investigadores, artistas, docentes, estudiantes y espectadores participen del encuentro y el intercambio de perspectivas sobre las [&hellip;]<\/p>\n","protected":false},"author":202,"featured_media":0,"parent":0,"menu_order":0,"comment_status":"closed","ping_status":"closed","template":"","meta":{"advgb_blocks_editor_width":"","advgb_blocks_columns_visual_guide":"","footnotes":""},"class_list":["post-14","page","type-page","status-publish","hentry","post"],"aioseo_notices":[],"coauthors":[],"author_meta":{"author_link":"https:\/\/congresos.unlp.edu.ar\/escenicas\/author\/ssoler\/","display_name":"ssoler"},"relative_dates":{"created":"Posted 2 a\u00f1os ago","modified":"Updated 2 meses ago"},"absolute_dates":{"created":"Posted on 23 noviembre, 2023","modified":"Updated on 12 febrero, 2026"},"absolute_dates_time":{"created":"Posted on 23 noviembre, 2023 10:09 am","modified":"Updated on 12 febrero, 2026 5:47 pm"},"featured_img_caption":"","featured_img":false,"series_order":"","_links":{"self":[{"href":"https:\/\/congresos.unlp.edu.ar\/escenicas\/wp-json\/wp\/v2\/pages\/14","targetHints":{"allow":["GET"]}}],"collection":[{"href":"https:\/\/congresos.unlp.edu.ar\/escenicas\/wp-json\/wp\/v2\/pages"}],"about":[{"href":"https:\/\/congresos.unlp.edu.ar\/escenicas\/wp-json\/wp\/v2\/types\/page"}],"author":[{"embeddable":true,"href":"https:\/\/congresos.unlp.edu.ar\/escenicas\/wp-json\/wp\/v2\/users\/202"}],"replies":[{"embeddable":true,"href":"https:\/\/congresos.unlp.edu.ar\/escenicas\/wp-json\/wp\/v2\/comments?post=14"}],"version-history":[{"count":0,"href":"https:\/\/congresos.unlp.edu.ar\/escenicas\/wp-json\/wp\/v2\/pages\/14\/revisions"}],"wp:attachment":[{"href":"https:\/\/congresos.unlp.edu.ar\/escenicas\/wp-json\/wp\/v2\/media?parent=14"}],"curies":[{"name":"wp","href":"https:\/\/api.w.org\/{rel}","templated":true}]}}