{"id":903,"date":"2022-10-29T22:10:12","date_gmt":"2022-10-30T01:10:12","guid":{"rendered":"https:\/\/congresos.unlp.edu.ar\/enddhhyes\/?page_id=903"},"modified":"2022-10-29T22:26:18","modified_gmt":"2022-10-30T01:26:18","slug":"evento-cultural","status":"publish","type":"page","link":"https:\/\/congresos.unlp.edu.ar\/enddhhyes\/evento-cultural\/","title":{"rendered":"Evento cultural"},"content":{"rendered":"<div id=\"pl-903\"  class=\"panel-layout\" ><div id=\"pg-903-0\"  class=\"panel-grid panel-has-style\" ><div class=\"siteorigin-panels-stretch panel-row-style panel-row-style-for-903-0\" data-stretch-type=\"full-stretched\" ><div id=\"pgc-903-0-0\"  class=\"panel-grid-cell\" ><div id=\"panel-903-0-0-0\" class=\"so-panel widget widget_sow-editor panel-first-child panel-last-child\" data-index=\"0\" ><div class=\"panel-widget-style panel-widget-style-for-903-0-0-0\" ><div\n\t\t\t\n\t\t\tclass=\"so-widget-sow-editor so-widget-sow-editor-base\"\n\t\t\t\n\t\t>\n<div class=\"siteorigin-widget-tinymce textwidget\">\n\t<h1 style=\"text-align: center\"><span style=\"color: #ffffff\">EL ENCUENTRO DENTRO DEL ENCUENTRO<\/span><br \/>\n<span style=\"color: #ffffff\">PE\u00d1A CULTURAL<\/span><\/h1>\n<\/div>\n<\/div><\/div><\/div><\/div><\/div><\/div><div id=\"pg-903-1\"  class=\"panel-grid panel-no-style\" ><div id=\"pgc-903-1-0\"  class=\"panel-grid-cell\" ><div id=\"panel-903-1-0-0\" class=\"so-panel widget widget_sow-editor panel-first-child panel-last-child\" data-index=\"1\" ><div class=\"panel-widget-style panel-widget-style-for-903-1-0-0\" ><div\n\t\t\t\n\t\t\tclass=\"so-widget-sow-editor so-widget-sow-editor-base\"\n\t\t\t\n\t\t>\n<div class=\"siteorigin-widget-tinymce textwidget\">\n\t<h3 style=\"text-align: center\"><span style=\"color: #008080\"><strong>JUEVES 3 DE NOVIEMBRE | 21 A 1:30 HS.<\/strong><\/span><\/h3>\n<p style=\"text-align: center\"><strong>Facultad de Trabajo Social<\/strong>, calle 9 esquina 63.<br \/>\n<strong><span style=\"color: #ff9900\"><a style=\"color: #ff9900\" href=\"https:\/\/goo.gl\/maps\/vRHg5ntUpnkXWPir7\" target=\"_blank\" rel=\"noopener\">Ver c\u00f3mo llegar<\/a><\/span><\/strong><\/p>\n<hr \/>\n<p style=\"text-align: center\"><strong>CON PATIO DE COMIDAS Y TRAGOS<\/strong><br \/>\nAdquir\u00ed tu ticket de men\u00fa opcional en el stand de acreditaci\u00f3n del Encuentro - <em>valor $500.-<\/em><br \/>\n<em>(Edificio Sergio Karakachoff, UNLP. Calle 7 y 48, 2do. subsuelo)<\/em><\/p>\n<\/div>\n<\/div><\/div><\/div><\/div><\/div><div id=\"pg-903-2\"  class=\"panel-grid panel-has-style\" ><div class=\"so-rounded panel-row-style panel-row-style-for-903-2\" ><div id=\"pgc-903-2-0\"  class=\"panel-grid-cell\" ><div id=\"panel-903-2-0-0\" class=\"so-panel widget widget_sow-editor panel-first-child panel-last-child\" data-index=\"2\" ><div class=\"panel-widget-style panel-widget-style-for-903-2-0-0\" ><div\n\t\t\t\n\t\t\tclass=\"so-widget-sow-editor so-widget-sow-editor-base\"\n\t\t\t\n\t\t>\n<div class=\"siteorigin-widget-tinymce textwidget\">\n\t<h4 style=\"text-align: center\"><strong><span style=\"color: #ff9900\">21:00 hs.<\/span><\/strong><\/h4>\n<\/div>\n<\/div><\/div><\/div><\/div><div id=\"pgc-903-2-1\"  class=\"panel-grid-cell\" ><div id=\"panel-903-2-1-0\" class=\"so-panel widget widget_sow-editor panel-first-child panel-last-child\" data-index=\"3\" ><div class=\"panel-widget-style panel-widget-style-for-903-2-1-0\" ><div\n\t\t\t\n\t\t\tclass=\"so-widget-sow-editor so-widget-sow-editor-base\"\n\t\t\t\n\t\t>\n<div class=\"siteorigin-widget-tinymce textwidget\">\n\t<h4><span style=\"color: #008080\">Danza por la Identidad<\/span><\/h4>\n<p><strong>Fragmento de la obra \u201cDe rotas Cadenas\u201d<\/strong><br \/>\nDirecci\u00f3n: Natalia Capelloto. Cia Strome<\/p>\n<\/div>\n<\/div><\/div><\/div><\/div><\/div><\/div><div id=\"pg-903-3\"  class=\"panel-grid panel-has-style\" ><div class=\"so-rounded panel-row-style panel-row-style-for-903-3\" ><div id=\"pgc-903-3-0\"  class=\"panel-grid-cell\" ><div id=\"panel-903-3-0-0\" class=\"so-panel widget widget_sow-editor panel-first-child panel-last-child\" data-index=\"4\" ><div class=\"panel-widget-style panel-widget-style-for-903-3-0-0\" ><div\n\t\t\t\n\t\t\tclass=\"so-widget-sow-editor so-widget-sow-editor-base\"\n\t\t\t\n\t\t>\n<div class=\"siteorigin-widget-tinymce textwidget\">\n\t<h4 style=\"text-align: center\"><strong><span style=\"color: #ff9900\">21:30 hs.<\/span><\/strong><\/h4>\n<\/div>\n<\/div><\/div><\/div><\/div><div id=\"pgc-903-3-1\"  class=\"panel-grid-cell\" ><div id=\"panel-903-3-1-0\" class=\"so-panel widget widget_sow-editor panel-first-child panel-last-child\" data-index=\"5\" ><div class=\"panel-widget-style panel-widget-style-for-903-3-1-0\" ><div\n\t\t\t\n\t\t\tclass=\"so-widget-sow-editor so-widget-sow-editor-base\"\n\t\t\t\n\t\t>\n<div class=\"siteorigin-widget-tinymce textwidget\">\n\t<h4><span style=\"color: #008080\">Ensamble de tango<\/span><\/h4>\n<p><strong>Escuela de Arte de Berisso. <\/strong><\/p>\n<\/div>\n<\/div><\/div><\/div><\/div><\/div><\/div><div id=\"pg-903-4\"  class=\"panel-grid panel-has-style\" ><div class=\"so-rounded panel-row-style panel-row-style-for-903-4\" ><div id=\"pgc-903-4-0\"  class=\"panel-grid-cell\" ><div id=\"panel-903-4-0-0\" class=\"so-panel widget widget_sow-editor panel-first-child panel-last-child\" data-index=\"6\" ><div class=\"panel-widget-style panel-widget-style-for-903-4-0-0\" ><div\n\t\t\t\n\t\t\tclass=\"so-widget-sow-editor so-widget-sow-editor-base\"\n\t\t\t\n\t\t>\n<div class=\"siteorigin-widget-tinymce textwidget\">\n\t<h4 style=\"text-align: center\"><strong><span style=\"color: #ff9900\">22:00 hs.<\/span><\/strong><\/h4>\n<\/div>\n<\/div><\/div><\/div><\/div><div id=\"pgc-903-4-1\"  class=\"panel-grid-cell\" ><div id=\"panel-903-4-1-0\" class=\"so-panel widget widget_sow-editor panel-first-child panel-last-child\" data-index=\"7\" ><div class=\"panel-widget-style panel-widget-style-for-903-4-1-0\" ><div\n\t\t\t\n\t\t\tclass=\"so-widget-sow-editor so-widget-sow-editor-base\"\n\t\t\t\n\t\t>\n<div class=\"siteorigin-widget-tinymce textwidget\">\n\t<h4><span style=\"color: #008080\">Standards Jazz<\/span><\/h4>\n<p><strong>Trio Groppo - Antonelli - C\u00f3rdoba<\/strong><\/p>\n<\/div>\n<\/div><\/div><\/div><\/div><\/div><\/div><div id=\"pg-903-5\"  class=\"panel-grid panel-has-style\" ><div class=\"so-rounded panel-row-style panel-row-style-for-903-5\" ><div id=\"pgc-903-5-0\"  class=\"panel-grid-cell\" ><div id=\"panel-903-5-0-0\" class=\"so-panel widget widget_sow-editor panel-first-child panel-last-child\" data-index=\"8\" ><div class=\"panel-widget-style panel-widget-style-for-903-5-0-0\" ><div\n\t\t\t\n\t\t\tclass=\"so-widget-sow-editor so-widget-sow-editor-base\"\n\t\t\t\n\t\t>\n<div class=\"siteorigin-widget-tinymce textwidget\">\n\t<h4 style=\"text-align: center\"><strong><span style=\"color: #ff9900\">22:30 hs.<\/span><\/strong><\/h4>\n<\/div>\n<\/div><\/div><\/div><\/div><div id=\"pgc-903-5-1\"  class=\"panel-grid-cell\" ><div id=\"panel-903-5-1-0\" class=\"so-panel widget widget_sow-editor panel-first-child panel-last-child\" data-index=\"9\" ><div class=\"panel-widget-style panel-widget-style-for-903-5-1-0\" ><div\n\t\t\t\n\t\t\tclass=\"so-widget-sow-editor so-widget-sow-editor-base\"\n\t\t\t\n\t\t>\n<div class=\"siteorigin-widget-tinymce textwidget\">\n\t<h4><span style=\"color: #008080\">Grupo Vocal de C\u00e1mara<\/span><\/h4>\n<p><strong>Escuela de Arte de Berisso.<\/strong><\/p>\n<\/div>\n<\/div><\/div><\/div><\/div><\/div><\/div><div id=\"pg-903-6\"  class=\"panel-grid panel-has-style\" ><div class=\"so-rounded panel-row-style panel-row-style-for-903-6\" ><div id=\"pgc-903-6-0\"  class=\"panel-grid-cell\" ><div id=\"panel-903-6-0-0\" class=\"so-panel widget widget_sow-editor panel-first-child panel-last-child\" data-index=\"10\" ><div class=\"panel-widget-style panel-widget-style-for-903-6-0-0\" ><div\n\t\t\t\n\t\t\tclass=\"so-widget-sow-editor so-widget-sow-editor-base\"\n\t\t\t\n\t\t>\n<div class=\"siteorigin-widget-tinymce textwidget\">\n\t<h4 style=\"text-align: center\"><strong><span style=\"color: #ff9900\">23:00 hs.<\/span><\/strong><\/h4>\n<\/div>\n<\/div><\/div><\/div><\/div><div id=\"pgc-903-6-1\"  class=\"panel-grid-cell\" ><div id=\"panel-903-6-1-0\" class=\"so-panel widget widget_sow-editor panel-first-child panel-last-child\" data-index=\"11\" ><div class=\"panel-widget-style panel-widget-style-for-903-6-1-0\" ><div\n\t\t\t\n\t\t\tclass=\"so-widget-sow-editor so-widget-sow-editor-base\"\n\t\t\t\n\t\t>\n<div class=\"siteorigin-widget-tinymce textwidget\">\n\t<h4><span style=\"color: #008080\">Murga \u201cLa Gran Puta\u201d<\/span><\/h4>\n<\/div>\n<\/div><\/div><\/div><\/div><\/div><\/div><div id=\"pg-903-7\"  class=\"panel-grid panel-has-style\" ><div class=\"so-rounded panel-row-style panel-row-style-for-903-7\" ><div id=\"pgc-903-7-0\"  class=\"panel-grid-cell\" ><div id=\"panel-903-7-0-0\" class=\"so-panel widget widget_sow-editor panel-first-child panel-last-child\" data-index=\"12\" ><div class=\"panel-widget-style panel-widget-style-for-903-7-0-0\" ><div\n\t\t\t\n\t\t\tclass=\"so-widget-sow-editor so-widget-sow-editor-base\"\n\t\t\t\n\t\t>\n<div class=\"siteorigin-widget-tinymce textwidget\">\n\t<h4 style=\"text-align: center\"><strong><span style=\"color: #ff9900\">00:00 a 1:00 hs.<\/span><\/strong><\/h4>\n<\/div>\n<\/div><\/div><\/div><\/div><div id=\"pgc-903-7-1\"  class=\"panel-grid-cell\" ><div id=\"panel-903-7-1-0\" class=\"so-panel widget widget_sow-editor panel-first-child panel-last-child\" data-index=\"13\" ><div class=\"panel-widget-style panel-widget-style-for-903-7-1-0\" ><div\n\t\t\t\n\t\t\tclass=\"so-widget-sow-editor so-widget-sow-editor-base\"\n\t\t\t\n\t\t>\n<div class=\"siteorigin-widget-tinymce textwidget\">\n\t<h4><span style=\"color: #008080\">DJ, m\u00fasica y baile para todes.<\/span><\/h4>\n<\/div>\n<\/div><\/div><\/div><\/div><\/div><\/div><\/div>","protected":false},"excerpt":{"rendered":"<p>EL ENCUENTRO DENTRO DEL ENCUENTRO PE\u00d1A CULTURAL JUEVES 3 DE NOVIEMBRE | 21 A 1:30 HS. Facultad de Trabajo Social, calle 9 esquina 63. Ver c\u00f3mo llegar CON PATIO DE COMIDAS Y TRAGOS Adquir\u00ed tu ticket de men\u00fa opcional en el stand de acreditaci\u00f3n del Encuentro &#8211; valor $500.- (Edificio Sergio Karakachoff, UNLP. Calle 7 [&hellip;]<\/p>\n","protected":false},"author":49,"featured_media":0,"parent":0,"menu_order":0,"comment_status":"closed","ping_status":"closed","template":"","meta":{"advgb_blocks_editor_width":"","advgb_blocks_columns_visual_guide":"","footnotes":""},"class_list":["post-903","page","type-page","status-publish","hentry","post"],"aioseo_notices":[],"coauthors":[],"author_meta":{"author_link":"https:\/\/congresos.unlp.edu.ar\/enddhhyes\/author\/agustina\/","display_name":"agustina"},"relative_dates":{"created":"Posted 3 a\u00f1os ago","modified":"Updated 3 a\u00f1os ago"},"absolute_dates":{"created":"Posted on 29 octubre, 2022","modified":"Updated on 29 octubre, 2022"},"absolute_dates_time":{"created":"Posted on 29 octubre, 2022 10:10 pm","modified":"Updated on 29 octubre, 2022 10:26 pm"},"featured_img_caption":"","featured_img":false,"series_order":"","_links":{"self":[{"href":"https:\/\/congresos.unlp.edu.ar\/enddhhyes\/wp-json\/wp\/v2\/pages\/903","targetHints":{"allow":["GET"]}}],"collection":[{"href":"https:\/\/congresos.unlp.edu.ar\/enddhhyes\/wp-json\/wp\/v2\/pages"}],"about":[{"href":"https:\/\/congresos.unlp.edu.ar\/enddhhyes\/wp-json\/wp\/v2\/types\/page"}],"author":[{"embeddable":true,"href":"https:\/\/congresos.unlp.edu.ar\/enddhhyes\/wp-json\/wp\/v2\/users\/49"}],"replies":[{"embeddable":true,"href":"https:\/\/congresos.unlp.edu.ar\/enddhhyes\/wp-json\/wp\/v2\/comments?post=903"}],"version-history":[{"count":0,"href":"https:\/\/congresos.unlp.edu.ar\/enddhhyes\/wp-json\/wp\/v2\/pages\/903\/revisions"}],"wp:attachment":[{"href":"https:\/\/congresos.unlp.edu.ar\/enddhhyes\/wp-json\/wp\/v2\/media?parent=903"}],"curies":[{"name":"wp","href":"https:\/\/api.w.org\/{rel}","templated":true}]}}