{"id":880,"date":"2022-10-29T11:53:39","date_gmt":"2022-10-29T14:53:39","guid":{"rendered":"https:\/\/congresos.unlp.edu.ar\/enddhhyes\/?page_id=880"},"modified":"2022-10-29T12:11:52","modified_gmt":"2022-10-29T15:11:52","slug":"informacion-para-asistentes","status":"publish","type":"page","link":"https:\/\/congresos.unlp.edu.ar\/enddhhyes\/informacion-para-asistentes\/","title":{"rendered":"Informaci\u00f3n para asistentes"},"content":{"rendered":"<div id=\"pl-880\"  class=\"panel-layout\" ><div id=\"pg-880-0\"  class=\"panel-grid panel-has-style\" ><div class=\"siteorigin-panels-stretch panel-row-style panel-row-style-for-880-0\" data-stretch-type=\"full-stretched\" ><div id=\"pgc-880-0-0\"  class=\"panel-grid-cell\" ><div id=\"panel-880-0-0-0\" class=\"so-panel widget widget_sow-editor panel-first-child panel-last-child\" data-index=\"0\" ><div\n\t\t\t\n\t\t\tclass=\"so-widget-sow-editor so-widget-sow-editor-base\"\n\t\t\t\n\t\t>\n<div class=\"siteorigin-widget-tinymce textwidget\">\n\t<h1 style=\"text-align: center\"><span style=\"color: #ffffff\">INFORMACI\u00d3N PARA ASISTENTES<\/span><\/h1>\n<\/div>\n<\/div><\/div><\/div><\/div><\/div><div id=\"pg-880-1\"  class=\"panel-grid panel-has-style\" ><div class=\"panel-row-style panel-row-style-for-880-1\" ><div id=\"pgc-880-1-0\"  class=\"panel-grid-cell\" ><div id=\"panel-880-1-0-0\" class=\"so-panel widget widget_sow-editor panel-first-child\" data-index=\"1\" ><div class=\"panel-widget-style panel-widget-style-for-880-1-0-0\" ><div\n\t\t\t\n\t\t\tclass=\"so-widget-sow-editor so-widget-sow-editor-base\"\n\t\t\t\n\t\t>\n<div class=\"siteorigin-widget-tinymce textwidget\">\n\t<h4><span style=\"color: #008080\">Estimadas\/es\/os:<\/span><\/h4>\n<p>Se acerca nuestro Segundo Encuentro y ya en la recta final, les compartimos algunas precisiones y les pedimos algunas cuestiones:<\/p>\n<p>Esta semana, adem\u00e1s del Programa General hemos incluido el organigrama de las mesas tem\u00e1ticas y presentaci\u00f3n de posters. Les pedimos que por favor ingresen desde el men\u00fa de navegaci\u00f3n a <span style=\"color: #ff9900\"><strong>Programa | Actividades &gt; Mesas tem\u00e1ticas y presentaci\u00f3n de p\u00f3sters<\/strong><\/span> para ver el horario de sus mesas tem\u00e1ticas.<\/p>\n<p>El d\u00eda martes van a consignarse las aulas<em>\u00a0(todas est\u00e1n en el mismo edificio).<\/em><\/p>\n<p>Rogamos que aquellas personas que a\u00fan no\u00a0<strong>confirmaron su presencia<\/strong>\u00a0lo hagan y que aquellas personas que finalmente no van a concurrir nos lo comuniquen a la brevedad.<\/p>\n<p>Por otra parte, les invitamos a inscribirse, verificando previamente los horarios de sus mesas a fin de evitar superposiciones, a los\u00a0<span style=\"color: #008080\"><strong>Circuitos de Memoria<\/strong><\/span>:<\/p>\n<\/div>\n<\/div><\/div><\/div><div id=\"panel-880-1-0-1\" class=\"so-panel widget widget_sow-button\" data-index=\"2\" ><div\n\t\t\t\n\t\t\tclass=\"so-widget-sow-button so-widget-sow-button-flat-08c1493d5942-880\"\n\t\t\t\n\t\t><div class=\"ow-button-base ow-button-align-center\"\n>\n\t\t\t<a\n\t\t\t\t\thref=\"https:\/\/congresos.unlp.edu.ar\/enddhhyes\/circuitos-de-memoria\/\"\n\t\t\t\t\tclass=\"sowb-button ow-icon-placement-left ow-button-hover\" target=\"_blank\" rel=\"noopener noreferrer\" \t>\n\t\t<span>\n\t\t\t<span class=\"sow-icon-fontawesome sow-far\" data-sow-icon=\"&#xf279;\"\n\t\tstyle=\"color: #ffffff\" \n\t\taria-hidden=\"true\"><\/span>\n\t\t\tCircuitos de memoria\t\t<\/span>\n\t\t\t<\/a>\n\t<\/div>\n<\/div><\/div><div id=\"panel-880-1-0-2\" class=\"so-panel widget widget_sow-editor panel-last-child\" data-index=\"3\" ><div class=\"panel-widget-style panel-widget-style-for-880-1-0-2\" ><div\n\t\t\t\n\t\t\tclass=\"so-widget-sow-editor so-widget-sow-editor-base\"\n\t\t\t\n\t\t>\n<div class=\"siteorigin-widget-tinymce textwidget\">\n\t<p>Les solicitamos a quienes no lo hayan hecho, que <strong>acrediten el pago de la inscripci\u00f3n o incorporen el certificado de alumnxs regulares<\/strong>, en el caso de quienes son estudiantes. El d\u00eda de acreditaci\u00f3n no se recibir\u00e1 dinero en efectivo para esto.<\/p>\n<p><strong>Cuenta para realizar dep\u00f3sito<\/strong> (estudiantes no abonan en ning\u00fan caso) <span style=\"color: #ff9900\"><strong><a style=\"color: #ff9900\" href=\"https:\/\/congresos.unlp.edu.ar\/enddhhyes\/aranceles-y-modalidad-de-pago\/\" target=\"_blank\" rel=\"noopener\">https:\/\/congresos.unlp.edu.ar\/enddhhyes\/aranceles-y-modalidad-de-pago\/<\/a><\/strong><\/span><\/p>\n<p><strong>Formulario para acreditar el pago<\/strong> (o el certificado de alumnx regular en caso de estudiantes) <span style=\"color: #ff9900\"><strong><a style=\"color: #ff9900\" href=\"https:\/\/forms.gle\/QW5ENkPBFpccbkgTA\" target=\"_blank\" rel=\"noopener\">https:\/\/forms.gle\/QW5ENkPBFpccbkgTA<\/a><\/strong><\/span><\/p>\n<p>Finalmente, estar\u00e1n disponibles al momento de la acreditaci\u00f3n los tickets para un men\u00fa b\u00e1sico opcional por $500 (que se abonar\u00e1n en efectivo) en el marco del Evento Cultural y pe\u00f1a.<\/p>\n<p>Les pedimos a quienes se encuentran en situaci\u00f3n de discapacidad, nos hagan saber si requieren alg\u00fan apoyo. El Edificio Karakachoff es accesible y cuenta con ba\u00f1os accesibles tambi\u00e9n.<\/p>\n<p style=\"text-align: right\"><span style=\"color: #008080\"><strong>Saludos y nos vemos pronto!<\/strong><\/span><br \/>\nEquipo Organizador<\/p>\n<\/div>\n<\/div><\/div><\/div><\/div><\/div><\/div><\/div>","protected":false},"excerpt":{"rendered":"<p>INFORMACI\u00d3N PARA ASISTENTES Estimadas\/es\/os: Se acerca nuestro Segundo Encuentro y ya en la recta final, les compartimos algunas precisiones y les pedimos algunas cuestiones: Esta semana, adem\u00e1s del Programa General hemos incluido el organigrama de las mesas tem\u00e1ticas y presentaci\u00f3n de posters. Les pedimos que por favor ingresen desde el men\u00fa de navegaci\u00f3n a Programa [&hellip;]<\/p>\n","protected":false},"author":49,"featured_media":0,"parent":0,"menu_order":0,"comment_status":"closed","ping_status":"closed","template":"","meta":{"advgb_blocks_editor_width":"","advgb_blocks_columns_visual_guide":"","footnotes":""},"class_list":["post-880","page","type-page","status-publish","hentry","post"],"aioseo_notices":[],"coauthors":[],"author_meta":{"author_link":"https:\/\/congresos.unlp.edu.ar\/enddhhyes\/author\/agustina\/","display_name":"agustina"},"relative_dates":{"created":"Posted 3 a\u00f1os ago","modified":"Updated 3 a\u00f1os ago"},"absolute_dates":{"created":"Posted on 29 octubre, 2022","modified":"Updated on 29 octubre, 2022"},"absolute_dates_time":{"created":"Posted on 29 octubre, 2022 11:53 am","modified":"Updated on 29 octubre, 2022 12:11 pm"},"featured_img_caption":"","featured_img":false,"series_order":"","_links":{"self":[{"href":"https:\/\/congresos.unlp.edu.ar\/enddhhyes\/wp-json\/wp\/v2\/pages\/880","targetHints":{"allow":["GET"]}}],"collection":[{"href":"https:\/\/congresos.unlp.edu.ar\/enddhhyes\/wp-json\/wp\/v2\/pages"}],"about":[{"href":"https:\/\/congresos.unlp.edu.ar\/enddhhyes\/wp-json\/wp\/v2\/types\/page"}],"author":[{"embeddable":true,"href":"https:\/\/congresos.unlp.edu.ar\/enddhhyes\/wp-json\/wp\/v2\/users\/49"}],"replies":[{"embeddable":true,"href":"https:\/\/congresos.unlp.edu.ar\/enddhhyes\/wp-json\/wp\/v2\/comments?post=880"}],"version-history":[{"count":0,"href":"https:\/\/congresos.unlp.edu.ar\/enddhhyes\/wp-json\/wp\/v2\/pages\/880\/revisions"}],"wp:attachment":[{"href":"https:\/\/congresos.unlp.edu.ar\/enddhhyes\/wp-json\/wp\/v2\/media?parent=880"}],"curies":[{"name":"wp","href":"https:\/\/api.w.org\/{rel}","templated":true}]}}